{"id":1827,"date":"2025-06-14T08:55:12","date_gmt":"2025-06-14T08:55:12","guid":{"rendered":"https:\/\/saharafrerebio.net\/?page_id=1827"},"modified":"2025-07-24T20:16:56","modified_gmt":"2025-07-24T20:16:56","slug":"conditions-generales","status":"publish","type":"page","link":"https:\/\/sfb.ma\/fr\/conditions-generales\/","title":{"rendered":"Conditions g\u00e9n\u00e9rales"},"content":{"rendered":"<div data-elementor-type=\"wp-page\" data-elementor-id=\"1827\" class=\"elementor elementor-1827\" data-elementor-post-type=\"page\">\n\t\t\t\t<div class=\"wd-negative-gap elementor-element elementor-element-f7b4aa0 e-flex e-con-boxed e-con e-parent\" data-id=\"f7b4aa0\" data-element_type=\"container\" data-e-type=\"container\">\n\t\t\t\t\t<div class=\"e-con-inner\">\n\t\t\t\t<div class=\"elementor-element elementor-element-a29c686 elementor-widget elementor-widget-wd_text_block\" data-id=\"a29c686\" data-element_type=\"widget\" data-e-type=\"widget\" data-widget_type=\"wd_text_block.default\">\n\t\t\t\t<div class=\"elementor-widget-container\">\n\t\t\t\t\t\t\t<div class=\"wd-text-block reset-last-child text-right\">\n\t\t\t\n\t\t\t<p data-start=\"294\" data-end=\"498\">Bienvenue \u00e0 <strong data-start=\"313\" data-end=\"320\">SFB<\/strong>, car nous veillons \u00e0 offrir une exp\u00e9rience d\u2019achat s\u00fbre et fiable aux clients \u00e0 la recherche de produits naturels de haute qualit\u00e9. Veuillez lire attentivement ces termes et conditions avant d\u2019utiliser notre site ou de finaliser vos achats.<\/p><h2 data-start=\"500\" data-end=\"515\"><em>1. D\u00e9finitions<\/em><\/h2><ul data-start=\"517\" data-end=\"725\"><li data-start=\"517\" data-end=\"571\"><p data-start=\"519\" data-end=\"571\">\u00ab Le magasin \u00bb ou \u00ab nous \u00bb : fait r\u00e9f\u00e9rence au magasin <strong data-start=\"552\" data-end=\"559\">SFB<\/strong> la boutique<\/p><\/li><li data-start=\"572\" data-end=\"657\"><p data-start=\"574\" data-end=\"657\">\u00ab Client \u00bb ou \u00ab Vous \u00bb : d\u00e9signe toute personne utilisant le site ou achetant des produits via celui-ci.<\/p><\/li><li data-start=\"658\" data-end=\"725\"><p data-start=\"660\" data-end=\"725\">\u00ab Site web \u00bb fait r\u00e9f\u00e9rence \u00e0 <a href=\"https:\/\/sfb.ma\/fr\/\">www.sfb.ma<\/a> Et toutes les pages secondaires qui y sont li\u00e9es.<\/p><\/li><\/ul><h2 data-start=\"727\" data-end=\"744\"><em>Acceptation des conditions<\/em><\/h2><ul data-start=\"746\" data-end=\"920\"><li data-start=\"746\" data-end=\"836\"><p data-start=\"748\" data-end=\"836\">En utilisant le site web, vous acceptez pleinement et sans r\u00e9serve d\u2019\u00eatre li\u00e9 par les pr\u00e9sentes conditions g\u00e9n\u00e9rales.<\/p><\/li><li data-start=\"837\" data-end=\"920\"><p data-start=\"839\" data-end=\"920\">Si vous n\u2019acceptez pas l\u2019un des termes \u00e9nonc\u00e9s, nous vous recommandons de ne pas utiliser le site ou ses services.<\/p><\/li><\/ul><h2 data-start=\"922\" data-end=\"943\"><em>3. \u00c9ligibilit\u00e9 d'utilisation<\/em><\/h2><ul data-start=\"945\" data-end=\"1037\"><li data-start=\"945\" data-end=\"1037\"><p data-start=\"947\" data-end=\"1037\">L'utilisateur doit avoir au moins 18 ans ou utiliser le site sous la supervision d\u2019un tuteur l\u00e9gal.<\/p><\/li><\/ul><h2 data-start=\"1039\" data-end=\"1057\"><em>4. Cr\u00e9er un compte<\/em><\/h2><ul data-start=\"1059\" data-end=\"1218\"><li data-start=\"1059\" data-end=\"1131\"><p data-start=\"1061\" data-end=\"1131\">Le client est responsable de l\u2019exactitude et de la v\u00e9racit\u00e9 de toutes les informations fournies lors de la cr\u00e9ation du compte.<\/p><\/li><li data-start=\"1132\" data-end=\"1218\"><p data-start=\"1134\" data-end=\"1218\">Le magasin se r\u00e9serve le droit de suspendre ou d\u2019annuler le compte en cas de fourniture d\u2019informations trompeuses ou inexactes.<\/p><\/li><\/ul><h2 data-start=\"1220\" data-end=\"1240\"><em>5. Commandes et Paiement<\/em><\/h2><ul data-start=\"1242\" data-end=\"1440\"><li data-start=\"1242\" data-end=\"1288\"><p data-start=\"1244\" data-end=\"1288\">Toutes les commandes sont soumises \u00e0 la confirmation de la disponibilit\u00e9 en stock.<\/p><\/li><li data-start=\"1289\" data-end=\"1366\"><p data-start=\"1291\" data-end=\"1366\">Les paiements sont trait\u00e9s via des passerelles de paiement en ligne s\u00e9curis\u00e9es, conformes aux normes de s\u00e9curit\u00e9 les plus strictes.<\/p><\/li><li data-start=\"1367\" data-end=\"1440\"><p data-start=\"1369\" data-end=\"1440\">La boutique se r\u00e9serve le droit de modifier les prix ou les offres promotionnelles sans pr\u00e9avis.<\/p><\/li><\/ul><h2 data-start=\"1442\" data-end=\"1462\"><em>6. Livraison et Exp\u00e9dition<\/em><\/h2><ul data-start=\"1464\" data-end=\"1570\"><li data-start=\"1464\" data-end=\"1522\"><p data-start=\"1466\" data-end=\"1522\">Toutes les op\u00e9rations d\u2019exp\u00e9dition sont soumises \u00e0 notre politique de livraison et d\u2019exp\u00e9dition.<\/p><\/li><li data-start=\"1523\" data-end=\"1570\"><p data-start=\"1525\" data-end=\"1570\">Les d\u00e9lais de livraison peuvent varier en fonction de la destination et des conditions d\u2019exp\u00e9dition.<\/p><\/li><\/ul><h2 data-start=\"1572\" data-end=\"1602\"><em>7. Politique de retour et de remboursement<\/em><\/h2><ul data-start=\"1604\" data-end=\"1667\"><li data-start=\"1604\" data-end=\"1667\"><p data-start=\"1606\" data-end=\"1667\">r\u00e9gies par <a href=\"https:\/\/sfb.ma\/fr\/refund_returns\/\">Politique de retour et d\u2019\u00e9change<\/a>indiqu\u00e9es s\u00e9par\u00e9ment sur le site.<\/p><\/li><\/ul><h2 data-start=\"1669\" data-end=\"1689\"><em>8. Limitation de responsabilit\u00e9<\/em><\/h2><ul data-start=\"1691\" data-end=\"1815\"><li data-start=\"1691\" data-end=\"1815\"><p data-start=\"1693\" data-end=\"1815\">Le magasin d\u00e9cline toute responsabilit\u00e9 en cas de dommages ou de pertes r\u00e9sultant de l\u2019utilisation des produits d\u2019une mani\u00e8re contraire aux directives m\u00e9dicales ou aux instructions fournies.<\/p><\/li><\/ul><h2 data-start=\"1817\" data-end=\"1843\"><em>9. Droits de propri\u00e9t\u00e9 intellectuelle<\/em><\/h2><ul data-start=\"1845\" data-end=\"1940\"><li data-start=\"1845\" data-end=\"1940\"><p data-start=\"1847\" data-end=\"1940\">Tous les contenus textuels et visuels du site sont la propri\u00e9t\u00e9 exclusive de SFB et ne peuvent \u00eatre utilis\u00e9s sans autorisation \u00e9crite pr\u00e9alable.<\/p><\/li><\/ul><h2 data-start=\"1942\" data-end=\"1974\"><em>10. Loi et Juridiction<\/em><\/h2><ul data-start=\"1976\" data-end=\"2076\"><li data-start=\"1976\" data-end=\"2076\"><p data-start=\"1978\" data-end=\"2076\">Ces conditions sont soumises aux lois du pays o\u00f9 l\u2019activit\u00e9 est exerc\u00e9e, et les tribunaux locaux sont comp\u00e9tents pour trancher tout litige juridique pouvant survenir.<\/p><\/li><\/ul>\n\t\t\t\t\t<\/div>\n\t\t\t\t\t\t<\/div>\n\t\t\t\t<\/div>\n\t\t\t\t\t<\/div>\n\t\t\t\t<\/div>\n\t\t\t\t<\/div>","protected":false},"excerpt":{"rendered":"<p>\u0645\u0631\u062d\u0628\u0627\u064b \u0628\u0643\u0645 \u0641\u064a \u0645\u062a\u062c\u0631 SFB\u060c \u062d\u064a\u062b \u0646\u062d\u0631\u0635 \u0639\u0644\u0649 \u062a\u0642\u062f\u064a\u0645 \u062a\u062c\u0631\u0628\u0629 \u062a\u0633\u0648\u0642 \u0622\u0645\u0646\u0629 \u0648\u0645\u0648\u062b\u0648\u0642\u0629 \u0644\u0644\u0639\u0645\u0644\u0627\u0621 \u0627\u0644\u0628\u0627\u062d\u062b\u064a\u0646 \u0639\u0646 \u0627\u0644\u0645\u0646\u062a\u062c\u0627\u062a \u0627\u0644\u0637\u0628\u064a\u0639\u064a\u0629 \u0639\u0627\u0644\u064a\u0629 \u0627\u0644\u062c\u0648\u062f\u0629.<\/p>","protected":false},"author":1,"featured_media":0,"parent":0,"menu_order":0,"comment_status":"closed","ping_status":"closed","template":"","meta":{"footnotes":""},"class_list":["post-1827","page","type-page","status-publish","hentry"],"jetpack_sharing_enabled":true,"_links":{"self":[{"href":"https:\/\/sfb.ma\/fr\/wp-json\/wp\/v2\/pages\/1827","targetHints":{"allow":["GET"]}}],"collection":[{"href":"https:\/\/sfb.ma\/fr\/wp-json\/wp\/v2\/pages"}],"about":[{"href":"https:\/\/sfb.ma\/fr\/wp-json\/wp\/v2\/types\/page"}],"author":[{"embeddable":true,"href":"https:\/\/sfb.ma\/fr\/wp-json\/wp\/v2\/users\/1"}],"replies":[{"embeddable":true,"href":"https:\/\/sfb.ma\/fr\/wp-json\/wp\/v2\/comments?post=1827"}],"version-history":[{"count":0,"href":"https:\/\/sfb.ma\/fr\/wp-json\/wp\/v2\/pages\/1827\/revisions"}],"wp:attachment":[{"href":"https:\/\/sfb.ma\/fr\/wp-json\/wp\/v2\/media?parent=1827"}],"curies":[{"name":"wp","href":"https:\/\/api.w.org\/{rel}","templated":true}]}}