{"id":1832,"date":"2025-06-14T09:02:51","date_gmt":"2025-06-14T09:02:51","guid":{"rendered":"https:\/\/saharafrerebio.net\/?page_id=1832"},"modified":"2025-06-14T09:05:59","modified_gmt":"2025-06-14T09:05:59","slug":"politique-dexpedition-et-de-livraison","status":"publish","type":"page","link":"https:\/\/sfb.ma\/fr\/politique-dexpedition-et-de-livraison\/","title":{"rendered":"Politique d\u2019exp\u00e9dition et de livraison"},"content":{"rendered":"<div data-elementor-type=\"wp-page\" data-elementor-id=\"1832\" class=\"elementor elementor-1832\" data-elementor-post-type=\"page\">\n\t\t\t\t<div class=\"wd-negative-gap elementor-element elementor-element-4af5891 e-flex e-con-boxed e-con e-parent\" data-id=\"4af5891\" data-element_type=\"container\" data-e-type=\"container\">\n\t\t\t\t\t<div class=\"e-con-inner\">\n\t\t\t\t<div class=\"elementor-element elementor-element-ae75716 elementor-widget elementor-widget-wd_text_block\" data-id=\"ae75716\" data-element_type=\"widget\" data-e-type=\"widget\" data-widget_type=\"wd_text_block.default\">\n\t\t\t\t<div class=\"elementor-widget-container\">\n\t\t\t\t\t\t\t<div class=\"wd-text-block reset-last-child text-right\">\n\t\t\t\n\t\t\t<p data-start=\"2122\" data-end=\"2245\">Nous nous engageons \u00e0 <strong data-start=\"2131\" data-end=\"2138\">SFB<\/strong> Nous livrons nos produits naturels avec le plus grand soin et la plus grande rapidit\u00e9. Voici les d\u00e9tails de notre politique officielle d\u2019exp\u00e9dition et de livraison :<\/p><h2 data-start=\"2247\" data-end=\"2265\"><em>1. Zones de service<\/em><\/h2><ul data-start=\"2267\" data-end=\"2382\"><li data-start=\"2267\" data-end=\"2382\"><p data-start=\"2269\" data-end=\"2382\">Nous proposons des services de livraison au Maroc, ainsi que des options d\u2019exp\u00e9dition internationale vers une s\u00e9lection de pays indiqu\u00e9s dans la section livraison de notre site.<\/p><\/li><\/ul><h2 data-start=\"2384\" data-end=\"2405\"><em>2. D\u00e9lai de pr\u00e9paration de la commande<\/em><\/h2><ul data-start=\"2407\" data-end=\"2464\"><li data-start=\"2407\" data-end=\"2464\"><p data-start=\"2409\" data-end=\"2464\">Les commandes sont trait\u00e9es dans un d\u00e9lai de 1 \u00e0 2 jours ouvrables apr\u00e8s confirmation du paiement.<\/p><\/li><\/ul><h2 data-start=\"2466\" data-end=\"2483\"><em>3. D\u00e9lai de livraison<\/em><\/h2><ul data-start=\"2485\" data-end=\"2575\"><li data-start=\"2485\" data-end=\"2524\"><p data-start=\"2487\" data-end=\"2524\">Commandes locales : de 1 \u00e0 5 jours ouvrables.<\/p><\/li><li data-start=\"2525\" data-end=\"2575\"><p data-start=\"2527\" data-end=\"2575\">Commandes internationales : de 5 \u00e0 14 jours ouvrables selon la destination.<\/p><\/li><\/ul><h2 data-start=\"2577\" data-end=\"2594\"><em>4. Soci\u00e9t\u00e9s de livraison<\/em><\/h2><ul data-start=\"2596\" data-end=\"2678\"><li data-start=\"2596\" data-end=\"2678\"><p data-start=\"2598\" data-end=\"2678\">Nous collaborons avec des soci\u00e9t\u00e9s de transport certifi\u00e9es et fiables pour garantir la s\u00e9curit\u00e9 des produits et leur livraison dans les d\u00e9lais.<\/p><\/li><\/ul><h2 data-start=\"2680\" data-end=\"2698\"><em>5. Frais de livraison<\/em><\/h2><ul data-start=\"2700\" data-end=\"2845\"><li data-start=\"2700\" data-end=\"2777\"><p data-start=\"2702\" data-end=\"2777\">Les frais de livraison sont calcul\u00e9s lors de la validation de la commande en fonction du poids des produits et du lieu de livraison.<\/p><\/li><li data-start=\"2778\" data-end=\"2845\"><p data-start=\"2780\" data-end=\"2845\">Des offres de livraison gratuite peuvent \u00eatre propos\u00e9es dans certains cas selon les campagnes promotionnelles.<\/p><\/li><\/ul><h2 data-start=\"2847\" data-end=\"2872\"><em>6. Dommages ou perte de la livraison<\/em><\/h2><ul data-start=\"2874\" data-end=\"2990\"><li data-start=\"2874\" data-end=\"2990\"><p data-start=\"2876\" data-end=\"2990\">En cas de d\u00e9t\u00e9rioration ou de perte des produits pendant la livraison, la direction de la boutique est responsable du renvoi de la commande ou du remboursement du montant conform\u00e9ment \u00e0 <a href=\"https:\/\/sfb.ma\/fr\/refund_returns\/\">Politique de retour<\/a><\/p><\/li><\/ul><h2 data-start=\"2992\" data-end=\"3014\"><em>7. Retards de livraison<\/em><\/h2><ul data-start=\"3016\" data-end=\"3145\"><li data-start=\"3016\" data-end=\"3145\"><p data-start=\"3018\" data-end=\"3145\">Certains retards peuvent survenir en raison de circonstances ind\u00e9pendantes de notre volont\u00e9, telles que les conditions m\u00e9t\u00e9orologiques ou les proc\u00e9dures douani\u00e8res. Le client sera imm\u00e9diatement inform\u00e9 en cas de retard.<\/p><\/li><\/ul>\n\t\t\t\t\t<\/div>\n\t\t\t\t\t\t<\/div>\n\t\t\t\t<\/div>\n\t\t\t\t\t<\/div>\n\t\t\t\t<\/div>\n\t\t\t\t<\/div>","protected":false},"excerpt":{"rendered":"<p>\u0646\u0644\u062a\u0632\u0645 \u0641\u064a SFB \u0628\u062a\u0648\u0635\u064a\u0644 \u0645\u0646\u062a\u062c\u0627\u062a\u0646\u0627 \u0627\u0644\u0637\u0628\u064a\u0639\u064a\u0629 \u0628\u0623\u0642\u0635\u0649 \u062f\u0631\u062c\u0627\u062a \u0627\u0644\u0639\u0646\u0627\u064a\u0629 \u0648\u0627\u0644\u0633\u0631\u0639\u0629. \u0641\u064a\u0645\u0627 \u064a\u0644\u064a \u062a\u0641\u0627\u0635\u064a\u0644 \u0633\u064a\u0627\u0633\u0629 \u0627\u0644\u0634\u062d\u0646 \u0648\u0627\u0644\u062a\u0648\u0635\u064a\u0644 \u0627\u0644\u0645\u0639\u062a\u0645\u062f\u0629 \u0644\u062f\u064a\u0646\u0627: 1. \u0645\u0646\u0627\u0637\u0642<\/p>","protected":false},"author":1,"featured_media":0,"parent":0,"menu_order":0,"comment_status":"closed","ping_status":"closed","template":"","meta":{"footnotes":""},"class_list":["post-1832","page","type-page","status-publish","hentry"],"jetpack_sharing_enabled":true,"_links":{"self":[{"href":"https:\/\/sfb.ma\/fr\/wp-json\/wp\/v2\/pages\/1832","targetHints":{"allow":["GET"]}}],"collection":[{"href":"https:\/\/sfb.ma\/fr\/wp-json\/wp\/v2\/pages"}],"about":[{"href":"https:\/\/sfb.ma\/fr\/wp-json\/wp\/v2\/types\/page"}],"author":[{"embeddable":true,"href":"https:\/\/sfb.ma\/fr\/wp-json\/wp\/v2\/users\/1"}],"replies":[{"embeddable":true,"href":"https:\/\/sfb.ma\/fr\/wp-json\/wp\/v2\/comments?post=1832"}],"version-history":[{"count":4,"href":"https:\/\/sfb.ma\/fr\/wp-json\/wp\/v2\/pages\/1832\/revisions"}],"predecessor-version":[{"id":1836,"href":"https:\/\/sfb.ma\/fr\/wp-json\/wp\/v2\/pages\/1832\/revisions\/1836"}],"wp:attachment":[{"href":"https:\/\/sfb.ma\/fr\/wp-json\/wp\/v2\/media?parent=1832"}],"curies":[{"name":"wp","href":"https:\/\/api.w.org\/{rel}","templated":true}]}}