{"id":1842,"date":"2025-06-14T09:10:59","date_gmt":"2025-06-14T09:10:59","guid":{"rendered":"https:\/\/saharafrerebio.net\/?page_id=1842"},"modified":"2025-06-14T09:13:25","modified_gmt":"2025-06-14T09:13:25","slug":"droits-du-consommateur","status":"publish","type":"page","link":"https:\/\/sfb.ma\/fr\/droits-du-consommateur\/","title":{"rendered":"Droits du consommateur"},"content":{"rendered":"<div data-elementor-type=\"wp-page\" data-elementor-id=\"1842\" class=\"elementor elementor-1842\" data-elementor-post-type=\"page\">\n\t\t\t\t<div class=\"wd-negative-gap elementor-element elementor-element-9e5e2fc e-flex e-con-boxed e-con e-parent\" data-id=\"9e5e2fc\" data-element_type=\"container\" data-e-type=\"container\">\n\t\t\t\t\t<div class=\"e-con-inner\">\n\t\t\t\t<div class=\"elementor-element elementor-element-446c8dc elementor-widget elementor-widget-wd_text_block\" data-id=\"446c8dc\" data-element_type=\"widget\" data-e-type=\"widget\" data-widget_type=\"wd_text_block.default\">\n\t\t\t\t<div class=\"elementor-widget-container\">\n\t\t\t\t\t\t\t<div class=\"wd-text-block reset-last-child text-right\">\n\t\t\t\n\t\t\t<p data-start=\"4807\" data-end=\"4906\">Le magasin accorde <strong data-start=\"4817\" data-end=\"4824\">SFB<\/strong> une grande importance aux droits des consommateurs et confirme son engagement total envers les r\u00e9glementations en vigueur sur la protection des consommateurs.<\/p><h2 data-start=\"4908\" data-end=\"4933\"><em>1. Transparence et cr\u00e9dibilit\u00e9<\/em><\/h2><ul data-start=\"4935\" data-end=\"5047\"><li data-start=\"4935\" data-end=\"5047\"><p data-start=\"4937\" data-end=\"5047\">Nous nous engageons \u00e0 fournir toutes les informations exactes et pr\u00e9cises sur les produits, y compris les ingr\u00e9dients, les modes d\u2019utilisation et les dates de p\u00e9remption.<\/p><\/li><\/ul><h2 data-start=\"5049\" data-end=\"5070\"><em>2. Qualit\u00e9 et S\u00e9curit\u00e9<\/em><\/h2><ul data-start=\"5072\" data-end=\"5192\"><li data-start=\"5072\" data-end=\"5150\"><p data-start=\"5074\" data-end=\"5150\">Tous les produits sont soumis \u00e0 des normes strictes d\u2019inspection et d\u2019analyse avant leur approvisionnement et mise en vente.<\/p><\/li><li data-start=\"5151\" data-end=\"5192\"><p data-start=\"5153\" data-end=\"5192\">Nous nous engageons \u00e0 fournir des produits authentiques, certifi\u00e9s et s\u00fbrs.<\/p><\/li><\/ul><h2 data-start=\"5194\" data-end=\"5228\"><em>3. Le droit de retour et d\u2019\u00e9change<\/em><\/h2><ul data-start=\"5230\" data-end=\"5318\"><li data-start=\"5230\" data-end=\"5318\"><p data-start=\"5232\" data-end=\"5318\">Le client a le droit de retourner ou d\u2019\u00e9changer les produits conform\u00e9ment aux conditions. <a href=\"https:\/\/sfb.ma\/fr\/refund_returns\/\">Politique de retour<\/a> et la politique de remplacement annonc\u00e9e.<\/p><\/li><\/ul><h2 data-start=\"5320\" data-end=\"5351\"><em>4. Divulgation compl\u00e8te des prix<\/em><\/h2><ul data-start=\"5353\" data-end=\"5423\"><li data-start=\"5353\" data-end=\"5423\"><p data-start=\"5355\" data-end=\"5423\">Les prix sont affich\u00e9s clairement, taxes et frais suppl\u00e9mentaires inclus, au moment de l'achat.<\/p><\/li><\/ul><h2 data-start=\"5425\" data-end=\"5453\"><em>5. Canaux de communication et de r\u00e9clamation<\/em><\/h2><ul data-start=\"5455\" data-end=\"5584\"><li data-start=\"5455\" data-end=\"5584\"><p data-start=\"5457\" data-end=\"5584\">Nous offrons \u00e0 nos clients plusieurs canaux pour soumettre des r\u00e9clamations ou demander de l\u2019assistance, et nous nous engageons \u00e0 traiter les r\u00e9clamations avec le plus haut degr\u00e9 de professionnalisme et de transparence dans un d\u00e9lai d\u00e9fini.<\/p><\/li><\/ul>\n\t\t\t\t\t<\/div>\n\t\t\t\t\t\t<\/div>\n\t\t\t\t<\/div>\n\t\t\t\t\t<\/div>\n\t\t\t\t<\/div>\n\t\t\t\t<\/div>","protected":false},"excerpt":{"rendered":"<p>\u064a\u0648\u0644\u064a \u0645\u062a\u062c\u0631 SFB \u0623\u0647\u0645\u064a\u0629 \u0643\u0628\u0631\u0649 \u0644\u062d\u0642\u0648\u0642 \u0627\u0644\u0645\u0633\u062a\u0647\u0644\u0643 \u0648\u064a\u0624\u0643\u062f \u0627\u0644\u062a\u0632\u0627\u0645\u0647 \u0627\u0644\u0643\u0627\u0645\u0644 \u0628\u0623\u0646\u0638\u0645\u0629 \u062d\u0645\u0627\u064a\u0629 \u0627\u0644\u0645\u0633\u062a\u0647\u0644\u0643 \u0627\u0644\u0645\u0639\u0645\u0648\u0644 \u0628\u0647\u0627. 1. \u0627\u0644\u0634\u0641\u0627\u0641\u064a\u0629 \u0648\u0627\u0644\u0645\u0635\u062f\u0627\u0642\u064a\u0629 \u0646\u0644\u062a\u0632\u0645 \u0628\u062a\u0648\u0641\u064a\u0631<\/p>","protected":false},"author":1,"featured_media":0,"parent":0,"menu_order":0,"comment_status":"closed","ping_status":"closed","template":"","meta":{"footnotes":""},"class_list":["post-1842","page","type-page","status-publish","hentry"],"jetpack_sharing_enabled":true,"_links":{"self":[{"href":"https:\/\/sfb.ma\/fr\/wp-json\/wp\/v2\/pages\/1842","targetHints":{"allow":["GET"]}}],"collection":[{"href":"https:\/\/sfb.ma\/fr\/wp-json\/wp\/v2\/pages"}],"about":[{"href":"https:\/\/sfb.ma\/fr\/wp-json\/wp\/v2\/types\/page"}],"author":[{"embeddable":true,"href":"https:\/\/sfb.ma\/fr\/wp-json\/wp\/v2\/users\/1"}],"replies":[{"embeddable":true,"href":"https:\/\/sfb.ma\/fr\/wp-json\/wp\/v2\/comments?post=1842"}],"version-history":[{"count":4,"href":"https:\/\/sfb.ma\/fr\/wp-json\/wp\/v2\/pages\/1842\/revisions"}],"predecessor-version":[{"id":1846,"href":"https:\/\/sfb.ma\/fr\/wp-json\/wp\/v2\/pages\/1842\/revisions\/1846"}],"wp:attachment":[{"href":"https:\/\/sfb.ma\/fr\/wp-json\/wp\/v2\/media?parent=1842"}],"curies":[{"name":"wp","href":"https:\/\/api.w.org\/{rel}","templated":true}]}}