{"id":2189,"date":"2025-07-07T18:22:42","date_gmt":"2025-07-07T18:22:42","guid":{"rendered":"https:\/\/sfb.ma\/?post_type=product&#038;p=2189"},"modified":"2026-04-06T19:12:15","modified_gmt":"2026-04-06T19:12:15","slug":"angelique","status":"publish","type":"product","link":"https:\/\/sfb.ma\/fr\/produit\/angelique\/","title":{"rendered":"Ang\u00e9lique"},"content":{"rendered":"<div data-elementor-type=\"product-post\" data-elementor-id=\"2189\" class=\"elementor elementor-2189\" data-elementor-post-type=\"product\">\n\t\t\t\t<div class=\"wd-negative-gap elementor-element elementor-element-32e1c4f e-flex e-con-boxed e-con e-parent\" data-id=\"32e1c4f\" data-element_type=\"container\" data-e-type=\"container\">\n\t\t\t\t\t<div class=\"e-con-inner\">\n\t\t<div class=\"elementor-element elementor-element-bfa35bc e-con-full e-flex e-con e-child\" data-id=\"bfa35bc\" data-element_type=\"container\" data-e-type=\"container\">\n\t\t\t\t<div class=\"elementor-element elementor-element-a02eb91 elementor-widget elementor-widget-wd_text_block\" data-id=\"a02eb91\" data-element_type=\"widget\" data-e-type=\"widget\" data-widget_type=\"wd_text_block.default\">\n\t\t\t\t<div class=\"elementor-widget-container\">\n\t\t\t\t\t\t\t<div class=\"wd-text-block reset-last-child text-center\">\n\t\t\t\n\t\t\t<p>Qu\u2019est-ce que l\u2019ang\u00e9lique ?<\/p>\n\t\t\t\t\t<\/div>\n\t\t\t\t\t\t<\/div>\n\t\t\t\t<\/div>\n\t\t\t\t<div class=\"elementor-element elementor-element-9dba54c elementor-widget elementor-widget-wd_text_block\" data-id=\"9dba54c\" data-element_type=\"widget\" data-e-type=\"widget\" data-widget_type=\"wd_text_block.default\">\n\t\t\t\t<div class=\"elementor-widget-container\">\n\t\t\t\t\t\t\t<div class=\"wd-text-block reset-last-child text-center\">\n\t\t\t\n\t\t\t<p>D\u00e9couvrez le secret de la sant\u00e9 f\u00e9minine en m\u00e9decine traditionnelle chinoise avec <strong data-start=\"463\" data-end=\"487\">Ang\u00e9lique<\/strong> \u00e9galement connu sous le nom de <strong data-start=\"505\" data-end=\"529\">\"Dong Quai\"<\/strong>Cette herbe unique est utilis\u00e9e depuis des si\u00e8cles comme symbole de la sant\u00e9 f\u00e9minine, surnomm\u00e9e \u00ab ginseng f\u00e9minin \u00bb pour ses propri\u00e9t\u00e9s remarquables \u00e0 soutenir l\u2019\u00e9quilibre hormonal, stimuler la circulation et am\u00e9liorer la sant\u00e9 globale.<\/p>\n\t\t\t\t\t<\/div>\n\t\t\t\t\t\t<\/div>\n\t\t\t\t<\/div>\n\t\t\t\t<\/div>\n\t\t<div class=\"elementor-element elementor-element-1ba38ef e-con-full e-flex e-con e-child\" data-id=\"1ba38ef\" data-element_type=\"container\" data-e-type=\"container\">\n\t\t\t\t<div class=\"elementor-element elementor-element-178a45a elementor-widget elementor-widget-wd_text_block\" data-id=\"178a45a\" data-element_type=\"widget\" data-e-type=\"widget\" data-widget_type=\"wd_text_block.default\">\n\t\t\t\t<div class=\"elementor-widget-container\">\n\t\t\t\t\t\t\t<div class=\"wd-text-block reset-last-child text-center\">\n\t\t\t\n\t\t\t<p>Bienfaits de l\u2019ang\u00e9lique<\/p>\n\t\t\t\t\t<\/div>\n\t\t\t\t\t\t<\/div>\n\t\t\t\t<\/div>\n\t\t\t\t<div class=\"elementor-element elementor-element-678ee2d elementor-widget elementor-widget-wd_text_block\" data-id=\"678ee2d\" data-element_type=\"widget\" data-e-type=\"widget\" data-widget_type=\"wd_text_block.default\">\n\t\t\t\t<div class=\"elementor-widget-container\">\n\t\t\t\t\t\t\t<div class=\"wd-text-block reset-last-child text-center\">\n\t\t\t\n\t\t\t<p data-start=\"768\" data-end=\"1138\">\u2714 Soutient la sant\u00e9 des femmes et r\u00e9gule le cycle menstruel.<br data-start=\"807\" data-end=\"810\" \/>\u2714 Soulage naturellement les sympt\u00f4mes de la m\u00e9nopause et les bouff\u00e9es de chaleur.<br data-start=\"864\" data-end=\"867\" \/>\u2714 Am\u00e9liore la circulation et favorise un flux sanguin sain.<br data-start=\"913\" data-end=\"916\" \/>\u2714 Aide \u00e0 soulager les crampes et douleurs menstruelles.<br data-start=\"962\" data-end=\"965\" \/>\u2714 Soutient la sant\u00e9 de la peau et des cheveux gr\u00e2ce \u00e0 ses compos\u00e9s naturels.<br data-start=\"1012\" data-end=\"1015\" \/>\u2714 Stimule l\u2019\u00e9nergie vitale et am\u00e9liore le bien-\u00eatre g\u00e9n\u00e9ral.<br data-start=\"1073\" data-end=\"1076\" \/>\u2714 Propri\u00e9t\u00e9s naturelles anti-inflammatoires et favorisant la sant\u00e9 du syst\u00e8me immunitaire.<\/p><p data-start=\"1140\" data-end=\"1254\">L\u2019ang\u00e9lique est un choix id\u00e9al pour les femmes recherchant des solutions naturelles et s\u00fbres pour am\u00e9liorer leur sant\u00e9 et leur qualit\u00e9 de vie.<\/p>\n\t\t\t\t\t<\/div>\n\t\t\t\t\t\t<\/div>\n\t\t\t\t<\/div>\n\t\t\t\t<\/div>\n\t\t<div class=\"elementor-element elementor-element-1f971e2 e-con-full e-flex e-con e-child\" data-id=\"1f971e2\" data-element_type=\"container\" data-e-type=\"container\">\n\t\t\t\t<div class=\"elementor-element elementor-element-d586bc9 elementor-widget elementor-widget-wd_text_block\" data-id=\"d586bc9\" data-element_type=\"widget\" data-e-type=\"widget\" data-widget_type=\"wd_text_block.default\">\n\t\t\t\t<div class=\"elementor-widget-container\">\n\t\t\t\t\t\t\t<div class=\"wd-text-block reset-last-child text-center\">\n\t\t\t\n\t\t\t<p>Pourquoi les experts font-ils confiance \u00e0 l\u2019Ang\u00e9lique chinoise ?<\/p>\n\t\t\t\t\t<\/div>\n\t\t\t\t\t\t<\/div>\n\t\t\t\t<\/div>\n\t\t\t\t<div class=\"elementor-element elementor-element-bf9060e elementor-widget elementor-widget-wd_text_block\" data-id=\"bf9060e\" data-element_type=\"widget\" data-e-type=\"widget\" data-widget_type=\"wd_text_block.default\">\n\t\t\t\t<div class=\"elementor-widget-container\">\n\t\t\t\t\t\t\t<div class=\"wd-text-block reset-last-child text-center\">\n\t\t\t\n\t\t\t<p data-start=\"1325\" data-end=\"1697\">Peu de gens savent que l\u2019ang\u00e9lique chinoise contient des compos\u00e9s v\u00e9g\u00e9taux actifs tels que <strong data-start=\"1399\" data-end=\"1416\">Flavono\u00efdes<\/strong> et<strong data-start=\"1418\" data-end=\"1436\">Phytochimiques<\/strong>Elle contient \u00e9galement des compos\u00e9s naturels qui aident \u00e0 r\u00e9guler les hormones et am\u00e9liorer la circulation sanguine. Les recherches r\u00e9centes soulignent ses nombreux bienfaits : soutien de la sant\u00e9 f\u00e9minine, vitalit\u00e9 g\u00e9n\u00e9rale et renforcement naturel du corps, reconnu par les experts de la m\u00e9decine traditionnelle et moderne.<\/p><p data-start=\"1699\" data-end=\"1770\">D\u00e9couvrez la puissance de la nature avec cette herbe l\u00e9gendaire et profitez d\u2019une vie saine et \u00e9quilibr\u00e9e.<\/p>\n\t\t\t\t\t<\/div>\n\t\t\t\t\t\t<\/div>\n\t\t\t\t<\/div>\n\t\t\t\t<\/div>\n\t\t\t\t\t<\/div>\n\t\t\t\t<\/div>\n\t\t\t\t<\/div>","protected":false},"excerpt":{"rendered":"<p>Qu\u2019est-ce que l\u2019Ang\u00e9lica ? D\u00e9couvrez le secret de la sant\u00e9 f\u00e9minine dans la m\u00e9decine traditionnelle chinoise avec l\u2019Ang\u00e9lica ou<\/p>","protected":false},"featured_media":4044,"comment_status":"open","ping_status":"closed","template":"","meta":[],"product_brand":[],"product_cat":[65],"product_tag":[],"class_list":{"0":"post-2189","1":"product","2":"type-product","3":"status-publish","4":"has-post-thumbnail","6":"product_cat-65","7":"pa_-1-kg","8":"pa_-100-g","9":"pa_-250-g","10":"pa_-500-g","12":"first","13":"instock","14":"shipping-taxable","15":"purchasable","16":"product-type-variable"},"jetpack_sharing_enabled":true,"_links":{"self":[{"href":"https:\/\/sfb.ma\/fr\/wp-json\/wp\/v2\/product\/2189","targetHints":{"allow":["GET"]}}],"collection":[{"href":"https:\/\/sfb.ma\/fr\/wp-json\/wp\/v2\/product"}],"about":[{"href":"https:\/\/sfb.ma\/fr\/wp-json\/wp\/v2\/types\/product"}],"replies":[{"embeddable":true,"href":"https:\/\/sfb.ma\/fr\/wp-json\/wp\/v2\/comments?post=2189"}],"version-history":[{"count":0,"href":"https:\/\/sfb.ma\/fr\/wp-json\/wp\/v2\/product\/2189\/revisions"}],"wp:featuredmedia":[{"embeddable":true,"href":"https:\/\/sfb.ma\/fr\/wp-json\/wp\/v2\/media\/4044"}],"wp:attachment":[{"href":"https:\/\/sfb.ma\/fr\/wp-json\/wp\/v2\/media?parent=2189"}],"wp:term":[{"taxonomy":"product_brand","embeddable":true,"href":"https:\/\/sfb.ma\/fr\/wp-json\/wp\/v2\/product_brand?post=2189"},{"taxonomy":"product_cat","embeddable":true,"href":"https:\/\/sfb.ma\/fr\/wp-json\/wp\/v2\/product_cat?post=2189"},{"taxonomy":"product_tag","embeddable":true,"href":"https:\/\/sfb.ma\/fr\/wp-json\/wp\/v2\/product_tag?post=2189"}],"curies":[{"name":"wp","href":"https:\/\/api.w.org\/{rel}","templated":true}]}}