{"id":2205,"date":"2025-07-07T19:09:34","date_gmt":"2025-07-07T19:09:34","guid":{"rendered":"https:\/\/sfb.ma\/?post_type=product&#038;p=2205"},"modified":"2026-04-06T19:10:14","modified_gmt":"2026-04-06T19:10:14","slug":"maca-blanche","status":"publish","type":"product","link":"https:\/\/sfb.ma\/fr\/produit\/maca-blanche\/","title":{"rendered":"Maca blanche"},"content":{"rendered":"<div data-elementor-type=\"product-post\" data-elementor-id=\"2205\" class=\"elementor elementor-2205\" data-elementor-post-type=\"product\">\n\t\t\t\t<div class=\"wd-negative-gap elementor-element elementor-element-7b7ef46 e-flex e-con-boxed e-con e-parent\" data-id=\"7b7ef46\" data-element_type=\"container\" data-e-type=\"container\">\n\t\t\t\t\t<div class=\"e-con-inner\">\n\t\t<div class=\"elementor-element elementor-element-3fae5f2 e-con-full e-flex e-con e-child\" data-id=\"3fae5f2\" data-element_type=\"container\" data-e-type=\"container\">\n\t\t\t\t<div class=\"elementor-element elementor-element-5115027 elementor-widget elementor-widget-wd_text_block\" data-id=\"5115027\" data-element_type=\"widget\" data-e-type=\"widget\" data-widget_type=\"wd_text_block.default\">\n\t\t\t\t<div class=\"elementor-widget-container\">\n\t\t\t\t\t\t\t<div class=\"wd-text-block reset-last-child text-center\">\n\t\t\t\n\t\t\t<p>Qu\u2019est-ce que la Maca blanche ?<\/p>\n\t\t\t\t\t<\/div>\n\t\t\t\t\t\t<\/div>\n\t\t\t\t<\/div>\n\t\t\t\t<div class=\"elementor-element elementor-element-667b405 elementor-widget elementor-widget-wd_text_block\" data-id=\"667b405\" data-element_type=\"widget\" data-e-type=\"widget\" data-widget_type=\"wd_text_block.default\">\n\t\t\t\t<div class=\"elementor-widget-container\">\n\t\t\t\t\t\t\t<div class=\"wd-text-block reset-last-child text-center\">\n\t\t\t\n\t\t\t<p>D\u00e9couvrez la puissance de la nature avec <strong data-start=\"391\" data-end=\"409\">Maca blanche<\/strong>L\u2019une des racines de maca p\u00e9ruvienne les plus c\u00e9l\u00e8bres, reconnue pour ses effets remarquables sur l\u2019\u00e9quilibre hormonal, l\u2019\u00e9nergie et la fertilit\u00e9. Cultiv\u00e9e dans les hauts Andes, c\u2019est un choix naturel et s\u00fbr pour la sant\u00e9 des femmes et des hommes.<\/p>\n\t\t\t\t\t<\/div>\n\t\t\t\t\t\t<\/div>\n\t\t\t\t<\/div>\n\t\t\t\t<\/div>\n\t\t<div class=\"elementor-element elementor-element-bb0d69f e-con-full e-flex e-con e-child\" data-id=\"bb0d69f\" data-element_type=\"container\" data-e-type=\"container\">\n\t\t\t\t<div class=\"elementor-element elementor-element-6a74130 elementor-widget elementor-widget-wd_text_block\" data-id=\"6a74130\" data-element_type=\"widget\" data-e-type=\"widget\" data-widget_type=\"wd_text_block.default\">\n\t\t\t\t<div class=\"elementor-widget-container\">\n\t\t\t\t\t\t\t<div class=\"wd-text-block reset-last-child text-center\">\n\t\t\t\n\t\t\t<p>Bienfaits de la Maca blanche<\/p>\n\t\t\t\t\t<\/div>\n\t\t\t\t\t\t<\/div>\n\t\t\t\t<\/div>\n\t\t\t\t<div class=\"elementor-element elementor-element-f22efc4 elementor-widget elementor-widget-wd_text_block\" data-id=\"f22efc4\" data-element_type=\"widget\" data-e-type=\"widget\" data-widget_type=\"wd_text_block.default\">\n\t\t\t\t<div class=\"elementor-widget-container\">\n\t\t\t\t\t\t\t<div class=\"wd-text-block reset-last-child text-center\">\n\t\t\t\n\t\t\t<p data-start=\"676\" data-end=\"1041\">\u2714 Soutient l\u2019\u00e9quilibre hormonal chez les femmes et les hommes.<br data-start=\"714\" data-end=\"717\" \/>\u2714 Am\u00e9liore naturellement la fertilit\u00e9, surtout chez les femmes.<br data-start=\"761\" data-end=\"764\" \/>\u2714 Augmente les niveaux d\u2019\u00e9nergie et la vitalit\u00e9 au quotidien.<br data-start=\"804\" data-end=\"807\" \/>Contribue \u00e0 am\u00e9liorer l\u2019humeur et r\u00e9duire le stress.<br data-start=\"857\" data-end=\"860\" \/>\u2714 Soutient le d\u00e9sir sexuel de mani\u00e8re s\u00fbre et naturelle.<br data-start=\"901\" data-end=\"904\" \/>\u2714 Am\u00e9liore la sant\u00e9 des cheveux et de la peau gr\u00e2ce \u00e0 ses min\u00e9raux et vitamines naturels.<br data-start=\"972\" data-end=\"975\" \/>Stimule la performance physique et mentale, aidant \u00e0 lutter contre la fatigue et le stress.<\/p><p data-start=\"1043\" data-end=\"1134\">La maca blanche est un choix id\u00e9al pour ceux qui recherchent un soutien sant\u00e9 \u00e9quilibr\u00e9 et une \u00e9nergie naturelle durable toute la journ\u00e9e.<\/p>\n\t\t\t\t\t<\/div>\n\t\t\t\t\t\t<\/div>\n\t\t\t\t<\/div>\n\t\t\t\t<\/div>\n\t\t<div class=\"elementor-element elementor-element-e94e8dd e-con-full e-flex e-con e-child\" data-id=\"e94e8dd\" data-element_type=\"container\" data-e-type=\"container\">\n\t\t\t\t<div class=\"elementor-element elementor-element-c45beb1 elementor-widget elementor-widget-wd_text_block\" data-id=\"c45beb1\" data-element_type=\"widget\" data-e-type=\"widget\" data-widget_type=\"wd_text_block.default\">\n\t\t\t\t<div class=\"elementor-widget-container\">\n\t\t\t\t\t\t\t<div class=\"wd-text-block reset-last-child text-center\">\n\t\t\t\n\t\t\t<p>Pourquoi les experts font-ils confiance \u00e0 la maca blanche ?<\/p>\n\t\t\t\t\t<\/div>\n\t\t\t\t\t\t<\/div>\n\t\t\t\t<\/div>\n\t\t\t\t<div class=\"elementor-element elementor-element-132d3e7 elementor-widget elementor-widget-wd_text_block\" data-id=\"132d3e7\" data-element_type=\"widget\" data-e-type=\"widget\" data-widget_type=\"wd_text_block.default\">\n\t\t\t\t<div class=\"elementor-widget-container\">\n\t\t\t\t\t\t\t<div class=\"wd-text-block reset-last-child text-center\">\n\t\t\t\n\t\t\t<p data-start=\"1199\" data-end=\"1460\">La maca blanche est riche en nutriments naturels, notamment pour la sant\u00e9 et la fertilit\u00e9 des femmes. Les recherches montrent qu\u2019elle est la plus efficace pour l\u2019\u00e9quilibre hormonal et la sant\u00e9 reproductive, naturellement et sans produits chimiques nocifs.<\/p><p data-start=\"1462\" data-end=\"1548\">Essayez la vraie maca blanche et profitez de ses bienfaits soutenus par la m\u00e9decine traditionnelle et moderne.<\/p>\n\t\t\t\t\t<\/div>\n\t\t\t\t\t\t<\/div>\n\t\t\t\t<\/div>\n\t\t\t\t<\/div>\n\t\t\t\t\t<\/div>\n\t\t\t\t<\/div>\n\t\t\t\t<\/div>","protected":false},"excerpt":{"rendered":"<p>Qu\u2019est-ce que la Maca Blanche ? D\u00e9couvrez la puissance de la nature avec la Maca Blanche, une racine p\u00e9ruvienne c\u00e9l\u00e8bre pour ses effets remarquables.<\/p>","protected":false},"featured_media":2159,"comment_status":"open","ping_status":"closed","template":"","meta":[],"product_brand":[],"product_cat":[65],"product_tag":[],"class_list":{"0":"post-2205","1":"product","2":"type-product","3":"status-publish","4":"has-post-thumbnail","6":"product_cat-65","7":"pa_-1-kg","8":"pa_-250-g","9":"pa_-500-g","11":"first","12":"instock","13":"shipping-taxable","14":"purchasable","15":"product-type-variable"},"jetpack_sharing_enabled":true,"_links":{"self":[{"href":"https:\/\/sfb.ma\/fr\/wp-json\/wp\/v2\/product\/2205","targetHints":{"allow":["GET"]}}],"collection":[{"href":"https:\/\/sfb.ma\/fr\/wp-json\/wp\/v2\/product"}],"about":[{"href":"https:\/\/sfb.ma\/fr\/wp-json\/wp\/v2\/types\/product"}],"replies":[{"embeddable":true,"href":"https:\/\/sfb.ma\/fr\/wp-json\/wp\/v2\/comments?post=2205"}],"version-history":[{"count":0,"href":"https:\/\/sfb.ma\/fr\/wp-json\/wp\/v2\/product\/2205\/revisions"}],"wp:featuredmedia":[{"embeddable":true,"href":"https:\/\/sfb.ma\/fr\/wp-json\/wp\/v2\/media\/2159"}],"wp:attachment":[{"href":"https:\/\/sfb.ma\/fr\/wp-json\/wp\/v2\/media?parent=2205"}],"wp:term":[{"taxonomy":"product_brand","embeddable":true,"href":"https:\/\/sfb.ma\/fr\/wp-json\/wp\/v2\/product_brand?post=2205"},{"taxonomy":"product_cat","embeddable":true,"href":"https:\/\/sfb.ma\/fr\/wp-json\/wp\/v2\/product_cat?post=2205"},{"taxonomy":"product_tag","embeddable":true,"href":"https:\/\/sfb.ma\/fr\/wp-json\/wp\/v2\/product_tag?post=2205"}],"curies":[{"name":"wp","href":"https:\/\/api.w.org\/{rel}","templated":true}]}}