{"id":2308,"date":"2025-07-08T19:16:52","date_gmt":"2025-07-08T19:16:52","guid":{"rendered":"https:\/\/sfb.ma\/?post_type=product&#038;p=2308"},"modified":"2025-11-19T16:35:40","modified_gmt":"2025-11-19T16:35:40","slug":"valeriane","status":"publish","type":"product","link":"https:\/\/sfb.ma\/fr\/produit\/valeriane\/","title":{"rendered":"Val\u00e9riane"},"content":{"rendered":"<div data-elementor-type=\"product-post\" data-elementor-id=\"2308\" class=\"elementor elementor-2308\" data-elementor-post-type=\"product\">\n\t\t\t\t<div class=\"wd-negative-gap elementor-element elementor-element-ace81e9 e-flex e-con-boxed e-con e-parent\" data-id=\"ace81e9\" data-element_type=\"container\" data-e-type=\"container\">\n\t\t\t\t\t<div class=\"e-con-inner\">\n\t\t<div class=\"elementor-element elementor-element-e22b125 e-con-full e-flex e-con e-child\" data-id=\"e22b125\" data-element_type=\"container\" data-e-type=\"container\">\n\t\t\t\t<div class=\"elementor-element elementor-element-6a3cc9a elementor-widget elementor-widget-wd_text_block\" data-id=\"6a3cc9a\" data-element_type=\"widget\" data-e-type=\"widget\" data-widget_type=\"wd_text_block.default\">\n\t\t\t\t<div class=\"elementor-widget-container\">\n\t\t\t\t\t\t\t<div class=\"wd-text-block reset-last-child text-center\">\n\t\t\t\n\t\t\t<h3>Qu\u2019est-ce que la val\u00e9riane ? Le secret naturel contre l\u2019insomnie et l\u2019anxi\u00e9t\u00e9 !<\/h3>\n\t\t\t\t\t<\/div>\n\t\t\t\t\t\t<\/div>\n\t\t\t\t<\/div>\n\t\t\t\t<div class=\"elementor-element elementor-element-9fc8af3 elementor-widget elementor-widget-wd_text_block\" data-id=\"9fc8af3\" data-element_type=\"widget\" data-e-type=\"widget\" data-widget_type=\"wd_text_block.default\">\n\t\t\t\t<div class=\"elementor-widget-container\">\n\t\t\t\t\t\t\t<div class=\"wd-text-block reset-last-child text-center\">\n\t\t\t\n\t\t\t<p>Des difficult\u00e9s \u00e0 dormir ? L\u2019anxi\u00e9t\u00e9 envahit vos pens\u00e9es ? Il est temps de d\u00e9couvrir <b>Val\u00e9riane<\/b>ou connu mondialement sous le nom de <b>Valeriana<\/b> La racine de val\u00e9riane (Valeriana) est une pierre angulaire de la m\u00e9decine traditionnelle depuis des milliers d\u2019ann\u00e9es, notamment dans les cultures grecque et romaine antiques. R\u00e9put\u00e9e pour ses puissantes propri\u00e9t\u00e9s apaisantes, la val\u00e9riane favorise un sommeil profond et r\u00e9parateur sans provoquer de d\u00e9pendance ni d\u2019effets secondaires s\u00e9v\u00e8res des s\u00e9datifs synth\u00e9tiques. Que savez-vous vraiment de ces racines magiques qui promettent s\u00e9r\u00e9nit\u00e9 et tranquillit\u00e9 d\u2019esprit ? D\u00e9couvrez le secret de la val\u00e9riane, votre alli\u00e9e naturelle pour le calme et un sommeil paisible.<\/p>\n\t\t\t\t\t<\/div>\n\t\t\t\t\t\t<\/div>\n\t\t\t\t<\/div>\n\t\t\t\t<\/div>\n\t\t<div class=\"elementor-element elementor-element-42e0aa4 e-con-full e-flex e-con e-child\" data-id=\"42e0aa4\" data-element_type=\"container\" data-e-type=\"container\">\n\t\t\t\t<div class=\"elementor-element elementor-element-c123d7d elementor-widget elementor-widget-wd_text_block\" data-id=\"c123d7d\" data-element_type=\"widget\" data-e-type=\"widget\" data-widget_type=\"wd_text_block.default\">\n\t\t\t\t<div class=\"elementor-widget-container\">\n\t\t\t\t\t\t\t<div class=\"wd-text-block reset-last-child text-center\">\n\t\t\t\n\t\t\t<h3>Bienfaits de la val\u00e9riane : Pourquoi cette plante \u00e9tonnante doit faire partie de votre routine sant\u00e9 ?<\/h3>\n\t\t\t\t\t<\/div>\n\t\t\t\t\t\t<\/div>\n\t\t\t\t<\/div>\n\t\t\t\t<div class=\"elementor-element elementor-element-4a68339 elementor-widget elementor-widget-wd_text_block\" data-id=\"4a68339\" data-element_type=\"widget\" data-e-type=\"widget\" data-widget_type=\"wd_text_block.default\">\n\t\t\t\t<div class=\"elementor-widget-container\">\n\t\t\t\t\t\t\t<div class=\"wd-text-block reset-last-child text-center\">\n\t\t\t\n\t\t\t<p>Est consid\u00e9r\u00e9 <b>Val\u00e9riane<\/b> L\u2019une des plantes les plus puissantes pour calmer les nerfs, elle agit positivement gr\u00e2ce \u00e0 ses compos\u00e9s actifs, notamment l\u2019acide gamma-aminobutyrique (GABA), qui apaise l\u2019activit\u00e9 c\u00e9r\u00e9brale. Ses principaux bienfaits incluent :<\/p><ul><li><p><b>Un aide efficace au sommeil:<\/b> La val\u00e9riane est le choix pr\u00e9f\u00e9r\u00e9 de nombreux insomniaques. Elle r\u00e9duit le temps d\u2019endormissement et am\u00e9liore la qualit\u00e9 du sommeil, pour un r\u00e9veil frais et plein d\u2019\u00e9nergie.<\/p><\/li><li><p><b>Soulagement de l\u2019anxi\u00e9t\u00e9 et du stress :<\/b> Gr\u00e2ce \u00e0 ses propri\u00e9t\u00e9s apaisantes sur le syst\u00e8me nerveux central, la val\u00e9riane r\u00e9duit l\u2019anxi\u00e9t\u00e9 et le stress, vous aidant \u00e0 vous sentir d\u00e9tendu et calme en situation de stress.<\/p><\/li><li><p><b>Am\u00e9lioration de l\u2019humeur<\/b> Il peut contribuer \u00e0 am\u00e9liorer l\u2019humeur et \u00e0 att\u00e9nuer les sympt\u00f4mes de d\u00e9pression l\u00e9g\u00e8re en agissant sur les neurotransmetteurs du cerveau.<\/p><\/li><li><p><b>R\u00e9duit l\u2019hyperactivit\u00e9 et les troubles nerveux:<\/b> Il est parfois utilis\u00e9 pour aider \u00e0 calmer l\u2019hyperactivit\u00e9 et les tremblements.<\/p><\/li><li><p><b>Soulagement des douleurs musculaires et articulaires :<\/b> La val\u00e9riane pourrait poss\u00e9der des propri\u00e9t\u00e9s anti-inflammatoires et analg\u00e9siques, aidant \u00e0 soulager les spasmes musculaires et les douleurs l\u00e9g\u00e8res.<\/p><\/li><li><p><b>Soulager les sympt\u00f4mes du syndrome pr\u00e9menstruel (SPM) :<\/b> Aide \u00e0 calmer les sautes d\u2019humeur et les crampes li\u00e9es au cycle menstruel.<\/p><\/li><\/ul>\n\t\t\t\t\t<\/div>\n\t\t\t\t\t\t<\/div>\n\t\t\t\t<\/div>\n\t\t\t\t<\/div>\n\t\t<div class=\"elementor-element elementor-element-8f9233f e-con-full e-flex e-con e-child\" data-id=\"8f9233f\" data-element_type=\"container\" data-e-type=\"container\">\n\t\t\t\t<div class=\"elementor-element elementor-element-3321884 elementor-widget elementor-widget-wd_text_block\" data-id=\"3321884\" data-element_type=\"widget\" data-e-type=\"widget\" data-widget_type=\"wd_text_block.default\">\n\t\t\t\t<div class=\"elementor-widget-container\">\n\t\t\t\t\t\t\t<div class=\"wd-text-block reset-last-child text-center\">\n\t\t\t\n\t\t\t<h3>Pourquoi les experts font confiance \u00e0 la val\u00e9riane ? La science confirme son pouvoir gu\u00e9risseur !<\/h3>\n\t\t\t\t\t<\/div>\n\t\t\t\t\t\t<\/div>\n\t\t\t\t<\/div>\n\t\t\t\t<div class=\"elementor-element elementor-element-0f06576 elementor-widget elementor-widget-wd_text_block\" data-id=\"0f06576\" data-element_type=\"widget\" data-e-type=\"widget\" data-widget_type=\"wd_text_block.default\">\n\t\t\t\t<div class=\"elementor-widget-container\">\n\t\t\t\t\t\t\t<div class=\"wd-text-block reset-last-child text-center\">\n\t\t\t\n\t\t\t<p>N\u2019est plus <b>Val\u00e9riane<\/b> Bien plus qu\u2019un rem\u00e8de traditionnel, la val\u00e9riane suscite un grand int\u00e9r\u00eat dans la science et la m\u00e9decine modernes. De nombreuses \u00e9tudes d\u00e9montrent son efficacit\u00e9 contre l\u2019insomnie et l\u2019anxi\u00e9t\u00e9, en faisant une alternative naturelle s\u00fbre aux m\u00e9dicaments chimiques, surtout pour ceux cherchant des solutions non addictives. Recommand\u00e9e par des experts du sommeil, m\u00e9decins et herboristes, c\u2019est un choix efficace contre les troubles du sommeil et le stress. La confiance croissante envers la val\u00e9riane provient de milliers d\u2019exp\u00e9riences positives dans le monde et des preuves scientifiques accumul\u00e9es, confirmant son r\u00f4le d\u2019alli\u00e9e naturelle forte pour la sant\u00e9 mentale et neurologique. Pr\u00eat \u00e0 d\u00e9couvrir la puissance de la val\u00e9riane et retrouver calme et sommeil profond ?<\/p>\n\t\t\t\t\t<\/div>\n\t\t\t\t\t\t<\/div>\n\t\t\t\t<\/div>\n\t\t\t\t<\/div>\n\t\t\t\t\t<\/div>\n\t\t\t\t<\/div>\n\t\t\t\t<\/div>","protected":false},"excerpt":{"rendered":"<p>Qu\u2019est-ce que la Val\u00e9riane ? Le secret naturel contre l\u2019insomnie et l\u2019anxi\u00e9t\u00e9 ! Des difficult\u00e9s \u00e0 dormir ? L\u2019anxi\u00e9t\u00e9 envahit vos pens\u00e9es ?<\/p>","protected":false},"featured_media":3920,"comment_status":"open","ping_status":"closed","template":"","meta":[],"product_brand":[],"product_cat":[65],"product_tag":[],"class_list":{"0":"post-2308","1":"product","2":"type-product","3":"status-publish","4":"has-post-thumbnail","6":"product_cat-65","7":"pa_-1-kg","8":"pa_-250-g","9":"pa_-500-g","11":"first","12":"onbackorder","13":"shipping-taxable","14":"purchasable","15":"product-type-variable"},"jetpack_sharing_enabled":true,"_links":{"self":[{"href":"https:\/\/sfb.ma\/fr\/wp-json\/wp\/v2\/product\/2308","targetHints":{"allow":["GET"]}}],"collection":[{"href":"https:\/\/sfb.ma\/fr\/wp-json\/wp\/v2\/product"}],"about":[{"href":"https:\/\/sfb.ma\/fr\/wp-json\/wp\/v2\/types\/product"}],"replies":[{"embeddable":true,"href":"https:\/\/sfb.ma\/fr\/wp-json\/wp\/v2\/comments?post=2308"}],"version-history":[{"count":0,"href":"https:\/\/sfb.ma\/fr\/wp-json\/wp\/v2\/product\/2308\/revisions"}],"wp:featuredmedia":[{"embeddable":true,"href":"https:\/\/sfb.ma\/fr\/wp-json\/wp\/v2\/media\/3920"}],"wp:attachment":[{"href":"https:\/\/sfb.ma\/fr\/wp-json\/wp\/v2\/media?parent=2308"}],"wp:term":[{"taxonomy":"product_brand","embeddable":true,"href":"https:\/\/sfb.ma\/fr\/wp-json\/wp\/v2\/product_brand?post=2308"},{"taxonomy":"product_cat","embeddable":true,"href":"https:\/\/sfb.ma\/fr\/wp-json\/wp\/v2\/product_cat?post=2308"},{"taxonomy":"product_tag","embeddable":true,"href":"https:\/\/sfb.ma\/fr\/wp-json\/wp\/v2\/product_tag?post=2308"}],"curies":[{"name":"wp","href":"https:\/\/api.w.org\/{rel}","templated":true}]}}