{"id":2340,"date":"2025-07-09T09:22:09","date_gmt":"2025-07-09T09:22:09","guid":{"rendered":"https:\/\/sfb.ma\/?post_type=product&#038;p=2340"},"modified":"2026-04-06T19:03:06","modified_gmt":"2026-04-06T19:03:06","slug":"epimedium","status":"publish","type":"product","link":"https:\/\/sfb.ma\/fr\/produit\/epimedium\/","title":{"rendered":"\u00c9pimedium"},"content":{"rendered":"<div data-elementor-type=\"product-post\" data-elementor-id=\"2340\" class=\"elementor elementor-2340\" data-elementor-post-type=\"product\">\n\t\t\t\t<div class=\"wd-negative-gap elementor-element elementor-element-046534e e-flex e-con-boxed e-con e-parent\" data-id=\"046534e\" data-element_type=\"container\" data-e-type=\"container\">\n\t\t\t\t\t<div class=\"e-con-inner\">\n\t\t<div class=\"elementor-element elementor-element-78287ee e-con-full e-flex e-con e-child\" data-id=\"78287ee\" data-element_type=\"container\" data-e-type=\"container\">\n\t\t\t\t<div class=\"elementor-element elementor-element-b1ad344 elementor-widget elementor-widget-wd_text_block\" data-id=\"b1ad344\" data-element_type=\"widget\" data-e-type=\"widget\" data-widget_type=\"wd_text_block.default\">\n\t\t\t\t<div class=\"elementor-widget-container\">\n\t\t\t\t\t\t\t<div class=\"wd-text-block reset-last-child text-center\">\n\t\t\t\n\t\t\t<h3>Qu\u2019est-ce que l\u2019\u00c9pimedium (Herbe de la ch\u00e8vre) ? Le carburant naturel du d\u00e9sir et de la vitalit\u00e9 !<\/h3>\n\t\t\t\t\t<\/div>\n\t\t\t\t\t\t<\/div>\n\t\t\t\t<\/div>\n\t\t\t\t<div class=\"elementor-element elementor-element-4d8605c elementor-widget elementor-widget-wd_text_block\" data-id=\"4d8605c\" data-element_type=\"widget\" data-e-type=\"widget\" data-widget_type=\"wd_text_block.default\">\n\t\t\t\t<div class=\"elementor-widget-container\">\n\t\t\t\t\t\t\t<div class=\"wd-text-block reset-last-child text-center\">\n\t\t\t\n\t\t\t<p>Vous cherchez une m\u00e9thode naturelle pour renforcer votre vitalit\u00e9, soutenir vos performances et retrouver l\u2019\u00e9tincelle de jeunesse ? Il est temps de d\u00e9couvrir <b>Herbe d\u2019\u00c9pimedium<\/b>\u00e9galement connu scientifiquement sous le nom de\u202f <b>Herbe de la ch\u00e8vre<\/b> \u00e9galement couramment appel\u00e9 (Epimedium), <b>Horny Goat Weed<\/b>Cette plante unique, dont les feuilles sont principalement utilis\u00e9es, est un pilier de la m\u00e9decine traditionnelle chinoise depuis des mill\u00e9naires. R\u00e9put\u00e9e pour stimuler le d\u00e9sir et la vitalit\u00e9, son nom curieux \u00ab Herbe de la ch\u00e8vre en chaleur \u00bb vient d\u2019observations de bergers remarquant une activit\u00e9 accrue chez leurs ch\u00e8vres apr\u00e8s en avoir brout\u00e9. Que savez-vous vraiment de cette plante l\u00e9gendaire qui promet \u00e9nergie, vitalit\u00e9 et performance am\u00e9lior\u00e9e ? D\u00e9couvrez le secret de l\u2019\u00c9pimedium, votre alli\u00e9 naturel pour retrouver confiance et \u00e9nergie.<\/p>\n\t\t\t\t\t<\/div>\n\t\t\t\t\t\t<\/div>\n\t\t\t\t<\/div>\n\t\t\t\t<\/div>\n\t\t<div class=\"elementor-element elementor-element-2d77634 e-con-full e-flex e-con e-child\" data-id=\"2d77634\" data-element_type=\"container\" data-e-type=\"container\">\n\t\t\t\t<div class=\"elementor-element elementor-element-6b6bae4 elementor-widget elementor-widget-wd_text_block\" data-id=\"6b6bae4\" data-element_type=\"widget\" data-e-type=\"widget\" data-widget_type=\"wd_text_block.default\">\n\t\t\t\t<div class=\"elementor-widget-container\">\n\t\t\t\t\t\t\t<div class=\"wd-text-block reset-last-child text-center\">\n\t\t\t\n\t\t\t<h3>Bienfaits de l\u2019\u00c9pimedium : Pourquoi ce tr\u00e9sor naturel doit faire partie de votre routine sant\u00e9<\/h3>\n\t\t\t\t\t<\/div>\n\t\t\t\t\t\t<\/div>\n\t\t\t\t<\/div>\n\t\t\t\t<div class=\"elementor-element elementor-element-c706130 elementor-widget elementor-widget-wd_text_block\" data-id=\"c706130\" data-element_type=\"widget\" data-e-type=\"widget\" data-widget_type=\"wd_text_block.default\">\n\t\t\t\t<div class=\"elementor-widget-container\">\n\t\t\t\t\t\t\t<div class=\"wd-text-block reset-last-child text-center\">\n\t\t\t\n\t\t\t<p>est connue <b>Herbe d\u2019\u00c9pimedium<\/b> Avec son principal compos\u00e9 actif, <b>Icariin<\/b>Il agit en am\u00e9liorant la circulation sanguine et en augmentant les niveaux d\u2019\u00e9nergie dans le corps, lui conf\u00e9rant de multiples propri\u00e9t\u00e9s th\u00e9rapeutiques. Ses principaux bienfaits incluent :<\/p><ul><li><p><b>Soutient la performance et la vitalit\u00e9:<\/b> L\u2019\u00e9pim\u00e9\u00addium est un stimulant naturel de la performance chez les hommes et les femmes. L\u2019icariine augmente les niveaux d\u2019oxyde nitrique dans le corps, am\u00e9liorant le flux sanguin vers les organes et soutenant une fonction saine.<\/p><\/li><li><p><b>Augmentation des niveaux d\u2019\u00e9nergie et r\u00e9duction de la fatigue :<\/b> Si vous vous sentez constamment fatigu\u00e9 et manquez d\u2019\u00e9nergie, l\u2019\u00c9pimedium peut vous offrir un regain naturel de vitalit\u00e9, vous aidant \u00e0 accomplir vos t\u00e2ches quotidiennes avec plus d\u2019\u00e9nergie.<\/p><\/li><li><p><b>Am\u00e9lioration de la circulation sanguine<\/b> Gr\u00e2ce \u00e0 son effet sur la circulation sanguine, la plante favorise une meilleure distribution de l\u2019oxyg\u00e8ne et des nutriments dans tout le corps.<\/p><\/li><li><p><b>Soutient la sant\u00e9 des os:<\/b> Certaines \u00e9tudes pr\u00e9liminaires montrent que l\u2019Icariine pourrait aider \u00e0 maintenir la densit\u00e9 osseuse et soutenir la sant\u00e9 des os, ce qui la rend b\u00e9n\u00e9fique contre l\u2019ost\u00e9oporose.<\/p><\/li><li><p><b>Anti-inflammatoire et antioxydant:<\/b> L\u2019\u00c9pimedium contient des compos\u00e9s aux propri\u00e9t\u00e9s anti-inflammatoires et antioxydantes, aidant \u00e0 prot\u00e9ger les cellules des dommages et \u00e0 r\u00e9duire l\u2019inflammation dans le corps.<\/p><\/li><li><p><b>Soulagement des sympt\u00f4mes de la m\u00e9nopause:<\/b> Elle peut aider \u00e0 soulager certains sympt\u00f4mes de la m\u00e9nopause chez les femmes, tels que les bouff\u00e9es de chaleur et les sautes d\u2019humeur.<\/p><\/li><\/ul>\n\t\t\t\t\t<\/div>\n\t\t\t\t\t\t<\/div>\n\t\t\t\t<\/div>\n\t\t\t\t<\/div>\n\t\t<div class=\"elementor-element elementor-element-6aba1a1 e-con-full e-flex e-con e-child\" data-id=\"6aba1a1\" data-element_type=\"container\" data-e-type=\"container\">\n\t\t\t\t<div class=\"elementor-element elementor-element-d134186 elementor-widget elementor-widget-wd_text_block\" data-id=\"d134186\" data-element_type=\"widget\" data-e-type=\"widget\" data-widget_type=\"wd_text_block.default\">\n\t\t\t\t<div class=\"elementor-widget-container\">\n\t\t\t\t\t\t\t<div class=\"wd-text-block reset-last-child text-center\">\n\t\t\t\n\t\t\t<h3>Pourquoi les experts font-ils confiance \u00e0 l\u2019\u00c9pimedium ? La science confirme sa puissance pour une performance naturelle !<\/h3>\n\t\t\t\t\t<\/div>\n\t\t\t\t\t\t<\/div>\n\t\t\t\t<\/div>\n\t\t\t\t<div class=\"elementor-element elementor-element-e89580a elementor-widget elementor-widget-wd_text_block\" data-id=\"e89580a\" data-element_type=\"widget\" data-e-type=\"widget\" data-widget_type=\"wd_text_block.default\">\n\t\t\t\t<div class=\"elementor-widget-container\">\n\t\t\t\t\t\t\t<div class=\"wd-text-block reset-last-child text-center\">\n\t\t\t\n\t\t\t<p>Ne sont plus <b>Herbe d\u2019\u00c9pimedium<\/b> Bien plus qu\u2019une simple plante de la m\u00e9decine traditionnelle, elle suscite un large int\u00e9r\u00eat dans la science et la m\u00e9decine modernes. De nombreuses \u00e9tudes d\u00e9montrent son efficacit\u00e9 \u00e0 soutenir la vitalit\u00e9 et la performance, en faisant une alternative naturelle s\u00fbre \u00e0 de nombreux m\u00e9dicaments chimiques, notamment pour ceux qui cherchent \u00e0 augmenter leur \u00e9nergie naturellement. Les experts en phytoth\u00e9rapie et les sp\u00e9cialistes de la m\u00e9decine alternative la recommandent comme une option efficace contre la fatigue et pour am\u00e9liorer les performances. La confiance croissante envers l\u2019\u00c9pimedium provient des exp\u00e9riences positives de milliers de personnes dans le monde et des preuves scientifiques accumul\u00e9es confirmant son r\u00f4le d\u2019alli\u00e9 naturel puissant pour la sant\u00e9 sexuelle et g\u00e9n\u00e9rale. \u00cates-vous pr\u00eat \u00e0 d\u00e9couvrir la puissance de l\u2019\u00c9pimedium et \u00e0 retrouver votre vitalit\u00e9 et performance \u00e9clatantes ?<\/p>\n\t\t\t\t\t<\/div>\n\t\t\t\t\t\t<\/div>\n\t\t\t\t<\/div>\n\t\t\t\t<\/div>\n\t\t\t\t\t<\/div>\n\t\t\t\t<\/div>\n\t\t\t\t<\/div>","protected":false},"excerpt":{"rendered":"<p>Qu\u2019est-ce que l\u2019Herbe de Ch\u00e8vre (Epimedium) ? Le carburant naturel du d\u00e9sir et de la vitalit\u00e9 ! Vous cherchez un moyen naturel d\u2019augmenter l\u2019\u00e9nergie, soutenir la performance, ou<\/p>","protected":false},"featured_media":4032,"comment_status":"open","ping_status":"closed","template":"","meta":[],"product_brand":[],"product_cat":[65],"product_tag":[],"class_list":{"0":"post-2340","1":"product","2":"type-product","3":"status-publish","4":"has-post-thumbnail","6":"product_cat-65","7":"pa_-1-kg","8":"pa_-100-g","9":"pa_-250-g","10":"pa_-500-g","12":"first","13":"instock","14":"shipping-taxable","15":"purchasable","16":"product-type-variable"},"jetpack_sharing_enabled":true,"_links":{"self":[{"href":"https:\/\/sfb.ma\/fr\/wp-json\/wp\/v2\/product\/2340","targetHints":{"allow":["GET"]}}],"collection":[{"href":"https:\/\/sfb.ma\/fr\/wp-json\/wp\/v2\/product"}],"about":[{"href":"https:\/\/sfb.ma\/fr\/wp-json\/wp\/v2\/types\/product"}],"replies":[{"embeddable":true,"href":"https:\/\/sfb.ma\/fr\/wp-json\/wp\/v2\/comments?post=2340"}],"version-history":[{"count":0,"href":"https:\/\/sfb.ma\/fr\/wp-json\/wp\/v2\/product\/2340\/revisions"}],"wp:featuredmedia":[{"embeddable":true,"href":"https:\/\/sfb.ma\/fr\/wp-json\/wp\/v2\/media\/4032"}],"wp:attachment":[{"href":"https:\/\/sfb.ma\/fr\/wp-json\/wp\/v2\/media?parent=2340"}],"wp:term":[{"taxonomy":"product_brand","embeddable":true,"href":"https:\/\/sfb.ma\/fr\/wp-json\/wp\/v2\/product_brand?post=2340"},{"taxonomy":"product_cat","embeddable":true,"href":"https:\/\/sfb.ma\/fr\/wp-json\/wp\/v2\/product_cat?post=2340"},{"taxonomy":"product_tag","embeddable":true,"href":"https:\/\/sfb.ma\/fr\/wp-json\/wp\/v2\/product_tag?post=2340"}],"curies":[{"name":"wp","href":"https:\/\/api.w.org\/{rel}","templated":true}]}}