{"id":2377,"date":"2025-07-09T11:41:22","date_gmt":"2025-07-09T11:41:22","guid":{"rendered":"https:\/\/sfb.ma\/?post_type=product&#038;p=2377"},"modified":"2026-04-06T19:00:23","modified_gmt":"2026-04-06T19:00:23","slug":"echinacee","status":"publish","type":"product","link":"https:\/\/sfb.ma\/fr\/produit\/echinacee\/","title":{"rendered":"\u00c9chinac\u00e9e"},"content":{"rendered":"<div data-elementor-type=\"product-post\" data-elementor-id=\"2377\" class=\"elementor elementor-2377\" data-elementor-post-type=\"product\">\n\t\t\t\t<div class=\"wd-negative-gap elementor-element elementor-element-a084178 e-flex e-con-boxed e-con e-parent\" data-id=\"a084178\" data-element_type=\"container\" data-e-type=\"container\">\n\t\t\t\t\t<div class=\"e-con-inner\">\n\t\t<div class=\"elementor-element elementor-element-7216683 e-con-full e-flex e-con e-child\" data-id=\"7216683\" data-element_type=\"container\" data-e-type=\"container\">\n\t\t\t\t<div class=\"elementor-element elementor-element-b740a40 elementor-widget elementor-widget-wd_text_block\" data-id=\"b740a40\" data-element_type=\"widget\" data-e-type=\"widget\" data-widget_type=\"wd_text_block.default\">\n\t\t\t\t<div class=\"elementor-widget-container\">\n\t\t\t\t\t\t\t<div class=\"wd-text-block reset-last-child text-center\">\n\t\t\t\n\t\t\t<h3>Qu\u2019est-ce que l\u2019\u00e9chinac\u00e9e ? Le secret naturel pour renforcer vos d\u00e9fenses immunitaires !<\/h3>\n\t\t\t\t\t<\/div>\n\t\t\t\t\t\t<\/div>\n\t\t\t\t<\/div>\n\t\t\t\t<div class=\"elementor-element elementor-element-633396e elementor-widget elementor-widget-wd_text_block\" data-id=\"633396e\" data-element_type=\"widget\" data-e-type=\"widget\" data-widget_type=\"wd_text_block.default\">\n\t\t\t\t<div class=\"elementor-widget-container\">\n\t\t\t\t\t\t\t<div class=\"wd-text-block reset-last-child text-center\">\n\t\t\t\n\t\t\t<p>Ressentez-vous que votre syst\u00e8me immunitaire a besoin d\u2019un coup de boost puissant ? Cherchez-vous un alli\u00e9 naturel pour combattre rhumes et grippes ? Alors, il est temps de d\u00e9couvrir <b>\u00c9chinac\u00e9e<\/b>ou comme on l\u2019appelle en arabe <b>Echinacea<\/b>Cette belle plante fleurie, appartenant \u00e0 la famille des marguerites, est l\u2019une des herbes m\u00e9dicinales les plus c\u00e9l\u00e8bres et les plus utilis\u00e9es dans le monde, surtout en Am\u00e9rique du Nord et en Europe. Les tribus am\u00e9rindiennes utilisent l\u2019\u00e9chinac\u00e9e depuis des si\u00e8cles pour soigner une grande vari\u00e9t\u00e9 de maladies, et aujourd\u2019hui elle confirme son efficacit\u00e9 en tant que puissant stimulant du syst\u00e8me immunitaire. Que savez-vous vraiment de cette plante violette envo\u00fbtante qui renferme dans ses racines et ses fleurs la promesse d\u2019une immunit\u00e9 renforc\u00e9e et d\u2019une meilleure sant\u00e9 ? D\u00e9couvrez avec nous le secret de l\u2019\u00e9chinac\u00e9e, votre bouclier naturel contre les maladies.<\/p>\n\t\t\t\t\t<\/div>\n\t\t\t\t\t\t<\/div>\n\t\t\t\t<\/div>\n\t\t\t\t<\/div>\n\t\t<div class=\"elementor-element elementor-element-f5a79c9 e-con-full e-flex e-con e-child\" data-id=\"f5a79c9\" data-element_type=\"container\" data-e-type=\"container\">\n\t\t\t\t<div class=\"elementor-element elementor-element-65933e2 elementor-widget elementor-widget-wd_text_block\" data-id=\"65933e2\" data-element_type=\"widget\" data-e-type=\"widget\" data-widget_type=\"wd_text_block.default\">\n\t\t\t\t<div class=\"elementor-widget-container\">\n\t\t\t\t\t\t\t<div class=\"wd-text-block reset-last-child text-center\">\n\t\t\t\n\t\t\t<h3>Les bienfaits de l\u2019\u00e9chinac\u00e9e : pourquoi cette plante puissante m\u00e9rite une place dans votre pharmacie naturelle?<\/h3>\n\t\t\t\t\t<\/div>\n\t\t\t\t\t\t<\/div>\n\t\t\t\t<\/div>\n\t\t\t\t<div class=\"elementor-element elementor-element-0854a53 elementor-widget elementor-widget-wd_text_block\" data-id=\"0854a53\" data-element_type=\"widget\" data-e-type=\"widget\" data-widget_type=\"wd_text_block.default\">\n\t\t\t\t<div class=\"elementor-widget-container\">\n\t\t\t\t\t\t\t<div class=\"wd-text-block reset-last-child text-center\">\n\t\t\t\n\t\t\t<p>est connue <b>\u00c9chinac\u00e9e<\/b> Avec des propri\u00e9t\u00e9s renfor\u00e7ant l\u2019immunit\u00e9 gr\u00e2ce \u00e0 ses compos\u00e9s actifs tels que les alkamides, les flavono\u00efdes et l\u2019acide caf\u00e9ique, qui stimulent les globules blancs et augmentent la production de cytokines. Ses principaux bienfaits incluent :<\/p><ul><li><p><b>Renforcement du syst\u00e8me immunitaire :<\/b> L\u2019\u00e9chinac\u00e9e est un alli\u00e9 puissant du syst\u00e8me immunitaire, aidant \u00e0 augmenter le nombre et l\u2019activit\u00e9 des globules blancs, renfor\u00e7ant ainsi la capacit\u00e9 de votre corps \u00e0 combattre virus et bact\u00e9ries.<\/p><\/li><li><p><b>Pr\u00e9vention du rhume et de la grippe:<\/b> L\u2019utilisation la plus courante de l\u2019\u00e9chinac\u00e9e est la pr\u00e9vention des rhumes et de la grippe, ainsi que la r\u00e9duction de leur gravit\u00e9 et de leur dur\u00e9e. Elle aide le corps \u00e0 lutter plus efficacement contre les infections.<\/p><\/li><li><p><b>Propri\u00e9t\u00e9s anti-inflammatoires :<\/b> L\u2019\u00e9chinac\u00e9e contient des compos\u00e9s aux effets anti-inflammatoires, aidant \u00e0 soulager la douleur et le gonflement li\u00e9s \u00e0 diverses inflammations dans le corps.<\/p><\/li><li><p><b>Soulagement des sympt\u00f4mes de mal de gorge et de toux:<\/b> Utilis\u00e9e traditionnellement pour apaiser les maux de gorge et r\u00e9duire la toux li\u00e9e aux infections des voies respiratoires sup\u00e9rieures.<\/p><\/li><li><p><b>Soutient la sant\u00e9 respiratoire :<\/b> Elle peut aider \u00e0 purifier les voies respiratoires et \u00e0 soulager la congestion, facilitant ainsi la respiration.<\/p><\/li><li><p><b>Propri\u00e9t\u00e9s antioxydantes:<\/b> Les antioxydants pr\u00e9sents dans l\u2019\u00e9chinac\u00e9e aident \u00e0 prot\u00e9ger les cellules des dommages caus\u00e9s par les radicaux libres, soutenant ainsi la sant\u00e9 g\u00e9n\u00e9rale.<\/p><\/li><\/ul>\n\t\t\t\t\t<\/div>\n\t\t\t\t\t\t<\/div>\n\t\t\t\t<\/div>\n\t\t\t\t<\/div>\n\t\t<div class=\"elementor-element elementor-element-969e333 e-con-full e-flex e-con e-child\" data-id=\"969e333\" data-element_type=\"container\" data-e-type=\"container\">\n\t\t\t\t<div class=\"elementor-element elementor-element-fe0db01 elementor-widget elementor-widget-wd_text_block\" data-id=\"fe0db01\" data-element_type=\"widget\" data-e-type=\"widget\" data-widget_type=\"wd_text_block.default\">\n\t\t\t\t<div class=\"elementor-widget-container\">\n\t\t\t\t\t\t\t<div class=\"wd-text-block reset-last-child text-center\">\n\t\t\t\n\t\t\t<h3>Pourquoi les experts font-ils confiance \u00e0 l\u2019\u00e9chinac\u00e9e ? La science confirme sa puissante action immunitaire !<\/h3>\n\t\t\t\t\t<\/div>\n\t\t\t\t\t\t<\/div>\n\t\t\t\t<\/div>\n\t\t\t\t<div class=\"elementor-element elementor-element-3c571ea elementor-widget elementor-widget-wd_text_block\" data-id=\"3c571ea\" data-element_type=\"widget\" data-e-type=\"widget\" data-widget_type=\"wd_text_block.default\">\n\t\t\t\t<div class=\"elementor-widget-container\">\n\t\t\t\t\t\t\t<div class=\"wd-text-block reset-last-child text-center\">\n\t\t\t\n\t\t\t<p>Ne sont plus <b>\u00c9chinac\u00e9e<\/b> Autrefois simple rem\u00e8de populaire transmis de g\u00e9n\u00e9ration en g\u00e9n\u00e9ration, l\u2019\u00e9chinac\u00e9e suscite aujourd\u2019hui un large int\u00e9r\u00eat dans les milieux scientifiques et m\u00e9dicaux modernes. De nombreuses \u00e9tudes d\u00e9montrent son efficacit\u00e9 \u00e0 soutenir le syst\u00e8me immunitaire et \u00e0 pr\u00e9venir les infections des voies respiratoires sup\u00e9rieures. Les experts en herboristerie et les m\u00e9decins la recommandent comme une option naturelle, s\u00fbre et efficace pour renforcer l\u2019immunit\u00e9, surtout pendant les saisons de rhume et de grippe. La confiance croissante en l\u2019\u00e9chinac\u00e9e provient de sa longue histoire d\u2019usage s\u00fbr et efficace, ainsi que des preuves scientifiques accumul\u00e9es qui confirment sa place parmi les principales plantes stimulantes du syst\u00e8me immunitaire. \u00cates-vous pr\u00eat \u00e0 renforcer naturellement et efficacement les d\u00e9fenses de votre corps ?<\/p>\n\t\t\t\t\t<\/div>\n\t\t\t\t\t\t<\/div>\n\t\t\t\t<\/div>\n\t\t\t\t<\/div>\n\t\t\t\t\t<\/div>\n\t\t\t\t<\/div>\n\t\t\t\t<\/div>","protected":false},"excerpt":{"rendered":"<p>Qu\u2019est-ce que l\u2019\u00c9chinac\u00e9e ? Le secret naturel pour renforcer vos d\u00e9fenses ! Votre syst\u00e8me immunitaire a-t-il besoin d\u2019un coup de pouce ? Vous cherchez<\/p>","protected":false},"featured_media":3802,"comment_status":"open","ping_status":"closed","template":"","meta":[],"product_brand":[],"product_cat":[65],"product_tag":[],"class_list":{"0":"post-2377","1":"product","2":"type-product","3":"status-publish","4":"has-post-thumbnail","6":"product_cat-65","7":"pa_-1-kg","8":"pa_-250-g","9":"pa_-500-g","11":"first","12":"instock","13":"shipping-taxable","14":"purchasable","15":"product-type-variable"},"jetpack_sharing_enabled":true,"_links":{"self":[{"href":"https:\/\/sfb.ma\/fr\/wp-json\/wp\/v2\/product\/2377","targetHints":{"allow":["GET"]}}],"collection":[{"href":"https:\/\/sfb.ma\/fr\/wp-json\/wp\/v2\/product"}],"about":[{"href":"https:\/\/sfb.ma\/fr\/wp-json\/wp\/v2\/types\/product"}],"replies":[{"embeddable":true,"href":"https:\/\/sfb.ma\/fr\/wp-json\/wp\/v2\/comments?post=2377"}],"version-history":[{"count":0,"href":"https:\/\/sfb.ma\/fr\/wp-json\/wp\/v2\/product\/2377\/revisions"}],"wp:featuredmedia":[{"embeddable":true,"href":"https:\/\/sfb.ma\/fr\/wp-json\/wp\/v2\/media\/3802"}],"wp:attachment":[{"href":"https:\/\/sfb.ma\/fr\/wp-json\/wp\/v2\/media?parent=2377"}],"wp:term":[{"taxonomy":"product_brand","embeddable":true,"href":"https:\/\/sfb.ma\/fr\/wp-json\/wp\/v2\/product_brand?post=2377"},{"taxonomy":"product_cat","embeddable":true,"href":"https:\/\/sfb.ma\/fr\/wp-json\/wp\/v2\/product_cat?post=2377"},{"taxonomy":"product_tag","embeddable":true,"href":"https:\/\/sfb.ma\/fr\/wp-json\/wp\/v2\/product_tag?post=2377"}],"curies":[{"name":"wp","href":"https:\/\/api.w.org\/{rel}","templated":true}]}}