{"id":2394,"date":"2025-07-09T12:17:45","date_gmt":"2025-07-09T12:17:45","guid":{"rendered":"https:\/\/sfb.ma\/?post_type=product&#038;p=2394"},"modified":"2026-01-14T09:53:50","modified_gmt":"2026-01-14T09:53:50","slug":"emblic-leafflower","status":"publish","type":"product","link":"https:\/\/sfb.ma\/fr\/produit\/emblic-leafflower\/","title":{"rendered":"Emblic Leafflower"},"content":{"rendered":"<div data-elementor-type=\"product-post\" data-elementor-id=\"2394\" class=\"elementor elementor-2394\" data-elementor-post-type=\"product\">\n\t\t\t\t<div class=\"wd-negative-gap elementor-element elementor-element-3430293 e-flex e-con-boxed e-con e-parent\" data-id=\"3430293\" data-element_type=\"container\" data-e-type=\"container\">\n\t\t\t\t\t<div class=\"e-con-inner\">\n\t\t<div class=\"elementor-element elementor-element-6ba92e0 e-con-full e-flex e-con e-child\" data-id=\"6ba92e0\" data-element_type=\"container\" data-e-type=\"container\">\n\t\t\t\t<div class=\"elementor-element elementor-element-80e6c5e elementor-widget elementor-widget-wd_text_block\" data-id=\"80e6c5e\" data-element_type=\"widget\" data-e-type=\"widget\" data-widget_type=\"wd_text_block.default\">\n\t\t\t\t<div class=\"elementor-widget-container\">\n\t\t\t\t\t\t\t<div class=\"wd-text-block reset-last-child text-center\">\n\t\t\t\n\t\t\t<h3>Qu\u2019est-ce que l\u2019Emblic Leafflower ? Tr\u00e9sor de vitamine C &amp; cl\u00e9 de vitalit\u00e9 ayurv\u00e9dique !<\/h3>\n\t\t\t\t\t<\/div>\n\t\t\t\t\t\t<\/div>\n\t\t\t\t<\/div>\n\t\t\t\t<div class=\"elementor-element elementor-element-29a711c elementor-widget elementor-widget-wd_text_block\" data-id=\"29a711c\" data-element_type=\"widget\" data-e-type=\"widget\" data-widget_type=\"wd_text_block.default\">\n\t\t\t\t<div class=\"elementor-widget-container\">\n\t\t\t\t\t\t\t<div class=\"wd-text-block reset-last-child text-center\">\n\t\t\t\n\t\t\t<p>Vous cherchez une source naturelle riche en vitamines, min\u00e9raux et antioxydants ? Il est temps de d\u00e9couvrir <b>Emblic Leafflower<\/b>Ce petit fruit vert-jaun\u00e2tre n\u2019est pas un fruit ordinaire. L\u2019Emblic Leafflower est une pierre angulaire de la m\u00e9decine ayurv\u00e9dique depuis des mill\u00e9naires, v\u00e9n\u00e9r\u00e9 pour ses propri\u00e9t\u00e9s qui stimulent la sant\u00e9 et prolongent la vie. R\u00e9put\u00e9 comme l\u2019une des sources naturelles les plus riches en vitamine C, il d\u00e9passe de nombreux agrumes. D\u00e9couvrez le secret de ce fruit miraculeux, promettant jeunesse, vitalit\u00e9 et immunit\u00e9 renforc\u00e9e le \u00ab fruit immortel \u00bb de la nature !<\/p>\n\t\t\t\t\t<\/div>\n\t\t\t\t\t\t<\/div>\n\t\t\t\t<\/div>\n\t\t\t\t<\/div>\n\t\t<div class=\"elementor-element elementor-element-b14ce53 e-con-full e-flex e-con e-child\" data-id=\"b14ce53\" data-element_type=\"container\" data-e-type=\"container\">\n\t\t\t\t<div class=\"elementor-element elementor-element-c4d9ea2 elementor-widget elementor-widget-wd_text_block\" data-id=\"c4d9ea2\" data-element_type=\"widget\" data-e-type=\"widget\" data-widget_type=\"wd_text_block.default\">\n\t\t\t\t<div class=\"elementor-widget-container\">\n\t\t\t\t\t\t\t<div class=\"wd-text-block reset-last-child text-center\">\n\t\t\t\n\t\t\t<h3>Bienfaits de l\u2019Emblic Leafflower : Pourquoi ce Superaliment m\u00e9rite sa place chez vous<\/h3>\n\t\t\t\t\t<\/div>\n\t\t\t\t\t\t<\/div>\n\t\t\t\t<\/div>\n\t\t\t\t<div class=\"elementor-element elementor-element-3bf9fa9 elementor-widget elementor-widget-wd_text_block\" data-id=\"3bf9fa9\" data-element_type=\"widget\" data-e-type=\"widget\" data-widget_type=\"wd_text_block.default\">\n\t\t\t\t<div class=\"elementor-widget-container\">\n\t\t\t\t\t\t\t<div class=\"wd-text-block reset-last-child text-center\">\n\t\t\t\n\t\t\t<p>Est consid\u00e9r\u00e9e comme <b>Emblic Leafflower<\/b> Un fruit aux multiples bienfaits, riche en vitamines (notamment C), min\u00e9raux, acides amin\u00e9s, polyph\u00e9nols et flavono\u00efdes. Soutien complet pour le corps. Principaux bienfaits :<\/p><ul><li><p><b>Renfort Immunitaire Puissant :<\/b> Gr\u00e2ce \u00e0 sa forte teneur en vitamine C, l\u2019Emblic Leafflower agit comme un puissant antioxydant, renfor\u00e7ant l\u2019immunit\u00e9 et prot\u00e9geant contre les maladies courantes comme le rhume et la grippe.<\/p><\/li><li><p><b>Ami des Cheveux et de la Peau :<\/b> Emblic Leafflower est un tr\u00e9sor pour cheveux et peau : renforce les follicules, pr\u00e9vient la chute, retarde les cheveux gris, apporte de la brillance et am\u00e9liore l\u2019\u00e9lasticit\u00e9 de la peau.<\/p><\/li><li><p><b>Soutien \u00e0 la sant\u00e9 digestive\u00a0:<\/b> Emblic Leafflower aide la digestion, soulage la constipation, r\u00e9gule les intestins et soutient le foie.<\/p><\/li><li><p><b>R\u00e9gulation du taux de sucre dans le sang :<\/b> Certaines \u00e9tudes montrent que Emblic Leafflower peut aider \u00e0 r\u00e9guler la glyc\u00e9mie, utile pour les diab\u00e9tiques ou les personnes \u00e0 risque.<\/p><\/li><li><p><b>Sant\u00e9 cardiaque et cardiovasculaire:<\/b> Aide \u00e0 r\u00e9duire le cholest\u00e9rol LDL et les triglyc\u00e9rides, am\u00e9liorant la sant\u00e9 cardiaque.<\/p><\/li><li><p><b>Anti-inflammatoire et antioxydant:<\/b> Emblic Leafflower combat les radicaux libres qui endommagent les cellules et provoquent des inflammations, aidant \u00e0 pr\u00e9venir les maladies chroniques.<\/p><\/li><li><p><b>Favorise l\u2019absorption du fer :<\/b> La vitamine C de l\u2019Emblic Leafflower am\u00e9liore l\u2019absorption du fer, aidant \u00e0 lutter contre l\u2019an\u00e9mie.<\/p><\/li><\/ul>\n\t\t\t\t\t<\/div>\n\t\t\t\t\t\t<\/div>\n\t\t\t\t<\/div>\n\t\t\t\t<\/div>\n\t\t<div class=\"elementor-element elementor-element-fab09b3 e-con-full e-flex e-con e-child\" data-id=\"fab09b3\" data-element_type=\"container\" data-e-type=\"container\">\n\t\t\t\t<div class=\"elementor-element elementor-element-b2d3d28 elementor-widget elementor-widget-wd_text_block\" data-id=\"b2d3d28\" data-element_type=\"widget\" data-e-type=\"widget\" data-widget_type=\"wd_text_block.default\">\n\t\t\t\t<div class=\"elementor-widget-container\">\n\t\t\t\t\t\t\t<div class=\"wd-text-block reset-last-child text-center\">\n\t\t\t\n\t\t\t<h3>Pourquoi les Experts Font Confiance \u00e0 Emblic Leafflower ? La Science Confirme la Sagesse de l\u2019Ayurveda Ancienne !<\/h3>\n\t\t\t\t\t<\/div>\n\t\t\t\t\t\t<\/div>\n\t\t\t\t<\/div>\n\t\t\t\t<div class=\"elementor-element elementor-element-4b219c0 elementor-widget elementor-widget-wd_text_block\" data-id=\"4b219c0\" data-element_type=\"widget\" data-e-type=\"widget\" data-widget_type=\"wd_text_block.default\">\n\t\t\t\t<div class=\"elementor-widget-container\">\n\t\t\t\t\t\t\t<div class=\"wd-text-block reset-last-child text-center\">\n\t\t\t\n\t\t\t<p>Ne sont plus <b>Emblic Leafflower<\/b> Pas seulement un fruit traditionnel utilis\u00e9 dans les rem\u00e8des populaires, l\u2019Emblic Leafflower attire d\u00e9sormais l\u2019attention des cercles scientifiques et m\u00e9dicaux modernes. De nombreuses \u00e9tudes montrent son efficacit\u00e9 pour soutenir le syst\u00e8me immunitaire, am\u00e9liorer la sant\u00e9 des cheveux et de la peau, et prot\u00e9ger le c\u0153ur et le foie, confirmant son statut de v\u00e9ritable \u00ab super-aliment \u00bb. Recommand\u00e9 par les experts en nutrition, les m\u00e9decins ayurv\u00e9diques et les sp\u00e9cialistes de la m\u00e9decine int\u00e9grative comme un \u00e9l\u00e9ment essentiel d\u2019une alimentation saine, notamment pour ceux qui recherchent des moyens naturels de renforcer vitalit\u00e9 et jeunesse. La confiance croissante dans l\u2019Emblic Leafflower provient de son long historique en tant que fruit s\u00fbr et efficace, ainsi que des preuves scientifiques accumul\u00e9es soutenant ses usages traditionnels. \u00cates-vous pr\u00eat \u00e0 int\u00e9grer l\u2019Emblic Leafflower dans votre vie et \u00e0 profiter de ses tr\u00e9sors pour la sant\u00e9 ?<\/p>\n\t\t\t\t\t<\/div>\n\t\t\t\t\t\t<\/div>\n\t\t\t\t<\/div>\n\t\t\t\t<\/div>\n\t\t\t\t\t<\/div>\n\t\t\t\t<\/div>\n\t\t\t\t<\/div>","protected":false},"excerpt":{"rendered":"<p>Qu\u2019est-ce que l\u2019Emblic Leafflower ? Un tr\u00e9sor de vitamine C et cl\u00e9 de vitalit\u00e9 ayurv\u00e9dique ! Vous cherchez une source naturelle riche en vitamines, min\u00e9raux et antioxydants ? Alors,<\/p>","protected":false},"featured_media":3766,"comment_status":"open","ping_status":"closed","template":"","meta":[],"product_brand":[],"product_cat":[65],"product_tag":[],"class_list":{"0":"post-2394","1":"product","2":"type-product","3":"status-publish","4":"has-post-thumbnail","6":"product_cat-65","7":"pa_-1-kg","9":"first","10":"instock","11":"shipping-taxable","12":"purchasable","13":"product-type-variable"},"jetpack_sharing_enabled":true,"_links":{"self":[{"href":"https:\/\/sfb.ma\/fr\/wp-json\/wp\/v2\/product\/2394","targetHints":{"allow":["GET"]}}],"collection":[{"href":"https:\/\/sfb.ma\/fr\/wp-json\/wp\/v2\/product"}],"about":[{"href":"https:\/\/sfb.ma\/fr\/wp-json\/wp\/v2\/types\/product"}],"replies":[{"embeddable":true,"href":"https:\/\/sfb.ma\/fr\/wp-json\/wp\/v2\/comments?post=2394"}],"version-history":[{"count":0,"href":"https:\/\/sfb.ma\/fr\/wp-json\/wp\/v2\/product\/2394\/revisions"}],"wp:featuredmedia":[{"embeddable":true,"href":"https:\/\/sfb.ma\/fr\/wp-json\/wp\/v2\/media\/3766"}],"wp:attachment":[{"href":"https:\/\/sfb.ma\/fr\/wp-json\/wp\/v2\/media?parent=2394"}],"wp:term":[{"taxonomy":"product_brand","embeddable":true,"href":"https:\/\/sfb.ma\/fr\/wp-json\/wp\/v2\/product_brand?post=2394"},{"taxonomy":"product_cat","embeddable":true,"href":"https:\/\/sfb.ma\/fr\/wp-json\/wp\/v2\/product_cat?post=2394"},{"taxonomy":"product_tag","embeddable":true,"href":"https:\/\/sfb.ma\/fr\/wp-json\/wp\/v2\/product_tag?post=2394"}],"curies":[{"name":"wp","href":"https:\/\/api.w.org\/{rel}","templated":true}]}}