{"id":2405,"date":"2025-07-09T12:46:43","date_gmt":"2025-07-09T12:46:43","guid":{"rendered":"https:\/\/sfb.ma\/?post_type=product&#038;p=2405"},"modified":"2025-09-01T18:35:55","modified_gmt":"2025-09-01T18:35:55","slug":"encens-hojari","status":"publish","type":"product","link":"https:\/\/sfb.ma\/fr\/produit\/encens-hojari\/","title":{"rendered":"Encens Hojari"},"content":{"rendered":"<div data-elementor-type=\"product-post\" data-elementor-id=\"2405\" class=\"elementor elementor-2405\" data-elementor-post-type=\"product\">\n\t\t\t\t<div class=\"wd-negative-gap elementor-element elementor-element-0c1c421 e-flex e-con-boxed e-con e-parent\" data-id=\"0c1c421\" data-element_type=\"container\" data-e-type=\"container\">\n\t\t\t\t\t<div class=\"e-con-inner\">\n\t\t<div class=\"elementor-element elementor-element-41f8a99 e-con-full e-flex e-con e-child\" data-id=\"41f8a99\" data-element_type=\"container\" data-e-type=\"container\">\n\t\t\t\t<div class=\"elementor-element elementor-element-9193ef5 elementor-widget elementor-widget-wd_text_block\" data-id=\"9193ef5\" data-element_type=\"widget\" data-e-type=\"widget\" data-widget_type=\"wd_text_block.default\">\n\t\t\t\t<div class=\"elementor-widget-container\">\n\t\t\t\t\t\t\t<div class=\"wd-text-block reset-last-child text-center\">\n\t\t\t\n\t\t\t<h3>Qu\u2019est-ce que le louban Hojari ? Un voyage au c\u0153ur des tr\u00e9sors aromatiques d\u2019Oman !<\/h3>\n\t\t\t\t\t<\/div>\n\t\t\t\t\t\t<\/div>\n\t\t\t\t<\/div>\n\t\t\t\t<div class=\"elementor-element elementor-element-a36a947 elementor-widget elementor-widget-wd_text_block\" data-id=\"a36a947\" data-element_type=\"widget\" data-e-type=\"widget\" data-widget_type=\"wd_text_block.default\">\n\t\t\t\t<div class=\"elementor-widget-container\">\n\t\t\t\t\t\t\t<div class=\"wd-text-block reset-last-child text-center\">\n\t\t\t\n\t\t\t<p>Vous cherchez le secret de la sant\u00e9 et du bien-\u00eatre transmis de g\u00e9n\u00e9ration en g\u00e9n\u00e9ration ? Il est temps de d\u00e9couvrir <b>Encens Hojari<\/b>, connu mondialement sous le nom de <b>Encens Hojari<\/b>Cet encens pr\u00e9cieux, consid\u00e9r\u00e9 comme l\u2019un des meilleurs au monde, se distingue par sa couleur blanc verd\u00e2tre unique et provient des montagnes du Dhofar, au Sultanat d\u2019Oman, o\u00f9 les arbres \u00e0 encens poussent dans un environnement naturel pur.\nLe luban Hojari est depuis longtemps un tr\u00e9sor dans la m\u00e9decine traditionnelle et les rituels spirituels, appr\u00e9ci\u00e9 pour ses puissantes propri\u00e9t\u00e9s th\u00e9rapeutiques et aromatiques.\nMais que savez-vous vraiment de ce joyau omanais, dont les gouttes r\u00e9sineuses portent la promesse de gu\u00e9rison, de s\u00e9r\u00e9nit\u00e9 et de puret\u00e9 ?\nD\u00e9couvrez avec nous le secret de l\u2019encens Hojari \u2014 symbole authentique de la nature et t\u00e9moin vivant de l\u2019histoire.<\/p>\n\t\t\t\t\t<\/div>\n\t\t\t\t\t\t<\/div>\n\t\t\t\t<\/div>\n\t\t\t\t<\/div>\n\t\t<div class=\"elementor-element elementor-element-97a334d e-con-full e-flex e-con e-child\" data-id=\"97a334d\" data-element_type=\"container\" data-e-type=\"container\">\n\t\t\t\t<div class=\"elementor-element elementor-element-8341236 elementor-widget elementor-widget-wd_text_block\" data-id=\"8341236\" data-element_type=\"widget\" data-e-type=\"widget\" data-widget_type=\"wd_text_block.default\">\n\t\t\t\t<div class=\"elementor-widget-container\">\n\t\t\t\t\t\t\t<div class=\"wd-text-block reset-last-child text-center\">\n\t\t\t\n\t\t\t<h3>Les bienfaits de l\u2019encens Al-Hojari : pourquoi ce tr\u00e9sor omanais m\u00e9rite une place dans votre vie<\/h3>\n\t\t\t\t\t<\/div>\n\t\t\t\t\t\t<\/div>\n\t\t\t\t<\/div>\n\t\t\t\t<div class=\"elementor-element elementor-element-94eda30 elementor-widget elementor-widget-wd_text_block\" data-id=\"94eda30\" data-element_type=\"widget\" data-e-type=\"widget\" data-widget_type=\"wd_text_block.default\">\n\t\t\t\t<div class=\"elementor-widget-container\">\n\t\t\t\t\t\t\t<div class=\"wd-text-block reset-last-child text-center\">\n\t\t\t\n\t\t\t<ul><li data-start=\"1646\" data-end=\"1819\"><p data-start=\"1648\" data-end=\"1819\"><strong data-start=\"1651\" data-end=\"1698\">Aide \u00e0 traiter la maladie c\u0153liaque (Celiac Disease)<\/strong>Gr\u00e2ce \u00e0 ses propri\u00e9t\u00e9s anti-inflammatoires, il contribue \u00e0 apaiser la muqueuse intestinale et \u00e0 am\u00e9liorer l\u2019absorption des nutriments chez les personnes sensibles au gluten.<\/p><\/li><li data-start=\"1820\" data-end=\"1896\"><p data-start=\"1822\" data-end=\"1896\"><strong data-start=\"1825\" data-end=\"1852\">Puissant nettoyant pour le syst\u00e8me digestif<\/strong> Il aide \u00e0 soulager les sympt\u00f4mes du syndrome du c\u00f4lon irritable et des ballonnements.<\/p><\/li><li data-start=\"1897\" data-end=\"1967\"><p data-start=\"1899\" data-end=\"1967\"><strong data-start=\"1902\" data-end=\"1918\">Renforce l\u2019immunit\u00e9<\/strong> Il est utilis\u00e9 pour lutter contre le rhume et la toux chronique.<\/p><\/li><li data-start=\"1968\" data-end=\"2032\"><p data-start=\"1970\" data-end=\"2032\"><strong data-start=\"1973\" data-end=\"1999\">Soutient la sant\u00e9 pulmonaire et respiratoire<\/strong> En inhalant sa vapeur ou en le m\u00e2chant.<\/p><\/li><li data-start=\"2033\" data-end=\"2107\"><p data-start=\"2035\" data-end=\"2107\"><strong data-start=\"2038\" data-end=\"2062\">Antioxydant naturel puissant<\/strong> Combat les radicaux libres et prot\u00e8ge les cellules des dommages.<\/p><\/li><li data-start=\"2108\" data-end=\"2201\"><p data-start=\"2110\" data-end=\"2201\"><strong data-start=\"2113\" data-end=\"2128\">\u0645\u0641\u064a\u062f \u0644\u0644\u0628\u0634\u0631\u0629<\/strong> Il est utilis\u00e9 pour traiter les taches pigmentaires et les rides lorsqu'il est appliqu\u00e9 sous forme d'eau infus\u00e9e ou d'huile essentielle.<\/p><\/li><\/ul>\n\t\t\t\t\t<\/div>\n\t\t\t\t\t\t<\/div>\n\t\t\t\t<\/div>\n\t\t\t\t<\/div>\n\t\t<div class=\"elementor-element elementor-element-909ff8e e-con-full e-flex e-con e-child\" data-id=\"909ff8e\" data-element_type=\"container\" data-e-type=\"container\">\n\t\t\t\t<div class=\"elementor-element elementor-element-3eeb98c elementor-widget elementor-widget-wd_text_block\" data-id=\"3eeb98c\" data-element_type=\"widget\" data-e-type=\"widget\" data-widget_type=\"wd_text_block.default\">\n\t\t\t\t<div class=\"elementor-widget-container\">\n\t\t\t\t\t\t\t<div class=\"wd-text-block reset-last-child text-center\">\n\t\t\t\n\t\t\t<p>\u00a0Pourquoi les experts font-ils confiance \u00e0 l\u2019encens Hojari ?<\/p>\n\t\t\t\t\t<\/div>\n\t\t\t\t\t\t<\/div>\n\t\t\t\t<\/div>\n\t\t\t\t<div class=\"elementor-element elementor-element-5ca267e elementor-widget elementor-widget-wd_text_block\" data-id=\"5ca267e\" data-element_type=\"widget\" data-e-type=\"widget\" data-widget_type=\"wd_text_block.default\">\n\t\t\t\t<div class=\"elementor-widget-container\">\n\t\t\t\t\t\t\t<div class=\"wd-text-block reset-last-child text-center\">\n\t\t\t\n\t\t\t<p>Parce qu\u2019il simplement <strong data-start=\"2268\" data-end=\"2290\">Le type le plus pur au monde<\/strong>Sa classification en tant que \u00ab Hojari \u00bb signifie qu\u2019il a pass\u00e9 les normes les plus \u00e9lev\u00e9es de tri et de s\u00e9lection provenant de ses sources originales dans les montagnes de Dhofar \u00e0 Oman.<br data-start=\"2390\" data-end=\"2393\" \/>Les herboristes et experts en m\u00e9decine alternative le recommandent pour traiter des maladies chroniques telles que <strong data-start=\"2462\" data-end=\"2515\">La maladie c\u0153liaque, l\u2019ent\u00e9rite et les maladies auto-immunes<\/strong>, en raison de sa richesse en compos\u00e9 <strong data-start=\"2535\" data-end=\"2554\">B\u00eata Puzoulik<\/strong> (Acide b\u00eata-boswellique), efficace pour inhiber l\u2019inflammation et stimuler le syst\u00e8me immunitaire.<br data-start=\"2624\" data-end=\"2627\" \/>De nombreuses \u00e9tudes soulignent \u00e9galement son efficacit\u00e9 \u00e0 am\u00e9liorer la qualit\u00e9 de vie des patients atteints de colite et d'ent\u00e9rite aigu\u00eb.<\/p>\n\t\t\t\t\t<\/div>\n\t\t\t\t\t\t<\/div>\n\t\t\t\t<\/div>\n\t\t\t\t<\/div>\n\t\t\t\t\t<\/div>\n\t\t\t\t<\/div>\n\t\t\t\t<\/div>","protected":false},"excerpt":{"rendered":"<p>Qu\u2019est-ce que l\u2019Encens Hojari ? Un voyage au c\u0153ur des tr\u00e9sors aromatiques d\u2019Oman ! Vous cherchez le secret de sant\u00e9 et bien-\u00eatre transmis de g\u00e9n\u00e9ration en g\u00e9n\u00e9ration ?<\/p>","protected":false},"featured_media":3785,"comment_status":"open","ping_status":"closed","template":"","meta":[],"product_brand":[],"product_cat":[15],"product_tag":[],"class_list":{"0":"post-2405","1":"product","2":"type-product","3":"status-publish","4":"has-post-thumbnail","6":"product_cat-15","7":"pa_-100-g","8":"pa_-250-g","9":"pa_-500-g","11":"first","12":"instock","13":"shipping-taxable","14":"purchasable","15":"product-type-variable"},"jetpack_sharing_enabled":true,"_links":{"self":[{"href":"https:\/\/sfb.ma\/fr\/wp-json\/wp\/v2\/product\/2405","targetHints":{"allow":["GET"]}}],"collection":[{"href":"https:\/\/sfb.ma\/fr\/wp-json\/wp\/v2\/product"}],"about":[{"href":"https:\/\/sfb.ma\/fr\/wp-json\/wp\/v2\/types\/product"}],"replies":[{"embeddable":true,"href":"https:\/\/sfb.ma\/fr\/wp-json\/wp\/v2\/comments?post=2405"}],"version-history":[{"count":6,"href":"https:\/\/sfb.ma\/fr\/wp-json\/wp\/v2\/product\/2405\/revisions"}],"predecessor-version":[{"id":3702,"href":"https:\/\/sfb.ma\/fr\/wp-json\/wp\/v2\/product\/2405\/revisions\/3702"}],"wp:featuredmedia":[{"embeddable":true,"href":"https:\/\/sfb.ma\/fr\/wp-json\/wp\/v2\/media\/3785"}],"wp:attachment":[{"href":"https:\/\/sfb.ma\/fr\/wp-json\/wp\/v2\/media?parent=2405"}],"wp:term":[{"taxonomy":"product_brand","embeddable":true,"href":"https:\/\/sfb.ma\/fr\/wp-json\/wp\/v2\/product_brand?post=2405"},{"taxonomy":"product_cat","embeddable":true,"href":"https:\/\/sfb.ma\/fr\/wp-json\/wp\/v2\/product_cat?post=2405"},{"taxonomy":"product_tag","embeddable":true,"href":"https:\/\/sfb.ma\/fr\/wp-json\/wp\/v2\/product_tag?post=2405"}],"curies":[{"name":"wp","href":"https:\/\/api.w.org\/{rel}","templated":true}]}}