{"id":2416,"date":"2025-07-09T15:12:20","date_gmt":"2025-07-09T15:12:20","guid":{"rendered":"https:\/\/sfb.ma\/?post_type=product&#038;p=2416"},"modified":"2025-09-01T18:33:18","modified_gmt":"2025-09-01T18:33:18","slug":"resine-de-myrrhe","status":"publish","type":"product","link":"https:\/\/sfb.ma\/fr\/produit\/resine-de-myrrhe\/","title":{"rendered":"R\u00e9sine de Myrrhe"},"content":{"rendered":"<div data-elementor-type=\"product-post\" data-elementor-id=\"2416\" class=\"elementor elementor-2416\" data-elementor-post-type=\"product\">\n\t\t\t\t<div class=\"wd-negative-gap elementor-element elementor-element-26889eb e-flex e-con-boxed e-con e-parent\" data-id=\"26889eb\" data-element_type=\"container\" data-e-type=\"container\">\n\t\t\t\t\t<div class=\"e-con-inner\">\n\t\t<div class=\"elementor-element elementor-element-7233f58 e-con-full e-flex e-con e-child\" data-id=\"7233f58\" data-element_type=\"container\" data-e-type=\"container\">\n\t\t\t\t<div class=\"elementor-element elementor-element-161db8a elementor-widget elementor-widget-wd_text_block\" data-id=\"161db8a\" data-element_type=\"widget\" data-e-type=\"widget\" data-widget_type=\"wd_text_block.default\">\n\t\t\t\t<div class=\"elementor-widget-container\">\n\t\t\t\t\t\t\t<div class=\"wd-text-block reset-last-child text-center\">\n\t\t\t\n\t\t\t<h3>Qu\u2019est-ce que la r\u00e9sine de myrrhe ? D\u00e9couvrez un voyage intemporel vers les secrets parfum\u00e9s de la gu\u00e9rison naturelle !<\/h3>\n\t\t\t\t\t<\/div>\n\t\t\t\t\t\t<\/div>\n\t\t\t\t<\/div>\n\t\t\t\t<div class=\"elementor-element elementor-element-c3ede87 elementor-widget elementor-widget-wd_text_block\" data-id=\"c3ede87\" data-element_type=\"widget\" data-e-type=\"widget\" data-widget_type=\"wd_text_block.default\">\n\t\t\t\t<div class=\"elementor-widget-container\">\n\t\t\t\t\t\t\t<div class=\"wd-text-block reset-last-child text-center\">\n\t\t\t\n\t\t\t<p>Vous cherchez un rem\u00e8de naturel aux bienfaits profonds et \u00e0 l\u2019histoire riche ? Il est temps de d\u00e9couvrir la r\u00e9sine de myrrhe. <b>R\u00e9sine de Myrrhe<\/b>, connu en anglais sous le nom de <b>Myrrh<\/b>Cette r\u00e9sine aromatique, extraite de l\u2019arbre <i>Commiphora myrrha<\/i>La r\u00e9sine de myrrhe a longtemps \u00e9t\u00e9 un tr\u00e9sor pr\u00e9cieux et sacr\u00e9 \u00e0 travers les civilisations anciennes, de l\u2019\u00c9gypte au Moyen-Orient. R\u00e9put\u00e9e pour son utilisation dans les rituels religieux, la m\u00e9decine traditionnelle, les parfums, et m\u00eame l\u2019embaumement. Ce n\u2019est pas qu\u2019une simple substance parfum\u00e9e \u2014 c\u2019est une v\u00e9ritable pharmacie naturelle, dot\u00e9e de propri\u00e9t\u00e9s th\u00e9rapeutiques puissantes et uniques. Mais que savez-vous vraiment de cette r\u00e9sine dor\u00e9e, porteuse du parfum de l\u2019histoire et symbole de gu\u00e9rison et de purification ? D\u00e9couvrez avec nous le secret de la r\u00e9sine de myrrhe, un don de la nature qui r\u00e9siste \u00e0 l\u2019\u00e9preuve du temps.<\/p>\n\t\t\t\t\t<\/div>\n\t\t\t\t\t\t<\/div>\n\t\t\t\t<\/div>\n\t\t\t\t<\/div>\n\t\t<div class=\"elementor-element elementor-element-f1b88fa e-con-full e-flex e-con e-child\" data-id=\"f1b88fa\" data-element_type=\"container\" data-e-type=\"container\">\n\t\t\t\t<div class=\"elementor-element elementor-element-ad63e66 elementor-widget elementor-widget-wd_text_block\" data-id=\"ad63e66\" data-element_type=\"widget\" data-e-type=\"widget\" data-widget_type=\"wd_text_block.default\">\n\t\t\t\t<div class=\"elementor-widget-container\">\n\t\t\t\t\t\t\t<div class=\"wd-text-block reset-last-child text-center\">\n\t\t\t\n\t\t\t<h3>Bienfaits de la r\u00e9sine de myrrhe : Pourquoi cette r\u00e9sine sacr\u00e9e doit faire partie de votre routine sant\u00e9 ?<\/h3>\n\t\t\t\t\t<\/div>\n\t\t\t\t\t\t<\/div>\n\t\t\t\t<\/div>\n\t\t\t\t<div class=\"elementor-element elementor-element-9d57a78 elementor-widget elementor-widget-wd_text_block\" data-id=\"9d57a78\" data-element_type=\"widget\" data-e-type=\"widget\" data-widget_type=\"wd_text_block.default\">\n\t\t\t\t<div class=\"elementor-widget-container\">\n\t\t\t\t\t\t\t<div class=\"wd-text-block reset-last-child text-center\">\n\t\t\t\n\t\t\t<p>Est consid\u00e9r\u00e9 <b>R\u00e9sine de Myrrhe<\/b> Riche en compos\u00e9s actifs tels que les terp\u00e8nes, les sesquiterp\u00e8nes et l\u2019eug\u00e9nol, lui conf\u00e9rant de nombreuses propri\u00e9t\u00e9s th\u00e9rapeutiques remarquables. Ses principaux bienfaits incluent :<\/p><ul><li><p><b>Puissant anti-inflammatoire et antioxydant :<\/b> La r\u00e9sine de myrrhe est l\u2019un des plus puissants anti-inflammatoires et antioxydants naturels. Elle aide \u00e0 r\u00e9duire l\u2019inflammation dans le corps et prot\u00e8ge les cellules contre les dommages caus\u00e9s par les radicaux libres, contribuant ainsi \u00e0 la pr\u00e9vention des maladies chroniques.<\/p><\/li><li><p><b>Soutient la sant\u00e9 bucco-dentaire et des gencives :<\/b> La r\u00e9sine de myrrhe est utilis\u00e9e traditionnellement et efficacement dans les bains de bouche et les dentifrices. Elle aide \u00e0 combattre les bact\u00e9ries, r\u00e9duire l\u2019inflammation des gencives, soulager les douleurs dentaires et traiter les aphtes, gr\u00e2ce \u00e0 ses propri\u00e9t\u00e9s antiseptiques et antimicrobiennes.<\/p><\/li><li><p><b>Propri\u00e9t\u00e9s antiseptiques et antimicrobiennes :<\/b> La r\u00e9sine de myrrhe est tr\u00e8s efficace contre les bact\u00e9ries, les virus et les champignons. Elle peut \u00eatre utilis\u00e9e pour nettoyer les petites blessures, les \u00e9raflures et m\u00eame certaines inflammations cutan\u00e9es.<\/p><\/li><li><p><b>Soutien \u00e0 la sant\u00e9 digestive\u00a0:<\/b> La r\u00e9sine de myrrhe est r\u00e9put\u00e9e pour apaiser le syst\u00e8me digestif et soulager certains troubles digestifs, gr\u00e2ce \u00e0 ses propri\u00e9t\u00e9s anti-inflammatoires et antimicrobiennes.<\/p><\/li><li><p><b>Renforceur du syst\u00e8me immunitaire :<\/b> Il aide \u00e0 stimuler et \u00e0 activer le syst\u00e8me immunitaire, renfor\u00e7ant ainsi la capacit\u00e9 du corps \u00e0 lutter contre les infections et les maladies.<\/p><\/li><li><p><b>Soulager les probl\u00e8mes respiratoires :<\/b> Utilis\u00e9 en m\u00e9decine traditionnelle pour soulager la congestion thoracique, la toux et la bronchite.<\/p><\/li><\/ul>\n\t\t\t\t\t<\/div>\n\t\t\t\t\t\t<\/div>\n\t\t\t\t<\/div>\n\t\t\t\t<\/div>\n\t\t<div class=\"elementor-element elementor-element-8f9a9ef e-con-full e-flex e-con e-child\" data-id=\"8f9a9ef\" data-element_type=\"container\" data-e-type=\"container\">\n\t\t\t\t<div class=\"elementor-element elementor-element-6e5d5ed elementor-widget elementor-widget-wd_text_block\" data-id=\"6e5d5ed\" data-element_type=\"widget\" data-e-type=\"widget\" data-widget_type=\"wd_text_block.default\">\n\t\t\t\t<div class=\"elementor-widget-container\">\n\t\t\t\t\t\t\t<div class=\"wd-text-block reset-last-child text-center\">\n\t\t\t\n\t\t\t<h3>Pourquoi les experts font-ils confiance \u00e0 la r\u00e9sine de myrrhe ? La science confirme la sagesse des anc\u00eatres !<\/h3>\n\t\t\t\t\t<\/div>\n\t\t\t\t\t\t<\/div>\n\t\t\t\t<\/div>\n\t\t\t\t<div class=\"elementor-element elementor-element-4f4a055 elementor-widget elementor-widget-wd_text_block\" data-id=\"4f4a055\" data-element_type=\"widget\" data-e-type=\"widget\" data-widget_type=\"wd_text_block.default\">\n\t\t\t\t<div class=\"elementor-widget-container\">\n\t\t\t\t\t\t\t<div class=\"wd-text-block reset-last-child text-center\">\n\t\t\t\n\t\t\t<p>N\u2019est plus <b>R\u00e9sine de Myrrhe<\/b> Bien plus qu\u2019un simple h\u00e9ritage ancien, la r\u00e9sine de myrrhe suscite un large int\u00e9r\u00eat dans les milieux scientifiques et m\u00e9dicaux modernes. De nombreuses \u00e9tudes d\u00e9montrent son efficacit\u00e9 pour soutenir la sant\u00e9 bucco-dentaire, combattre les inflammations et ses propri\u00e9t\u00e9s antimicrobiennes. Elle est recommand\u00e9e par des experts en phytoth\u00e9rapie, des dentistes (dans certaines formulations naturelles) et des praticiens de la m\u00e9decine compl\u00e9mentaire comme une option naturelle s\u00fbre et efficace. La confiance croissante envers la r\u00e9sine de myrrhe d\u00e9coule de sa longue histoire d\u2019utilisation th\u00e9rapeutique, ainsi que des preuves scientifiques accumul\u00e9es confirmant sa place parmi les tr\u00e9sors de la nature les plus pr\u00e9cieux en mati\u00e8re de gu\u00e9rison. \u00cates-vous pr\u00eat \u00e0 d\u00e9couvrir la puissance de la r\u00e9sine de myrrhe et \u00e0 restaurer votre \u00e9quilibre sant\u00e9 avec une touche d\u2019authenticit\u00e9 et de tradition ?<\/p>\n\t\t\t\t\t<\/div>\n\t\t\t\t\t\t<\/div>\n\t\t\t\t<\/div>\n\t\t\t\t<\/div>\n\t\t\t\t\t<\/div>\n\t\t\t\t<\/div>\n\t\t\t\t<\/div>","protected":false},"excerpt":{"rendered":"<p>Qu\u2019est-ce que la R\u00e9sine de Myrrhe ? Un voyage \u00e0 travers l\u2019histoire vers les secrets de gu\u00e9rison parfum\u00e9s ! Vous cherchez un rem\u00e8de naturel aux bienfaits profonds et \u00e0 l\u2019h\u00e9ritage riche ?<\/p>","protected":false},"featured_media":3784,"comment_status":"open","ping_status":"closed","template":"","meta":[],"product_brand":[],"product_cat":[15],"product_tag":[],"class_list":{"0":"post-2416","1":"product","2":"type-product","3":"status-publish","4":"has-post-thumbnail","6":"product_cat-15","7":"pa_-1-kg","8":"pa_-250-g","9":"pa_-500-g","11":"first","12":"instock","13":"shipping-taxable","14":"purchasable","15":"product-type-variable"},"jetpack_sharing_enabled":true,"_links":{"self":[{"href":"https:\/\/sfb.ma\/fr\/wp-json\/wp\/v2\/product\/2416","targetHints":{"allow":["GET"]}}],"collection":[{"href":"https:\/\/sfb.ma\/fr\/wp-json\/wp\/v2\/product"}],"about":[{"href":"https:\/\/sfb.ma\/fr\/wp-json\/wp\/v2\/types\/product"}],"replies":[{"embeddable":true,"href":"https:\/\/sfb.ma\/fr\/wp-json\/wp\/v2\/comments?post=2416"}],"version-history":[{"count":5,"href":"https:\/\/sfb.ma\/fr\/wp-json\/wp\/v2\/product\/2416\/revisions"}],"predecessor-version":[{"id":3703,"href":"https:\/\/sfb.ma\/fr\/wp-json\/wp\/v2\/product\/2416\/revisions\/3703"}],"wp:featuredmedia":[{"embeddable":true,"href":"https:\/\/sfb.ma\/fr\/wp-json\/wp\/v2\/media\/3784"}],"wp:attachment":[{"href":"https:\/\/sfb.ma\/fr\/wp-json\/wp\/v2\/media?parent=2416"}],"wp:term":[{"taxonomy":"product_brand","embeddable":true,"href":"https:\/\/sfb.ma\/fr\/wp-json\/wp\/v2\/product_brand?post=2416"},{"taxonomy":"product_cat","embeddable":true,"href":"https:\/\/sfb.ma\/fr\/wp-json\/wp\/v2\/product_cat?post=2416"},{"taxonomy":"product_tag","embeddable":true,"href":"https:\/\/sfb.ma\/fr\/wp-json\/wp\/v2\/product_tag?post=2416"}],"curies":[{"name":"wp","href":"https:\/\/api.w.org\/{rel}","templated":true}]}}