{"id":2438,"date":"2025-07-09T16:04:02","date_gmt":"2025-07-09T16:04:02","guid":{"rendered":"https:\/\/sfb.ma\/?post_type=product&#038;p=2438"},"modified":"2025-09-27T09:57:30","modified_gmt":"2025-09-27T09:57:30","slug":"racine-de-pellitory","status":"publish","type":"product","link":"https:\/\/sfb.ma\/fr\/produit\/racine-de-pellitory\/","title":{"rendered":"Racine de Pellitory"},"content":{"rendered":"<div data-elementor-type=\"product-post\" data-elementor-id=\"2438\" class=\"elementor elementor-2438\" data-elementor-post-type=\"product\">\n\t\t\t\t<div class=\"wd-negative-gap elementor-element elementor-element-9a9227c e-flex e-con-boxed e-con e-parent\" data-id=\"9a9227c\" data-element_type=\"container\" data-e-type=\"container\">\n\t\t\t\t\t<div class=\"e-con-inner\">\n\t\t<div class=\"elementor-element elementor-element-8eddce3 e-con-full e-flex e-con e-child\" data-id=\"8eddce3\" data-element_type=\"container\" data-e-type=\"container\">\n\t\t\t\t<div class=\"elementor-element elementor-element-6062a78 elementor-widget elementor-widget-wd_text_block\" data-id=\"6062a78\" data-element_type=\"widget\" data-e-type=\"widget\" data-widget_type=\"wd_text_block.default\">\n\t\t\t\t<div class=\"elementor-widget-container\">\n\t\t\t\t\t\t\t<div class=\"wd-text-block reset-last-child text-center\">\n\t\t\t\n\t\t\t<h3>Qu\u2019est-ce que la racine de Pellitory ? L\u2019\u00e9nergisant naturel et \u00e9pic\u00e9 secret !<\/h3>\n\t\t\t\t\t<\/div>\n\t\t\t\t\t\t<\/div>\n\t\t\t\t<\/div>\n\t\t\t\t<div class=\"elementor-element elementor-element-dd14f4b elementor-widget elementor-widget-wd_text_block\" data-id=\"dd14f4b\" data-element_type=\"widget\" data-e-type=\"widget\" data-widget_type=\"wd_text_block.default\">\n\t\t\t\t<div class=\"elementor-widget-container\">\n\t\t\t\t\t\t\t<div class=\"wd-text-block reset-last-child text-center\">\n\t\t\t\n\t\t\t<p>Vous cherchez une plante au riche pass\u00e9 en m\u00e9decine traditionnelle, reconnue pour ses propri\u00e9t\u00e9s stimulantes et \u00e9nergisantes ? Il est temps de d\u00e9couvrir <b>Racine de Pellitory<\/b>\u00e9galement connu sous le nom de, <b>Racine de pellitory<\/b> ou <b>Anacyclus Pyrethrum<\/b>, en arabe <b>\u0639\u0648\u062f \u0627\u0644\u0642\u0646\u0637\u0633<\/b> ou <b>\u0639\u0631\u0642 \u062d\u0644\u0627\u0648\u0629<\/b>Cette petite plante ressemblant \u00e0 une marguerite utilise principalement ses racines pour leur force et efficacit\u00e9. La racine de pellitory fait partie depuis longtemps de la m\u00e9decine ayurv\u00e9dique, grecque et arabe ancienne, r\u00e9put\u00e9e pour stimuler la circulation, dynamiser le corps et soutenir la sant\u00e9 buccale. D\u00e9couvrez la puissance de cette racine puissante, promettant vitalit\u00e9, \u00e9nergie et performance !<\/p>\n\t\t\t\t\t<\/div>\n\t\t\t\t\t\t<\/div>\n\t\t\t\t<\/div>\n\t\t\t\t<\/div>\n\t\t<div class=\"elementor-element elementor-element-6debd5b e-con-full e-flex e-con e-child\" data-id=\"6debd5b\" data-element_type=\"container\" data-e-type=\"container\">\n\t\t\t\t<div class=\"elementor-element elementor-element-667fe6b elementor-widget elementor-widget-wd_text_block\" data-id=\"667fe6b\" data-element_type=\"widget\" data-e-type=\"widget\" data-widget_type=\"wd_text_block.default\">\n\t\t\t\t<div class=\"elementor-widget-container\">\n\t\t\t\t\t\t\t<div class=\"wd-text-block reset-last-child text-center\">\n\t\t\t\n\t\t\t<h3>Bienfaits de la racine de pellitory : Pourquoi cette racine pr\u00e9cieuse m\u00e9rite sa place dans votre routine sant\u00e9 ?<\/h3>\n\t\t\t\t\t<\/div>\n\t\t\t\t\t\t<\/div>\n\t\t\t\t<\/div>\n\t\t\t\t<div class=\"elementor-element elementor-element-8393871 elementor-widget elementor-widget-wd_text_block\" data-id=\"8393871\" data-element_type=\"widget\" data-e-type=\"widget\" data-widget_type=\"wd_text_block.default\">\n\t\t\t\t<div class=\"elementor-widget-container\">\n\t\t\t\t\t\t\t<div class=\"wd-text-block reset-last-child text-center\">\n\t\t\t\n\t\t\t<p>Est consid\u00e9r\u00e9 <b>Racine de Pellitory<\/b> Riche en compos\u00e9s actifs tels que la pyr\u00e9thrine et les alkamides, lui conf\u00e9rant des propri\u00e9t\u00e9s stimulantes, \u00e9nergisantes et anti-inflammatoires. Ses principaux bienfaits incluent :<\/p><ul><li><p><b>Stimulant naturel et activateur de la circulation:<\/b> La racine de pellitory est reconnue pour stimuler la circulation sanguine, augmenter le flux de sang et d\u2019oxyg\u00e8ne vers les membres et le cerveau, et renforcer \u00e9nergie et vitalit\u00e9.<\/p><\/li><li><p><b>Soutien de la sant\u00e9 bucco-dentaire:<\/b> M\u00e2cher la racine de Pellitory provoque une sensation de picotement dans la bouche, stimule la salivation et poss\u00e8de des propri\u00e9t\u00e9s antibact\u00e9riennes. Utilis\u00e9e traditionnellement contre les maux de dents, l\u2019inflammation des gencives et pour la sant\u00e9 bucco-dentaire.<\/p><\/li><li><p><b>Stimulant de performance:<\/b> La racine de pellitory est r\u00e9put\u00e9e soutenir la sant\u00e9 de la performance, surtout chez les hommes, gr\u00e2ce \u00e0 son effet stimulant sur la circulation et la vitalit\u00e9 g\u00e9n\u00e9rale.<\/p><\/li><li><p><b>Anti-inflammatoire et analg\u00e9sique :<\/b> Il contient des compos\u00e9s aux propri\u00e9t\u00e9s anti-inflammatoires, pouvant aider \u00e0 soulager les douleurs l\u00e9g\u00e8res.<\/p><\/li><li><p><b>Soutien \u00e0 la sant\u00e9 digestive\u00a0:<\/b> Utilis\u00e9 dans certaines traditions pour am\u00e9liorer la digestion et stimuler l\u2019app\u00e9tit.<\/p><\/li><li><p><b>Tonique pour les nerfs:<\/b> On pense qu\u2019il poss\u00e8de des propri\u00e9t\u00e9s fortifiantes pour les nerfs et peut aider \u00e0 am\u00e9liorer les fonctions cognitives dans certains cas.<\/p><\/li><\/ul>\n\t\t\t\t\t<\/div>\n\t\t\t\t\t\t<\/div>\n\t\t\t\t<\/div>\n\t\t\t\t<\/div>\n\t\t<div class=\"elementor-element elementor-element-d09b15b e-con-full e-flex e-con e-child\" data-id=\"d09b15b\" data-element_type=\"container\" data-e-type=\"container\">\n\t\t\t\t<div class=\"elementor-element elementor-element-74c5bc3 elementor-widget elementor-widget-wd_text_block\" data-id=\"74c5bc3\" data-element_type=\"widget\" data-e-type=\"widget\" data-widget_type=\"wd_text_block.default\">\n\t\t\t\t<div class=\"elementor-widget-container\">\n\t\t\t\t\t\t\t<div class=\"wd-text-block reset-last-child text-center\">\n\t\t\t\n\t\t\t<h3>Pourquoi les experts font-ils confiance \u00e0 la racine de pellitory ? La science rencontre la sagesse ancienne !<\/h3>\n\t\t\t\t\t<\/div>\n\t\t\t\t\t\t<\/div>\n\t\t\t\t<\/div>\n\t\t\t\t<div class=\"elementor-element elementor-element-e2e3da8 elementor-widget elementor-widget-wd_text_block\" data-id=\"e2e3da8\" data-element_type=\"widget\" data-e-type=\"widget\" data-widget_type=\"wd_text_block.default\">\n\t\t\t\t<div class=\"elementor-widget-container\">\n\t\t\t\t\t\t\t<div class=\"wd-text-block reset-last-child text-center\">\n\t\t\t\n\t\t\t<p>N\u2019est plus <b>Racine de Pellitory<\/b> Bien plus qu\u2019un simple ingr\u00e9dient des rem\u00e8des traditionnels, la Racine de Pellitory suscite un int\u00e9r\u00eat croissant dans les cercles scientifiques et m\u00e9dicaux modernes. Des \u00e9tudes pr\u00e9liminaires montrent son efficacit\u00e9 pour stimuler la circulation sanguine, soutenir la sant\u00e9 buccale et augmenter la vitalit\u00e9, confirmant son statut d\u2019herbe puissante. Recommand\u00e9e par des experts en phytoth\u00e9rapie et des sp\u00e9cialistes de la m\u00e9decine alternative comme option naturelle s\u00fbre pour renforcer l\u2019\u00e9nergie et la sant\u00e9 buccale. La confiance croissante dans la Racine de Pellitory provient d\u2019une longue histoire d\u2019utilisation s\u00fbre et efficace dans plusieurs cultures et des preuves scientifiques accumul\u00e9es soutenant certaines utilisations traditionnelles. \u00cates-vous pr\u00eat \u00e0 d\u00e9couvrir la puissance de la Racine de Pellitory et \u00e0 retrouver votre \u00e9nergie et votre vitalit\u00e9 ?<\/p>\n\t\t\t\t\t<\/div>\n\t\t\t\t\t\t<\/div>\n\t\t\t\t<\/div>\n\t\t\t\t<\/div>\n\t\t\t\t\t<\/div>\n\t\t\t\t<\/div>\n\t\t\t\t<\/div>","protected":false},"excerpt":{"rendered":"<p>Qu\u2019est-ce que la Racine de Pellitory ? L\u2019herbe \u00e9pic\u00e9e et tonique naturelle ! Vous cherchez une plante m\u00e9dicinale traditionnelle, connue pour<\/p>","protected":false},"featured_media":3888,"comment_status":"open","ping_status":"closed","template":"","meta":[],"product_brand":[],"product_cat":[65],"product_tag":[],"class_list":{"0":"post-2438","1":"product","2":"type-product","3":"status-publish","4":"has-post-thumbnail","6":"product_cat-65","7":"pa_-1-kg","8":"pa_-250-g","9":"pa_-500-g","11":"first","12":"instock","13":"shipping-taxable","14":"purchasable","15":"product-type-variable"},"jetpack_sharing_enabled":true,"_links":{"self":[{"href":"https:\/\/sfb.ma\/fr\/wp-json\/wp\/v2\/product\/2438","targetHints":{"allow":["GET"]}}],"collection":[{"href":"https:\/\/sfb.ma\/fr\/wp-json\/wp\/v2\/product"}],"about":[{"href":"https:\/\/sfb.ma\/fr\/wp-json\/wp\/v2\/types\/product"}],"replies":[{"embeddable":true,"href":"https:\/\/sfb.ma\/fr\/wp-json\/wp\/v2\/comments?post=2438"}],"version-history":[{"count":0,"href":"https:\/\/sfb.ma\/fr\/wp-json\/wp\/v2\/product\/2438\/revisions"}],"wp:featuredmedia":[{"embeddable":true,"href":"https:\/\/sfb.ma\/fr\/wp-json\/wp\/v2\/media\/3888"}],"wp:attachment":[{"href":"https:\/\/sfb.ma\/fr\/wp-json\/wp\/v2\/media?parent=2438"}],"wp:term":[{"taxonomy":"product_brand","embeddable":true,"href":"https:\/\/sfb.ma\/fr\/wp-json\/wp\/v2\/product_brand?post=2438"},{"taxonomy":"product_cat","embeddable":true,"href":"https:\/\/sfb.ma\/fr\/wp-json\/wp\/v2\/product_cat?post=2438"},{"taxonomy":"product_tag","embeddable":true,"href":"https:\/\/sfb.ma\/fr\/wp-json\/wp\/v2\/product_tag?post=2438"}],"curies":[{"name":"wp","href":"https:\/\/api.w.org\/{rel}","templated":true}]}}