{"id":2482,"date":"2025-07-10T09:33:09","date_gmt":"2025-07-10T09:33:09","guid":{"rendered":"https:\/\/sfb.ma\/?post_type=product&#038;p=2482"},"modified":"2025-10-15T19:38:01","modified_gmt":"2025-10-15T19:38:01","slug":"reglisse","status":"publish","type":"product","link":"https:\/\/sfb.ma\/fr\/produit\/reglisse\/","title":{"rendered":"R\u00e9glisse"},"content":{"rendered":"<div data-elementor-type=\"product-post\" data-elementor-id=\"2482\" class=\"elementor elementor-2482\" data-elementor-post-type=\"product\">\n\t\t\t\t<div class=\"wd-negative-gap elementor-element elementor-element-34ba9b5 e-flex e-con-boxed e-con e-parent\" data-id=\"34ba9b5\" data-element_type=\"container\" data-e-type=\"container\">\n\t\t\t\t\t<div class=\"e-con-inner\">\n\t\t<div class=\"elementor-element elementor-element-85eec64 e-con-full e-flex e-con e-child\" data-id=\"85eec64\" data-element_type=\"container\" data-e-type=\"container\">\n\t\t\t\t<div class=\"elementor-element elementor-element-b26a623 elementor-widget elementor-widget-wd_text_block\" data-id=\"b26a623\" data-element_type=\"widget\" data-e-type=\"widget\" data-widget_type=\"wd_text_block.default\">\n\t\t\t\t<div class=\"elementor-widget-container\">\n\t\t\t\t\t\t\t<div class=\"wd-text-block reset-last-child text-center\">\n\t\t\t\n\t\t\t<h3>Qu\u2019est-ce que la r\u00e9glisse ? Un tr\u00e9sor naturel au go\u00fbt sucr\u00e9 et aux bienfaits innombrables !<\/h3>\n\t\t\t\t\t<\/div>\n\t\t\t\t\t\t<\/div>\n\t\t\t\t<\/div>\n\t\t\t\t<div class=\"elementor-element elementor-element-ac44a93 elementor-widget elementor-widget-wd_text_block\" data-id=\"ac44a93\" data-element_type=\"widget\" data-e-type=\"widget\" data-widget_type=\"wd_text_block.default\">\n\t\t\t\t<div class=\"elementor-widget-container\">\n\t\t\t\t\t\t\t<div class=\"wd-text-block reset-last-child text-center\">\n\t\t\t\n\t\t\t<p>Avez-vous entendu parler de la racine au go\u00fbt sucr\u00e9 unique, utilis\u00e9e depuis des milliers d\u2019ann\u00e9es comme rem\u00e8de et \u00e9dulcorant naturel ? C\u2019est <b>R\u00e9glisse<\/b>ou comme on l\u2019appelle en arabe <b>\u0639\u0631\u0642 \u0627\u0644\u0633\u0648\u0633<\/b>Cette racine robuste, extraite de la plante <i>Glycyrrhiza glabra<\/i>Il a longtemps \u00e9t\u00e9 un \u00e9l\u00e9ment cl\u00e9 de la m\u00e9decine traditionnelle chinoise, ayurv\u00e9dique et moyen-orientale. R\u00e9put\u00e9 pour apaiser le syst\u00e8me digestif, soutenir les glandes surr\u00e9nales et m\u00eame soulager certains probl\u00e8mes respiratoires. Que savez-vous vraiment de cette racine merveilleuse qui allie douceur et gu\u00e9rison, promettant confort, vitalit\u00e9 et s\u00e9r\u00e9nit\u00e9 ? D\u00e9couvrez le secret de la r\u00e9glisse, votre alli\u00e9 naturel pour une sant\u00e9 \u00e9quilibr\u00e9e.<\/p>\n\t\t\t\t\t<\/div>\n\t\t\t\t\t\t<\/div>\n\t\t\t\t<\/div>\n\t\t\t\t<\/div>\n\t\t<div class=\"elementor-element elementor-element-ac24c50 e-con-full e-flex e-con e-child\" data-id=\"ac24c50\" data-element_type=\"container\" data-e-type=\"container\">\n\t\t\t\t<div class=\"elementor-element elementor-element-5d3b852 elementor-widget elementor-widget-wd_text_block\" data-id=\"5d3b852\" data-element_type=\"widget\" data-e-type=\"widget\" data-widget_type=\"wd_text_block.default\">\n\t\t\t\t<div class=\"elementor-widget-container\">\n\t\t\t\t\t\t\t<div class=\"wd-text-block reset-last-child text-center\">\n\t\t\t\n\t\t\t<h3>Bienfaits de la r\u00e9glisse : pourquoi cette racine pr\u00e9cieuse m\u00e9rite une place dans votre pharmacie naturelle ?<\/h3>\n\t\t\t\t\t<\/div>\n\t\t\t\t\t\t<\/div>\n\t\t\t\t<\/div>\n\t\t\t\t<div class=\"elementor-element elementor-element-0c4e87f elementor-widget elementor-widget-wd_text_block\" data-id=\"0c4e87f\" data-element_type=\"widget\" data-e-type=\"widget\" data-widget_type=\"wd_text_block.default\">\n\t\t\t\t<div class=\"elementor-widget-container\">\n\t\t\t\t\t\t\t<div class=\"wd-text-block reset-last-child text-center\">\n\t\t\t\n\t\t\t<p>Est consid\u00e9r\u00e9 <b>R\u00e9glisse<\/b> Riche en compos\u00e9s actifs tels que la glycyrrhizine et les flavono\u00efdes, responsables de ses propri\u00e9t\u00e9s uniques et \u00e9tonnantes. Ses principaux bienfaits incluent :<\/p><ul><li><p><b>Apaisement digestif et traitement des ulc\u00e8res<\/b> La r\u00e9glisse est reconnue pour sa capacit\u00e9 exceptionnelle \u00e0 prot\u00e9ger la muqueuse de l\u2019estomac et de l\u2019\u0153sophage. Elle aide \u00e0 traiter les ulc\u00e8res gastriques et duod\u00e9naux, soulage les br\u00fblures d\u2019estomac et apaise la gastrite gr\u00e2ce \u00e0 ses propri\u00e9t\u00e9s anti-inflammatoires et r\u00e9g\u00e9n\u00e9ratrices des tissus.<\/p><\/li><li><p><b>Soutient la sant\u00e9 respiratoire :<\/b> Utilis\u00e9 traditionnellement pour soulager la toux, le mal de gorge et la bronchite. Expectorant et apaisant les voies respiratoires, utile contre le rhume et la grippe.<\/p><\/li><li><p><b>Soutien des glandes surr\u00e9nales et lutte contre le stress<\/b> La r\u00e9glisse est reconnue pour soutenir la fonction des glandes surr\u00e9nales, responsables des hormones du stress. Elle peut am\u00e9liorer la r\u00e9ponse au stress, augmenter l\u2019\u00e9nergie et r\u00e9duire la fatigue surr\u00e9nalienne.<\/p><\/li><li><p><b>Propri\u00e9t\u00e9s anti-inflammatoires et antioxydantes :<\/b> Il contient des compos\u00e9s puissants agissant comme agents anti-inflammatoires et antioxydants, prot\u00e9geant les cellules des dommages caus\u00e9s par les radicaux libres et r\u00e9duisant l\u2019inflammation chronique dans le corps.<\/p><\/li><li><p><b>Soutien du syst\u00e8me immunitaire:<\/b> Il peut contribuer \u00e0 renforcer le syst\u00e8me immunitaire, rendant le corps plus r\u00e9sistant aux maladies.<\/p><\/li><li><p><b>Soulagement des sympt\u00f4mes du syndrome pr\u00e9menstruel (SPM):<\/b> Peut aider \u00e0 r\u00e9guler les hormones et \u00e0 soulager certains sympt\u00f4mes g\u00eanants du syndrome pr\u00e9menstruel.<\/p><\/li><\/ul>\n\t\t\t\t\t<\/div>\n\t\t\t\t\t\t<\/div>\n\t\t\t\t<\/div>\n\t\t\t\t<\/div>\n\t\t<div class=\"elementor-element elementor-element-3d315c4 e-con-full e-flex e-con e-child\" data-id=\"3d315c4\" data-element_type=\"container\" data-e-type=\"container\">\n\t\t\t\t<div class=\"elementor-element elementor-element-57a4dc3 elementor-widget elementor-widget-wd_text_block\" data-id=\"57a4dc3\" data-element_type=\"widget\" data-e-type=\"widget\" data-widget_type=\"wd_text_block.default\">\n\t\t\t\t<div class=\"elementor-widget-container\">\n\t\t\t\t\t\t\t<div class=\"wd-text-block reset-last-child text-center\">\n\t\t\t\n\t\t\t<h3>Pourquoi les experts font-ils confiance \u00e0 la r\u00e9glisse ? La science confirme la sagesse des anc\u00eatres !<\/h3>\n\t\t\t\t\t<\/div>\n\t\t\t\t\t\t<\/div>\n\t\t\t\t<\/div>\n\t\t\t\t<div class=\"elementor-element elementor-element-480b144 elementor-widget elementor-widget-wd_text_block\" data-id=\"480b144\" data-element_type=\"widget\" data-e-type=\"widget\" data-widget_type=\"wd_text_block.default\">\n\t\t\t\t<div class=\"elementor-widget-container\">\n\t\t\t\t\t\t\t<div class=\"wd-text-block reset-last-child text-center\">\n\t\t\t\n\t\t\t<p>N\u2019est plus <b>R\u00e9glisse<\/b> Pas seulement un ingr\u00e9dient pour les boissons estivales ou les desserts, la r\u00e9glisse suscite un large int\u00e9r\u00eat dans les domaines scientifique et m\u00e9dical modernes. De nombreuses \u00e9tudes montrent son efficacit\u00e9 pour soutenir la sant\u00e9 digestive et respiratoire ainsi que les fonctions surr\u00e9naliennes. Recommand\u00e9e par les herboristes, gastro-ent\u00e9rologues (dans certains cas) et sp\u00e9cialistes de la m\u00e9decine int\u00e9grative comme option naturelle s\u00fbre et efficace, la confiance croissante en la r\u00e9glisse d\u00e9coule de son utilisation longue et s\u00fbre ainsi que des preuves scientifiques accumul\u00e9es confirmant son statut d\u2019herbe m\u00e9dicinale majeure. Les \u00e9tudes r\u00e9centes ont confirm\u00e9 son efficacit\u00e9 pour combattre <em data-start=\"2132\" data-end=\"2153\">Helicobacter pylori<\/em> (H. pylori) et inhibition des inflammations du foie.<\/p><p><span style=\"text-decoration: underline; color: #ff0000;\"><b>Note importante :<\/b><\/span> \u00c0 utiliser avec prudence et \u00e0 doses mod\u00e9r\u00e9es, surtout pour les personnes souffrant d\u2019hypertension, car la glycyrrhizine peut influencer les niveaux de potassium et de sodium dans le corps. \u00cates-vous pr\u00eat \u00e0 d\u00e9couvrir la puissance de la r\u00e9glisse et \u00e0 profiter de ses tr\u00e9sors sant\u00e9 ?<\/p>\n\t\t\t\t\t<\/div>\n\t\t\t\t\t\t<\/div>\n\t\t\t\t<\/div>\n\t\t\t\t<\/div>\n\t\t\t\t\t<\/div>\n\t\t\t\t<\/div>\n\t\t\t\t<\/div>","protected":false},"excerpt":{"rendered":"<p>Qu\u2019est-ce que la R\u00e9glisse ? Tr\u00e9sor naturel au go\u00fbt sucr\u00e9 et aux innombrables bienfaits ! Connaissez-vous la racine au go\u00fbt sucr\u00e9 ?<\/p>","protected":false},"featured_media":3918,"comment_status":"open","ping_status":"closed","template":"","meta":[],"product_brand":[],"product_cat":[65],"product_tag":[],"class_list":{"0":"post-2482","1":"product","2":"type-product","3":"status-publish","4":"has-post-thumbnail","6":"product_cat-65","7":"pa_-1-kg","8":"pa_-250-g","9":"pa_-500-g","11":"first","12":"instock","13":"shipping-taxable","14":"purchasable","15":"product-type-variable"},"jetpack_sharing_enabled":true,"_links":{"self":[{"href":"https:\/\/sfb.ma\/fr\/wp-json\/wp\/v2\/product\/2482","targetHints":{"allow":["GET"]}}],"collection":[{"href":"https:\/\/sfb.ma\/fr\/wp-json\/wp\/v2\/product"}],"about":[{"href":"https:\/\/sfb.ma\/fr\/wp-json\/wp\/v2\/types\/product"}],"replies":[{"embeddable":true,"href":"https:\/\/sfb.ma\/fr\/wp-json\/wp\/v2\/comments?post=2482"}],"version-history":[{"count":0,"href":"https:\/\/sfb.ma\/fr\/wp-json\/wp\/v2\/product\/2482\/revisions"}],"wp:featuredmedia":[{"embeddable":true,"href":"https:\/\/sfb.ma\/fr\/wp-json\/wp\/v2\/media\/3918"}],"wp:attachment":[{"href":"https:\/\/sfb.ma\/fr\/wp-json\/wp\/v2\/media?parent=2482"}],"wp:term":[{"taxonomy":"product_brand","embeddable":true,"href":"https:\/\/sfb.ma\/fr\/wp-json\/wp\/v2\/product_brand?post=2482"},{"taxonomy":"product_cat","embeddable":true,"href":"https:\/\/sfb.ma\/fr\/wp-json\/wp\/v2\/product_cat?post=2482"},{"taxonomy":"product_tag","embeddable":true,"href":"https:\/\/sfb.ma\/fr\/wp-json\/wp\/v2\/product_tag?post=2482"}],"curies":[{"name":"wp","href":"https:\/\/api.w.org\/{rel}","templated":true}]}}