{"id":2493,"date":"2025-07-10T09:58:55","date_gmt":"2025-07-10T09:58:55","guid":{"rendered":"https:\/\/sfb.ma\/?post_type=product&#038;p=2493"},"modified":"2026-01-07T15:20:39","modified_gmt":"2026-01-07T15:20:39","slug":"propolis-marocaine","status":"publish","type":"product","link":"https:\/\/sfb.ma\/fr\/produit\/propolis-marocaine\/","title":{"rendered":"Propolis marocain"},"content":{"rendered":"<div data-elementor-type=\"product-post\" data-elementor-id=\"2493\" class=\"elementor elementor-2493\" data-elementor-post-type=\"product\">\n\t\t\t\t<div class=\"wd-negative-gap elementor-element elementor-element-f511853 e-flex e-con-boxed e-con e-parent\" data-id=\"f511853\" data-element_type=\"container\" data-e-type=\"container\">\n\t\t\t\t\t<div class=\"e-con-inner\">\n\t\t<div class=\"elementor-element elementor-element-22ede80 e-con-full e-flex e-con e-child\" data-id=\"22ede80\" data-element_type=\"container\" data-e-type=\"container\">\n\t\t\t\t<div class=\"elementor-element elementor-element-de4133d elementor-widget elementor-widget-wd_text_block\" data-id=\"de4133d\" data-element_type=\"widget\" data-e-type=\"widget\" data-widget_type=\"wd_text_block.default\">\n\t\t\t\t<div class=\"elementor-widget-container\">\n\t\t\t\t\t\t\t<div class=\"wd-text-block reset-last-child text-center\">\n\t\t\t\n\t\t\t<p>Qu\u2019est-ce que le propolis marocain ? L\u2019or des abeilles issu du c\u0153ur de la nature enchanteresse du Maroc !<\/p>\n\t\t\t\t\t<\/div>\n\t\t\t\t\t\t<\/div>\n\t\t\t\t<\/div>\n\t\t\t\t<div class=\"elementor-element elementor-element-8224c36 elementor-widget elementor-widget-wd_text_block\" data-id=\"8224c36\" data-element_type=\"widget\" data-e-type=\"widget\" data-widget_type=\"wd_text_block.default\">\n\t\t\t\t<div class=\"elementor-widget-container\">\n\t\t\t\t\t\t\t<div class=\"wd-text-block reset-last-child text-center\">\n\t\t\t\n\t\t\t<p><strong data-start=\"1067\" data-end=\"1085\">Propolis marocain<\/strong> ou <strong data-start=\"1089\" data-end=\"1101\">Propolis<\/strong> C\u2019est une substance collante fabriqu\u00e9e par les abeilles \u00e0 partir de r\u00e9sines d\u2019arbres et de plantes, puis m\u00e9lang\u00e9e \u00e0 leurs s\u00e9cr\u00e9tions salivaires et \u00e0 de la cire pour cr\u00e9er une mati\u00e8re unique qu\u2019elles utilisent pour d\u00e9sinfecter leurs ruches et les prot\u00e9ger des bact\u00e9ries et des virus.<br data-start=\"1205\" data-end=\"1208\" \/>Est consid\u00e9r\u00e9 comme l\u2019un des <strong data-start=\"1216\" data-end=\"1253\">Les vari\u00e9t\u00e9s les plus rares et les plus nobles de propolis au monde<\/strong> En raison de la diversit\u00e9 des plantes aromatiques au Maroc et de l\u2019abondance des p\u00e2turages naturels qui nourrissent les abeilles, il se distingue par sa couleur fonc\u00e9e, son parfum aromatique intense et sa saveur prononc\u00e9e.<\/p><p>La propolis marocaine se distingue par une composition chimique riche et vari\u00e9e, refl\u00e9tant la biodiversit\u00e9 des plantes des r\u00e9gions marocaines o\u00f9 les abeilles la r\u00e9coltent, lui conf\u00e9rant des propri\u00e9t\u00e9s th\u00e9rapeutiques uniques pouvant diff\u00e9rer des autres types de propolis dans le monde (comme la propolis br\u00e9silienne verte ou rouge). Alors, que savez-vous vraiment de ce tr\u00e9sor naturel qui porte en ses mol\u00e9cules la promesse d\u2019une immunit\u00e9 forte, d\u2019une gu\u00e9rison rapide et d\u2019une protection compl\u00e8te ? D\u00e9couvrez avec nous le secret de la propolis marocaine, un cadeau des abeilles marocaines pour votre sant\u00e9 !<\/p>\n\t\t\t\t\t<\/div>\n\t\t\t\t\t\t<\/div>\n\t\t\t\t<\/div>\n\t\t\t\t<\/div>\n\t\t<div class=\"elementor-element elementor-element-3307e1b e-con-full e-flex e-con e-child\" data-id=\"3307e1b\" data-element_type=\"container\" data-e-type=\"container\">\n\t\t\t\t<div class=\"elementor-element elementor-element-2d569f7 elementor-widget elementor-widget-wd_text_block\" data-id=\"2d569f7\" data-element_type=\"widget\" data-e-type=\"widget\" data-widget_type=\"wd_text_block.default\">\n\t\t\t\t<div class=\"elementor-widget-container\">\n\t\t\t\t\t\t\t<div class=\"wd-text-block reset-last-child text-center\">\n\t\t\t\n\t\t\t<h3>Bienfaits de la Propolis Marocaine : Pourquoi ce tr\u00e9sor pr\u00e9cieux m\u00e9rite une place dans votre routine quotidienne?<\/h3>\n\t\t\t\t\t<\/div>\n\t\t\t\t\t\t<\/div>\n\t\t\t\t<\/div>\n\t\t\t\t<div class=\"elementor-element elementor-element-9f57ef0 elementor-widget elementor-widget-wd_text_block\" data-id=\"9f57ef0\" data-element_type=\"widget\" data-e-type=\"widget\" data-widget_type=\"wd_text_block.default\">\n\t\t\t\t<div class=\"elementor-widget-container\">\n\t\t\t\t\t\t\t<div class=\"wd-text-block reset-last-child text-center\">\n\t\t\t\n\t\t\t<p>Est consid\u00e9r\u00e9 <b>Propolis marocain<\/b> Une source riche en compos\u00e9s bioactifs tels que les flavono\u00efdes, les acides ph\u00e9noliques, les terp\u00e8nes, ainsi que des min\u00e9raux et vitamines rares. Cette composition unique lui conf\u00e8re une large gamme de bienfaits pour la sant\u00e9 :<\/p><ul><li><p><b>Antibiotique naturel et stimulant du syst\u00e8me immunitaire :<\/b> La propolis est reconnue pour sa capacit\u00e9 exceptionnelle \u00e0 combattre les bact\u00e9ries, virus et champignons. Elle agit comme un antibiotique \u00e0 large spectre sans les effets secondaires des antibiotiques chimiques, et stimule le syst\u00e8me immunitaire pour renforcer la r\u00e9sistance du corps aux maladies et infections.<\/p><\/li><li><p><b>Puissant anti-inflammatoire et antioxydant :<\/b> Contient une forte concentration d\u2019antioxydants qui combattent les radicaux libres et prot\u00e8gent les cellules des dommages. Il poss\u00e8de \u00e9galement de puissantes propri\u00e9t\u00e9s anti-inflammatoires qui aident \u00e0 r\u00e9duire la douleur et les gonflements dans tout le corps.<\/p><\/li><li><p><b>Soutien \u00e0 la sant\u00e9 digestive\u00a0:<\/b> Aide \u00e0 apaiser le syst\u00e8me digestif, traiter les ulc\u00e8res et inflammations de l\u2019estomac, et prot\u00e9ger la muqueuse intestinale. Il contribue \u00e9galement \u00e0 am\u00e9liorer la digestion globale.<\/p><\/li><li><p><b>Acc\u00e9l\u00e8re la cicatrisation des plaies et des br\u00fblures :<\/b> Lorsqu\u2019il est appliqu\u00e9 localement, la propolis acc\u00e9l\u00e8re la cicatrisation des plaies et des br\u00fblures, et r\u00e9duit le risque d\u2019infection gr\u00e2ce \u00e0 ses propri\u00e9t\u00e9s antiseptiques et r\u00e9g\u00e9n\u00e9ratrices cellulaires.<\/p><\/li><li><p><b>Sant\u00e9 bucco-dentaire et des gencives :<\/b> Il est utilis\u00e9 efficacement dans les dentifrices et les bains de bouche pour lutter contre la carie dentaire, la gingivite et les aphtes, et aide \u00e0 garder une haleine fra\u00eeche.<\/p><\/li><li><p><b>Soutient la sant\u00e9 de la peau et des cheveux :<\/b> Il contribue au traitement des probl\u00e8mes de peau tels que l\u2019acn\u00e9 et les inflammations cutan\u00e9es, et prot\u00e8ge la peau du vieillissement. Il renforce \u00e9galement la sant\u00e9 du cuir chevelu et fortifie les follicules pileux.<\/p><\/li><li><p><b>R\u00e9gulation du taux de sucre dans le sang :<\/b> Certaines \u00e9tudes pr\u00e9liminaires montrent que la propolis pourrait aider \u00e0 maintenir les niveaux de sucre dans le sang dans la norme et am\u00e9liorer la sensibilit\u00e9 \u00e0 l\u2019insuline.<\/p><\/li><\/ul>\n\t\t\t\t\t<\/div>\n\t\t\t\t\t\t<\/div>\n\t\t\t\t<\/div>\n\t\t\t\t<\/div>\n\t\t<div class=\"elementor-element elementor-element-1f1a67b e-con-full e-flex e-con e-child\" data-id=\"1f1a67b\" data-element_type=\"container\" data-e-type=\"container\">\n\t\t\t\t<div class=\"elementor-element elementor-element-91d1302 elementor-widget elementor-widget-wd_text_block\" data-id=\"91d1302\" data-element_type=\"widget\" data-e-type=\"widget\" data-widget_type=\"wd_text_block.default\">\n\t\t\t\t<div class=\"elementor-widget-container\">\n\t\t\t\t\t\t\t<div class=\"wd-text-block reset-last-child text-center\">\n\t\t\t\n\t\t\t<h3>Pourquoi les experts font-ils confiance \u00e0 la propolis marocaine ? La science confirme la puissance des tr\u00e9sors de l\u2019abeille !<\/h3>\n\t\t\t\t\t<\/div>\n\t\t\t\t\t\t<\/div>\n\t\t\t\t<\/div>\n\t\t\t\t<div class=\"elementor-element elementor-element-4ef3958 elementor-widget elementor-widget-wd_text_block\" data-id=\"4ef3958\" data-element_type=\"widget\" data-e-type=\"widget\" data-widget_type=\"wd_text_block.default\">\n\t\t\t\t<div class=\"elementor-widget-container\">\n\t\t\t\t\t\t\t<div class=\"wd-text-block reset-last-child text-center\">\n\t\t\t\n\t\t\t<p>N\u2019est plus <b>Propolis marocain<\/b> Ce n\u2019est pas seulement une partie de la m\u00e9decine traditionnelle, mais c\u2019est devenu un centre d\u2019int\u00e9r\u00eat mondial dans les milieux scientifiques et m\u00e9dicaux. De nombreuses \u00e9tudes et recherches d\u00e9montrent son efficacit\u00e9 \u00e0 soutenir le syst\u00e8me immunitaire, combattre les infections et les microbes, et favoriser la gu\u00e9rison des tissus, confirmant ainsi son statut de \"superaliment\" naturel. Les experts en sant\u00e9, nutritionnistes et herboristes le recommandent comme une option naturelle s\u00fbre et efficace pour renforcer la sant\u00e9 globale et pr\u00e9venir les maladies.<\/p><p>De nombreuses recherches indiquent que la propolis contient plus de <strong data-start=\"2185\" data-end=\"2212\">300 compos\u00e9s biologiquement actifs<\/strong>, comprenant les flavono\u00efdes, les polyph\u00e9nols et l\u2019acide caf\u00e9ique, qui contribuent tous \u00e0 renforcer la sant\u00e9 g\u00e9n\u00e9rale et \u00e0 combattre les infections.<\/p><p>Compar\u00e9 \u00e0 d\u2019autres types de propolis, il se distingue par <strong data-start=\"2355\" data-end=\"2445\">La propolis marocaine, reconnue pour sa puret\u00e9 et sa puissance gr\u00e2ce \u00e0 une v\u00e9g\u00e9tation unique sans \u00e9gale en Afrique du Nord.<\/strong>.<\/p><p>La confiance croissante envers la propolis marocaine provient de sa longue histoire d\u2019utilisation s\u00fbre et efficace. \u00cates-vous pr\u00eat \u00e0 int\u00e9grer la propolis marocaine dans votre routine quotidienne et \u00e0 d\u00e9couvrir ce tr\u00e9sor naturel exceptionnel par vous-m\u00eame ?<\/p>\n\t\t\t\t\t<\/div>\n\t\t\t\t\t\t<\/div>\n\t\t\t\t<\/div>\n\t\t\t\t<\/div>\n\t\t\t\t\t<\/div>\n\t\t\t\t<\/div>\n\t\t\t\t<\/div>","protected":false},"excerpt":{"rendered":"<p>Qu\u2019est-ce que la Propolis marocaine ? L\u2019or des abeilles au c\u0153ur de la nature envo\u00fbtante du Maroc ! La Propolis marocaine, ou Propolis, est une substance collante fabriqu\u00e9e par les abeilles.<\/p>","protected":false},"featured_media":2159,"comment_status":"open","ping_status":"closed","template":"","meta":[],"product_brand":[],"product_cat":[67],"product_tag":[],"class_list":{"0":"post-2493","1":"product","2":"type-product","3":"status-publish","4":"has-post-thumbnail","6":"product_cat-67","7":"pa_-1-kg","8":"pa_-100-g","9":"pa_-250-g","10":"pa_-500-g","12":"first","13":"outofstock","14":"shipping-taxable","15":"purchasable","16":"product-type-variable"},"jetpack_sharing_enabled":true,"_links":{"self":[{"href":"https:\/\/sfb.ma\/fr\/wp-json\/wp\/v2\/product\/2493","targetHints":{"allow":["GET"]}}],"collection":[{"href":"https:\/\/sfb.ma\/fr\/wp-json\/wp\/v2\/product"}],"about":[{"href":"https:\/\/sfb.ma\/fr\/wp-json\/wp\/v2\/types\/product"}],"replies":[{"embeddable":true,"href":"https:\/\/sfb.ma\/fr\/wp-json\/wp\/v2\/comments?post=2493"}],"version-history":[{"count":0,"href":"https:\/\/sfb.ma\/fr\/wp-json\/wp\/v2\/product\/2493\/revisions"}],"wp:featuredmedia":[{"embeddable":true,"href":"https:\/\/sfb.ma\/fr\/wp-json\/wp\/v2\/media\/2159"}],"wp:attachment":[{"href":"https:\/\/sfb.ma\/fr\/wp-json\/wp\/v2\/media?parent=2493"}],"wp:term":[{"taxonomy":"product_brand","embeddable":true,"href":"https:\/\/sfb.ma\/fr\/wp-json\/wp\/v2\/product_brand?post=2493"},{"taxonomy":"product_cat","embeddable":true,"href":"https:\/\/sfb.ma\/fr\/wp-json\/wp\/v2\/product_cat?post=2493"},{"taxonomy":"product_tag","embeddable":true,"href":"https:\/\/sfb.ma\/fr\/wp-json\/wp\/v2\/product_tag?post=2493"}],"curies":[{"name":"wp","href":"https:\/\/api.w.org\/{rel}","templated":true}]}}