{"id":2504,"date":"2025-07-10T10:39:11","date_gmt":"2025-07-10T10:39:11","guid":{"rendered":"https:\/\/sfb.ma\/?post_type=product&#038;p=2504"},"modified":"2025-07-26T18:53:34","modified_gmt":"2025-07-26T18:53:34","slug":"tongkat-ali","status":"publish","type":"product","link":"https:\/\/sfb.ma\/fr\/produit\/tongkat-ali\/","title":{"rendered":"Tongkat Ali"},"content":{"rendered":"<div data-elementor-type=\"product-post\" data-elementor-id=\"2504\" class=\"elementor elementor-2504\" data-elementor-post-type=\"product\">\n\t\t\t\t<div class=\"wd-negative-gap elementor-element elementor-element-091cc32 e-flex e-con-boxed e-con e-parent\" data-id=\"091cc32\" data-element_type=\"container\" data-e-type=\"container\">\n\t\t\t\t\t<div class=\"e-con-inner\">\n\t\t<div class=\"elementor-element elementor-element-708f067 e-con-full e-flex e-con e-child\" data-id=\"708f067\" data-element_type=\"container\" data-e-type=\"container\">\n\t\t\t\t<div class=\"elementor-element elementor-element-a354b13 elementor-widget elementor-widget-wd_text_block\" data-id=\"a354b13\" data-element_type=\"widget\" data-e-type=\"widget\" data-widget_type=\"wd_text_block.default\">\n\t\t\t\t<div class=\"elementor-widget-container\">\n\t\t\t\t\t\t\t<div class=\"wd-text-block reset-last-child text-center\">\n\t\t\t\n\t\t\t<h3>What is Tongkat Ali? A natural root to boost vitality and performance!<\/h3>\n\t\t\t\t\t<\/div>\n\t\t\t\t\t\t<\/div>\n\t\t\t\t<\/div>\n\t\t\t\t<div class=\"elementor-element elementor-element-08951a6 elementor-widget elementor-widget-wd_text_block\" data-id=\"08951a6\" data-element_type=\"widget\" data-e-type=\"widget\" data-widget_type=\"wd_text_block.default\">\n\t\t\t\t<div class=\"elementor-widget-container\">\n\t\t\t\t\t\t\t<div class=\"wd-text-block reset-last-child text-center\">\n\t\t\t\n\t\t\t<p>Vous cherchez un moyen naturel d\u2019augmenter votre \u00e9nergie, soutenir vos performances et retrouver jeunesse et vitalit\u00e9 ? Il est temps de d\u00e9couvrir <b>Tongkat Ali<\/b>, connue mondialement sous le nom de <b>Tongkat Ali<\/b>Nom scientifique <i>Eurycoma longifolia<\/i>Cet arbre tropical \u00e9lanc\u00e9, qui pousse principalement dans les for\u00eats tropicales d\u2019Asie du Sud-Est (surtout en Malaisie et en Indon\u00e9sie), a ses racines utilis\u00e9es depuis des si\u00e8cles en m\u00e9decine traditionnelle comme tonique naturel puissant. Le Tongkat Ali est r\u00e9put\u00e9 pour augmenter l\u2019\u00e9nergie, soutenir la performance et am\u00e9liorer le bien-\u00eatre masculin. D\u00e9couvrez la racine l\u00e9gendaire qui promet vitalit\u00e9, force et renouveau. D\u00e9couvrez le secret du Tongkat Ali, votre alli\u00e9 naturel pour une vie active et puissante.<\/p>\n\t\t\t\t\t<\/div>\n\t\t\t\t\t\t<\/div>\n\t\t\t\t<\/div>\n\t\t\t\t<\/div>\n\t\t<div class=\"elementor-element elementor-element-b6acb27 e-con-full e-flex e-con e-child\" data-id=\"b6acb27\" data-element_type=\"container\" data-e-type=\"container\">\n\t\t\t\t<div class=\"elementor-element elementor-element-fefddc1 elementor-widget elementor-widget-wd_text_block\" data-id=\"fefddc1\" data-element_type=\"widget\" data-e-type=\"widget\" data-widget_type=\"wd_text_block.default\">\n\t\t\t\t<div class=\"elementor-widget-container\">\n\t\t\t\t\t\t\t<div class=\"wd-text-block reset-last-child text-center\">\n\t\t\t\n\t\t\t<h3>Bienfaits du Tongkat Ali : Pourquoi cette racine pr\u00e9cieuse m\u00e9rite une place dans votre routine quotidienne ?<\/h3>\n\t\t\t\t\t<\/div>\n\t\t\t\t\t\t<\/div>\n\t\t\t\t<\/div>\n\t\t\t\t<div class=\"elementor-element elementor-element-c0cc691 elementor-widget elementor-widget-wd_text_block\" data-id=\"c0cc691\" data-element_type=\"widget\" data-e-type=\"widget\" data-widget_type=\"wd_text_block.default\">\n\t\t\t\t<div class=\"elementor-widget-container\">\n\t\t\t\t\t\t\t<div class=\"wd-text-block reset-last-child text-center\">\n\t\t\t\n\t\t\t<p>est connue <b>Tongkat Ali<\/b> Avec ses compos\u00e9s bioactifs, notamment <b>Quassino\u00efdes<\/b>notamment le compos\u00e9, <b>Eurycomanone<\/b>Celles-ci sont \u00e0 l\u2019origine de la plupart de ses bienfaits. Ces compos\u00e9s agissent sur diff\u00e9rents syst\u00e8mes du corps, soutenant particuli\u00e8rement la sant\u00e9 masculine. Principaux bienfaits :<\/p><ul><li><p><b>Augmentation des niveaux de testost\u00e9rone:<\/b> Le Tongkat Ali est reconnu pour augmenter les niveaux de testost\u00e9rone libre, l\u2019hormone principale masculine. Cela am\u00e9liore libido, performance et masse musculaire.<\/p><\/li><li><p><b>Augmenter l\u2019\u00e9nergie et combattre la fatigue:<\/b> Si vous vous sentez fatigu\u00e9 et faible en \u00e9nergie, le Tongkat Ali peut offrir un coup de boost naturel, r\u00e9duire la fatigue physique et mentale, et am\u00e9liorer l\u2019endurance pour les activit\u00e9s quotidiennes et le sport.<\/p><\/li><li><p><b>Soutien la performance sportive et la construction musculaire:<\/b> Gr\u00e2ce \u00e0 son effet sur la testost\u00e9rone et l\u2019\u00e9nergie, les sportifs et culturistes constatent une am\u00e9lioration des performances et de la force musculaire lorsqu\u2019ils l\u2019int\u00e8grent \u00e0 leur routine.<\/p><\/li><li><p><b>R\u00e9duit le stress et am\u00e9liore l\u2019humeur:<\/b> Certaines \u00e9tudes montrent que le Tongkat Ali peut aider \u00e0 r\u00e9duire le cortisol (hormone du stress), am\u00e9liorant l\u2019humeur et r\u00e9duisant anxi\u00e9t\u00e9 et tension.<\/p><\/li><li><p><b>Favorise la fertilit\u00e9 et la qualit\u00e9 du sperme:<\/b> Gr\u00e2ce \u00e0 ses effets hormonaux, le Tongkat Ali peut am\u00e9liorer la qualit\u00e9 du sperme, augmenter le nombre et favoriser la fertilit\u00e9 masculine.<\/p><\/li><li><p><b>Soutient la sant\u00e9 globale et le bien-\u00eatre:<\/b> Elle contribue \u00e0 am\u00e9liorer la circulation sanguine et renforce la sant\u00e9 et la vitalit\u00e9 g\u00e9n\u00e9rales.<\/p><\/li><\/ul>\n\t\t\t\t\t<\/div>\n\t\t\t\t\t\t<\/div>\n\t\t\t\t<\/div>\n\t\t\t\t<\/div>\n\t\t<div class=\"elementor-element elementor-element-4e15440 e-con-full e-flex e-con e-child\" data-id=\"4e15440\" data-element_type=\"container\" data-e-type=\"container\">\n\t\t\t\t<div class=\"elementor-element elementor-element-16cd12a elementor-widget elementor-widget-wd_text_block\" data-id=\"16cd12a\" data-element_type=\"widget\" data-e-type=\"widget\" data-widget_type=\"wd_text_block.default\">\n\t\t\t\t<div class=\"elementor-widget-container\">\n\t\t\t\t\t\t\t<div class=\"wd-text-block reset-last-child text-center\">\n\t\t\t\n\t\t\t<h3>Pourquoi les experts font-ils confiance au Tongkat Ali ? La science confirme son pouvoir de stimulant masculin naturel !<\/h3>\n\t\t\t\t\t<\/div>\n\t\t\t\t\t\t<\/div>\n\t\t\t\t<\/div>\n\t\t\t\t<div class=\"elementor-element elementor-element-c8e3e52 elementor-widget elementor-widget-wd_text_block\" data-id=\"c8e3e52\" data-element_type=\"widget\" data-e-type=\"widget\" data-widget_type=\"wd_text_block.default\">\n\t\t\t\t<div class=\"elementor-widget-container\">\n\t\t\t\t\t\t\t<div class=\"wd-text-block reset-last-child text-center\">\n\t\t\t\n\t\t\t<p>Ne sont plus <b>Tongkat Ali<\/b> Bien plus qu\u2019un simple rem\u00e8de asiatique traditionnel, le Tongkat Ali attire l\u2019attention des cercles scientifiques et m\u00e9dicaux modernes. De nombreuses \u00e9tudes, notamment sur la testost\u00e9rone et les niveaux d\u2019\u00e9nergie, montrent son efficacit\u00e9 pour soutenir la sant\u00e9 sexuelle masculine, augmenter l\u2019\u00e9nergie et r\u00e9duire le stress. Recommand\u00e9 par des experts en m\u00e9decine alternative, des nutritionnistes sportifs et certains m\u00e9decins comme une solution naturelle s\u00fbre pour am\u00e9liorer vitalit\u00e9 et performance\u2014en particulier pour les hommes recherchant des solutions naturelles. La confiance croissante dans le Tongkat Ali repose sur une longue histoire d\u2019utilisation s\u00fbre et efficace en Asie du Sud-Est, ainsi que sur des preuves scientifiques accumul\u00e9es confirmant sa place parmi les principales herbes naturelles pour la sant\u00e9 masculine. \u00cates-vous pr\u00eat \u00e0 d\u00e9couvrir la puissance du Tongkat Ali et \u00e0 retrouver votre vitalit\u00e9 et vos performances ?<\/p>\n\t\t\t\t\t<\/div>\n\t\t\t\t\t\t<\/div>\n\t\t\t\t<\/div>\n\t\t\t\t<\/div>\n\t\t\t\t\t<\/div>\n\t\t\t\t<\/div>\n\t\t\t\t<\/div>","protected":false},"excerpt":{"rendered":"<p>Qu\u2019est-ce que le Tongkat Ali ? Racine naturelle pour vitalit\u00e9 et performance ! Vous cherchez un moyen naturel d\u2019augmenter \u00e9nergie, soutenir performance et retrouver<\/p>","protected":false},"featured_media":0,"comment_status":"open","ping_status":"closed","template":"","meta":[],"product_brand":[],"product_cat":[65],"product_tag":[],"class_list":{"0":"post-2504","1":"product","2":"type-product","3":"status-publish","5":"product_cat-65","6":"pa_-1-kg","7":"pa_-100-g","8":"pa_-250-g","9":"pa_-500-g","11":"first","12":"instock","13":"shipping-taxable","14":"purchasable","15":"product-type-variable"},"jetpack_sharing_enabled":true,"_links":{"self":[{"href":"https:\/\/sfb.ma\/fr\/wp-json\/wp\/v2\/product\/2504","targetHints":{"allow":["GET"]}}],"collection":[{"href":"https:\/\/sfb.ma\/fr\/wp-json\/wp\/v2\/product"}],"about":[{"href":"https:\/\/sfb.ma\/fr\/wp-json\/wp\/v2\/types\/product"}],"replies":[{"embeddable":true,"href":"https:\/\/sfb.ma\/fr\/wp-json\/wp\/v2\/comments?post=2504"}],"version-history":[{"count":0,"href":"https:\/\/sfb.ma\/fr\/wp-json\/wp\/v2\/product\/2504\/revisions"}],"wp:attachment":[{"href":"https:\/\/sfb.ma\/fr\/wp-json\/wp\/v2\/media?parent=2504"}],"wp:term":[{"taxonomy":"product_brand","embeddable":true,"href":"https:\/\/sfb.ma\/fr\/wp-json\/wp\/v2\/product_brand?post=2504"},{"taxonomy":"product_cat","embeddable":true,"href":"https:\/\/sfb.ma\/fr\/wp-json\/wp\/v2\/product_cat?post=2504"},{"taxonomy":"product_tag","embeddable":true,"href":"https:\/\/sfb.ma\/fr\/wp-json\/wp\/v2\/product_tag?post=2504"}],"curies":[{"name":"wp","href":"https:\/\/api.w.org\/{rel}","templated":true}]}}