{"id":2524,"date":"2025-07-10T15:06:37","date_gmt":"2025-07-10T15:06:37","guid":{"rendered":"https:\/\/sfb.ma\/?post_type=product&#038;p=2524"},"modified":"2025-11-21T16:30:24","modified_gmt":"2025-11-21T16:30:24","slug":"ashwagandha","status":"publish","type":"product","link":"https:\/\/sfb.ma\/fr\/produit\/ashwagandha\/","title":{"rendered":"Ashwagandha"},"content":{"rendered":"<div data-elementor-type=\"product-post\" data-elementor-id=\"2524\" class=\"elementor elementor-2524\" data-elementor-post-type=\"product\">\n\t\t\t\t<div class=\"wd-negative-gap elementor-element elementor-element-a13b381 e-flex e-con-boxed e-con e-parent\" data-id=\"a13b381\" data-element_type=\"container\" data-e-type=\"container\">\n\t\t\t\t\t<div class=\"e-con-inner\">\n\t\t<div class=\"elementor-element elementor-element-443397d e-con-full e-flex e-con e-child\" data-id=\"443397d\" data-element_type=\"container\" data-e-type=\"container\">\n\t\t\t\t<div class=\"elementor-element elementor-element-6dbdd96 elementor-widget elementor-widget-wd_text_block\" data-id=\"6dbdd96\" data-element_type=\"widget\" data-e-type=\"widget\" data-widget_type=\"wd_text_block.default\">\n\t\t\t\t<div class=\"elementor-widget-container\">\n\t\t\t\t\t\t\t<div class=\"wd-text-block reset-last-child text-center\">\n\t\t\t\n\t\t\t<h3 class=\"\">Qu'est-ce que l'Ashwagandha ? Le secret de la jeunesse et de la vitalit\u00e9 de la m\u00e9decine ayurv\u00e9dique !<\/h3>\n\t\t\t\t\t<\/div>\n\t\t\t\t\t\t<\/div>\n\t\t\t\t<\/div>\n\t\t\t\t<div class=\"elementor-element elementor-element-8b65a31 elementor-widget elementor-widget-wd_text_block\" data-id=\"8b65a31\" data-element_type=\"widget\" data-e-type=\"widget\" data-widget_type=\"wd_text_block.default\">\n\t\t\t\t<div class=\"elementor-widget-container\">\n\t\t\t\t\t\t\t<div class=\"wd-text-block reset-last-child text-center\">\n\t\t\t\n\t\t\t<p>Ressentez-vous que le stress de la vie \u00e9puise votre \u00e9nergie ? Vous cherchez un moyen naturel de retrouver calme et \u00e9quilibre ? Alors, il est temps de d\u00e9couvrir <b class=\"\">Ashwagandha<\/b>cette herbe l\u00e9gendaire, \u00e9galement connue en anglais sous le nom de <b class=\"\">Ashwagandha<\/b>Nom scientifique <i class=\"\">Withania somnifera<\/i>L\u2019ashwagandha est l\u2019une des plantes les plus puissantes de la m\u00e9decine traditionnelle indienne (Ayurveda), surnomm\u00e9e la \"reine des herbes ayurv\u00e9diques\" ou le \"ginseng indien\" en raison de ses nombreux bienfaits. Utilis\u00e9e depuis des mill\u00e9naires comme plante adaptog\u00e8ne, elle aide le corps \u00e0 s\u2019adapter \u00e0 diff\u00e9rents types de stress : physique, chimique ou \u00e9motionnel.\nMais que savez-vous vraiment de cette racine miraculeuse, porteuse de calme, d\u2019\u00e9nergie et d\u2019immunit\u00e9 renforc\u00e9e ? D\u00e9couvrez avec nous le secret de l\u2019ashwagandha, votre alli\u00e9e naturelle pour une vie plus \u00e9quilibr\u00e9e et r\u00e9siliente.<\/p>\n\t\t\t\t\t<\/div>\n\t\t\t\t\t\t<\/div>\n\t\t\t\t<\/div>\n\t\t\t\t<\/div>\n\t\t<div class=\"elementor-element elementor-element-cad89f9 e-con-full e-flex e-con e-child\" data-id=\"cad89f9\" data-element_type=\"container\" data-e-type=\"container\">\n\t\t\t\t<div class=\"elementor-element elementor-element-7f41394 elementor-widget elementor-widget-wd_text_block\" data-id=\"7f41394\" data-element_type=\"widget\" data-e-type=\"widget\" data-widget_type=\"wd_text_block.default\">\n\t\t\t\t<div class=\"elementor-widget-container\">\n\t\t\t\t\t\t\t<div class=\"wd-text-block reset-last-child text-center\">\n\t\t\t\n\t\t\t<h3 class=\"\">Les Bienfaits de l'Ashwagandha : Pourquoi Cette Racine Pr\u00e9cieuse M\u00e9rite une Place dans Votre Routine Quotidienne<\/h3>\n\t\t\t\t\t<\/div>\n\t\t\t\t\t\t<\/div>\n\t\t\t\t<\/div>\n\t\t\t\t<div class=\"elementor-element elementor-element-ca3082f elementor-widget elementor-widget-wd_text_block\" data-id=\"ca3082f\" data-element_type=\"widget\" data-e-type=\"widget\" data-widget_type=\"wd_text_block.default\">\n\t\t\t\t<div class=\"elementor-widget-container\">\n\t\t\t\t\t\t\t<div class=\"wd-text-block reset-last-child text-center\">\n\t\t\t\n\t\t\t<p>est connue <b class=\"\">Ashwagandha<\/b> avec ses compos\u00e9s actifs uniques, notamment <b class=\"\">Withanolides<\/b>, auxquelles on attribue la plupart de ses propri\u00e9t\u00e9s th\u00e9rapeutiques. Ces compos\u00e9s agissent \u00e0 plusieurs niveaux dans le corps pour soutenir la sant\u00e9 globale. Parmi ses principaux bienfaits :<\/p><ul><li class=\"animating\"><p><b>Un rem\u00e8de naturel contre le stress et l\u2019anxi\u00e9t\u00e9 :<\/b> L\u2019ashwagandha est reconnue principalement pour sa capacit\u00e9 \u00e0 r\u00e9duire les niveaux de cortisol (l\u2019hormone du stress), ce qui aide \u00e0 calmer le syst\u00e8me nerveux, diminuer l\u2019anxi\u00e9t\u00e9 et am\u00e9liorer la r\u00e9ponse au stress psychologique. C\u2019est le choix id\u00e9al pour ceux qui recherchent la s\u00e9r\u00e9nit\u00e9 dans un monde au rythme effr\u00e9n\u00e9.<\/p><\/li><li><p><b>Augmenter l\u2019\u00e9nergie &amp; combattre la fatigue:<\/b> Bien qu\u2019elle ait un effet apaisant sur le stress, l\u2019ashwagandha augmente \u00e9galement les niveaux d\u2019\u00e9nergie et de vitalit\u00e9. Elle aide le corps \u00e0 s\u2019adapter au stress, r\u00e9duisant la fatigue chronique et am\u00e9liorant l\u2019endurance physique et mentale.<\/p><\/li><li><p><b>Am\u00e9lioration de la qualit\u00e9 du sommeil<\/b> Gr\u00e2ce \u00e0 ses propri\u00e9t\u00e9s apaisantes, l'ashwagandha contribue \u00e0 am\u00e9liorer la qualit\u00e9 du sommeil et \u00e0 lutter contre l'insomnie, vous permettant de vous r\u00e9veiller repos\u00e9 et plein d'\u00e9nergie. Le mot \u00ab somnifera \u00bb dans son nom scientifique signifie \u00ab qui apporte le sommeil \u00bb.<\/p><\/li><li><p><b>Soutient les fonctions c\u00e9r\u00e9brales et la m\u00e9moire :<\/b> Les recherches montrent que l\u2019Ashwagandha peut am\u00e9liorer les fonctions cognitives, notamment la m\u00e9moire, la concentration et la rapidit\u00e9 de traitement de l\u2019information, en prot\u00e9geant les cellules c\u00e9r\u00e9brales et en favorisant la croissance des neurones.<\/p><\/li><li><p><b>Renforcement du syst\u00e8me immunitaire :<\/b> Gr\u00e2ce \u00e0 ses propri\u00e9t\u00e9s antioxydantes et anti-inflammatoires, l\u2019ashwagandha renforce le syst\u00e8me immunitaire, augmentant ainsi la capacit\u00e9 du corps \u00e0 r\u00e9sister aux infections et aux maladies.<\/p><\/li><li><p><b>Soutien de la sant\u00e9 sexuelle et de la fertilit\u00e9 :<\/b> Utilis\u00e9 traditionnellement pour soutenir la sant\u00e9 reproductive, am\u00e9liorer la libido et augmenter la fertilit\u00e9 chez les hommes et les femmes.<\/p><\/li><li><p><b>Propri\u00e9t\u00e9s anti-inflammatoires et antioxydantes :<\/b> L\u2019ashwagandha combat l\u2019inflammation chronique et les radicaux libres, prot\u00e9geant ainsi le corps contre les maladies chroniques et soutenant la sant\u00e9 g\u00e9n\u00e9rale.<\/p><\/li><\/ul>\n\t\t\t\t\t<\/div>\n\t\t\t\t\t\t<\/div>\n\t\t\t\t<\/div>\n\t\t\t\t<\/div>\n\t\t<div class=\"elementor-element elementor-element-5851e35 e-con-full e-flex e-con e-child\" data-id=\"5851e35\" data-element_type=\"container\" data-e-type=\"container\">\n\t\t\t\t<div class=\"elementor-element elementor-element-1a24ee6 elementor-widget elementor-widget-wd_text_block\" data-id=\"1a24ee6\" data-element_type=\"widget\" data-e-type=\"widget\" data-widget_type=\"wd_text_block.default\">\n\t\t\t\t<div class=\"elementor-widget-container\">\n\t\t\t\t\t\t\t<div class=\"wd-text-block reset-last-child text-center\">\n\t\t\t\n\t\t\t<h3>Pourquoi les experts font-ils confiance \u00e0 l\u2019Ashwagandha ? La science confirme la puissance de cet adaptog\u00e8ne ayurv\u00e9dique !<\/h3>\n\t\t\t\t\t<\/div>\n\t\t\t\t\t\t<\/div>\n\t\t\t\t<\/div>\n\t\t\t\t<div class=\"elementor-element elementor-element-12494ea elementor-widget elementor-widget-wd_text_block\" data-id=\"12494ea\" data-element_type=\"widget\" data-e-type=\"widget\" data-widget_type=\"wd_text_block.default\">\n\t\t\t\t<div class=\"elementor-widget-container\">\n\t\t\t\t\t\t\t<div class=\"wd-text-block reset-last-child text-center\">\n\t\t\t\n\t\t\t<p>Ne sont plus <b>Ashwagandha<\/b> Bien plus qu\u2019une simple plante ancienne de la m\u00e9decine indienne traditionnelle, l\u2019Ashwagandha est devenue un centre d\u2019int\u00e9r\u00eat mondial dans les milieux scientifiques et m\u00e9dicaux modernes. De nombreuses \u00e9tudes cliniques et recherches d\u00e9montrent son efficacit\u00e9 pour r\u00e9duire le stress, am\u00e9liorer le sommeil, augmenter l\u2019\u00e9nergie et soutenir les fonctions cognitives et immunitaires. Elle est recommand\u00e9e par des experts en m\u00e9decine int\u00e9grative, des neurologues, des nutritionnistes et des psychoth\u00e9rapeutes comme une option naturelle s\u00fbre et efficace pour faire face aux d\u00e9fis de la vie moderne. La confiance croissante envers l\u2019Ashwagandha provient de son long historique d\u2019utilisation s\u00fbre et efficace pendant des milliers d\u2019ann\u00e9es, ainsi que des preuves scientifiques accumul\u00e9es qui confirment sa place parmi les principales plantes adaptog\u00e8nes au monde. \u00cates-vous pr\u00eat \u00e0 int\u00e9grer l\u2019Ashwagandha dans votre routine quotidienne et \u00e0 retrouver votre \u00e9quilibre physique et mental ?<\/p>\n\t\t\t\t\t<\/div>\n\t\t\t\t\t\t<\/div>\n\t\t\t\t<\/div>\n\t\t\t\t<\/div>\n\t\t\t\t\t<\/div>\n\t\t\t\t<\/div>\n\t\t\t\t<\/div>","protected":false},"excerpt":{"rendered":"<p>Qu\u2019est-ce que l\u2019Ashwagandha\u202f? Le secret de jeunesse et de souplesse de l\u2019Ayurveda\u202f! La vie vous \u00e9puise\u202f? Vous cherchez une solution<\/p>","protected":false},"featured_media":4129,"comment_status":"open","ping_status":"closed","template":"","meta":[],"product_brand":[],"product_cat":[65],"product_tag":[],"class_list":{"0":"post-2524","1":"product","2":"type-product","3":"status-publish","4":"has-post-thumbnail","6":"product_cat-65","7":"pa_-1-kg","8":"pa_-250-g","9":"pa_-500-g","11":"first","12":"instock","13":"shipping-taxable","14":"purchasable","15":"product-type-variable"},"jetpack_sharing_enabled":true,"_links":{"self":[{"href":"https:\/\/sfb.ma\/fr\/wp-json\/wp\/v2\/product\/2524","targetHints":{"allow":["GET"]}}],"collection":[{"href":"https:\/\/sfb.ma\/fr\/wp-json\/wp\/v2\/product"}],"about":[{"href":"https:\/\/sfb.ma\/fr\/wp-json\/wp\/v2\/types\/product"}],"replies":[{"embeddable":true,"href":"https:\/\/sfb.ma\/fr\/wp-json\/wp\/v2\/comments?post=2524"}],"version-history":[{"count":0,"href":"https:\/\/sfb.ma\/fr\/wp-json\/wp\/v2\/product\/2524\/revisions"}],"wp:featuredmedia":[{"embeddable":true,"href":"https:\/\/sfb.ma\/fr\/wp-json\/wp\/v2\/media\/4129"}],"wp:attachment":[{"href":"https:\/\/sfb.ma\/fr\/wp-json\/wp\/v2\/media?parent=2524"}],"wp:term":[{"taxonomy":"product_brand","embeddable":true,"href":"https:\/\/sfb.ma\/fr\/wp-json\/wp\/v2\/product_brand?post=2524"},{"taxonomy":"product_cat","embeddable":true,"href":"https:\/\/sfb.ma\/fr\/wp-json\/wp\/v2\/product_cat?post=2524"},{"taxonomy":"product_tag","embeddable":true,"href":"https:\/\/sfb.ma\/fr\/wp-json\/wp\/v2\/product_tag?post=2524"}],"curies":[{"name":"wp","href":"https:\/\/api.w.org\/{rel}","templated":true}]}}