{"id":2534,"date":"2025-07-10T15:25:14","date_gmt":"2025-07-10T15:25:14","guid":{"rendered":"https:\/\/sfb.ma\/?post_type=product&#038;p=2534"},"modified":"2026-04-06T18:56:53","modified_gmt":"2026-04-06T18:56:53","slug":"champignon-reishi","status":"publish","type":"product","link":"https:\/\/sfb.ma\/fr\/produit\/champignon-reishi\/","title":{"rendered":"Champignon Reishi"},"content":{"rendered":"<div data-elementor-type=\"product-post\" data-elementor-id=\"2534\" class=\"elementor elementor-2534\" data-elementor-post-type=\"product\">\n\t\t\t\t<div class=\"wd-negative-gap elementor-element elementor-element-fa9c73c e-flex e-con-boxed e-con e-parent\" data-id=\"fa9c73c\" data-element_type=\"container\" data-e-type=\"container\">\n\t\t\t\t\t<div class=\"e-con-inner\">\n\t\t<div class=\"elementor-element elementor-element-d645cb5 e-con-full e-flex e-con e-child\" data-id=\"d645cb5\" data-element_type=\"container\" data-e-type=\"container\">\n\t\t\t\t<div class=\"elementor-element elementor-element-4f91bfc elementor-widget elementor-widget-wd_text_block\" data-id=\"4f91bfc\" data-element_type=\"widget\" data-e-type=\"widget\" data-widget_type=\"wd_text_block.default\">\n\t\t\t\t<div class=\"elementor-widget-container\">\n\t\t\t\t\t\t\t<div class=\"wd-text-block reset-last-child text-center\">\n\t\t\t\n\t\t\t<h3>Qu\u2019est-ce que le champignon Reishi ? L\u2019\u00e9lixir de vie venu d\u2019Asie !<\/h3>\n\t\t\t\t\t<\/div>\n\t\t\t\t\t\t<\/div>\n\t\t\t\t<\/div>\n\t\t\t\t<div class=\"elementor-element elementor-element-09d9d38 elementor-widget elementor-widget-wd_text_block\" data-id=\"09d9d38\" data-element_type=\"widget\" data-e-type=\"widget\" data-widget_type=\"wd_text_block.default\">\n\t\t\t\t<div class=\"elementor-widget-container\">\n\t\t\t\t\t\t\t<div class=\"wd-text-block reset-last-child text-center\">\n\t\t\t\n\t\t\t<p>Cherchez-vous le secret d\u2019une sant\u00e9 durable, d\u2019une immunit\u00e9 forte et d\u2019une paix int\u00e9rieure h\u00e9rit\u00e9e ? Alors il est temps de d\u00e9couvrir. <b>Champignon Reishi<\/b>ou connu mondialement sous le nom de <b>Reishi Mushroom<\/b>et son nom scientifique est <i>Ganoderma lucidum<\/i>Ce champignon brillant, de couleur brun rouge\u00e2tre et \u00e0 la texture bois\u00e9e, est v\u00e9n\u00e9r\u00e9 dans la m\u00e9decine traditionnelle chinoise depuis des milliers d\u2019ann\u00e9es. On l\u2019appelle le \u00ab champignon de l\u2019immortalit\u00e9 \u00bb ou le \u00ab roi des herbes \u00bb. Ce n\u2019est pas un champignon ordinaire, mais plut\u00f4t <b>Adaptog\u00e8ne<\/b> Un champignon puissant qui aide le corps \u00e0 s\u2019adapter \u00e0 tous types de stress et renforce son \u00e9quilibre int\u00e9rieur. Que savez-vous vraiment de ce champignon l\u00e9gendaire, porteur de promesses d\u2019immunit\u00e9 sup\u00e9rieure, d\u2019\u00e9nergie renouvel\u00e9e et de s\u00e9r\u00e9nit\u00e9 ? D\u00e9couvrez avec nous le secret du champignon Reishi, cadeau de la nature pour une sant\u00e9 globale et une vie plus longue.<\/p>\n\t\t\t\t\t<\/div>\n\t\t\t\t\t\t<\/div>\n\t\t\t\t<\/div>\n\t\t\t\t<\/div>\n\t\t<div class=\"elementor-element elementor-element-c7f99d9 e-con-full e-flex e-con e-child\" data-id=\"c7f99d9\" data-element_type=\"container\" data-e-type=\"container\">\n\t\t\t\t<div class=\"elementor-element elementor-element-4d0c81d elementor-widget elementor-widget-wd_text_block\" data-id=\"4d0c81d\" data-element_type=\"widget\" data-e-type=\"widget\" data-widget_type=\"wd_text_block.default\">\n\t\t\t\t<div class=\"elementor-widget-container\">\n\t\t\t\t\t\t\t<div class=\"wd-text-block reset-last-child text-center\">\n\t\t\t\n\t\t\t<h3>Bienfaits du champignon Reishi : Pourquoi ce champignon miracle m\u00e9rite une place dans votre routine sant\u00e9<\/h3>\n\t\t\t\t\t<\/div>\n\t\t\t\t\t\t<\/div>\n\t\t\t\t<\/div>\n\t\t\t\t<div class=\"elementor-element elementor-element-2733275 elementor-widget elementor-widget-wd_text_block\" data-id=\"2733275\" data-element_type=\"widget\" data-e-type=\"widget\" data-widget_type=\"wd_text_block.default\">\n\t\t\t\t<div class=\"elementor-widget-container\">\n\t\t\t\t\t\t\t<div class=\"wd-text-block reset-last-child text-center\">\n\t\t\t\n\t\t\t<p>Est consid\u00e9r\u00e9 <b>Champignon Reishi<\/b> riche en compos\u00e9s bioactifs uniques tels que <b>Polysaccharides<\/b>et<b>Triterp\u00e8nes<\/b>et<b>Peptidoglycanes<\/b>qui lui conf\u00e8rent de multiples et remarquables propri\u00e9t\u00e9s th\u00e9rapeutiques. Ses principaux bienfaits incluent :<\/p><ul><li><p><b>Un booster exceptionnel du syst\u00e8me immunitaire :<\/b> Voici les principaux bienfaits du champignon Reishi. Il active les cellules immunitaires telles que les cellules tueuses naturelles (NK) et les lymphocytes T, renfor\u00e7ant la capacit\u00e9 du corps \u00e0 combattre virus, bact\u00e9ries et cellules anormales. C\u2019est votre bouclier contre les maladies et infections.<\/p><\/li><li><p><b>Un puissant anti-stress et anxi\u00e9t\u00e9 (adaptog\u00e8ne) :<\/b> Le champignon reishi aide le corps \u00e0 s\u2019adapter au stress physique et mental. Il apaise le syst\u00e8me nerveux, r\u00e9duit les niveaux de cortisol, diminue l\u2019anxi\u00e9t\u00e9, am\u00e9liore l\u2019humeur et favorise un sentiment de calme et de tranquillit\u00e9.<\/p><\/li><li><p><b>Soutien de la sant\u00e9 cardiaque et cardiovasculaire:<\/b> Le champignon reishi montre une capacit\u00e9 \u00e0 r\u00e9duire le mauvais cholest\u00e9rol (LDL), \u00e0 r\u00e9guler la pression art\u00e9rielle et \u00e0 am\u00e9liorer la circulation, contribuant \u00e0 la protection du c\u0153ur et des art\u00e8res.<\/p><\/li><li><p><b>Propri\u00e9t\u00e9s anti-inflammatoires et antioxydantes:<\/b> Il contient des compos\u00e9s puissants agissant comme agents anti-inflammatoires et antioxydants, prot\u00e9geant les cellules des dommages caus\u00e9s par les radicaux libres et r\u00e9duisant l\u2019inflammation chronique dans le corps.<\/p><\/li><li><p><b>Am\u00e9lioration de la qualit\u00e9 du sommeil<\/b> Gr\u00e2ce \u00e0 son effet apaisant sur le syst\u00e8me nerveux, le champignon Reishi peut am\u00e9liorer la qualit\u00e9 du sommeil et lutter contre l\u2019insomnie, vous aidant \u00e0 vous r\u00e9veiller repos\u00e9.<\/p><\/li><li><p><b>Soutient la sant\u00e9 du foie:<\/b> Il contribue \u00e0 prot\u00e9ger le foie des toxines et soutient ses fonctions vitales de d\u00e9toxication.<\/p><\/li><li><p><b>Soutient le syst\u00e8me respiratoire:<\/b> Utilis\u00e9 traditionnellement pour soulager les probl\u00e8mes respiratoires comme l\u2019asthme et la bronchite, il aide \u00e0 apaiser les voies respiratoires et \u00e0 r\u00e9duire l\u2019inflammation.<\/p><\/li><\/ul>\n\t\t\t\t\t<\/div>\n\t\t\t\t\t\t<\/div>\n\t\t\t\t<\/div>\n\t\t\t\t<\/div>\n\t\t<div class=\"elementor-element elementor-element-5052bc7 e-con-full e-flex e-con e-child\" data-id=\"5052bc7\" data-element_type=\"container\" data-e-type=\"container\">\n\t\t\t\t<div class=\"elementor-element elementor-element-64e6605 elementor-widget elementor-widget-wd_text_block\" data-id=\"64e6605\" data-element_type=\"widget\" data-e-type=\"widget\" data-widget_type=\"wd_text_block.default\">\n\t\t\t\t<div class=\"elementor-widget-container\">\n\t\t\t\t\t\t\t<div class=\"wd-text-block reset-last-child text-center\">\n\t\t\t\n\t\t\t<h3>Pourquoi les experts font-ils confiance au champignon Reishi ? La science confirme le \u00ab roi des herbes \u00bb !<\/h3>\n\t\t\t\t\t<\/div>\n\t\t\t\t\t\t<\/div>\n\t\t\t\t<\/div>\n\t\t\t\t<div class=\"elementor-element elementor-element-6d1bb0b elementor-widget elementor-widget-wd_text_block\" data-id=\"6d1bb0b\" data-element_type=\"widget\" data-e-type=\"widget\" data-widget_type=\"wd_text_block.default\">\n\t\t\t\t<div class=\"elementor-widget-container\">\n\t\t\t\t\t\t\t<div class=\"wd-text-block reset-last-child text-center\">\n\t\t\t\n\t\t\t<p>N\u2019est plus <b>Champignon Reishi<\/b> Ce n\u2019est pas seulement une ancienne l\u00e9gende, mais d\u00e9sormais un centre d\u2019int\u00e9r\u00eat mondial dans les milieux scientifiques et m\u00e9dicaux modernes. De nombreuses \u00e9tudes cliniques montrent son efficacit\u00e9 pour renforcer l\u2019immunit\u00e9, r\u00e9duire le stress, soutenir la sant\u00e9 cardiaque, et ses propri\u00e9t\u00e9s anticanc\u00e9reuses (dans certaines \u00e9tudes pr\u00e9liminaires). Il est recommand\u00e9 par des experts en m\u00e9decine int\u00e9grative, des nutritionnistes et des mycologues m\u00e9dicaux comme une option naturelle s\u00fbre et efficace pour am\u00e9liorer la sant\u00e9 globale et pr\u00e9venir les maladies. La confiance croissante envers le champignon Reishi d\u00e9coule de sa longue histoire d\u2019utilisation s\u00fbre et efficace depuis des milliers d\u2019ann\u00e9es, ainsi que des preuves scientifiques accumul\u00e9es confirmant sa place parmi les \u201csuperaliments\u201d et adaptog\u00e8nes les plus reconnus au monde. \u00cates-vous pr\u00eat \u00e0 int\u00e9grer le champignon Reishi dans votre routine quotidienne et \u00e0 d\u00e9couvrir par vous-m\u00eame ce champignon miracle ?<\/p>\n\t\t\t\t\t<\/div>\n\t\t\t\t\t\t<\/div>\n\t\t\t\t<\/div>\n\t\t\t\t<\/div>\n\t\t\t\t\t<\/div>\n\t\t\t\t<\/div>\n\t\t\t\t<\/div>","protected":false},"excerpt":{"rendered":"<p>Qu\u2019est-ce que le Reishi ? L\u2019\u00e9lixir de vie asiatique pour long\u00e9vit\u00e9, immunit\u00e9 forte et paix int\u00e9rieure. D\u00e9couvrez ce secret naturel !<\/p>","protected":false},"featured_media":4036,"comment_status":"open","ping_status":"closed","template":"","meta":[],"product_brand":[],"product_cat":[65],"product_tag":[],"class_list":{"0":"post-2534","1":"product","2":"type-product","3":"status-publish","4":"has-post-thumbnail","6":"product_cat-65","7":"pa_-1-kg","8":"pa_-100-g","9":"pa_-250-g","10":"pa_-500-g","12":"first","13":"instock","14":"shipping-taxable","15":"purchasable","16":"product-type-variable"},"jetpack_sharing_enabled":true,"_links":{"self":[{"href":"https:\/\/sfb.ma\/fr\/wp-json\/wp\/v2\/product\/2534","targetHints":{"allow":["GET"]}}],"collection":[{"href":"https:\/\/sfb.ma\/fr\/wp-json\/wp\/v2\/product"}],"about":[{"href":"https:\/\/sfb.ma\/fr\/wp-json\/wp\/v2\/types\/product"}],"replies":[{"embeddable":true,"href":"https:\/\/sfb.ma\/fr\/wp-json\/wp\/v2\/comments?post=2534"}],"version-history":[{"count":0,"href":"https:\/\/sfb.ma\/fr\/wp-json\/wp\/v2\/product\/2534\/revisions"}],"wp:featuredmedia":[{"embeddable":true,"href":"https:\/\/sfb.ma\/fr\/wp-json\/wp\/v2\/media\/4036"}],"wp:attachment":[{"href":"https:\/\/sfb.ma\/fr\/wp-json\/wp\/v2\/media?parent=2534"}],"wp:term":[{"taxonomy":"product_brand","embeddable":true,"href":"https:\/\/sfb.ma\/fr\/wp-json\/wp\/v2\/product_brand?post=2534"},{"taxonomy":"product_cat","embeddable":true,"href":"https:\/\/sfb.ma\/fr\/wp-json\/wp\/v2\/product_cat?post=2534"},{"taxonomy":"product_tag","embeddable":true,"href":"https:\/\/sfb.ma\/fr\/wp-json\/wp\/v2\/product_tag?post=2534"}],"curies":[{"name":"wp","href":"https:\/\/api.w.org\/{rel}","templated":true}]}}