{"id":2552,"date":"2025-07-10T15:51:51","date_gmt":"2025-07-10T15:51:51","guid":{"rendered":"https:\/\/sfb.ma\/?post_type=product&#038;p=2552"},"modified":"2026-04-06T18:50:17","modified_gmt":"2026-04-06T18:50:17","slug":"spores-champignon-reishi","status":"publish","type":"product","link":"https:\/\/sfb.ma\/fr\/produit\/spores-champignon-reishi\/","title":{"rendered":"Spores de champignon Reishi"},"content":{"rendered":"<div data-elementor-type=\"product-post\" data-elementor-id=\"2552\" class=\"elementor elementor-2552\" data-elementor-post-type=\"product\">\n\t\t\t\t<div class=\"wd-negative-gap elementor-element elementor-element-b5a6c1d e-flex e-con-boxed e-con e-parent\" data-id=\"b5a6c1d\" data-element_type=\"container\" data-e-type=\"container\">\n\t\t\t\t\t<div class=\"e-con-inner\">\n\t\t<div class=\"elementor-element elementor-element-ba31ac8 e-con-full e-flex e-con e-child\" data-id=\"ba31ac8\" data-element_type=\"container\" data-e-type=\"container\">\n\t\t\t\t<div class=\"elementor-element elementor-element-8b6c642 elementor-widget elementor-widget-wd_text_block\" data-id=\"8b6c642\" data-element_type=\"widget\" data-e-type=\"widget\" data-widget_type=\"wd_text_block.default\">\n\t\t\t\t<div class=\"elementor-widget-container\">\n\t\t\t\t\t\t\t<div class=\"wd-text-block reset-last-child text-center\">\n\t\t\t\n\t\t\t<h3>Qu\u2019est-ce que les spores du champignon Reishi ? Les graines de vie qui surpassent le champignon lui-m\u00eame !<\/h3>\n\t\t\t\t\t<\/div>\n\t\t\t\t\t\t<\/div>\n\t\t\t\t<\/div>\n\t\t\t\t<div class=\"elementor-element elementor-element-7cc61ae elementor-widget elementor-widget-wd_text_block\" data-id=\"7cc61ae\" data-element_type=\"widget\" data-e-type=\"widget\" data-widget_type=\"wd_text_block.default\">\n\t\t\t\t<div class=\"elementor-widget-container\">\n\t\t\t\t\t\t\t<div class=\"wd-text-block reset-last-child text-center\">\n\t\t\t\n\t\t\t<p>Saviez-vous que la partie la plus pr\u00e9cieuse du \u00ab champignon de l\u2019immortalit\u00e9 \u00bb n\u2019est pas le champignon lui-m\u00eame, mais ses spores minuscules ? Il est temps de d\u00e9couvrir <b>Spores de champignon Reishi<\/b>, \u00e9galement connu en anglais sous le nom de <b>Reishi Mushroom Spores<\/b>Les spores du champignon reishi sont comme le pollen ou les \u00ab graines \u00bb lib\u00e9r\u00e9es par le Ganoderma lucidum \u00e0 maturit\u00e9. Bien qu\u2019elles soient tr\u00e8s petites, elles repr\u00e9sentent la partie la plus concentr\u00e9e et la plus riche en compos\u00e9s bioactifs du champignon entier, ce qui en fait un v\u00e9ritable tr\u00e9sor pour la sant\u00e9.<\/p><p>La r\u00e9colte des spores du champignon reishi est un processus d\u00e9licat et complexe, car elles sont lib\u00e9r\u00e9es en tr\u00e8s petites quantit\u00e9s, ce qui les rend rares et pr\u00e9cieuses. La poudre pure de spores de reishi se distingue par sa couleur brun clair et sa texture extr\u00eamement fine, diff\u00e9rente de la poudre compl\u00e8te du champignon reishi en concentration et en efficacit\u00e9. Les recherches montrent que les spores de reishi poss\u00e8dent une \u00ab coque \u00bb protectrice difficile \u00e0 dig\u00e9rer pour le corps. Ainsi, les meilleures poudres de spores de reishi sont \u00ab shell-broken \u00bb gr\u00e2ce \u00e0 des techniques sp\u00e9ciales pour garantir une absorption maximale des compos\u00e9s actifs. D\u00e9couvrez le secret des spores de champignon reishi, l\u2019essence du champignon de l\u2019immortalit\u00e9, pour renforcer votre sant\u00e9 avec une efficacit\u00e9 in\u00e9gal\u00e9e !<\/p>\n\t\t\t\t\t<\/div>\n\t\t\t\t\t\t<\/div>\n\t\t\t\t<\/div>\n\t\t\t\t<\/div>\n\t\t<div class=\"elementor-element elementor-element-0480601 e-con-full e-flex e-con e-child\" data-id=\"0480601\" data-element_type=\"container\" data-e-type=\"container\">\n\t\t\t\t<div class=\"elementor-element elementor-element-cfa45dd elementor-widget elementor-widget-wd_text_block\" data-id=\"cfa45dd\" data-element_type=\"widget\" data-e-type=\"widget\" data-widget_type=\"wd_text_block.default\">\n\t\t\t\t<div class=\"elementor-widget-container\">\n\t\t\t\t\t\t\t<div class=\"wd-text-block reset-last-child text-center\">\n\t\t\t\n\t\t\t<h3>Les bienfaits des spores de champignon Reishi : pourquoi ces petits tr\u00e9sors m\u00e9ritent une place de choix dans vos compl\u00e9ments sant\u00e9<\/h3>\n\t\t\t\t\t<\/div>\n\t\t\t\t\t\t<\/div>\n\t\t\t\t<\/div>\n\t\t\t\t<div class=\"elementor-element elementor-element-4a8ffd0 elementor-widget elementor-widget-wd_text_block\" data-id=\"4a8ffd0\" data-element_type=\"widget\" data-e-type=\"widget\" data-widget_type=\"wd_text_block.default\">\n\t\t\t\t<div class=\"elementor-widget-container\">\n\t\t\t\t\t\t\t<div class=\"wd-text-block reset-last-child text-center\">\n\t\t\t\n\t\t\t<p>Est consid\u00e9r\u00e9e comme <b>Spores de champignon Reishi<\/b> Exceptionnellement riche en compos\u00e9s bioactifs, notamment ceux concentr\u00e9s dans <b>Triterp\u00e8nes<\/b> (avec une concentration bien plus \u00e9lev\u00e9e que le corps fructif\u00e8re), et<b>Polysaccharides<\/b>Une large gamme de vitamines, min\u00e9raux, acides gras essentiels et antioxydants. Ses principaux bienfaits incluent :<\/p><ul><li><p><b>Renfort Puissant du Syst\u00e8me Immunitaire:<\/b> Gr\u00e2ce \u00e0 leur haute concentration en polysaccharides et terp\u00e8nes, les spores du champignon Reishi sont parmi les stimulateurs naturels les plus puissants du syst\u00e8me immunitaire. Elles augmentent l\u2019activit\u00e9 des cellules immunitaires et renforcent la capacit\u00e9 du corps \u00e0 combattre les virus, bact\u00e9ries, et m\u00eame les cellules anormales, offrant ainsi un bouclier protecteur efficace.<\/p><\/li><li><p><b>Agent Puissant Anti-Cancer et Soutien \u00e0 la Chimioth\u00e9rapie:<\/b> De nombreuses \u00e9tudes en laboratoire et sur animaux montrent que les terp\u00e8nes pr\u00e9sents dans les spores de champignon reishi peuvent aider \u00e0 inhiber la croissance des cellules canc\u00e9reuses, cibler leur destruction, r\u00e9duire les effets secondaires de la chimioth\u00e9rapie et am\u00e9liorer la qualit\u00e9 de vie des patients atteints de cancer.<\/p><\/li><li><p><b>Protection du Foie et D\u00e9toxification:<\/b> Les spores du champignon Reishi sont reconnues pour leur capacit\u00e9 \u00e0 soutenir la sant\u00e9 du foie et \u00e0 le prot\u00e9ger des dommages. Elles favorisent les fonctions h\u00e9patiques en aidant \u00e0 la d\u00e9toxification, contribuant ainsi \u00e0 purifier le sang et \u00e0 am\u00e9liorer la sant\u00e9 g\u00e9n\u00e9rale.<\/p><\/li><li><p><b>Propri\u00e9t\u00e9s puissantes antioxydantes et anti-inflammatoires :<\/b> La forte concentration d'antioxydants dans les spores de reishi prot\u00e8ge les cellules contre les dommages caus\u00e9s par les radicaux libres, responsables du vieillissement et des maladies chroniques. Elles r\u00e9duisent \u00e9galement l'inflammation dans le corps avec une grande efficacit\u00e9.<\/p><\/li><li><p><b>Augmenter l\u2019\u00e9nergie &amp; combattre la fatigue:<\/b> Les spores de champignon reishi contribuent \u00e0 augmenter l'\u00e9nergie vitale, \u00e0 combattre la fatigue chronique et \u00e0 am\u00e9liorer l'endurance, vous offrant une vitalit\u00e9 durable tout au long de la journ\u00e9e.<\/p><\/li><li><p><b>Soutien au syst\u00e8me nerveux et au sommeil:<\/b> Aide \u00e0 apaiser le syst\u00e8me nerveux, r\u00e9duire l\u2019anxi\u00e9t\u00e9 et le stress, et am\u00e9liorer la qualit\u00e9 du sommeil \u2014 favorisant une d\u00e9tente plus profonde et un bien-\u00eatre g\u00e9n\u00e9ral.<\/p><\/li><li><p><b>Bienfaits Anti-\u00c2ge:<\/b> Gr\u00e2ce \u00e0 leurs propri\u00e9t\u00e9s antioxydantes et protectrices des cellules, les spores de champignon Reishi sont consid\u00e9r\u00e9es comme un compl\u00e9ment prometteur pour lutter contre les signes du vieillissement et am\u00e9liorer la vitalit\u00e9 de la peau.<\/p><\/li><\/ul>\n\t\t\t\t\t<\/div>\n\t\t\t\t\t\t<\/div>\n\t\t\t\t<\/div>\n\t\t\t\t<\/div>\n\t\t<div class=\"elementor-element elementor-element-401a0ff e-con-full e-flex e-con e-child\" data-id=\"401a0ff\" data-element_type=\"container\" data-e-type=\"container\">\n\t\t\t\t<div class=\"elementor-element elementor-element-19c9070 elementor-widget elementor-widget-wd_text_block\" data-id=\"19c9070\" data-element_type=\"widget\" data-e-type=\"widget\" data-widget_type=\"wd_text_block.default\">\n\t\t\t\t<div class=\"elementor-widget-container\">\n\t\t\t\t\t\t\t<div class=\"wd-text-block reset-last-child text-center\">\n\t\t\t\n\t\t\t<h3>Pourquoi les experts font confiance aux spores de reishi \u2013 La science confirme leur pouvoir sur la concentration !<\/h3>\n\t\t\t\t\t<\/div>\n\t\t\t\t\t\t<\/div>\n\t\t\t\t<\/div>\n\t\t\t\t<div class=\"elementor-element elementor-element-2b11bee elementor-widget elementor-widget-wd_text_block\" data-id=\"2b11bee\" data-element_type=\"widget\" data-e-type=\"widget\" data-widget_type=\"wd_text_block.default\">\n\t\t\t\t<div class=\"elementor-widget-container\">\n\t\t\t\t\t\t\t<div class=\"wd-text-block reset-last-child text-center\">\n\t\t\t\n\t\t\t<p>Ne sont plus <b>Spores de champignon Reishi<\/b> Bien plus qu\u2019un simple ingr\u00e9dient \u00ab sp\u00e9cialis\u00e9 \u00bb en phytoth\u00e9rapie, les spores de champignon Reishi attirent une grande attention dans les milieux scientifiques et m\u00e9dicaux, notamment dans la recherche sur le cancer et le soutien immunitaire. De nombreuses \u00e9tudes d\u00e9montrent que la concentration \u00e9lev\u00e9e en compos\u00e9s actifs dans les spores les rend plus efficaces que le corps fructif\u00e8re du champignon sur certains aspects, surtout lorsque les spores sont \u00ab cass\u00e9es \u00bb pour assurer une absorption optimale. Recommand\u00e9es par les experts en m\u00e9decine int\u00e9grative, les oncologues (en th\u00e9rapie adjuvante) et les nutritionnistes, les spores de Reishi sont un choix naturel puissant pour renforcer la sant\u00e9 globale et pr\u00e9venir les maladies.<\/p><p>Utilis\u00e9e en m\u00e9decine traditionnelle chinoise pour traiter les maladies immunitaires et canc\u00e9reuses, elle est recommand\u00e9e dans des protocoles avanc\u00e9s avec des doses pr\u00e9cises.<br data-start=\"2208\" data-end=\"2211\" \/>Les recherches r\u00e9centes montrent que <strong data-start=\"2239\" data-end=\"2311\">Les spores du champignon reishi poss\u00e8dent une capacit\u00e9 remarquable \u00e0 stimuler la production des cellules immunitaires T et NK.<\/strong>Ce qui en fait l\u2019un des compl\u00e9ments naturels les plus puissants au monde.<\/p><p>La confiance grandissante envers les spores du champignon Reishi provient de leur efficacit\u00e9 remarquable et des nombreuses preuves scientifiques qui confirment leur place parmi les compl\u00e9ments naturels les plus puissants. \u00cates-vous pr\u00eat \u00e0 d\u00e9couvrir la puissance des spores de champignon Reishi et \u00e0 am\u00e9liorer votre sant\u00e9 \u00e0 un tout nouveau niveau ?<\/p>\n\t\t\t\t\t<\/div>\n\t\t\t\t\t\t<\/div>\n\t\t\t\t<\/div>\n\t\t\t\t<\/div>\n\t\t\t\t\t<\/div>\n\t\t\t\t<\/div>\n\t\t\t\t<\/div>","protected":false},"excerpt":{"rendered":"<p>Quelles sont les Spores du Champignon Reishi ? Graines de vie plus pr\u00e9cieuses que le champignon lui-m\u00eame ! Imaginez que la partie la plus pr\u00e9cieuse du \u00ab Champignon de l\u2019Immortalit\u00e9 \u00bb n\u2019est pas<\/p>","protected":false},"featured_media":4024,"comment_status":"open","ping_status":"closed","template":"","meta":[],"product_brand":[],"product_cat":[65],"product_tag":[],"class_list":{"0":"post-2552","1":"product","2":"type-product","3":"status-publish","4":"has-post-thumbnail","6":"product_cat-65","7":"pa_-1-kg","8":"pa_-100-g","9":"pa_-250-g","10":"pa_-500-g","12":"first","13":"instock","14":"shipping-taxable","15":"purchasable","16":"product-type-variable"},"jetpack_sharing_enabled":true,"_links":{"self":[{"href":"https:\/\/sfb.ma\/fr\/wp-json\/wp\/v2\/product\/2552","targetHints":{"allow":["GET"]}}],"collection":[{"href":"https:\/\/sfb.ma\/fr\/wp-json\/wp\/v2\/product"}],"about":[{"href":"https:\/\/sfb.ma\/fr\/wp-json\/wp\/v2\/types\/product"}],"replies":[{"embeddable":true,"href":"https:\/\/sfb.ma\/fr\/wp-json\/wp\/v2\/comments?post=2552"}],"version-history":[{"count":0,"href":"https:\/\/sfb.ma\/fr\/wp-json\/wp\/v2\/product\/2552\/revisions"}],"wp:featuredmedia":[{"embeddable":true,"href":"https:\/\/sfb.ma\/fr\/wp-json\/wp\/v2\/media\/4024"}],"wp:attachment":[{"href":"https:\/\/sfb.ma\/fr\/wp-json\/wp\/v2\/media?parent=2552"}],"wp:term":[{"taxonomy":"product_brand","embeddable":true,"href":"https:\/\/sfb.ma\/fr\/wp-json\/wp\/v2\/product_brand?post=2552"},{"taxonomy":"product_cat","embeddable":true,"href":"https:\/\/sfb.ma\/fr\/wp-json\/wp\/v2\/product_cat?post=2552"},{"taxonomy":"product_tag","embeddable":true,"href":"https:\/\/sfb.ma\/fr\/wp-json\/wp\/v2\/product_tag?post=2552"}],"curies":[{"name":"wp","href":"https:\/\/api.w.org\/{rel}","templated":true}]}}