{"id":2567,"date":"2025-07-10T17:11:30","date_gmt":"2025-07-10T17:11:30","guid":{"rendered":"https:\/\/sfb.ma\/?post_type=product&#038;p=2567"},"modified":"2025-10-15T19:31:33","modified_gmt":"2025-10-15T19:31:33","slug":"zygophyllum","status":"publish","type":"product","link":"https:\/\/sfb.ma\/fr\/produit\/zygophyllum\/","title":{"rendered":"Zygophyllum"},"content":{"rendered":"<div data-elementor-type=\"product-post\" data-elementor-id=\"2567\" class=\"elementor elementor-2567\" data-elementor-post-type=\"product\">\n\t\t\t\t<div class=\"wd-negative-gap elementor-element elementor-element-60b18e1 e-flex e-con-boxed e-con e-parent\" data-id=\"60b18e1\" data-element_type=\"container\" data-e-type=\"container\">\n\t\t\t\t\t<div class=\"e-con-inner\">\n\t\t<div class=\"elementor-element elementor-element-40d956f e-con-full e-flex e-con e-child\" data-id=\"40d956f\" data-element_type=\"container\" data-e-type=\"container\">\n\t\t\t\t<div class=\"elementor-element elementor-element-258bb45 elementor-widget elementor-widget-wd_text_block\" data-id=\"258bb45\" data-element_type=\"widget\" data-e-type=\"widget\" data-widget_type=\"wd_text_block.default\">\n\t\t\t\t<div class=\"elementor-widget-container\">\n\t\t\t\t\t\t\t<div class=\"wd-text-block reset-last-child text-center\">\n\t\t\t\n\t\t\t<h3>Qu\u2019est-ce que le Zygophyllum ? Tr\u00e9sors naturels rares du Maroc !<\/h3>\n\t\t\t\t\t<\/div>\n\t\t\t\t\t\t<\/div>\n\t\t\t\t<\/div>\n\t\t\t\t<div class=\"elementor-element elementor-element-cad10e0 elementor-widget elementor-widget-wd_text_block\" data-id=\"cad10e0\" data-element_type=\"widget\" data-e-type=\"widget\" data-widget_type=\"wd_text_block.default\">\n\t\t\t\t<div class=\"elementor-widget-container\">\n\t\t\t\t\t\t\t<div class=\"wd-text-block reset-last-child text-center\">\n\t\t\t\n\t\t\t<p>Vous cherchez une plante d\u00e9sertique authentique reconnue pour ses multiples vertus m\u00e9dicinales en m\u00e9decine traditionnelle ? Il est temps de d\u00e9couvrir <b>Zygophyllum<\/b>Cette plante unique, connue scientifiquement sous le nom de <b>Zygophyllum fabago<\/b>Au Maroc, on l\u2019appelle <b>Al Akaia<\/b>Elle porte aussi d\u2019autres noms dans certaines r\u00e9gions, comme <b>Rateet<\/b> et<b>Qalab  (translitt\u00e9ration litt\u00e9rale de l'arabe, sans \u00e9quivalent direct en fran\u00e7ais)<\/b>Cette plante r\u00e9sistante pousse dans les vall\u00e9es d\u00e9sertiques arides, ses branches se terminent par de petites graines qui jaunissent \u00e0 maturit\u00e9 en \u00e9t\u00e9, pr\u00eates \u00e0 \u00eatre r\u00e9colt\u00e9es.<\/p><p>Les habitants des r\u00e9gions d\u00e9sertiques se sont longtemps appuy\u00e9s sur l\u2019alkaia comme une pharmacie naturelle compl\u00e8te, l\u2019utilisant principalement pour <b>feuilles et Racines<\/b>Sa capacit\u00e9 \u00e0 pousser et survivre dans des environnements difficiles lui a conf\u00e9r\u00e9 des propri\u00e9t\u00e9s uniques et puissantes, faisant d\u2019elle un tr\u00e9sor de la m\u00e9decine traditionnelle \u00e0 d\u00e9couvrir. Que savez-vous vraiment de cette humble plante du d\u00e9sert qui porte en elle la promesse de soulagement, gu\u00e9rison et \u00e9quilibre ? D\u00e9couvrez avec nous le secret du Zygophyllum, le cadeau de la terre aride pour votre sant\u00e9 !<\/p>\n\t\t\t\t\t<\/div>\n\t\t\t\t\t\t<\/div>\n\t\t\t\t<\/div>\n\t\t\t\t<\/div>\n\t\t<div class=\"elementor-element elementor-element-b959872 e-con-full e-flex e-con e-child\" data-id=\"b959872\" data-element_type=\"container\" data-e-type=\"container\">\n\t\t\t\t<div class=\"elementor-element elementor-element-beb253d elementor-widget elementor-widget-wd_text_block\" data-id=\"beb253d\" data-element_type=\"widget\" data-e-type=\"widget\" data-widget_type=\"wd_text_block.default\">\n\t\t\t\t<div class=\"elementor-widget-container\">\n\t\t\t\t\t\t\t<div class=\"wd-text-block reset-last-child text-center\">\n\t\t\t\n\t\t\t<h3>Bienfaits du Zygophyllum : Pourquoi cette herbe unique m\u00e9rite votre attention<\/h3>\n\t\t\t\t\t<\/div>\n\t\t\t\t\t\t<\/div>\n\t\t\t\t<\/div>\n\t\t\t\t<div class=\"elementor-element elementor-element-fac0c9f elementor-widget elementor-widget-wd_text_block\" data-id=\"fac0c9f\" data-element_type=\"widget\" data-e-type=\"widget\" data-widget_type=\"wd_text_block.default\">\n\t\t\t\t<div class=\"elementor-widget-container\">\n\t\t\t\t\t\t\t<div class=\"wd-text-block reset-last-child text-center\">\n\t\t\t\n\t\t\t<p>est connue <b>Zygophyllum<\/b> Gr\u00e2ce \u00e0 ses nombreuses propri\u00e9t\u00e9s th\u00e9rapeutiques issues d\u2019usages traditionnels riches dans les r\u00e9gions d\u00e9sertiques, cette plante est couramment utilis\u00e9e par les habitants pour soigner les maladies suivantes :<\/p><ul><li><p><b>Ulc\u00e8res gastriques:<\/b> Utilis\u00e9e pour apaiser les ulc\u00e8res d\u2019estomac et r\u00e9duire l\u2019inflammation associ\u00e9e.<\/p><\/li><li><p><b>Soulage l\u2019indigestion et les crampes abdominales:<\/b> Aide \u00e0 am\u00e9liorer la digestion et soulage les ballonnements et crampes li\u00e9s \u00e0 l\u2019indigestion.<\/p><\/li><li><p><b>Diarrh\u00e9e:<\/b> Elle aide \u00e0 traiter la diarrh\u00e9e, gr\u00e2ce \u00e0 ses propri\u00e9t\u00e9s astringentes qui r\u00e9gulent le transit intestinal.<\/p><\/li><li><p><b>Maladies des Yeux (Trachome) :<\/b> Son jus est utilis\u00e9 traditionnellement comme gouttes oculaires pour traiter le trachome et d\u2019autres probl\u00e8mes oculaires.<\/p><\/li><li><p><b>Migraine (C\u00e9phal\u00e9e H\u00e9mipl\u00e9gique)<\/b> Elle est m\u00e9lang\u00e9e \u00e0 l'eau et utilis\u00e9e en cataplasme sur la t\u00eate pour soulager les douleurs de la migraine.<\/p><\/li><li><p><b>Maladies de l\u2019oreille :<\/b> On pense que l\u2019eau de Zygophyllum est utilis\u00e9e pour traiter certaines maladies de l\u2019oreille lorsqu\u2019elle est extraite et appliqu\u00e9e en gouttes.<\/p><\/li><li><p><b>Patients diab\u00e9tiques :<\/b> Elle est b\u00e9n\u00e9fique pour les diab\u00e9tiques, car on pense qu'elle aide \u00e0 r\u00e9guler le taux de sucre dans le sang.<\/p><\/li><\/ul><p><b>Mode d\u2019utilisation traditionnel :<\/b><\/p><ol start=\"1\"><li><p><b>Pr\u00e9paration:<\/b> Ses graines sont r\u00e9colt\u00e9es en \u00e9t\u00e9, lorsqu'elles sont m\u00fbres et de couleur jaune.<\/p><\/li><li><p><b>S\u00e9chage et Broyage:<\/b> Elle est lav\u00e9e puis s\u00e9ch\u00e9e \u00e0 l\u2019ombre jusqu\u2019\u00e0 compl\u00e8te dessiccation, puis broy\u00e9e en une poudre fine.<\/p><\/li><li><p><b>Pour l\u2019estomac, le syst\u00e8me digestif et le diab\u00e8te:<\/b> Une cuill\u00e8re \u00e0 caf\u00e9 de poudre est mise en bouche, suivie d\u2019une gorg\u00e9e d\u2019eau, ou bien m\u00e9lang\u00e9e dans un verre d\u2019eau avant d\u2019\u00eatre bue.<\/p><\/li><li><p><b>Contre la migraine:<\/b> Elle se m\u00e9lange \u00e0 l'eau et s'applique sur la t\u00eate en compresse.<\/p><\/li><li><p><b>Pour le trachome et les probl\u00e8mes oculaires :<\/b> La s\u00e8ve fra\u00eeche est extraite avant s\u00e9chage et utilis\u00e9e comme gouttes oculaires.<\/p><\/li><\/ol>\n\t\t\t\t\t<\/div>\n\t\t\t\t\t\t<\/div>\n\t\t\t\t<\/div>\n\t\t\t\t<\/div>\n\t\t<div class=\"elementor-element elementor-element-a845708 e-con-full e-flex e-con e-child\" data-id=\"a845708\" data-element_type=\"container\" data-e-type=\"container\">\n\t\t\t\t<div class=\"elementor-element elementor-element-6db7e72 elementor-widget elementor-widget-wd_text_block\" data-id=\"6db7e72\" data-element_type=\"widget\" data-e-type=\"widget\" data-widget_type=\"wd_text_block.default\">\n\t\t\t\t<div class=\"elementor-widget-container\">\n\t\t\t\t\t\t\t<div class=\"wd-text-block reset-last-child text-center\">\n\t\t\t\n\t\t\t<h3>Pourquoi les experts font confiance au Zygophyllum ? La sagesse ancestrale face aux d\u00e9fis modernes !<\/h3>\n\t\t\t\t\t<\/div>\n\t\t\t\t\t\t<\/div>\n\t\t\t\t<\/div>\n\t\t\t\t<div class=\"elementor-element elementor-element-c5f1320 elementor-widget elementor-widget-wd_text_block\" data-id=\"c5f1320\" data-element_type=\"widget\" data-e-type=\"widget\" data-widget_type=\"wd_text_block.default\">\n\t\t\t\t<div class=\"elementor-widget-container\">\n\t\t\t\t\t\t\t<div class=\"wd-text-block reset-last-child text-center\">\n\t\t\t\n\t\t\t<p>Ne sont plus <b>Zygophyllum<\/b> Ce n\u2019est pas seulement un rem\u00e8de traditionnel transmis oralement; il commence \u00e0 susciter l\u2019int\u00e9r\u00eat des chercheurs \u00e9tudiant ses propri\u00e9t\u00e9s chimiques et biologiques qui soutiennent ses usages populaires. La confiance croissante en cette plante d\u00e9coule de son long historique d\u2019utilisation s\u00fbre et efficace dans les r\u00e9gions d\u00e9sertiques. Elle est un exemple vivant du riche patrimoine m\u00e9dical que la nature nous offre, surtout dans des environnements difficiles. Bien que certaines utilisations n\u00e9cessitent encore des recherches scientifiques modernes pour confirmer leur efficacit\u00e9, des g\u00e9n\u00e9rations d\u2019habitants du d\u00e9sert t\u00e9moignent de sa puissance et de ses bienfaits. \u00cates-vous pr\u00eat \u00e0 d\u00e9couvrir ce tr\u00e9sor du c\u0153ur du d\u00e9sert et \u00e0 profiter de la sagesse de la nature ?<\/p>\n\t\t\t\t\t<\/div>\n\t\t\t\t\t\t<\/div>\n\t\t\t\t<\/div>\n\t\t\t\t<\/div>\n\t\t\t\t\t<\/div>\n\t\t\t\t<\/div>\n\t\t\t\t<\/div>","protected":false},"excerpt":{"rendered":"<p>Qu\u2019est-ce que le Zygophyllum ? Un tr\u00e9sor naturel rare du Maroc ! D\u00e9couvrez cette plante du d\u00e9sert authentique, r\u00e9put\u00e9e pour ses multiples vertus.<\/p>","protected":false},"featured_media":3917,"comment_status":"open","ping_status":"closed","template":"","meta":[],"product_brand":[],"product_cat":[65],"product_tag":[],"class_list":{"0":"post-2567","1":"product","2":"type-product","3":"status-publish","4":"has-post-thumbnail","6":"product_cat-65","7":"pa_-1-kg","8":"pa_-250-g","9":"pa_-500-g","11":"first","12":"instock","13":"shipping-taxable","14":"product-type-variable"},"jetpack_sharing_enabled":true,"_links":{"self":[{"href":"https:\/\/sfb.ma\/fr\/wp-json\/wp\/v2\/product\/2567","targetHints":{"allow":["GET"]}}],"collection":[{"href":"https:\/\/sfb.ma\/fr\/wp-json\/wp\/v2\/product"}],"about":[{"href":"https:\/\/sfb.ma\/fr\/wp-json\/wp\/v2\/types\/product"}],"replies":[{"embeddable":true,"href":"https:\/\/sfb.ma\/fr\/wp-json\/wp\/v2\/comments?post=2567"}],"version-history":[{"count":0,"href":"https:\/\/sfb.ma\/fr\/wp-json\/wp\/v2\/product\/2567\/revisions"}],"wp:featuredmedia":[{"embeddable":true,"href":"https:\/\/sfb.ma\/fr\/wp-json\/wp\/v2\/media\/3917"}],"wp:attachment":[{"href":"https:\/\/sfb.ma\/fr\/wp-json\/wp\/v2\/media?parent=2567"}],"wp:term":[{"taxonomy":"product_brand","embeddable":true,"href":"https:\/\/sfb.ma\/fr\/wp-json\/wp\/v2\/product_brand?post=2567"},{"taxonomy":"product_cat","embeddable":true,"href":"https:\/\/sfb.ma\/fr\/wp-json\/wp\/v2\/product_cat?post=2567"},{"taxonomy":"product_tag","embeddable":true,"href":"https:\/\/sfb.ma\/fr\/wp-json\/wp\/v2\/product_tag?post=2567"}],"curies":[{"name":"wp","href":"https:\/\/api.w.org\/{rel}","templated":true}]}}