{"id":2577,"date":"2025-07-10T17:59:43","date_gmt":"2025-07-10T17:59:43","guid":{"rendered":"https:\/\/sfb.ma\/?post_type=product&#038;p=2577"},"modified":"2025-10-29T19:08:41","modified_gmt":"2025-10-29T19:08:41","slug":"criniere-de-lion","status":"publish","type":"product","link":"https:\/\/sfb.ma\/fr\/produit\/criniere-de-lion\/","title":{"rendered":"Crini\u00e8re De Lion"},"content":{"rendered":"<div data-elementor-type=\"product-post\" data-elementor-id=\"2577\" class=\"elementor elementor-2577\" data-elementor-post-type=\"product\">\n\t\t\t\t<div class=\"wd-negative-gap elementor-element elementor-element-890e9aa e-flex e-con-boxed e-con e-parent\" data-id=\"890e9aa\" data-element_type=\"container\" data-e-type=\"container\">\n\t\t\t\t\t<div class=\"e-con-inner\">\n\t\t<div class=\"elementor-element elementor-element-b310661 e-con-full e-flex e-con e-child\" data-id=\"b310661\" data-element_type=\"container\" data-e-type=\"container\">\n\t\t\t\t<div class=\"elementor-element elementor-element-8f5b720 elementor-widget elementor-widget-wd_text_block\" data-id=\"8f5b720\" data-element_type=\"widget\" data-e-type=\"widget\" data-widget_type=\"wd_text_block.default\">\n\t\t\t\t<div class=\"elementor-widget-container\">\n\t\t\t\t\t\t\t<div class=\"wd-text-block reset-last-child text-center\">\n\t\t\t\n\t\t\t<h3>Qu\u2019est-ce que le champignon crini\u00e8re de lion ? Un tr\u00e9sor de la nature pour un esprit vif et des nerfs apais\u00e9s !<\/h3>\n\t\t\t\t\t<\/div>\n\t\t\t\t\t\t<\/div>\n\t\t\t\t<\/div>\n\t\t\t\t<div class=\"elementor-element elementor-element-8b93744 elementor-widget elementor-widget-wd_text_block\" data-id=\"8b93744\" data-element_type=\"widget\" data-e-type=\"widget\" data-widget_type=\"wd_text_block.default\">\n\t\t\t\t<div class=\"elementor-widget-container\">\n\t\t\t\t\t\t\t<div class=\"wd-text-block reset-last-child text-center\">\n\t\t\t\n\t\t\t<p>Vous cherchez \u00e0 stimuler vos capacit\u00e9s mentales, am\u00e9liorer la m\u00e9moire ou soutenir votre syst\u00e8me nerveux ? Il est temps de d\u00e9couvrir <b>Champignon Crini\u00e8re de Lion<\/b>ou comme il est mondialement connu sous le nom de <b>Champignon Crini\u00e8re de Lion<\/b>et son nom scientifique est <i>Hericium erinaceus<\/i>Ce champignon blanc unique, ressemblant \u00e0 une crini\u00e8re de lion ou \u00e0 un oursin avec ses \u00e9pines pendantes, est v\u00e9n\u00e9r\u00e9 depuis des si\u00e8cles dans la m\u00e9decine traditionnelle chinoise et japonaise, non seulement comme un mets d\u00e9licat mais aussi pour ses propri\u00e9t\u00e9s m\u00e9dicinales remarquables. Le champignon crini\u00e8re de lion est class\u00e9 parmi <b>Champignons m\u00e9dicinaux<\/b>Il suscite un int\u00e9r\u00eat scientifique croissant pour sa capacit\u00e9 unique \u00e0 soutenir la sant\u00e9 du cerveau et du syst\u00e8me nerveux. Que savez-vous vraiment de ce champignon l\u00e9gendaire, promettant concentration, clart\u00e9 mentale et protection des nerfs ? D\u00e9couvrez le secret de la crini\u00e8re de lion, l\u2019aliment c\u00e9r\u00e9bral de la nature !<\/p>\n\t\t\t\t\t<\/div>\n\t\t\t\t\t\t<\/div>\n\t\t\t\t<\/div>\n\t\t\t\t<\/div>\n\t\t<div class=\"elementor-element elementor-element-70d0756 e-con-full e-flex e-con e-child\" data-id=\"70d0756\" data-element_type=\"container\" data-e-type=\"container\">\n\t\t\t\t<div class=\"elementor-element elementor-element-828a4bf elementor-widget elementor-widget-wd_text_block\" data-id=\"828a4bf\" data-element_type=\"widget\" data-e-type=\"widget\" data-widget_type=\"wd_text_block.default\">\n\t\t\t\t<div class=\"elementor-widget-container\">\n\t\t\t\t\t\t\t<div class=\"wd-text-block reset-last-child text-center\">\n\t\t\t\n\t\t\t<h3>Bienfaits du champignon Crini\u00e8re de Lion : Pourquoi ce champignon intelligent m\u00e9rite une place dans votre routine quotidienne ?<\/h3>\n\t\t\t\t\t<\/div>\n\t\t\t\t\t\t<\/div>\n\t\t\t\t<\/div>\n\t\t\t\t<div class=\"elementor-element elementor-element-2e3913b elementor-widget elementor-widget-wd_text_block\" data-id=\"2e3913b\" data-element_type=\"widget\" data-e-type=\"widget\" data-widget_type=\"wd_text_block.default\">\n\t\t\t\t<div class=\"elementor-widget-container\">\n\t\t\t\t\t\t\t<div class=\"wd-text-block reset-last-child text-center\">\n\t\t\t\n\t\t\t<p>La plupart des bienfaits sont attribu\u00e9s \u00e0 <b>Champignon Crini\u00e8re de Lion<\/b> \u00e0 ses compos\u00e9s actifs uniques, notamment <b>Erinacines<\/b> et<b>H\u00e9ric\u00e9nones<\/b>Ces compos\u00e9s peuvent traverser la barri\u00e8re h\u00e9mato-enc\u00e9phalique et stimuler la production du facteur de croissance nerveuse (NGF), une prot\u00e9ine essentielle \u00e0 la croissance et \u00e0 l\u2019entretien des neurones c\u00e9r\u00e9braux. Ses principaux bienfaits incluent :<\/p><ul><li><p><b>Am\u00e9lioration des fonctions c\u00e9r\u00e9brales et de la m\u00e9moire:<\/b> Le champignon crini\u00e8re de lion est reconnu pour am\u00e9liorer les fonctions cognitives. Il renforce m\u00e9moire, concentration, clart\u00e9 mentale et traitement de l\u2019information, augmentant productivit\u00e9 et attention.<\/p><\/li><li><p><b>Soutien de la sant\u00e9 du syst\u00e8me nerveux et r\u00e9paration des nerfs<\/b> Le champignon crini\u00e8re de lion stimule le facteur de croissance nerveuse (NGF), essentiel \u00e0 la r\u00e9g\u00e9n\u00e9ration et \u00e0 la r\u00e9paration des neurones endommag\u00e9s. Il est prometteur pour le soutien en cas de neuropathie et la protection du cerveau.<\/p><\/li><li><p><b>R\u00e9duire l\u2019anxi\u00e9t\u00e9 et la d\u00e9pression:<\/b> Certaines \u00e9tudes montrent que le champignon crini\u00e8re de lion peut aider \u00e0 r\u00e9duire l\u2019anxi\u00e9t\u00e9 et la d\u00e9pression en agissant sur les fonctions c\u00e9r\u00e9brales et en am\u00e9liorant l\u2019humeur.<\/p><\/li><li><p><b>Soutien \u00e0 la sant\u00e9 digestive\u00a0:<\/b> Il poss\u00e8de des propri\u00e9t\u00e9s anti-inflammatoires et antibact\u00e9riennes, utile pour prot\u00e9ger la muqueuse de l\u2019estomac et des intestins et soulager les troubles digestifs comme la colite ulc\u00e9reuse et les ulc\u00e8res gastriques.<\/p><\/li><li><p><b>Renforcement du syst\u00e8me immunitaire :<\/b> Gr\u00e2ce \u00e0 ses polysaccharides et compos\u00e9s actifs, le champignon crini\u00e8re de lion renforce le syst\u00e8me immunitaire, augmentant la capacit\u00e9 du corps \u00e0 lutter contre maladies et infections.<\/p><\/li><li><p><b>Propri\u00e9t\u00e9s antioxydantes et anti-inflammatoires :<\/b> Le champignon prot\u00e8ge les cellules contre les dommages des radicaux libres et r\u00e9duit l\u2019inflammation chronique dans le corps.<\/p><\/li><\/ul>\n\t\t\t\t\t<\/div>\n\t\t\t\t\t\t<\/div>\n\t\t\t\t<\/div>\n\t\t\t\t<\/div>\n\t\t<div class=\"elementor-element elementor-element-3c4b86d e-con-full e-flex e-con e-child\" data-id=\"3c4b86d\" data-element_type=\"container\" data-e-type=\"container\">\n\t\t\t\t<div class=\"elementor-element elementor-element-8c22fd0 elementor-widget elementor-widget-wd_text_block\" data-id=\"8c22fd0\" data-element_type=\"widget\" data-e-type=\"widget\" data-widget_type=\"wd_text_block.default\">\n\t\t\t\t<div class=\"elementor-widget-container\">\n\t\t\t\t\t\t\t<div class=\"wd-text-block reset-last-child text-center\">\n\t\t\t\n\t\t\t<h3>Pourquoi les experts font-ils confiance au champignon crini\u00e8re de lion ? La science confirme la puissance de ce champignon intelligent !<\/h3>\n\t\t\t\t\t<\/div>\n\t\t\t\t\t\t<\/div>\n\t\t\t\t<\/div>\n\t\t\t\t<div class=\"elementor-element elementor-element-cd6b2cf elementor-widget elementor-widget-wd_text_block\" data-id=\"cd6b2cf\" data-element_type=\"widget\" data-e-type=\"widget\" data-widget_type=\"wd_text_block.default\">\n\t\t\t\t<div class=\"elementor-widget-container\">\n\t\t\t\t\t\t\t<div class=\"wd-text-block reset-last-child text-center\">\n\t\t\t\n\t\t\t<p>N\u2019est plus <b>Champignon Crini\u00e8re de Lion<\/b> Autrefois simplement un champignon \u00e9trange des for\u00eats asiatiques, la crini\u00e8re de lion est devenue un centre d\u2019int\u00e9r\u00eat mondial dans les domaines scientifique et m\u00e9dical, notamment en neurosciences et m\u00e9decine compl\u00e9mentaire. De nombreuses \u00e9tudes et recherches cliniques montrent son efficacit\u00e9 pour soutenir la sant\u00e9 c\u00e9r\u00e9brale, am\u00e9liorer les fonctions cognitives et r\u00e9duire les sympt\u00f4mes d\u2019anxi\u00e9t\u00e9 et de d\u00e9pression. Neurologues, nutritionnistes et mycologues m\u00e9dicaux le recommandent comme option naturelle et s\u00fbre pour renforcer la sant\u00e9 du cerveau et du syst\u00e8me nerveux, ainsi que pour am\u00e9liorer la m\u00e9moire et la concentration. Sa r\u00e9putation croissante repose sur une longue histoire d\u2019usage s\u00fbr et efficace en m\u00e9decine traditionnelle et sur des preuves scientifiques accumul\u00e9es, faisant de lui un \u201csuperaliment\u201d de premier plan pour la sant\u00e9 c\u00e9r\u00e9brale. \u00cates-vous pr\u00eat \u00e0 nourrir votre esprit et \u00e0 explorer tout son potentiel avec la crini\u00e8re de lion ?<\/p>\n\t\t\t\t\t<\/div>\n\t\t\t\t\t\t<\/div>\n\t\t\t\t<\/div>\n\t\t\t\t<\/div>\n\t\t\t\t\t<\/div>\n\t\t\t\t<\/div>\n\t\t\t\t<\/div>","protected":false},"excerpt":{"rendered":"<p>Qu\u2019est-ce que le Champignon Crini\u00e8re de Lion ? Tr\u00e9sor naturel pour un esprit vif et des nerfs calmes ! Vous cherchez un secret pour stimuler le cerveau et la m\u00e9moire,<\/p>","protected":false},"featured_media":4021,"comment_status":"open","ping_status":"closed","template":"","meta":[],"product_brand":[],"product_cat":[65],"product_tag":[],"class_list":{"0":"post-2577","1":"product","2":"type-product","3":"status-publish","4":"has-post-thumbnail","6":"product_cat-65","7":"pa_-1-kg","8":"pa_-100-g","9":"pa_-250-g","10":"pa_-500-g","12":"first","13":"instock","14":"shipping-taxable","15":"purchasable","16":"product-type-variable"},"jetpack_sharing_enabled":true,"_links":{"self":[{"href":"https:\/\/sfb.ma\/fr\/wp-json\/wp\/v2\/product\/2577","targetHints":{"allow":["GET"]}}],"collection":[{"href":"https:\/\/sfb.ma\/fr\/wp-json\/wp\/v2\/product"}],"about":[{"href":"https:\/\/sfb.ma\/fr\/wp-json\/wp\/v2\/types\/product"}],"replies":[{"embeddable":true,"href":"https:\/\/sfb.ma\/fr\/wp-json\/wp\/v2\/comments?post=2577"}],"version-history":[{"count":0,"href":"https:\/\/sfb.ma\/fr\/wp-json\/wp\/v2\/product\/2577\/revisions"}],"wp:featuredmedia":[{"embeddable":true,"href":"https:\/\/sfb.ma\/fr\/wp-json\/wp\/v2\/media\/4021"}],"wp:attachment":[{"href":"https:\/\/sfb.ma\/fr\/wp-json\/wp\/v2\/media?parent=2577"}],"wp:term":[{"taxonomy":"product_brand","embeddable":true,"href":"https:\/\/sfb.ma\/fr\/wp-json\/wp\/v2\/product_brand?post=2577"},{"taxonomy":"product_cat","embeddable":true,"href":"https:\/\/sfb.ma\/fr\/wp-json\/wp\/v2\/product_cat?post=2577"},{"taxonomy":"product_tag","embeddable":true,"href":"https:\/\/sfb.ma\/fr\/wp-json\/wp\/v2\/product_tag?post=2577"}],"curies":[{"name":"wp","href":"https:\/\/api.w.org\/{rel}","templated":true}]}}