{"id":2588,"date":"2025-07-10T18:14:04","date_gmt":"2025-07-10T18:14:04","guid":{"rendered":"https:\/\/sfb.ma\/?post_type=product&#038;p=2588"},"modified":"2025-11-02T10:58:36","modified_gmt":"2025-11-02T10:58:36","slug":"the-matcha","status":"publish","type":"product","link":"https:\/\/sfb.ma\/fr\/produit\/the-matcha\/","title":{"rendered":"Th\u00e9 Matcha"},"content":{"rendered":"<div data-elementor-type=\"product-post\" data-elementor-id=\"2588\" class=\"elementor elementor-2588\" data-elementor-post-type=\"product\">\n\t\t\t\t<div class=\"wd-negative-gap elementor-element elementor-element-a79cfd5 e-flex e-con-boxed e-con e-parent\" data-id=\"a79cfd5\" data-element_type=\"container\" data-e-type=\"container\">\n\t\t\t\t\t<div class=\"e-con-inner\">\n\t\t<div class=\"elementor-element elementor-element-77dc99f e-con-full e-flex e-con e-child\" data-id=\"77dc99f\" data-element_type=\"container\" data-e-type=\"container\">\n\t\t\t\t<div class=\"elementor-element elementor-element-dd2f4bd elementor-widget elementor-widget-wd_text_block\" data-id=\"dd2f4bd\" data-element_type=\"widget\" data-e-type=\"widget\" data-widget_type=\"wd_text_block.default\">\n\t\t\t\t<div class=\"elementor-widget-container\">\n\t\t\t\t\t\t\t<div class=\"wd-text-block reset-last-child text-center\">\n\t\t\t\n\t\t\t<h3>Qu\u2019est-ce que le th\u00e9 Matcha ? Le secret des rituels japonais pour concentration et \u00e9nergie unique !<\/h3>\n\t\t\t\t\t<\/div>\n\t\t\t\t\t\t<\/div>\n\t\t\t\t<\/div>\n\t\t\t\t<div class=\"elementor-element elementor-element-31252b4 elementor-widget elementor-widget-wd_text_block\" data-id=\"31252b4\" data-element_type=\"widget\" data-e-type=\"widget\" data-widget_type=\"wd_text_block.default\">\n\t\t\t\t<div class=\"elementor-widget-container\">\n\t\t\t\t\t\t\t<div class=\"wd-text-block reset-last-child text-center\">\n\t\t\t\n\t\t\t<p>Vous cherchez une alternative saine au caf\u00e9 offrant une \u00e9nergie concentr\u00e9e sans stress ? Il est temps de d\u00e9couvrir <b>Th\u00e9 Matcha<\/b>Cette poudre verte \u00e9clatante, connue mondialement sous le nom de <b>Matcha\u060c<\/b>\u00a0Il se pr\u00e9sente sous forme de poudre fine obtenue \u00e0 partir des feuilles. <em data-start=\"1205\" data-end=\"1224\">Camellia sinensis<\/em>Il est cultiv\u00e9 \u00e0 l\u2019ombre pour pr\u00e9server ses nutriments.<\/p><p>Le matcha n\u2019est pas un simple th\u00e9 vert ; c\u2019est un type sp\u00e9cial cultiv\u00e9 et pr\u00e9par\u00e9 de mani\u00e8re unique au Japon. Quelques semaines avant la r\u00e9colte, les champs de th\u00e9 sont ombrag\u00e9s. Cela augmente la chlorophylle (donnant au matcha son vert \u00e9meraude riche) et les acides amin\u00e9s, en particulier <b>L-Th\u00e9anine<\/b>.<\/p><p>Apr\u00e8s la r\u00e9colte, les feuilles sont soigneusement s\u00e9ch\u00e9es et moulues lentement sur des pierres pour obtenir une poudre tr\u00e8s fine. Ainsi, en consommant le matcha, vous ing\u00e9rez la feuille enti\u00e8re, pas seulement l\u2019infusion, garantissant tous les nutriments et bienfaits. D\u00e9couvrez le secret de ce th\u00e9 vert de qualit\u00e9, promettant \u00e9nergie durable, concentration am\u00e9lior\u00e9e et antioxydants abondants. Le matcha, o\u00f9 traditions anciennes et bien-\u00eatre moderne se rejoignent !<\/p>\n\t\t\t\t\t<\/div>\n\t\t\t\t\t\t<\/div>\n\t\t\t\t<\/div>\n\t\t\t\t<\/div>\n\t\t<div class=\"elementor-element elementor-element-9aeef92 e-con-full e-flex e-con e-child\" data-id=\"9aeef92\" data-element_type=\"container\" data-e-type=\"container\">\n\t\t\t\t<div class=\"elementor-element elementor-element-b155f9d elementor-widget elementor-widget-wd_text_block\" data-id=\"b155f9d\" data-element_type=\"widget\" data-e-type=\"widget\" data-widget_type=\"wd_text_block.default\">\n\t\t\t\t<div class=\"elementor-widget-container\">\n\t\t\t\t\t\t\t<div class=\"wd-text-block reset-last-child text-center\">\n\t\t\t\n\t\t\t<h3>Bienfaits du th\u00e9 Matcha : pourquoi ce super-th\u00e9 m\u00e9rite une place dans votre routine quotidienne ?<\/h3>\n\t\t\t\t\t<\/div>\n\t\t\t\t\t\t<\/div>\n\t\t\t\t<\/div>\n\t\t\t\t<div class=\"elementor-element elementor-element-7783a8b elementor-widget elementor-widget-wd_text_block\" data-id=\"7783a8b\" data-element_type=\"widget\" data-e-type=\"widget\" data-widget_type=\"wd_text_block.default\">\n\t\t\t\t<div class=\"elementor-widget-container\">\n\t\t\t\t\t\t\t<div class=\"wd-text-block reset-last-child text-center\">\n\t\t\t\n\t\t\t<p>Est consid\u00e9r\u00e9e comme <b>Th\u00e9 Matcha<\/b> Un tr\u00e9sor de compos\u00e9s bioactifs, comprenant principalement <b>Antioxydants puissants<\/b>, notamment <b>EGCG (Gallate d\u2019\u00e9pigallocat\u00e9chine)\n\nEGCG (Gallate d\u2019\u00e9pigallocat\u00e9chine)<\/b>, en plus de <b>L-Th\u00e9anine<\/b> et la caf\u00e9ine. Ses principaux bienfaits incluent :<\/p><ul><li><p><b>\u00c9nergie calme et concentration am\u00e9lior\u00e9e:<\/b> Le matcha contient de la caf\u00e9ine, mais contrairement au caf\u00e9, celle-ci est lib\u00e9r\u00e9e lentement gr\u00e2ce \u00e0 la L-th\u00e9anine. Cela offre une \u00e9nergie durable et rafra\u00eechissante sans nervosit\u00e9 ni chute. La th\u00e9anine augmente \u00e9galement les ondes alpha du cerveau, am\u00e9liorant concentration, vigilance et clart\u00e9 mentale.<\/p><\/li><li><p><b>Tr\u00e8s riche en antioxydants :<\/b> Le matcha est l\u2019une des sources les plus riches en antioxydants, notamment l\u2019EGCG, qui prot\u00e8ge les cellules des dommages des radicaux libres et aide \u00e0 pr\u00e9venir les maladies chroniques et le vieillissement.<\/p><\/li><li><p><b>Soutien du syst\u00e8me immunitaire:<\/b> Gr\u00e2ce \u00e0 sa richesse en antioxydants et vitamines, le matcha renforce le syst\u00e8me immunitaire et aide le corps \u00e0 lutter contre infections et maladies.<\/p><\/li><li><p><b>Am\u00e9liorer le m\u00e9tabolisme et soutenir la combustion des graisses<\/b> Certaines \u00e9tudes sugg\u00e8rent que le matcha peut augmenter le m\u00e9tabolisme et favoriser la combustion des graisses, utile pour la gestion du poids.<\/p><\/li><li><p><b>d\u00e9toxification<\/b> Le matcha est riche en chlorophylle, cens\u00e9e aider \u00e0 d\u00e9toxifier le corps et \u00e9liminer les m\u00e9taux lourds.<\/p><\/li><li><p><b>Am\u00e9lioration de la sant\u00e9 cardiaque:<\/b> Il peut aider \u00e0 r\u00e9duire le cholest\u00e9rol LDL et \u00e0 am\u00e9liorer la sant\u00e9 cardiaque et cardiovasculaire globale.<\/p><\/li><li><p><b>Am\u00e9lioration de l\u2019humeur et r\u00e9duction du stress:<\/b> La th\u00e9anine aide \u00e0 favoriser la relaxation et le calme, r\u00e9duisant le stress et am\u00e9liorant l\u2019humeur g\u00e9n\u00e9rale.<\/p><\/li><\/ul>\n\t\t\t\t\t<\/div>\n\t\t\t\t\t\t<\/div>\n\t\t\t\t<\/div>\n\t\t\t\t<\/div>\n\t\t<div class=\"elementor-element elementor-element-d0aeea8 e-con-full e-flex e-con e-child\" data-id=\"d0aeea8\" data-element_type=\"container\" data-e-type=\"container\">\n\t\t\t\t<div class=\"elementor-element elementor-element-6982a66 elementor-widget elementor-widget-wd_text_block\" data-id=\"6982a66\" data-element_type=\"widget\" data-e-type=\"widget\" data-widget_type=\"wd_text_block.default\">\n\t\t\t\t<div class=\"elementor-widget-container\">\n\t\t\t\t\t\t\t<div class=\"wd-text-block reset-last-child text-center\">\n\t\t\t\n\t\t\t<h3>Pourquoi les experts font-ils confiance au th\u00e9 matcha ? La science confirme la puissance de la tradition japonaise !<\/h3>\n\t\t\t\t\t<\/div>\n\t\t\t\t\t\t<\/div>\n\t\t\t\t<\/div>\n\t\t\t\t<div class=\"elementor-element elementor-element-ce7c52e elementor-widget elementor-widget-wd_text_block\" data-id=\"ce7c52e\" data-element_type=\"widget\" data-e-type=\"widget\" data-widget_type=\"wd_text_block.default\">\n\t\t\t\t<div class=\"elementor-widget-container\">\n\t\t\t\t\t\t\t<div class=\"wd-text-block reset-last-child text-center\">\n\t\t\t\n\t\t\t<p>N\u2019est plus <b>Th\u00e9 Matcha<\/b> Autrefois simple boisson de luxe au Japon, elle suscite d\u00e9sormais un vif int\u00e9r\u00eat mondial dans les milieux scientifiques et nutritionnels. De nombreuses \u00e9tudes d\u00e9montrent son efficacit\u00e9 \u00e0 am\u00e9liorer les fonctions cognitives, soutenir la combustion des graisses et renforcer l\u2019immunit\u00e9, tout en offrant d\u2019excellentes propri\u00e9t\u00e9s antioxydantes. Parce que <strong data-start=\"1895\" data-end=\"1968\">Le matcha contient 137 fois plus d\u2019antioxydants que le th\u00e9 vert ordinaire.<\/strong>Une boisson \u00e9quilibr\u00e9e offrant une \u00e9nergie stable sans baisses, id\u00e9ale pour les \u00e9tudiants, les sportifs et les adeptes du je\u00fbne ou des r\u00e9gimes keto. Les nutritionnistes, coachs sportifs et m\u00eame les neuroscientifiques le recommandent comme choix naturel pour la sant\u00e9 globale, surtout pour ceux qui recherchent une alternative saine au caf\u00e9 ou souhaitent am\u00e9liorer leur concentration et leur \u00e9nergie. La confiance envers le matcha provient de son histoire s\u00e9culaire et des preuves scientifiques croissantes confirmant son statut de v\u00e9ritable \u00ab super-aliment \u00bb. Pr\u00eat \u00e0 savourer le go\u00fbt unique et les bienfaits extraordinaires du matcha et \u00e0 \u00e9lever votre sant\u00e9 \u00e0 un nouveau niveau ?<\/p>\n\t\t\t\t\t<\/div>\n\t\t\t\t\t\t<\/div>\n\t\t\t\t<\/div>\n\t\t\t\t<\/div>\n\t\t\t\t\t<\/div>\n\t\t\t\t<\/div>\n\t\t\t\t<\/div>","protected":false},"excerpt":{"rendered":"<p>Qu\u2019est-ce que le Th\u00e9 Matcha ? Secret des rituels japonais pour concentration et \u00e9nergie ! Vous cherchez une alternative saine au caf\u00e9 ?<\/p>","protected":false},"featured_media":4016,"comment_status":"open","ping_status":"closed","template":"","meta":[],"product_brand":[],"product_cat":[65],"product_tag":[],"class_list":{"0":"post-2588","1":"product","2":"type-product","3":"status-publish","4":"has-post-thumbnail","6":"product_cat-65","7":"pa_-1-kg","8":"pa_-250-g","9":"pa_-500-g","11":"first","12":"instock","13":"shipping-taxable","14":"purchasable","15":"product-type-variable"},"jetpack_sharing_enabled":true,"_links":{"self":[{"href":"https:\/\/sfb.ma\/fr\/wp-json\/wp\/v2\/product\/2588","targetHints":{"allow":["GET"]}}],"collection":[{"href":"https:\/\/sfb.ma\/fr\/wp-json\/wp\/v2\/product"}],"about":[{"href":"https:\/\/sfb.ma\/fr\/wp-json\/wp\/v2\/types\/product"}],"replies":[{"embeddable":true,"href":"https:\/\/sfb.ma\/fr\/wp-json\/wp\/v2\/comments?post=2588"}],"version-history":[{"count":0,"href":"https:\/\/sfb.ma\/fr\/wp-json\/wp\/v2\/product\/2588\/revisions"}],"wp:featuredmedia":[{"embeddable":true,"href":"https:\/\/sfb.ma\/fr\/wp-json\/wp\/v2\/media\/4016"}],"wp:attachment":[{"href":"https:\/\/sfb.ma\/fr\/wp-json\/wp\/v2\/media?parent=2588"}],"wp:term":[{"taxonomy":"product_brand","embeddable":true,"href":"https:\/\/sfb.ma\/fr\/wp-json\/wp\/v2\/product_brand?post=2588"},{"taxonomy":"product_cat","embeddable":true,"href":"https:\/\/sfb.ma\/fr\/wp-json\/wp\/v2\/product_cat?post=2588"},{"taxonomy":"product_tag","embeddable":true,"href":"https:\/\/sfb.ma\/fr\/wp-json\/wp\/v2\/product_tag?post=2588"}],"curies":[{"name":"wp","href":"https:\/\/api.w.org\/{rel}","templated":true}]}}