{"id":2640,"date":"2025-07-12T10:39:22","date_gmt":"2025-07-12T10:39:22","guid":{"rendered":"https:\/\/sfb.ma\/?post_type=product&#038;p=2640"},"modified":"2026-01-30T17:30:23","modified_gmt":"2026-01-30T17:30:23","slug":"racine-de-ferule","status":"publish","type":"product","link":"https:\/\/sfb.ma\/fr\/produit\/racine-de-ferule\/","title":{"rendered":"Racine De F\u00e9rule"},"content":{"rendered":"<div data-elementor-type=\"product-post\" data-elementor-id=\"2640\" class=\"elementor elementor-2640\" data-elementor-post-type=\"product\">\n\t\t\t\t<div class=\"wd-negative-gap elementor-element elementor-element-4ee1c55 e-flex e-con-boxed e-con e-parent\" data-id=\"4ee1c55\" data-element_type=\"container\" data-e-type=\"container\">\n\t\t\t\t\t<div class=\"e-con-inner\">\n\t\t<div class=\"elementor-element elementor-element-e52bd46 e-con-full e-flex e-con e-child\" data-id=\"e52bd46\" data-element_type=\"container\" data-e-type=\"container\">\n\t\t\t\t<div class=\"elementor-element elementor-element-252793d elementor-widget elementor-widget-wd_text_block\" data-id=\"252793d\" data-element_type=\"widget\" data-e-type=\"widget\" data-widget_type=\"wd_text_block.default\">\n\t\t\t\t<div class=\"elementor-widget-container\">\n\t\t\t\t\t\t\t<div class=\"wd-text-block reset-last-child text-center\">\n\t\t\t\n\t\t\t<h3>Qu\u2019est-ce que la racine de f\u00e9rule ? La racine de la force des hautes montagnes !<\/h3>\n\t\t\t\t\t<\/div>\n\t\t\t\t\t\t<\/div>\n\t\t\t\t<\/div>\n\t\t\t\t<div class=\"elementor-element elementor-element-48ae579 elementor-widget elementor-widget-wd_text_block\" data-id=\"48ae579\" data-element_type=\"widget\" data-e-type=\"widget\" data-widget_type=\"wd_text_block.default\">\n\t\t\t\t<div class=\"elementor-widget-container\">\n\t\t\t\t\t\t\t<div class=\"wd-text-block reset-last-child text-center\">\n\t\t\t\n\t\t\t<p>Vous cherchez un rem\u00e8de naturel unique, transmis de g\u00e9n\u00e9ration en g\u00e9n\u00e9ration au Levant et r\u00e9put\u00e9 pour stimuler la vitalit\u00e9 et la performance ? Il est temps de d\u00e9couvrir <b>Racine De F\u00e9rule<\/b>Cette racine l\u00e9gendaire, connue scientifiquement sous le nom de <b>Ferula hermonis<\/b>Cette plante herbac\u00e9e vivace pousse \u00e0 l\u2019\u00e9tat sauvage dans les montagnes imposantes du Liban et de la Syrie, \u00e0 tr\u00e8s haute altitude, ce qui en fait une plante rare et difficile \u00e0 trouver.<\/p><p>La racine de f\u00e9rule est utilis\u00e9e depuis des si\u00e8cles dans la m\u00e9decine populaire pour soutenir la sant\u00e9 sexuelle, augmenter l\u2019\u00e9nergie et am\u00e9liorer la circulation. Tr\u00e9sor naturel des montagnes, elle promet vitalit\u00e9, force et jeunesse renouvel\u00e9es. D\u00e9couvrez le secret de la f\u00e9rule, un cadeau des hautes montagnes pour une vie plus active et puissante !<\/p>\n\t\t\t\t\t<\/div>\n\t\t\t\t\t\t<\/div>\n\t\t\t\t<\/div>\n\t\t\t\t<\/div>\n\t\t<div class=\"elementor-element elementor-element-7779425 e-con-full e-flex e-con e-child\" data-id=\"7779425\" data-element_type=\"container\" data-e-type=\"container\">\n\t\t\t\t<div class=\"elementor-element elementor-element-08568b4 elementor-widget elementor-widget-wd_text_block\" data-id=\"08568b4\" data-element_type=\"widget\" data-e-type=\"widget\" data-widget_type=\"wd_text_block.default\">\n\t\t\t\t<div class=\"elementor-widget-container\">\n\t\t\t\t\t\t\t<div class=\"wd-text-block reset-last-child text-center\">\n\t\t\t\n\t\t\t<h3>Bienfaits de la racine de f\u00e9rule : pourquoi cette racine pr\u00e9cieuse m\u00e9rite une place dans votre routine sant\u00e9 ?<\/h3>\n\t\t\t\t\t<\/div>\n\t\t\t\t\t\t<\/div>\n\t\t\t\t<\/div>\n\t\t\t\t<div class=\"elementor-element elementor-element-fe656b0 elementor-widget elementor-widget-wd_text_block\" data-id=\"fe656b0\" data-element_type=\"widget\" data-e-type=\"widget\" data-widget_type=\"wd_text_block.default\">\n\t\t\t\t<div class=\"elementor-widget-container\">\n\t\t\t\t\t\t\t<div class=\"wd-text-block reset-last-child text-center\">\n\t\t\t\n\t\t\t<p>La majeure partie de la puissance est attribu\u00e9e \u00e0 <b>Racine De F\u00e9rule<\/b> \u00e0 ses compos\u00e9s actifs, notamment <b>Coumarines<\/b>et<b>Terp\u00e8nes<\/b>et<b>flavonoides<\/b>Ces compos\u00e9s agissent \u00e0 diff\u00e9rents niveaux dans le corps pour soutenir la sant\u00e9 et les fonctions vitales. Les principaux bienfaits incluent les usages traditionnels et les recherches pr\u00e9liminaires :<\/p><ul><li><p><b>Renforcement de la sant\u00e9 sexuelle et du d\u00e9sir (Aphrodisiaque):<\/b> La racine de f\u00e9rule est r\u00e9put\u00e9e pour am\u00e9liorer les performances sexuelles et stimuler le d\u00e9sir chez les hommes et les femmes. On pense qu\u2019elle agit en am\u00e9liorant la circulation sanguine vers les organes g\u00e9nitaux et en augmentant la sensibilit\u00e9 nerveuse.<\/p><\/li><li><p><b>Augmenter l\u2019\u00e9nergie et combattre la fatigue:<\/b> Si vous vous sentez fatigu\u00e9 et manquez d\u2019\u00e9nergie, la racine de f\u00e9rule peut fournir un coup de pouce naturel et r\u00e9duire la fatigue physique et mentale, am\u00e9liorant l\u2019endurance.<\/p><\/li><li><p><b>Am\u00e9lioration de la circulation sanguine<\/b> On pense que la racine de f\u00e9rule aide \u00e0 dilater les vaisseaux sanguins et \u00e0 am\u00e9liorer la circulation dans tout le corps, essentielle pour la sant\u00e9 et la performance.<\/p><\/li><li><p><b>Propri\u00e9t\u00e9s anti-inflammatoires et antioxydantes :<\/b> Il contient des compos\u00e9s pouvant aider \u00e0 r\u00e9duire l\u2019inflammation et combattre les radicaux libres responsables des dommages cellulaires, soutenant la sant\u00e9 g\u00e9n\u00e9rale et r\u00e9duisant le risque de maladies chroniques.<\/p><\/li><li><p><b>Soutien de la sant\u00e9 du syst\u00e8me nerveux:<\/b> Utilis\u00e9 traditionnellement pour soutenir le syst\u00e8me nerveux et peut aider \u00e0 soulager certaines douleurs nerveuses.<\/p><\/li><li><p><b>Autres usages traditionnels:<\/b> Dans certaines r\u00e9gions, la racine de f\u00e9rule est \u00e9galement utilis\u00e9e pour soutenir la sant\u00e9 des os, soulager les douleurs articulaires et pourrait aider \u00e0 r\u00e9guler la glyc\u00e9mie.<\/p><\/li><\/ul>\n\t\t\t\t\t<\/div>\n\t\t\t\t\t\t<\/div>\n\t\t\t\t<\/div>\n\t\t\t\t<\/div>\n\t\t<div class=\"elementor-element elementor-element-cc824a5 e-con-full e-flex e-con e-child\" data-id=\"cc824a5\" data-element_type=\"container\" data-e-type=\"container\">\n\t\t\t\t<div class=\"elementor-element elementor-element-fac0505 elementor-widget elementor-widget-wd_text_block\" data-id=\"fac0505\" data-element_type=\"widget\" data-e-type=\"widget\" data-widget_type=\"wd_text_block.default\">\n\t\t\t\t<div class=\"elementor-widget-container\">\n\t\t\t\t\t\t\t<div class=\"wd-text-block reset-last-child text-center\">\n\t\t\t\n\t\t\t<h3>Pourquoi les experts font-ils confiance \u00e0 la racine de f\u00e9rule ? La science explore la puissance du patrimoine montagnard !<\/h3>\n\t\t\t\t\t<\/div>\n\t\t\t\t\t\t<\/div>\n\t\t\t\t<\/div>\n\t\t\t\t<div class=\"elementor-element elementor-element-8149dd6 elementor-widget elementor-widget-wd_text_block\" data-id=\"8149dd6\" data-element_type=\"widget\" data-e-type=\"widget\" data-widget_type=\"wd_text_block.default\">\n\t\t\t\t<div class=\"elementor-widget-container\">\n\t\t\t\t\t\t\t<div class=\"wd-text-block reset-last-child text-center\">\n\t\t\t\n\t\t\t<p>parce que <strong data-start=\"1717\" data-end=\"1756\">il stimule la production d\u2019oxyde nitrique dans le corps.<\/strong>Cela entra\u00eene la dilatation des vaisseaux sanguins et l\u2019augmentation du flux sanguin, un m\u00e9canisme similaire \u00e0 certains m\u00e9dicaments chimiques, mais naturel et s\u00fbr.<\/p><p>And that\u2019s why it\u2019s no longer available <b>Racine De F\u00e9rule<\/b> Bien plus qu\u2019un secret de la m\u00e9decine populaire du Levant, la racine de f\u00e9rule suscite un int\u00e9r\u00eat scientifique croissant. Les premi\u00e8res \u00e9tudes sur ses compos\u00e9s actifs, ainsi que des si\u00e8cles d\u2019usage traditionnel, montrent des promesses pour stimuler l\u2019\u00e9nergie, soutenir la sant\u00e9 sexuelle et am\u00e9liorer la circulation. Les experts en m\u00e9decine alternative et les passionn\u00e9s de m\u00e9decine traditionnelle la recommandent comme option naturelle unique, surtout pour ceux cherchant vitalit\u00e9 et performance. La confiance envers la racine de f\u00e9rule vient de son long historique d\u2019utilisation s\u00fbre et efficace dans son environnement naturel, ainsi que de ses propri\u00e9t\u00e9s chimiques indiquant une forte efficacit\u00e9. \u00cates-vous pr\u00eat \u00e0 d\u00e9couvrir la puissance de la racine de f\u00e9rule et \u00e0 retrouver vitalit\u00e9 et \u00e9nergie au c\u0153ur des montagnes ?<\/p>\n\t\t\t\t\t<\/div>\n\t\t\t\t\t\t<\/div>\n\t\t\t\t<\/div>\n\t\t\t\t<\/div>\n\t\t\t\t\t<\/div>\n\t\t\t\t<\/div>\n\t\t\t\t<\/div>","protected":false},"excerpt":{"rendered":"<p>Qu\u2019est-ce que la racine de Ferula ? La racine puissante des hautes montagnes ! Un rem\u00e8de naturel unique transmis depuis des g\u00e9n\u00e9rations.<\/p>","protected":false},"featured_media":0,"comment_status":"open","ping_status":"closed","template":"","meta":[],"product_brand":[],"product_cat":[65],"product_tag":[],"class_list":{"0":"post-2640","1":"product","2":"type-product","3":"status-publish","5":"product_cat-65","6":"pa_-1-kg","7":"pa_-100-g","8":"pa_-250-g","9":"pa_-500-g","11":"first","12":"outofstock","13":"shipping-taxable","14":"product-type-variable"},"jetpack_sharing_enabled":true,"_links":{"self":[{"href":"https:\/\/sfb.ma\/fr\/wp-json\/wp\/v2\/product\/2640","targetHints":{"allow":["GET"]}}],"collection":[{"href":"https:\/\/sfb.ma\/fr\/wp-json\/wp\/v2\/product"}],"about":[{"href":"https:\/\/sfb.ma\/fr\/wp-json\/wp\/v2\/types\/product"}],"replies":[{"embeddable":true,"href":"https:\/\/sfb.ma\/fr\/wp-json\/wp\/v2\/comments?post=2640"}],"version-history":[{"count":0,"href":"https:\/\/sfb.ma\/fr\/wp-json\/wp\/v2\/product\/2640\/revisions"}],"wp:attachment":[{"href":"https:\/\/sfb.ma\/fr\/wp-json\/wp\/v2\/media?parent=2640"}],"wp:term":[{"taxonomy":"product_brand","embeddable":true,"href":"https:\/\/sfb.ma\/fr\/wp-json\/wp\/v2\/product_brand?post=2640"},{"taxonomy":"product_cat","embeddable":true,"href":"https:\/\/sfb.ma\/fr\/wp-json\/wp\/v2\/product_cat?post=2640"},{"taxonomy":"product_tag","embeddable":true,"href":"https:\/\/sfb.ma\/fr\/wp-json\/wp\/v2\/product_tag?post=2640"}],"curies":[{"name":"wp","href":"https:\/\/api.w.org\/{rel}","templated":true}]}}