{"id":2652,"date":"2025-07-12T13:26:21","date_gmt":"2025-07-12T13:26:21","guid":{"rendered":"https:\/\/sfb.ma\/?post_type=product&#038;p=2652"},"modified":"2025-09-27T09:54:46","modified_gmt":"2025-09-27T09:54:46","slug":"arroche-marine","status":"publish","type":"product","link":"https:\/\/sfb.ma\/fr\/produit\/arroche-marine\/","title":{"rendered":"Arroche Marine"},"content":{"rendered":"<div data-elementor-type=\"product-post\" data-elementor-id=\"2652\" class=\"elementor elementor-2652\" data-elementor-post-type=\"product\">\n\t\t\t\t<div class=\"wd-negative-gap elementor-element elementor-element-97671fc e-flex e-con-boxed e-con e-parent\" data-id=\"97671fc\" data-element_type=\"container\" data-e-type=\"container\">\n\t\t\t\t\t<div class=\"e-con-inner\">\n\t\t<div class=\"elementor-element elementor-element-f56bdbb e-con-full e-flex e-con e-child\" data-id=\"f56bdbb\" data-element_type=\"container\" data-e-type=\"container\">\n\t\t\t\t<div class=\"elementor-element elementor-element-35ab175 elementor-widget elementor-widget-wd_text_block\" data-id=\"35ab175\" data-element_type=\"widget\" data-e-type=\"widget\" data-widget_type=\"wd_text_block.default\">\n\t\t\t\t<div class=\"elementor-widget-container\">\n\t\t\t\t\t\t\t<div class=\"wd-text-block reset-last-child text-center\">\n\t\t\t\n\t\t\t<h3>Qu\u2019est-ce que l\u2019Arroche marine ? Une plante saline aux bienfaits \u00e9tonnants !<\/h3>\n\t\t\t\t\t<\/div>\n\t\t\t\t\t\t<\/div>\n\t\t\t\t<\/div>\n\t\t\t\t<div class=\"elementor-element elementor-element-6ff3ec9 elementor-widget elementor-widget-wd_text_block\" data-id=\"6ff3ec9\" data-element_type=\"widget\" data-e-type=\"widget\" data-widget_type=\"wd_text_block.default\">\n\t\t\t\t<div class=\"elementor-widget-container\">\n\t\t\t\t\t\t\t<div class=\"wd-text-block reset-last-child text-center\">\n\t\t\t\n\t\t\t<p>Vous cherchez une solution naturelle aux probl\u00e8mes de sant\u00e9 f\u00e9minine, notamment les kystes ? Il est temps de d\u00e9couvrir <b>Arroche Marine<\/b>Cette plante herbac\u00e9e \u00e9tonnante, connue scientifiquement sous le nom de <b>Atriplex halimus<\/b>Cette plante pousse couramment dans les zones sal\u00e9es et arides, comme les c\u00f4tes et les d\u00e9serts, et se distingue par sa capacit\u00e9 \u00e0 r\u00e9sister aux conditions difficiles, reflet de sa force et r\u00e9silience.<\/p><p>L\u2019arroche marine est utilis\u00e9e depuis longtemps en m\u00e9decine traditionnelle populaire dans la r\u00e9gion m\u00e9diterran\u00e9enne et en Afrique du Nord pour ses nombreux bienfaits. Elle est particuli\u00e8rement reconnue pour soutenir la sant\u00e9 des femmes, aidant \u00e0 r\u00e9guler les hormones et \u00e0 soulager les sympt\u00f4mes de certains troubles f\u00e9minins. Que savez-vous vraiment de cette plante unique qui promet \u00e9quilibre hormonal, soulagement des kystes et soutien ovarien ? D\u00e9couvrez le secret de l\u2019arroche marine, votre alli\u00e9e naturelle pour une vie f\u00e9minine plus saine et confortable !<\/p>\n\t\t\t\t\t<\/div>\n\t\t\t\t\t\t<\/div>\n\t\t\t\t<\/div>\n\t\t\t\t<\/div>\n\t\t<div class=\"elementor-element elementor-element-074ca7b e-con-full e-flex e-con e-child\" data-id=\"074ca7b\" data-element_type=\"container\" data-e-type=\"container\">\n\t\t\t\t<div class=\"elementor-element elementor-element-998b030 elementor-widget elementor-widget-wd_text_block\" data-id=\"998b030\" data-element_type=\"widget\" data-e-type=\"widget\" data-widget_type=\"wd_text_block.default\">\n\t\t\t\t<div class=\"elementor-widget-container\">\n\t\t\t\t\t\t\t<div class=\"wd-text-block reset-last-child text-center\">\n\t\t\t\n\t\t\t<h3>Bienfaits de l\u2019arroche marine pour femmes : soutien des ovaires et \u00e9quilibre hormonal !<\/h3>\n\t\t\t\t\t<\/div>\n\t\t\t\t\t\t<\/div>\n\t\t\t\t<\/div>\n\t\t\t\t<div class=\"elementor-element elementor-element-ca7d2aa elementor-widget elementor-widget-wd_text_block\" data-id=\"ca7d2aa\" data-element_type=\"widget\" data-e-type=\"widget\" data-widget_type=\"wd_text_block.default\">\n\t\t\t\t<div class=\"elementor-widget-container\">\n\t\t\t\t\t\t\t<div class=\"wd-text-block reset-last-child text-center\">\n\t\t\t\n\t\t\t<p>Est consid\u00e9r\u00e9 <b>Arroche Marine<\/b> Riche en de nombreux compos\u00e9s bioactifs, tels que <b>flavonoides<\/b>et<b>Polysaccharides<\/b>et<b>Acides ph\u00e9noliques<\/b>et<b>Min\u00e9raux Essentiels<\/b>Cette formule unique offre des propri\u00e9t\u00e9s th\u00e9rapeutiques pr\u00e9cieuses, notamment pour la sant\u00e9 des femmes :<\/p><ul><li><p><b>Soutien de la sant\u00e9 des ovaires et des kystes:<\/b> L\u2019arroche marine est une plante traditionnelle majeure pour la sant\u00e9 ovarienne. Elle aide \u00e0 r\u00e9guler les r\u00e8gles, r\u00e9duire les kystes (dont le SOPK), et soulager les sympt\u00f4mes comme irr\u00e9gularit\u00e9s, acn\u00e9 et pilosit\u00e9.<\/p><\/li><li><p><b>\u00c9quilibre hormonal:<\/b> On pense que l\u2019arroche marine aide \u00e0 \u00e9quilibrer les hormones, essentiel pour la sant\u00e9 reproductive et g\u00e9n\u00e9rale des femmes. Elle peut r\u00e9guler les hormones f\u00e9minines, am\u00e9liorant r\u00e8gles et fertilit\u00e9.<\/p><\/li><li><p><b>Propri\u00e9t\u00e9s anti-inflammatoires et antioxydantes :<\/b> L\u2019arroche marine contient des compos\u00e9s puissants agissant comme antioxydants, combattant les radicaux libres nuisibles responsables des dommages cellulaires et inflammations. Son effet anti-inflammatoire peut aider \u00e0 soulager les inflammations li\u00e9es \u00e0 certaines affections f\u00e9minines.<\/p><\/li><li><p><b>Soutien \u00e0 la sant\u00e9 des voies urinaires:<\/b> Utilis\u00e9 traditionnellement comme diur\u00e9tique, il aide \u00e0 \u00e9liminer les toxines et soutient la sant\u00e9 urinaire, essentielle pour le bien-\u00eatre f\u00e9minin.<\/p><\/li><li><p><b>Soulagement des sympt\u00f4mes de la m\u00e9nopause:<\/b> L\u2019arroche marine peut aider \u00e0 att\u00e9nuer les sympt\u00f4mes de la m\u00e9nopause, comme les bouff\u00e9es de chaleur et les sautes d\u2019humeur, gr\u00e2ce \u00e0 son effet sur l\u2019\u00e9quilibre hormonal.<\/p><\/li><\/ul>\n\t\t\t\t\t<\/div>\n\t\t\t\t\t\t<\/div>\n\t\t\t\t<\/div>\n\t\t\t\t<\/div>\n\t\t<div class=\"elementor-element elementor-element-5b56518 e-con-full e-flex e-con e-child\" data-id=\"5b56518\" data-element_type=\"container\" data-e-type=\"container\">\n\t\t\t\t<div class=\"elementor-element elementor-element-8157faf elementor-widget elementor-widget-wd_text_block\" data-id=\"8157faf\" data-element_type=\"widget\" data-e-type=\"widget\" data-widget_type=\"wd_text_block.default\">\n\t\t\t\t<div class=\"elementor-widget-container\">\n\t\t\t\t\t\t\t<div class=\"wd-text-block reset-last-child text-center\">\n\t\t\t\n\t\t\t<h3>Pourquoi les experts font-ils confiance \u00e0 l\u2019arroche marine ? La science r\u00e9v\u00e8le la puissance de la nature pour la sant\u00e9 des femmes !<\/h3>\n\t\t\t\t\t<\/div>\n\t\t\t\t\t\t<\/div>\n\t\t\t\t<\/div>\n\t\t\t\t<div class=\"elementor-element elementor-element-c03afc3 elementor-widget elementor-widget-wd_text_block\" data-id=\"c03afc3\" data-element_type=\"widget\" data-e-type=\"widget\" data-widget_type=\"wd_text_block.default\">\n\t\t\t\t<div class=\"elementor-widget-container\">\n\t\t\t\t\t\t\t<div class=\"wd-text-block reset-last-child text-center\">\n\t\t\t\n\t\t\t<p>N\u2019est plus <b>Arroche Marine<\/b> Plus qu\u2019un simple rem\u00e8de populaire, l\u2019arroche marine suscite un int\u00e9r\u00eat scientifique, surtout en sant\u00e9 f\u00e9minine. Les premi\u00e8res \u00e9tudes sur ses compos\u00e9s actifs, alli\u00e9es \u00e0 des si\u00e8cles d\u2019usage traditionnel, montrent un potentiel pour soutenir la sant\u00e9 ovarienne, r\u00e9guler les hormones et soulager les troubles f\u00e9minins. Recommand\u00e9e par les experts en m\u00e9decine alternative, c\u2019est un choix naturel s\u00fbr et efficace. Sa confiance grandissante repose sur une longue histoire d\u2019usage s\u00fbr et ses fortes propri\u00e9t\u00e9s chimiques. Pr\u00eate \u00e0 d\u00e9couvrir la puissance de l\u2019arroche marine pour votre sant\u00e9 ?<\/p>\n\t\t\t\t\t<\/div>\n\t\t\t\t\t\t<\/div>\n\t\t\t\t<\/div>\n\t\t\t\t<\/div>\n\t\t\t\t\t<\/div>\n\t\t\t\t<\/div>\n\t\t\t\t<\/div>","protected":false},"excerpt":{"rendered":"<p>Qu\u2019est-ce que le Saltbush\u202f? Une plante halophyte aux bienfaits sant\u00e9 \u00e9tonnants\u202f! Vous cherchez une solution naturelle pour la sant\u00e9 des femmes, surtout pour<\/p>","protected":false},"featured_media":3877,"comment_status":"open","ping_status":"closed","template":"","meta":[],"product_brand":[],"product_cat":[65],"product_tag":[],"class_list":{"0":"post-2652","1":"product","2":"type-product","3":"status-publish","4":"has-post-thumbnail","6":"product_cat-65","7":"pa_-1-kg","8":"pa_-250-g","9":"pa_-500-g","11":"first","12":"instock","13":"shipping-taxable","14":"product-type-variable"},"jetpack_sharing_enabled":true,"_links":{"self":[{"href":"https:\/\/sfb.ma\/fr\/wp-json\/wp\/v2\/product\/2652","targetHints":{"allow":["GET"]}}],"collection":[{"href":"https:\/\/sfb.ma\/fr\/wp-json\/wp\/v2\/product"}],"about":[{"href":"https:\/\/sfb.ma\/fr\/wp-json\/wp\/v2\/types\/product"}],"replies":[{"embeddable":true,"href":"https:\/\/sfb.ma\/fr\/wp-json\/wp\/v2\/comments?post=2652"}],"version-history":[{"count":0,"href":"https:\/\/sfb.ma\/fr\/wp-json\/wp\/v2\/product\/2652\/revisions"}],"wp:featuredmedia":[{"embeddable":true,"href":"https:\/\/sfb.ma\/fr\/wp-json\/wp\/v2\/media\/3877"}],"wp:attachment":[{"href":"https:\/\/sfb.ma\/fr\/wp-json\/wp\/v2\/media?parent=2652"}],"wp:term":[{"taxonomy":"product_brand","embeddable":true,"href":"https:\/\/sfb.ma\/fr\/wp-json\/wp\/v2\/product_brand?post=2652"},{"taxonomy":"product_cat","embeddable":true,"href":"https:\/\/sfb.ma\/fr\/wp-json\/wp\/v2\/product_cat?post=2652"},{"taxonomy":"product_tag","embeddable":true,"href":"https:\/\/sfb.ma\/fr\/wp-json\/wp\/v2\/product_tag?post=2652"}],"curies":[{"name":"wp","href":"https:\/\/api.w.org\/{rel}","templated":true}]}}