{"id":2672,"date":"2025-07-12T14:26:54","date_gmt":"2025-07-12T14:26:54","guid":{"rendered":"https:\/\/sfb.ma\/?post_type=product&#038;p=2672"},"modified":"2025-09-19T19:20:48","modified_gmt":"2025-09-19T19:20:48","slug":"carthame","status":"publish","type":"product","link":"https:\/\/sfb.ma\/fr\/produit\/carthame\/","title":{"rendered":"Carthame"},"content":{"rendered":"<div data-elementor-type=\"product-post\" data-elementor-id=\"2672\" class=\"elementor elementor-2672\" data-elementor-post-type=\"product\">\n\t\t\t\t<div class=\"wd-negative-gap elementor-element elementor-element-f1415b8 e-flex e-con-boxed e-con e-parent\" data-id=\"f1415b8\" data-element_type=\"container\" data-e-type=\"container\">\n\t\t\t\t\t<div class=\"e-con-inner\">\n\t\t<div class=\"elementor-element elementor-element-97ab024 e-con-full e-flex e-con e-child\" data-id=\"97ab024\" data-element_type=\"container\" data-e-type=\"container\">\n\t\t\t\t<div class=\"elementor-element elementor-element-c2c6444 elementor-widget elementor-widget-wd_text_block\" data-id=\"c2c6444\" data-element_type=\"widget\" data-e-type=\"widget\" data-widget_type=\"wd_text_block.default\">\n\t\t\t\t<div class=\"elementor-widget-container\">\n\t\t\t\t\t\t\t<div class=\"wd-text-block reset-last-child text-center\">\n\t\t\t\n\t\t\t<h3 class=\"\">Qu\u2019est-ce que le carthame ? Un tr\u00e9sor dor\u00e9 de la nature aux multiples bienfaits !<\/h3>\n\t\t\t\t\t<\/div>\n\t\t\t\t\t\t<\/div>\n\t\t\t\t<\/div>\n\t\t\t\t<div class=\"elementor-element elementor-element-5ed9106 elementor-widget elementor-widget-wd_text_block\" data-id=\"5ed9106\" data-element_type=\"widget\" data-e-type=\"widget\" data-widget_type=\"wd_text_block.default\">\n\t\t\t\t<div class=\"elementor-widget-container\">\n\t\t\t\t\t\t\t<div class=\"wd-text-block reset-last-child text-center\">\n\t\t\t\n\t\t\t<p>Vous cherchez une belle fleur dont les bienfaits vont bien au-del\u00e0 de la d\u00e9coration, et s\u2019\u00e9tendent \u00e0 la sant\u00e9 de votre c\u0153ur et de votre peau ? Il est temps de d\u00e9couvrir <b>Carthame<\/b>, connu mondialement sous le nom de <b>Safflower<\/b>et son nom scientifique est <i>Carthamus tinctorius<\/i>Cette plante semblable au chardon, aux fleurs orange vif ou jaune \u00e9clatant qui rappellent le soleil, est cultiv\u00e9e depuis des mill\u00e9naires dans diff\u00e9rentes r\u00e9gions du monde, notamment au Moyen-Orient et en Asie.<\/p><p>Le carthame est utilis\u00e9 depuis longtemps dans la m\u00e9decine traditionnelle comme colorant naturel et ingr\u00e9dient cl\u00e9 en cuisine (rempla\u00e7ant du safran). Pourtant, sa v\u00e9ritable valeur r\u00e9side dans ses graines et ses fleurs, riches en compos\u00e9s actifs. De ces graines est extrait le c\u00e9l\u00e8bre huile de carthame, mais la plante elle-m\u00eame \u2014 ses fleurs et ses feuilles \u2014 poss\u00e8de des propri\u00e9t\u00e9s th\u00e9rapeutiques uniques. Que savez-vous vraiment de cette fleur dor\u00e9e qui promet sant\u00e9 cardiaque, peau \u00e9clatante et m\u00eame soulagement de certaines douleurs ? D\u00e9couvrez avec nous le secret du carthame, cadeau de la nature pour votre beaut\u00e9 et votre bien-\u00eatre global !<\/p>\n\t\t\t\t\t<\/div>\n\t\t\t\t\t\t<\/div>\n\t\t\t\t<\/div>\n\t\t\t\t<\/div>\n\t\t<div class=\"elementor-element elementor-element-d529ae8 e-con-full e-flex e-con e-child\" data-id=\"d529ae8\" data-element_type=\"container\" data-e-type=\"container\">\n\t\t\t\t<div class=\"elementor-element elementor-element-c77820e elementor-widget elementor-widget-wd_text_block\" data-id=\"c77820e\" data-element_type=\"widget\" data-e-type=\"widget\" data-widget_type=\"wd_text_block.default\">\n\t\t\t\t<div class=\"elementor-widget-container\">\n\t\t\t\t\t\t\t<div class=\"wd-text-block reset-last-child text-center\">\n\t\t\t\n\t\t\t<h3>Bienfaits du carthame : pourquoi cette fleur dor\u00e9e m\u00e9rite une place dans votre routine sant\u00e9 et beaut\u00e9 ?<\/h3>\n\t\t\t\t\t<\/div>\n\t\t\t\t\t\t<\/div>\n\t\t\t\t<\/div>\n\t\t\t\t<div class=\"elementor-element elementor-element-7552c2c elementor-widget elementor-widget-wd_text_block\" data-id=\"7552c2c\" data-element_type=\"widget\" data-e-type=\"widget\" data-widget_type=\"wd_text_block.default\">\n\t\t\t\t<div class=\"elementor-widget-container\">\n\t\t\t\t\t\t\t<div class=\"wd-text-block reset-last-child text-center\">\n\t\t\t\n\t\t\t<p>Est consid\u00e9r\u00e9 <b>Carthame<\/b> Riche en nombreux compos\u00e9s bioactifs, y compris <b>flavonoides<\/b>et<b>Polyph\u00e9nols<\/b>et<b>Graisses saines (surtout dans ses graines)<\/b>ainsi que de puissants antioxydants. Cette combinaison unique lui conf\u00e8re de pr\u00e9cieuses propri\u00e9t\u00e9s th\u00e9rapeutiques et cosm\u00e9tiques :<\/p><ul><li><p><b>Sant\u00e9 cardiaque et cardiovasculaire:<\/b> Le carthame, en particulier son huile extraite des graines, est tr\u00e8s b\u00e9n\u00e9fique pour la sant\u00e9 cardiaque. Il est riche en acides gras insatur\u00e9s, tels que l\u2019acide linol\u00e9ique (om\u00e9ga-6), qui aident \u00e0 r\u00e9duire le mauvais cholest\u00e9rol (LDL) et \u00e0 augmenter le bon cholest\u00e9rol (HDL), r\u00e9duisant ainsi le risque de maladies cardiaques et art\u00e9rielles.<\/p><\/li><li><p><b>Anti-inflammatoire et antioxydant :<\/b> Les fleurs de carthame contiennent des compos\u00e9s aux puissantes propri\u00e9t\u00e9s anti-inflammatoires et antioxydantes, aidant \u00e0 prot\u00e9ger les cellules des dommages caus\u00e9s par les radicaux libres et \u00e0 r\u00e9duire l\u2019inflammation chronique dans le corps.<\/p><\/li><li><p><b>Soutenir la sant\u00e9 de la peau :<\/b> L\u2019huile de carthame est largement utilis\u00e9e dans les produits de soin de la peau gr\u00e2ce \u00e0 ses propri\u00e9t\u00e9s hydratantes et non grasses. Elle aide \u00e0 traiter les probl\u00e8mes cutan\u00e9s tels que l\u2019acn\u00e9 (gr\u00e2ce \u00e0 ses effets anti-inflammatoires et r\u00e9gulateurs de s\u00e9bum), la s\u00e9cheresse et l\u2019ecz\u00e9ma, tout en apportant \u00e0 la peau fra\u00eecheur et \u00e9clat.<\/p><\/li><li><p><b>R\u00e9gulation du taux de sucre dans le sang :<\/b> Certaines recherches indiquent que les compos\u00e9s pr\u00e9sents dans le carthame pourraient contribuer \u00e0 am\u00e9liorer la sensibilit\u00e9 \u00e0 l\u2019insuline et \u00e0 r\u00e9guler le taux de sucre dans le sang, ce qui le rend b\u00e9n\u00e9fique pour les personnes diab\u00e9tiques ou \u00e0 risque de le devenir.<\/p><\/li><li><p><b>Soulagement des douleurs menstruelles:<\/b> En m\u00e9decine traditionnelle, les fleurs de carthame sont utilis\u00e9es pour aider \u00e0 r\u00e9guler le cycle menstruel et soulager les douleurs et les crampes menstruelles, gr\u00e2ce \u00e0 leurs propri\u00e9t\u00e9s apaisantes et antispasmodiques.<\/p><\/li><li><p><b>Soutien \u00e0 la sant\u00e9 des cheveux :<\/b> L\u2019huile de carthame aide \u00e0 hydrater le cuir chevelu et \u00e0 renforcer les follicules pileux, r\u00e9duisant la chute des cheveux et favorisant leur croissance.<\/p><\/li><\/ul>\n\t\t\t\t\t<\/div>\n\t\t\t\t\t\t<\/div>\n\t\t\t\t<\/div>\n\t\t\t\t<\/div>\n\t\t<div class=\"elementor-element elementor-element-51527d3 e-con-full e-flex e-con e-child\" data-id=\"51527d3\" data-element_type=\"container\" data-e-type=\"container\">\n\t\t\t\t<div class=\"elementor-element elementor-element-a211088 elementor-widget elementor-widget-wd_text_block\" data-id=\"a211088\" data-element_type=\"widget\" data-e-type=\"widget\" data-widget_type=\"wd_text_block.default\">\n\t\t\t\t<div class=\"elementor-widget-container\">\n\t\t\t\t\t\t\t<div class=\"wd-text-block reset-last-child text-center\">\n\t\t\t\n\t\t\t<h3>Pourquoi les experts font-ils confiance au carthame ? La science confirme la puissance de cette fleur polyvalente !<\/h3>\n\t\t\t\t\t<\/div>\n\t\t\t\t\t\t<\/div>\n\t\t\t\t<\/div>\n\t\t\t\t<div class=\"elementor-element elementor-element-f42fae0 elementor-widget elementor-widget-wd_text_block\" data-id=\"f42fae0\" data-element_type=\"widget\" data-e-type=\"widget\" data-widget_type=\"wd_text_block.default\">\n\t\t\t\t<div class=\"elementor-widget-container\">\n\t\t\t\t\t\t\t<div class=\"wd-text-block reset-last-child text-center\">\n\t\t\t\n\t\t\t<p>Parce que le carthame contient des compos\u00e9s v\u00e9g\u00e9taux qui stimulent la production de <strong data-start=\"1689\" data-end=\"1704\">s\u00e9rotonine<\/strong> et<strong data-start=\"1706\" data-end=\"1719\">dopamine<\/strong>les hormones du bonheur et de la d\u00e9tente dans le corps, ce qui en fait un choix naturel et s\u00fbr pour ceux qui recherchent un soutien mental et \u00e9motionnel sans recourir aux produits chimiques.<\/p><p>Et pour cette raison<\/p><p>N\u2019est plus <b>Carthame<\/b> Bien plus qu\u2019une simple fleur utilis\u00e9e pour la teinture ou comme substitut du safran, le carthame suscite aujourd\u2019hui un int\u00e9r\u00eat mondial dans les milieux scientifiques, nutritionnels et cosm\u00e9tiques. De nombreuses \u00e9tudes ont d\u00e9montr\u00e9 son efficacit\u00e9 pour soutenir la sant\u00e9 cardiaque, prendre soin de la peau et offrir des propri\u00e9t\u00e9s anti-inflammatoires et antioxydantes. Les nutritionnistes, dermatologues et experts en m\u00e9decine alternative le recommandent comme un ajout pr\u00e9cieux \u00e0 une routine sant\u00e9 et beaut\u00e9, surtout pour ceux qui recherchent des solutions naturelles et globales. La confiance croissante envers le carthame vient de sa longue histoire d\u2019utilisation s\u00fbre et efficace dans de nombreuses cultures, renforc\u00e9e par des preuves scientifiques confirmant sa place parmi les plus grands tr\u00e9sors de la nature. \u00cates-vous pr\u00eat \u00e0 int\u00e9grer le carthame dans votre vie et \u00e0 profiter de sa beaut\u00e9 ainsi que de ses bienfaits pour la sant\u00e9 et la beaut\u00e9 ?<\/p>\n\t\t\t\t\t<\/div>\n\t\t\t\t\t\t<\/div>\n\t\t\t\t<\/div>\n\t\t\t\t<\/div>\n\t\t\t\t\t<\/div>\n\t\t\t\t<\/div>\n\t\t\t\t<\/div>","protected":false},"excerpt":{"rendered":"<p>Qu\u2019est-ce que le Carthame ? Tr\u00e9sor dor\u00e9 de la nature aux multiples bienfaits ! Vous cherchez une belle fleur qui n\u2019est pas seulement ornementale, mais<\/p>","protected":false},"featured_media":3849,"comment_status":"open","ping_status":"closed","template":"","meta":[],"product_brand":[],"product_cat":[65],"product_tag":[],"class_list":{"0":"post-2672","1":"product","2":"type-product","3":"status-publish","4":"has-post-thumbnail","6":"product_cat-65","7":"pa_-1-kg","8":"pa_-250-g","9":"pa_-500-g","11":"first","12":"instock","13":"shipping-taxable","14":"purchasable","15":"product-type-variable"},"jetpack_sharing_enabled":true,"_links":{"self":[{"href":"https:\/\/sfb.ma\/fr\/wp-json\/wp\/v2\/product\/2672","targetHints":{"allow":["GET"]}}],"collection":[{"href":"https:\/\/sfb.ma\/fr\/wp-json\/wp\/v2\/product"}],"about":[{"href":"https:\/\/sfb.ma\/fr\/wp-json\/wp\/v2\/types\/product"}],"replies":[{"embeddable":true,"href":"https:\/\/sfb.ma\/fr\/wp-json\/wp\/v2\/comments?post=2672"}],"version-history":[{"count":0,"href":"https:\/\/sfb.ma\/fr\/wp-json\/wp\/v2\/product\/2672\/revisions"}],"wp:featuredmedia":[{"embeddable":true,"href":"https:\/\/sfb.ma\/fr\/wp-json\/wp\/v2\/media\/3849"}],"wp:attachment":[{"href":"https:\/\/sfb.ma\/fr\/wp-json\/wp\/v2\/media?parent=2672"}],"wp:term":[{"taxonomy":"product_brand","embeddable":true,"href":"https:\/\/sfb.ma\/fr\/wp-json\/wp\/v2\/product_brand?post=2672"},{"taxonomy":"product_cat","embeddable":true,"href":"https:\/\/sfb.ma\/fr\/wp-json\/wp\/v2\/product_cat?post=2672"},{"taxonomy":"product_tag","embeddable":true,"href":"https:\/\/sfb.ma\/fr\/wp-json\/wp\/v2\/product_tag?post=2672"}],"curies":[{"name":"wp","href":"https:\/\/api.w.org\/{rel}","templated":true}]}}