{"id":2682,"date":"2025-07-12T14:44:30","date_gmt":"2025-07-12T14:44:30","guid":{"rendered":"https:\/\/sfb.ma\/?post_type=product&#038;p=2682"},"modified":"2025-09-19T19:18:04","modified_gmt":"2025-09-19T19:18:04","slug":"sel-de-lhimalaya","status":"publish","type":"product","link":"https:\/\/sfb.ma\/fr\/produit\/sel-de-lhimalaya\/","title":{"rendered":"Sel de l\u2019Himalaya"},"content":{"rendered":"<div data-elementor-type=\"product-post\" data-elementor-id=\"2682\" class=\"elementor elementor-2682\" data-elementor-post-type=\"product\">\n\t\t\t\t<div class=\"wd-negative-gap elementor-element elementor-element-21a4b4a e-flex e-con-boxed e-con e-parent\" data-id=\"21a4b4a\" data-element_type=\"container\" data-e-type=\"container\">\n\t\t\t\t\t<div class=\"e-con-inner\">\n\t\t<div class=\"elementor-element elementor-element-daf1712 e-con-full e-flex e-con e-child\" data-id=\"daf1712\" data-element_type=\"container\" data-e-type=\"container\">\n\t\t\t\t<div class=\"elementor-element elementor-element-494d5bf elementor-widget elementor-widget-wd_text_block\" data-id=\"494d5bf\" data-element_type=\"widget\" data-e-type=\"widget\" data-widget_type=\"wd_text_block.default\">\n\t\t\t\t<div class=\"elementor-widget-container\">\n\t\t\t\t\t\t\t<div class=\"wd-text-block reset-last-child text-center\">\n\t\t\t\n\t\t\t<h3>Qu\u2019est-ce que le sel rose de l\u2019Himalaya ? Un tr\u00e9sor au c\u0153ur des anciennes montagnes !<\/h3>\n\t\t\t\t\t<\/div>\n\t\t\t\t\t\t<\/div>\n\t\t\t\t<\/div>\n\t\t\t\t<div class=\"elementor-element elementor-element-d354762 elementor-widget elementor-widget-wd_text_block\" data-id=\"d354762\" data-element_type=\"widget\" data-e-type=\"widget\" data-widget_type=\"wd_text_block.default\">\n\t\t\t\t<div class=\"elementor-widget-container\">\n\t\t\t\t\t\t\t<div class=\"wd-text-block reset-last-child text-center\">\n\t\t\t\n\t\t\t<p>Vous cherchez une alternative saine au sel ordinaire, riche en puret\u00e9 naturelle et min\u00e9raux uniques ? Il est temps de d\u00e9couvrir <b>Sel rose de l\u2019Himalaya (\u0645\u0644\u062d \u0627\u0644\u0647\u064a\u0645\u0627\u0644\u0627\u064a\u0627 \u0627\u0644\u0648\u0631\u062f\u064a)<\/b>. Ce sel gemme, souvent reconnu pour sa belle couleur rose (variant du blanc au rouge fonc\u00e9), est extrait \u00e0 la main des anciennes mines de sel du Pendjab, au Pakistan, au pied de l\u2019Himalaya.<\/p><p>Ce qui distingue le sel de l\u2019Himalaya du sel de table ordinaire, c\u2019est qu\u2019il est <b>Sel non raffin\u00e9<\/b> Sans additifs, ce qui le rapproche de son \u00e9tat naturel. Alors que le sel de table classique est presque enti\u00e8rement du chlorure de sodium (plus de 99 %), le sel rose de l\u2019Himalaya contient environ <b>98 % de chlorure de sodium<\/b>, et les 2 % restants se composent d\u2019un large \u00e9ventail de : <b>Min\u00e9raux rares et oligo-\u00e9l\u00e9ments<\/b> (On dit qu\u2019il contient jusqu\u2019\u00e0 84 min\u00e9raux diff\u00e9rents). Ces min\u00e9raux\u2014fer (qui lui donne sa couleur rose), calcium, magn\u00e9sium et potassium\u2014lui conf\u00e8rent des propri\u00e9t\u00e9s uniques et un go\u00fbt doux. Plus qu\u2019un simple sel, c\u2019est un ajout naturel alimentaire et d\u00e9coratif, essentiel aux modes de vie sains.<\/p>\n\t\t\t\t\t<\/div>\n\t\t\t\t\t\t<\/div>\n\t\t\t\t<\/div>\n\t\t\t\t<\/div>\n\t\t<div class=\"elementor-element elementor-element-c29b7c6 e-con-full e-flex e-con e-child\" data-id=\"c29b7c6\" data-element_type=\"container\" data-e-type=\"container\">\n\t\t\t\t<div class=\"elementor-element elementor-element-15e9e7f elementor-widget elementor-widget-wd_text_block\" data-id=\"15e9e7f\" data-element_type=\"widget\" data-e-type=\"widget\" data-widget_type=\"wd_text_block.default\">\n\t\t\t\t<div class=\"elementor-widget-container\">\n\t\t\t\t\t\t\t<div class=\"wd-text-block reset-last-child text-center\">\n\t\t\t\n\t\t\t<h3>Bienfaits du sel rose de l\u2019Himalaya : pourquoi ce sel unique m\u00e9rite sa place dans votre cuisine et votre routine sant\u00e9 ?<\/h3>\n\t\t\t\t\t<\/div>\n\t\t\t\t\t\t<\/div>\n\t\t\t\t<\/div>\n\t\t\t\t<div class=\"elementor-element elementor-element-3d9a03d elementor-widget elementor-widget-wd_text_block\" data-id=\"3d9a03d\" data-element_type=\"widget\" data-e-type=\"widget\" data-widget_type=\"wd_text_block.default\">\n\t\t\t\t<div class=\"elementor-widget-container\">\n\t\t\t\t\t\t\t<div class=\"wd-text-block reset-last-child text-center\">\n\t\t\t\n\t\t\t<p>Gr\u00e2ce \u00e0 sa composition riche en min\u00e9raux rares, on croit que <b>Sel rose de l\u2019Himalaya<\/b> Offre une gamme de bienfaits pour la sant\u00e9 au-del\u00e0 de l\u2019assaisonnement. Les principaux avantages incluent :<\/p><ul><li><p><b>Aide \u00e0 l\u2019hydratation et \u00e0 l\u2019\u00e9quilibre \u00e9lectrolytique :<\/b> Les min\u00e9raux du sel de l\u2019Himalaya aident \u00e0 maintenir l\u2019\u00e9quilibre des fluides et des \u00e9lectrolytes dans le corps, essentiel pour une bonne hydratation et le fonctionnement cellulaire. Certains l\u2019ajoutent \u00e0 l\u2019eau ou aux boissons pour compenser les \u00e9lectrolytes perdus apr\u00e8s l\u2019exercice ou en cas de d\u00e9shydratation.<\/p><\/li><li><p><b>Soutient la sant\u00e9 respiratoire :<\/b> Le sel de l\u2019Himalaya est utilis\u00e9 dans les soins de spa (comme les grottes de sel) pour am\u00e9liorer la sant\u00e9 respiratoire. L\u2019inhalation de fines particules de sel aide \u00e0 d\u00e9gager les voies respiratoires et \u00e0 soulager les sympt\u00f4mes de l\u2019asthme et de la bronchite.<\/p><\/li><li><p><b>Am\u00e9lioration de la qualit\u00e9 du sommeil<\/b> Le sel de l\u2019Himalaya aide \u00e0 r\u00e9guler les hormones du stress comme le cortisol et l\u2019adr\u00e9naline, ce qui peut am\u00e9liorer la qualit\u00e9 du sommeil et r\u00e9duire l\u2019insomnie.<\/p><\/li><li><p><b>Soutien \u00e0 la sant\u00e9 digestive\u00a0:<\/b> Il aide \u00e0 stimuler la production d\u2019acide gastrique, favorisant la digestion et r\u00e9duisant des probl\u00e8mes comme les ballonnements et l\u2019indigestion.<\/p><\/li><li><p><b>Sant\u00e9 de la peau et des muscles :<\/b> Le sel de l\u2019Himalaya peut \u00eatre utilis\u00e9 dans des bains relaxants. L\u2019absorption de min\u00e9raux comme le magn\u00e9sium \u00e0 travers la peau aide \u00e0 soulager les douleurs musculaires, r\u00e9g\u00e9n\u00e8re la peau, lutte contre l\u2019acn\u00e9 et la rend douce.<\/p><\/li><li><p><b>\u00c9quilibre du pH du corps :<\/b> Le sel de l\u2019Himalaya aide \u00e0 maintenir l\u2019\u00e9quilibre du pH du corps, soutenant les fonctions vitales.<\/p><\/li><\/ul>\n\t\t\t\t\t<\/div>\n\t\t\t\t\t\t<\/div>\n\t\t\t\t<\/div>\n\t\t\t\t<\/div>\n\t\t<div class=\"elementor-element elementor-element-b480dd2 e-con-full e-flex e-con e-child\" data-id=\"b480dd2\" data-element_type=\"container\" data-e-type=\"container\">\n\t\t\t\t<div class=\"elementor-element elementor-element-51acdd6 elementor-widget elementor-widget-wd_text_block\" data-id=\"51acdd6\" data-element_type=\"widget\" data-e-type=\"widget\" data-widget_type=\"wd_text_block.default\">\n\t\t\t\t<div class=\"elementor-widget-container\">\n\t\t\t\t\t\t\t<div class=\"wd-text-block reset-last-child text-center\">\n\t\t\t\n\t\t\t<h3>Pourquoi les experts font-ils confiance au sel rose de l\u2019Himalaya ? Puret\u00e9 naturelle et tr\u00e9sor de min\u00e9raux !<\/h3>\n\t\t\t\t\t<\/div>\n\t\t\t\t\t\t<\/div>\n\t\t\t\t<\/div>\n\t\t\t\t<div class=\"elementor-element elementor-element-ddddac7 elementor-widget elementor-widget-wd_text_block\" data-id=\"ddddac7\" data-element_type=\"widget\" data-e-type=\"widget\" data-widget_type=\"wd_text_block.default\">\n\t\t\t\t<div class=\"elementor-widget-container\">\n\t\t\t\t\t\t\t<div class=\"wd-text-block reset-last-child text-center\">\n\t\t\t\n\t\t\t<p>Parce qu\u2019il est 100 % naturel, non raffin\u00e9 et exempt de produits chimiques pr\u00e9sents dans le sel de table.<br data-start=\"1778\" data-end=\"1781\" \/>comme utilis\u00e9 lors des s\u00e9ances <strong data-start=\"1802\" data-end=\"1819\">Th\u00e9rapie au Sel<\/strong> et dans les produits de spa pour apaiser les muscles et purifier la peau.<\/p><p>et a acquis <b>Sel rose de l\u2019Himalaya<\/b> Le sel rose de l\u2019Himalaya est devenu tr\u00e8s populaire, non seulement pour son apparence, mais aussi pour ses pr\u00e9tendus bienfaits sur la sant\u00e9. Recommand\u00e9 par les nutritionnistes et les experts en m\u00e9decine alternative comme meilleure alternative au sel raffin\u00e9, il conserve ses min\u00e9raux naturels. Bien que certaines affirmations sur sa \u00ab teneur \u00e9lev\u00e9e en min\u00e9raux \u00bb soient exag\u00e9r\u00e9es (toujours faible compar\u00e9e au sodium et au chlorure), sa nature non raffin\u00e9e et sans additifs en fait un choix pr\u00e9f\u00e9r\u00e9 pour les personnes soucieuses de leur sant\u00e9. La confiance repose sur sa puret\u00e9, son histoire naturelle et la sensibilisation croissante des consommateurs aux ingr\u00e9dients peu transform\u00e9s.<\/p><p><span style=\"color: #ff0000;\"><b>Note importante :<\/b><\/span> Malgr\u00e9 ses bienfaits, le sel rose de l\u2019Himalaya reste principalement du chlorure de sodium. Utilisez-le avec mod\u00e9ration comme tout autre sel pour \u00e9viter les effets n\u00e9gatifs d\u2019une consommation excessive de sodium.<\/p>\n\t\t\t\t\t<\/div>\n\t\t\t\t\t\t<\/div>\n\t\t\t\t<\/div>\n\t\t\t\t<\/div>\n\t\t\t\t\t<\/div>\n\t\t\t\t<\/div>\n\t\t\t\t<\/div>","protected":false},"excerpt":{"rendered":"<p>Qu\u2019est-ce que le sel rose de l\u2019Himalaya\u202f? Un tr\u00e9sor des montagnes anciennes\u202f! Vous cherchez un sel sain et naturel, riche en<\/p>","protected":false},"featured_media":3852,"comment_status":"open","ping_status":"closed","template":"","meta":[],"product_brand":[],"product_cat":[65],"product_tag":[],"class_list":{"0":"post-2682","1":"product","2":"type-product","3":"status-publish","4":"has-post-thumbnail","6":"product_cat-65","7":"pa_-1-kg","8":"pa_-250-g","9":"pa_-500-g","11":"first","12":"instock","13":"shipping-taxable","14":"purchasable","15":"product-type-variable"},"jetpack_sharing_enabled":true,"_links":{"self":[{"href":"https:\/\/sfb.ma\/fr\/wp-json\/wp\/v2\/product\/2682","targetHints":{"allow":["GET"]}}],"collection":[{"href":"https:\/\/sfb.ma\/fr\/wp-json\/wp\/v2\/product"}],"about":[{"href":"https:\/\/sfb.ma\/fr\/wp-json\/wp\/v2\/types\/product"}],"replies":[{"embeddable":true,"href":"https:\/\/sfb.ma\/fr\/wp-json\/wp\/v2\/comments?post=2682"}],"version-history":[{"count":0,"href":"https:\/\/sfb.ma\/fr\/wp-json\/wp\/v2\/product\/2682\/revisions"}],"wp:featuredmedia":[{"embeddable":true,"href":"https:\/\/sfb.ma\/fr\/wp-json\/wp\/v2\/media\/3852"}],"wp:attachment":[{"href":"https:\/\/sfb.ma\/fr\/wp-json\/wp\/v2\/media?parent=2682"}],"wp:term":[{"taxonomy":"product_brand","embeddable":true,"href":"https:\/\/sfb.ma\/fr\/wp-json\/wp\/v2\/product_brand?post=2682"},{"taxonomy":"product_cat","embeddable":true,"href":"https:\/\/sfb.ma\/fr\/wp-json\/wp\/v2\/product_cat?post=2682"},{"taxonomy":"product_tag","embeddable":true,"href":"https:\/\/sfb.ma\/fr\/wp-json\/wp\/v2\/product_tag?post=2682"}],"curies":[{"name":"wp","href":"https:\/\/api.w.org\/{rel}","templated":true}]}}