{"id":2701,"date":"2025-07-12T15:32:49","date_gmt":"2025-07-12T15:32:49","guid":{"rendered":"https:\/\/sfb.ma\/?post_type=product&#038;p=2701"},"modified":"2025-09-01T18:22:38","modified_gmt":"2025-09-01T18:22:38","slug":"bruyere","status":"publish","type":"product","link":"https:\/\/sfb.ma\/fr\/produit\/bruyere\/","title":{"rendered":"Bruy\u00e8re"},"content":{"rendered":"<div data-elementor-type=\"product-post\" data-elementor-id=\"2701\" class=\"elementor elementor-2701\" data-elementor-post-type=\"product\">\n\t\t\t\t<div class=\"wd-negative-gap elementor-element elementor-element-31a692c e-flex e-con-boxed e-con e-parent\" data-id=\"31a692c\" data-element_type=\"container\" data-e-type=\"container\">\n\t\t\t\t\t<div class=\"e-con-inner\">\n\t\t<div class=\"elementor-element elementor-element-ae2b276 e-con-full e-flex e-con e-child\" data-id=\"ae2b276\" data-element_type=\"container\" data-e-type=\"container\">\n\t\t\t\t<div class=\"elementor-element elementor-element-f26c03d elementor-widget elementor-widget-wd_text_block\" data-id=\"f26c03d\" data-element_type=\"widget\" data-e-type=\"widget\" data-widget_type=\"wd_text_block.default\">\n\t\t\t\t<div class=\"elementor-widget-container\">\n\t\t\t\t\t\t\t<div class=\"wd-text-block reset-last-child text-center\">\n\t\t\t\n\t\t\t<h3>Qu\u2019est-ce que la bruy\u00e8re ? Une fleur sauvage aux propri\u00e9t\u00e9s m\u00e9dicinales !<\/h3>\n\t\t\t\t\t<\/div>\n\t\t\t\t\t\t<\/div>\n\t\t\t\t<\/div>\n\t\t\t\t<div class=\"elementor-element elementor-element-e575a58 elementor-widget elementor-widget-wd_text_block\" data-id=\"e575a58\" data-element_type=\"widget\" data-e-type=\"widget\" data-widget_type=\"wd_text_block.default\">\n\t\t\t\t<div class=\"elementor-widget-container\">\n\t\t\t\t\t\t\t<div class=\"wd-text-block reset-last-child text-center\">\n\t\t\t\n\t\t\t<p>Vous recherchez une plante naturelle reconnue pour ses propri\u00e9t\u00e9s antiseptiques et diur\u00e9tiques, utilis\u00e9e traditionnellement pour soutenir la sant\u00e9 urinaire et reproductive ? Il est temps de d\u00e9couvrir <b>Bruy\u00e8re (\u0627\u0644\u062e\u0644\u0646\u062c)<\/b>et son nom scientifique est <i>Calluna vulgaris<\/i>Cet arbuste \u00e0 feuilles persistantes poss\u00e8de des feuilles en forme d\u2019aiguilles et de petites fleurs dont les couleurs varient du blanc au rose p\u00e2le et violet clair. Il pousse en abondance dans les hautes terres et les zones ouvertes d\u2019Europe, d\u2019Am\u00e9rique du Nord et de quelques autres pays, mais en quantit\u00e9s limit\u00e9es, ce qui le rend rare (comme au Maroc).<\/p><p>La bruy\u00e8re a toujours \u00e9t\u00e9 un \u00e9l\u00e9ment important de la m\u00e9decine traditionnelle populaire, notamment pour traiter les probl\u00e8mes urinaires. Les parties utilis\u00e9es sont les fleurs et les branches fleuries, qui contiennent des compos\u00e9s actifs tels que les flavono\u00efdes, l\u2019arbutine et les acides tanniques. Mais que savez-vous vraiment de cette fleur sauvage qui renferme des bienfaits potentiels pour les syst\u00e8mes urinaire et reproducteur ? D\u00e9couvrez avec nous le secret de la bruy\u00e8re, un don de la nature pour soutenir les fonctions vitales du corps !<\/p>\n\t\t\t\t\t<\/div>\n\t\t\t\t\t\t<\/div>\n\t\t\t\t<\/div>\n\t\t\t\t<\/div>\n\t\t<div class=\"elementor-element elementor-element-6954c5b e-con-full e-flex e-con e-child\" data-id=\"6954c5b\" data-element_type=\"container\" data-e-type=\"container\">\n\t\t\t\t<div class=\"elementor-element elementor-element-723fbc2 elementor-widget elementor-widget-wd_text_block\" data-id=\"723fbc2\" data-element_type=\"widget\" data-e-type=\"widget\" data-widget_type=\"wd_text_block.default\">\n\t\t\t\t<div class=\"elementor-widget-container\">\n\t\t\t\t\t\t\t<div class=\"wd-text-block reset-last-child text-center\">\n\t\t\t\n\t\t\t<h3>Bienfaits de la bruy\u00e8re : pourquoi cette fleur sauvage m\u00e9rite votre attention, surtout pour les syst\u00e8mes urinaire et reproducteur ?<\/h3>\n\t\t\t\t\t<\/div>\n\t\t\t\t\t\t<\/div>\n\t\t\t\t<\/div>\n\t\t\t\t<div class=\"elementor-element elementor-element-a20cab7 elementor-widget elementor-widget-wd_text_block\" data-id=\"a20cab7\" data-element_type=\"widget\" data-e-type=\"widget\" data-widget_type=\"wd_text_block.default\">\n\t\t\t\t<div class=\"elementor-widget-container\">\n\t\t\t\t\t\t\t<div class=\"wd-text-block reset-last-child text-center\">\n\t\t\t\n\t\t\t<p>Est connu comme <b>Bruy\u00e8re<\/b> Avec des propri\u00e9t\u00e9s th\u00e9rapeutiques attribu\u00e9es \u00e0 ses composants actifs, ses bienfaits se concentrent particuli\u00e8rement sur les syst\u00e8mes urinaire et reproducteur :<\/p><h4><b>1. Soutien du syst\u00e8me urinaire :<\/b><\/h4><ul><li><p><b>Diur\u00e9tique et antiseptique :<\/b> La bruy\u00e8re est une plante diur\u00e9tique qui purifie le syst\u00e8me urinaire. Elle favorise l\u2019augmentation du d\u00e9bit urinaire, aidant \u00e0 \u00e9liminer les toxines et d\u00e9chets via les reins et la vessie. Ses propri\u00e9t\u00e9s antiseptiques r\u00e9duisent \u00e9galement la croissance bact\u00e9rienne dans les voies urinaires, ce qui la rend utile dans les cas de :<\/p><ul><li><p><b>Infections des voies urinaires (IVU) :<\/b> Utilis\u00e9 traditionnellement pour aider \u00e0 traiter les infections de la vessie et des voies urinaires, en soulageant les sympt\u00f4mes tels que les br\u00fblures et la douleur.<\/p><\/li><li><p><b>Calculs r\u00e9naux et v\u00e9sicaux :<\/b> On pense qu\u2019il aide \u00e0 dissoudre les petits calculs dans les voies urinaires et \u00e0 faciliter leur \u00e9limination.<\/p><\/li><li><p><b>Assainissement des voies urinaires :<\/b> Il aide \u00e0 purifier le syst\u00e8me urinaire des impuret\u00e9s et des toxines, favorisant la sant\u00e9 g\u00e9n\u00e9rale des reins et de la vessie.<\/p><\/li><\/ul><\/li><li><p><b>Anti-inflammatoire<\/b> La bruy\u00e8re contient des compos\u00e9s aux propri\u00e9t\u00e9s anti-inflammatoires, pouvant aider \u00e0 soulager les inflammations des voies urinaires caus\u00e9es par des infections ou des calculs.<\/p><\/li><li><p><b>Sant\u00e9 de la prostate :<\/b> Selon certaines utilisations traditionnelles, la bruy\u00e8re pourrait contribuer \u00e0 am\u00e9liorer la sant\u00e9 de la prostate et \u00e0 r\u00e9duire l'hypertrophie li\u00e9e \u00e0 l'\u00e2ge, gr\u00e2ce \u00e0 ses propri\u00e9t\u00e9s anti-inflammatoires et antioxydantes.<\/p><\/li><\/ul><h4><b>2. Soutien du syst\u00e8me reproducteur :<\/b><\/h4><ul><li><p><b>R\u00e9gulation hormonale (pour les femmes) :<\/b> Certaines utilisations traditionnelles du miel de fleur de bruy\u00e8re sugg\u00e8rent qu\u2019il pourrait aider \u00e0 r\u00e9guler les hormones chez les femmes, ce qui pourrait \u00eatre b\u00e9n\u00e9fique en cas de troubles menstruels. Toutefois, davantage de preuves scientifiques sont n\u00e9cessaires pour confirmer cette affirmation de mani\u00e8re d\u00e9finitive.<\/p><\/li><li><p><b>Soutien g\u00e9n\u00e9ral de la sant\u00e9 sexuelle (pour hommes et femmes) :<\/b> Bien que les recherches directes sur l\u2019effet de la bruy\u00e8re sur le syst\u00e8me reproducteur soient limit\u00e9es, ses propri\u00e9t\u00e9s antioxydantes et anti-inflammatoires peuvent contribuer \u00e0 une meilleure sant\u00e9 g\u00e9n\u00e9rale, ce qui peut soutenir la fonction sexuelle. Le miel de bruy\u00e8re, par exemple, est consid\u00e9r\u00e9 comme un stimulant naturel de l\u2019\u00e9nergie.<\/p><\/li><\/ul>\n\t\t\t\t\t<\/div>\n\t\t\t\t\t\t<\/div>\n\t\t\t\t<\/div>\n\t\t\t\t<\/div>\n\t\t<div class=\"elementor-element elementor-element-b579022 e-con-full e-flex e-con e-child\" data-id=\"b579022\" data-element_type=\"container\" data-e-type=\"container\">\n\t\t\t\t<div class=\"elementor-element elementor-element-8d8fdfc elementor-widget elementor-widget-wd_text_block\" data-id=\"8d8fdfc\" data-element_type=\"widget\" data-e-type=\"widget\" data-widget_type=\"wd_text_block.default\">\n\t\t\t\t<div class=\"elementor-widget-container\">\n\t\t\t\t\t\t\t<div class=\"wd-text-block reset-last-child text-center\">\n\t\t\t\n\t\t\t<h3>Pourquoi les experts font-ils confiance \u00e0 la bruy\u00e8re ? Une longue histoire en m\u00e9decine traditionnelle !<\/h3>\n\t\t\t\t\t<\/div>\n\t\t\t\t\t\t<\/div>\n\t\t\t\t<\/div>\n\t\t\t\t<div class=\"elementor-element elementor-element-b903330 elementor-widget elementor-widget-wd_text_block\" data-id=\"b903330\" data-element_type=\"widget\" data-e-type=\"widget\" data-widget_type=\"wd_text_block.default\">\n\t\t\t\t<div class=\"elementor-widget-container\">\n\t\t\t\t\t\t\t<div class=\"wd-text-block reset-last-child text-center\">\n\t\t\t\n\t\t\t<p>Il a toujours \u00e9t\u00e9 <b>Bruy\u00e8re<\/b> Consid\u00e9r\u00e9e comme une r\u00e9f\u00e9rence dans la m\u00e9decine populaire europ\u00e9enne depuis des si\u00e8cles, notamment pour la sant\u00e9 urinaire. Des recherches r\u00e9centes montrent que la bruy\u00e8re contient des compos\u00e9s bioactifs tels que l\u2019arbutine et les flavono\u00efdes, qui soutiennent ses propri\u00e9t\u00e9s diur\u00e9tiques, antiseptiques et anti-inflammatoires. Bien que davantage d\u2019\u00e9tudes cliniques soient n\u00e9cessaires pour confirmer tous les bienfaits revendiqu\u00e9s, son histoire longue d\u2019utilisation s\u00fbre et efficace en fait un choix populaire parmi les praticiens traditionnels et les amateurs de phytoth\u00e9rapie. La bruy\u00e8re est g\u00e9n\u00e9ralement utilis\u00e9e sous forme de tisane (fleurs ou branches fleuries en infusion) ou d\u2019extraits.<\/p><p><span style=\"color: #ff0000;\"><b>Note importante :<\/b><\/span> La bruy\u00e8re ne doit pas \u00eatre utilis\u00e9e par les femmes enceintes, allaitantes et les enfants en raison d\u2019un manque d\u2019informations fiables sur sa s\u00e9curit\u00e9 dans ces cas. Comme pour toute plante m\u00e9dicinale, il est toujours conseill\u00e9 de consulter un sp\u00e9cialiste avant de commencer \u00e0 utiliser la bruy\u00e8re, surtout en cas de probl\u00e8mes de sant\u00e9 particuliers ou de prise d\u2019autres m\u00e9dicaments.<\/p>\n\t\t\t\t\t<\/div>\n\t\t\t\t\t\t<\/div>\n\t\t\t\t<\/div>\n\t\t\t\t<\/div>\n\t\t\t\t\t<\/div>\n\t\t\t\t<\/div>\n\t\t\t\t<\/div>","protected":false},"excerpt":{"rendered":"<p>Qu\u2019est-ce que la Bruy\u00e8re\u202f? Une fleur sauvage aux propri\u00e9t\u00e9s th\u00e9rapeutiques ! Plante naturelle connue pour ses vertus diur\u00e9tiques et antiseptiques, utilis\u00e9e traditionnellement.<\/p>","protected":false},"featured_media":3775,"comment_status":"open","ping_status":"closed","template":"","meta":[],"product_brand":[],"product_cat":[65],"product_tag":[],"class_list":{"0":"post-2701","1":"product","2":"type-product","3":"status-publish","4":"has-post-thumbnail","6":"product_cat-65","7":"pa_-1-kg","8":"pa_-250-g","9":"pa_-500-g","11":"first","12":"instock","13":"shipping-taxable","14":"purchasable","15":"product-type-variable"},"jetpack_sharing_enabled":true,"_links":{"self":[{"href":"https:\/\/sfb.ma\/fr\/wp-json\/wp\/v2\/product\/2701","targetHints":{"allow":["GET"]}}],"collection":[{"href":"https:\/\/sfb.ma\/fr\/wp-json\/wp\/v2\/product"}],"about":[{"href":"https:\/\/sfb.ma\/fr\/wp-json\/wp\/v2\/types\/product"}],"replies":[{"embeddable":true,"href":"https:\/\/sfb.ma\/fr\/wp-json\/wp\/v2\/comments?post=2701"}],"version-history":[{"count":0,"href":"https:\/\/sfb.ma\/fr\/wp-json\/wp\/v2\/product\/2701\/revisions"}],"wp:featuredmedia":[{"embeddable":true,"href":"https:\/\/sfb.ma\/fr\/wp-json\/wp\/v2\/media\/3775"}],"wp:attachment":[{"href":"https:\/\/sfb.ma\/fr\/wp-json\/wp\/v2\/media?parent=2701"}],"wp:term":[{"taxonomy":"product_brand","embeddable":true,"href":"https:\/\/sfb.ma\/fr\/wp-json\/wp\/v2\/product_brand?post=2701"},{"taxonomy":"product_cat","embeddable":true,"href":"https:\/\/sfb.ma\/fr\/wp-json\/wp\/v2\/product_cat?post=2701"},{"taxonomy":"product_tag","embeddable":true,"href":"https:\/\/sfb.ma\/fr\/wp-json\/wp\/v2\/product_tag?post=2701"}],"curies":[{"name":"wp","href":"https:\/\/api.w.org\/{rel}","templated":true}]}}