{"id":2731,"date":"2025-07-12T17:55:53","date_gmt":"2025-07-12T17:55:53","guid":{"rendered":"https:\/\/sfb.ma\/?post_type=product&#038;p=2731"},"modified":"2026-01-21T10:27:47","modified_gmt":"2026-01-21T10:27:47","slug":"brahmi","status":"publish","type":"product","link":"https:\/\/sfb.ma\/fr\/produit\/brahmi\/","title":{"rendered":"Brahmi"},"content":{"rendered":"<div data-elementor-type=\"product-post\" data-elementor-id=\"2731\" class=\"elementor elementor-2731\" data-elementor-post-type=\"product\">\n\t\t\t\t<div class=\"wd-negative-gap elementor-element elementor-element-0d1e574 e-flex e-con-boxed e-con e-parent\" data-id=\"0d1e574\" data-element_type=\"container\" data-e-type=\"container\">\n\t\t\t\t\t<div class=\"e-con-inner\">\n\t\t<div class=\"elementor-element elementor-element-dcc7f95 e-con-full e-flex e-con e-child\" data-id=\"dcc7f95\" data-element_type=\"container\" data-e-type=\"container\">\n\t\t\t\t<div class=\"elementor-element elementor-element-0678603 elementor-widget elementor-widget-wd_text_block\" data-id=\"0678603\" data-element_type=\"widget\" data-e-type=\"widget\" data-widget_type=\"wd_text_block.default\">\n\t\t\t\t<div class=\"elementor-widget-container\">\n\t\t\t\t\t\t\t<div class=\"wd-text-block reset-last-child text-center\">\n\t\t\t\n\t\t\t<h3>Qu'est-ce que le Brahmi ? Une plante ayurv\u00e9dique ancestrale pour renforcer la sant\u00e9 et la beaut\u00e9 !<\/h3>\n\t\t\t\t\t<\/div>\n\t\t\t\t\t\t<\/div>\n\t\t\t\t<\/div>\n\t\t\t\t<div class=\"elementor-element elementor-element-1c9b9b2 elementor-widget elementor-widget-wd_text_block\" data-id=\"1c9b9b2\" data-element_type=\"widget\" data-e-type=\"widget\" data-widget_type=\"wd_text_block.default\">\n\t\t\t\t<div class=\"elementor-widget-container\">\n\t\t\t\t\t\t\t<div class=\"wd-text-block reset-last-child text-center\">\n\t\t\t\n\t\t\t<p>Vous cherchez une solution naturelle pour nourrir vos cheveux d\u00e8s la racine et leur apporter force et brillance ? Il est donc temps de d\u00e9couvrir <b>Brahmi<\/b>C\u2019est une plante ayurv\u00e9dique r\u00e9put\u00e9e, connue scientifiquement sous le nom de <b>Bacopa Monnieri<\/b>Cette plante est un v\u00e9ritable tr\u00e9sor naturel, utilis\u00e9e depuis des si\u00e8cles dans la m\u00e9decine traditionnelle indienne (Ayurveda) pour ses nombreux bienfaits, notamment pour soutenir les fonctions cognitives et la sant\u00e9 des cheveux.<\/p><p>Le Brahmi est riche en nutriments essentiels et en antioxydants, offrant de nombreux bienfaits pour la sant\u00e9 des cheveux et du cuir chevelu. Utilis\u00e9 g\u00e9n\u00e9ralement sous forme de poudre ou d\u2019huile, il est r\u00e9put\u00e9 pour renforcer les follicules pileux, hydrater le cuir chevelu et prot\u00e9ger les cheveux des dommages. Mais quels sont les bienfaits pr\u00e9cis que le Brahmi peut apporter \u00e0 vos cheveux ? Et comment l\u2019int\u00e9grer \u00e0 votre routine capillaire quotidienne ? D\u00e9couvrez avec nous le secret du Brahmi pour des cheveux sains, forts et \u00e9clatants !<\/p>\n\t\t\t\t\t<\/div>\n\t\t\t\t\t\t<\/div>\n\t\t\t\t<\/div>\n\t\t\t\t<\/div>\n\t\t<div class=\"elementor-element elementor-element-d50e96e e-con-full e-flex e-con e-child\" data-id=\"d50e96e\" data-element_type=\"container\" data-e-type=\"container\">\n\t\t\t\t<div class=\"elementor-element elementor-element-23ce059 elementor-widget elementor-widget-wd_text_block\" data-id=\"23ce059\" data-element_type=\"widget\" data-e-type=\"widget\" data-widget_type=\"wd_text_block.default\">\n\t\t\t\t<div class=\"elementor-widget-container\">\n\t\t\t\t\t\t\t<div class=\"wd-text-block reset-last-child text-center\">\n\t\t\t\n\t\t\t<h3>Bienfaits du Brahmi pour les cheveux : le secret de beaut\u00e9 indien pour une chevelure de r\u00eave !<\/h3>\n\t\t\t\t\t<\/div>\n\t\t\t\t\t\t<\/div>\n\t\t\t\t<\/div>\n\t\t\t\t<div class=\"elementor-element elementor-element-471c816 elementor-widget elementor-widget-wd_text_block\" data-id=\"471c816\" data-element_type=\"widget\" data-e-type=\"widget\" data-widget_type=\"wd_text_block.default\">\n\t\t\t\t<div class=\"elementor-widget-container\">\n\t\t\t\t\t\t\t<div class=\"wd-text-block reset-last-child text-center\">\n\t\t\t\n\t\t\t<p>Est consid\u00e9r\u00e9 <b>Brahmi<\/b> L\u2019une des herbes naturelles les plus utilis\u00e9es en Inde depuis longtemps pour le soin des cheveux, gr\u00e2ce \u00e0 sa composition riche en compos\u00e9s actifs tels que <b>flavonoides<\/b> et<b>Saponines<\/b> et<b>Alcalo\u00efdes<\/b>En plus des vitamines et min\u00e9raux, ces ingr\u00e9dients agissent en harmonie pour offrir des bienfaits incroyables \u00e0 vos cheveux :<\/p><ul><li><p><b>Stimuler la croissance des cheveux et r\u00e9duire la chute:<\/b> Le Brahmi est reconnu pour sa capacit\u00e9 \u00e0 nourrir les follicules pileux et \u00e0 stimuler la circulation sanguine du cuir chevelu. Cela garantit un apport suffisant en oxyg\u00e8ne et en nutriments aux follicules, favorisant une croissance capillaire saine et r\u00e9duisant consid\u00e9rablement la chute des cheveux. Il aide \u00e9galement \u00e0 prolonger la phase de croissance des cheveux (phase anag\u00e8ne), conduisant \u00e0 des cheveux plus longs et plus \u00e9pais.<\/p><\/li><li><p><b>Renforcer les cheveux des racines jusqu\u2019aux pointes :<\/b> Le Brahmi renforce les fibres capillaires de l\u2019int\u00e9rieur, r\u00e9duisant ainsi la casse et les pointes fourchues. Il cr\u00e9e une couche protectrice autour des follicules pileux, les prot\u00e9geant des dommages caus\u00e9s par les facteurs environnementaux et la pollution.<\/p><\/li><li><p><b>Combat les pellicules et les inflammations du cuir chevelu:<\/b> Le Brahmi poss\u00e8de des propri\u00e9t\u00e9s anti-inflammatoires et antimicrobiennes, ce qui le rend efficace pour apaiser le cuir chevelu irrit\u00e9, r\u00e9duire les d\u00e9mangeaisons et traiter des probl\u00e8mes tels que les pellicules et les infections fongiques ou bact\u00e9riennes.<\/p><\/li><li><p><b>Hydratation et Assouplissement des Cheveux :<\/b> Le Brahmi hydrate en profondeur le cuir chevelu et les cheveux, r\u00e9duisant la s\u00e9cheresse et rendant les cheveux plus doux, brillants et pleins de vitalit\u00e9. Il facilite \u00e9galement le d\u00e9m\u00ealage des cheveux.<\/p><\/li><li><p><b>Retarder l'apparition des cheveux gris pr\u00e9coces:<\/b> Gr\u00e2ce \u00e0 sa richesse en antioxydants, le Brahmi aide \u00e0 prot\u00e9ger les cellules productrices de m\u00e9lanine (le pigment responsable de la couleur des cheveux) contre les dommages, contribuant ainsi \u00e0 retarder l\u2019apparition des cheveux gris pr\u00e9matur\u00e9s et \u00e0 pr\u00e9server la couleur naturelle des cheveux.<\/p><\/li><li><p><b>Augmenter le volume et l'\u00e9paisseur des cheveux:<\/b> En nourrissant les follicules et en stimulant la croissance de nouveaux cheveux, le Brahmi contribue \u00e0 augmenter le volume et l'\u00e9paisseur globaux de vos cheveux, vous offrant un aspect plus dense et plus \u00e9clatant.<\/p><\/li><\/ul>\n\t\t\t\t\t<\/div>\n\t\t\t\t\t\t<\/div>\n\t\t\t\t<\/div>\n\t\t\t\t<\/div>\n\t\t<div class=\"elementor-element elementor-element-1c763b8 e-con-full e-flex e-con e-child\" data-id=\"1c763b8\" data-element_type=\"container\" data-e-type=\"container\">\n\t\t\t\t<div class=\"elementor-element elementor-element-14ba229 elementor-widget elementor-widget-wd_text_block\" data-id=\"14ba229\" data-element_type=\"widget\" data-e-type=\"widget\" data-widget_type=\"wd_text_block.default\">\n\t\t\t\t<div class=\"elementor-widget-container\">\n\t\t\t\t\t\t\t<div class=\"wd-text-block reset-last-child text-center\">\n\t\t\t\n\t\t\t<h3>Pourquoi les experts font-ils confiance au Brahmi ? La sagesse ayurv\u00e9dique rencontre la science moderne !<\/h3>\n\t\t\t\t\t<\/div>\n\t\t\t\t\t\t<\/div>\n\t\t\t\t<\/div>\n\t\t\t\t<div class=\"elementor-element elementor-element-9eab4d2 elementor-widget elementor-widget-wd_text_block\" data-id=\"9eab4d2\" data-element_type=\"widget\" data-e-type=\"widget\" data-widget_type=\"wd_text_block.default\">\n\t\t\t\t<div class=\"elementor-widget-container\">\n\t\t\t\t\t\t\t<div class=\"wd-text-block reset-last-child text-center\">\n\t\t\t\n\t\t\t<p>Autant que cela a \u00e9t\u00e9 <b>Brahmi<\/b> \u00c9l\u00e9ment cl\u00e9 de la m\u00e9decine ayurv\u00e9dique depuis des si\u00e8cles, le Brahmi est reconnu mondialement comme une plante efficace pour les soins capillaires. Les experts en m\u00e9decines compl\u00e9mentaires et les sp\u00e9cialistes du cheveu le recommandent comme une option naturelle et s\u00fbre pour renforcer les cheveux, am\u00e9liorer la sant\u00e9 du cuir chevelu et lutter contre la chute des cheveux et le grisonnement pr\u00e9matur\u00e9. Les recherches scientifiques r\u00e9centes montrent que le Brahmi contient des compos\u00e9s actifs aux propri\u00e9t\u00e9s antioxydantes, anti-inflammatoires et stimulantes de la circulation, soutenant ainsi ses bienfaits traditionnels. La confiance dans le Brahmi provient de sa longue histoire d\u2019utilisation s\u00fbre et efficace, ainsi que des preuves croissantes confirmant son statut comme l\u2019une des principales plantes naturelles pour la beaut\u00e9 et la sant\u00e9 des cheveux.<\/p><p><span style=\"color: #ff0000;\"><b>Note importante :<\/b><\/span> Bien que le Brahmi soit s\u00fbr pour une utilisation topique sur les cheveux, il est toujours conseill\u00e9 de faire un test de sensibilit\u00e9 sur une petite zone de peau (comme le pli du coude) avant une application compl\u00e8te, surtout si votre peau est sensible. En cas de picotements ou de chaleur intense, cessez imm\u00e9diatement l\u2019utilisation et rincez \u00e0 l\u2019eau claire.<\/p>\n\t\t\t\t\t<\/div>\n\t\t\t\t\t\t<\/div>\n\t\t\t\t<\/div>\n\t\t\t\t<\/div>\n\t\t\t\t\t<\/div>\n\t\t\t\t<\/div>\n\t\t\t\t<\/div>","protected":false},"excerpt":{"rendered":"<p>Qu\u2019est-ce que le Brahmi ? Une plante ayurv\u00e9dique ancienne pour la sant\u00e9 et la beaut\u00e9 ! Vous cherchez un moyen naturel de nourrir vos cheveux d\u00e8s la racine et de les fortifier ?<\/p>","protected":false},"featured_media":3916,"comment_status":"open","ping_status":"closed","template":"","meta":[],"product_brand":[79],"product_cat":[65],"product_tag":[],"class_list":{"0":"post-2731","1":"product","2":"type-product","3":"status-publish","4":"has-post-thumbnail","6":"product_brand-sfb","7":"product_cat-65","8":"pa_-1-kg","9":"pa_-250-g","10":"pa_-500-g","12":"first","13":"instock","14":"shipping-taxable","15":"purchasable","16":"product-type-variable"},"jetpack_sharing_enabled":true,"_links":{"self":[{"href":"https:\/\/sfb.ma\/fr\/wp-json\/wp\/v2\/product\/2731","targetHints":{"allow":["GET"]}}],"collection":[{"href":"https:\/\/sfb.ma\/fr\/wp-json\/wp\/v2\/product"}],"about":[{"href":"https:\/\/sfb.ma\/fr\/wp-json\/wp\/v2\/types\/product"}],"replies":[{"embeddable":true,"href":"https:\/\/sfb.ma\/fr\/wp-json\/wp\/v2\/comments?post=2731"}],"version-history":[{"count":0,"href":"https:\/\/sfb.ma\/fr\/wp-json\/wp\/v2\/product\/2731\/revisions"}],"wp:featuredmedia":[{"embeddable":true,"href":"https:\/\/sfb.ma\/fr\/wp-json\/wp\/v2\/media\/3916"}],"wp:attachment":[{"href":"https:\/\/sfb.ma\/fr\/wp-json\/wp\/v2\/media?parent=2731"}],"wp:term":[{"taxonomy":"product_brand","embeddable":true,"href":"https:\/\/sfb.ma\/fr\/wp-json\/wp\/v2\/product_brand?post=2731"},{"taxonomy":"product_cat","embeddable":true,"href":"https:\/\/sfb.ma\/fr\/wp-json\/wp\/v2\/product_cat?post=2731"},{"taxonomy":"product_tag","embeddable":true,"href":"https:\/\/sfb.ma\/fr\/wp-json\/wp\/v2\/product_tag?post=2731"}],"curies":[{"name":"wp","href":"https:\/\/api.w.org\/{rel}","templated":true}]}}