{"id":2741,"date":"2025-07-12T18:30:00","date_gmt":"2025-07-12T18:30:00","guid":{"rendered":"https:\/\/sfb.ma\/?post_type=product&#038;p=2741"},"modified":"2025-09-27T09:35:56","modified_gmt":"2025-09-27T09:35:56","slug":"amla","status":"publish","type":"product","link":"https:\/\/sfb.ma\/fr\/produit\/amla\/","title":{"rendered":"Amla"},"content":{"rendered":"<div data-elementor-type=\"product-post\" data-elementor-id=\"2741\" class=\"elementor elementor-2741\" data-elementor-post-type=\"product\">\n\t\t\t\t<div class=\"wd-negative-gap elementor-element elementor-element-645fef1 e-flex e-con-boxed e-con e-parent\" data-id=\"645fef1\" data-element_type=\"container\" data-e-type=\"container\">\n\t\t\t\t\t<div class=\"e-con-inner\">\n\t\t<div class=\"elementor-element elementor-element-e61515d e-con-full e-flex e-con e-child\" data-id=\"e61515d\" data-element_type=\"container\" data-e-type=\"container\">\n\t\t\t\t<div class=\"elementor-element elementor-element-2323fdb elementor-widget elementor-widget-wd_text_block\" data-id=\"2323fdb\" data-element_type=\"widget\" data-e-type=\"widget\" data-widget_type=\"wd_text_block.default\">\n\t\t\t\t<div class=\"elementor-widget-container\">\n\t\t\t\t\t\t\t<div class=\"wd-text-block reset-last-child text-center\">\n\t\t\t\n\t\t\t<h3>Qu\u2019est-ce que l\u2019Amla ? Le tr\u00e9sor ancien de l\u2019Inde riche en vitamine C !<\/h3>\n\t\t\t\t\t<\/div>\n\t\t\t\t\t\t<\/div>\n\t\t\t\t<\/div>\n\t\t\t\t<div class=\"elementor-element elementor-element-862f44e elementor-widget elementor-widget-wd_text_block\" data-id=\"862f44e\" data-element_type=\"widget\" data-e-type=\"widget\" data-widget_type=\"wd_text_block.default\">\n\t\t\t\t<div class=\"elementor-widget-container\">\n\t\t\t\t\t\t\t<div class=\"wd-text-block reset-last-child text-center\">\n\t\t\t\n\t\t\t<p>Vous cherchez un secret naturel pour des cheveux sains, forts et brillants ? Alors, il est temps de d\u00e9couvrir <b>Amla (\u0627\u0644\u0623\u0645\u0644\u0627)<\/b>\u00e9galement connue sous le nom de <b>Groseille indienne<\/b> Nom scientifique <i>Emblica officinalis<\/i>Ce petit fruit vert-jaun\u00e2tre, ressemblant \u00e0 une cerise, est l\u2019un des tr\u00e9sors les plus pr\u00e9cieux de la m\u00e9decine traditionnelle indienne (Ayurveda) depuis des mill\u00e9naires.<\/p><p>L\u2019amla est r\u00e9put\u00e9e comme l\u2019une des sources naturelles les plus riches en vitamine C au monde, un puissant antioxydant. En plus de la vitamine C, l\u2019amla contient une large gamme d\u2019autres vitamines (comme A, D, K, E), des min\u00e9raux, des acides amin\u00e9s, des flavono\u00efdes et des polyph\u00e9nols. Cette composition unique en fait non seulement un fruit nutritif, mais aussi un ingr\u00e9dient magique pour le soin des cheveux, la sant\u00e9 de la peau et le bien-\u00eatre g\u00e9n\u00e9ral.\nQue savez-vous vraiment de ce fruit miracle qui promet des cheveux \u00e9pais, brillants et sains d\u00e8s la racine ? D\u00e9couvrez avec nous le secret de l\u2019amla \u2014 le cadeau de la nature pour vos cheveux de r\u00eave !<\/p>\n\t\t\t\t\t<\/div>\n\t\t\t\t\t\t<\/div>\n\t\t\t\t<\/div>\n\t\t\t\t<\/div>\n\t\t<div class=\"elementor-element elementor-element-6ca58cc e-con-full e-flex e-con e-child\" data-id=\"6ca58cc\" data-element_type=\"container\" data-e-type=\"container\">\n\t\t\t\t<div class=\"elementor-element elementor-element-d706231 elementor-widget elementor-widget-wd_text_block\" data-id=\"d706231\" data-element_type=\"widget\" data-e-type=\"widget\" data-widget_type=\"wd_text_block.default\">\n\t\t\t\t<div class=\"elementor-widget-container\">\n\t\t\t\t\t\t\t<div class=\"wd-text-block reset-last-child text-center\">\n\t\t\t\n\t\t\t<h3>Les bienfaits de l\u2019amla pour les cheveux : le secret de la beaut\u00e9 capillaire indienne !<\/h3>\n\t\t\t\t\t<\/div>\n\t\t\t\t\t\t<\/div>\n\t\t\t\t<\/div>\n\t\t\t\t<div class=\"elementor-element elementor-element-21ead33 elementor-widget elementor-widget-wd_text_block\" data-id=\"21ead33\" data-element_type=\"widget\" data-e-type=\"widget\" data-widget_type=\"wd_text_block.default\">\n\t\t\t\t<div class=\"elementor-widget-container\">\n\t\t\t\t\t\t\t<div class=\"wd-text-block reset-last-child text-center\">\n\t\t\t\n\t\t\t<p>Est consid\u00e9r\u00e9e comme <b>Amla<\/b> Un ingr\u00e9dient essentiel des produits capillaires ayurv\u00e9diques, reconnu pour ses propri\u00e9t\u00e9s nourrissantes et fortifiantes qui agissent du cuir chevelu jusqu\u2019aux pointes des cheveux. Ses principaux bienfaits pour les cheveux comprennent :<\/p><ul><li><p><b>Lutte contre la chute des cheveux et stimulation de la croissance<\/b> L\u2019amla nourrit les follicules pileux d\u00e8s la racine et stimule la circulation sanguine du cuir chevelu. Cela garantit l\u2019apport d\u2019oxyg\u00e8ne et de nutriments essentiels aux follicules, les renfor\u00e7ant, r\u00e9duisant efficacement la chute des cheveux et favorisant une croissance saine et dense.<\/p><\/li><li><p><b>Retarder l'apparition des cheveux gris pr\u00e9coces:<\/b> Gr\u00e2ce \u00e0 sa haute teneur en antioxydants, notamment en vitamine C, l\u2019Amla aide \u00e0 prot\u00e9ger les cellules productrices de m\u00e9lanine (le pigment responsable de la couleur des cheveux) des dommages caus\u00e9s par les radicaux libres. Cela peut contribuer \u00e0 retarder l\u2019apparition des cheveux blancs ou du grisonnement pr\u00e9matur\u00e9, tout en aidant \u00e0 pr\u00e9server la couleur naturelle des cheveux.<\/p><\/li><li><p><b>Traitement contre les pellicules et inflammations du cuir chevelu:<\/b> L'amla poss\u00e8de de fortes propri\u00e9t\u00e9s antifongiques, antimicrobiennes et anti-inflammatoires. Cela la rend tr\u00e8s efficace pour traiter les pellicules, soulager les d\u00e9mangeaisons et les irritations, tout en maintenant un cuir chevelu sain, propre et sans inflammation.<\/p><\/li><li><p><b>Offrir aux cheveux une brillance et une douceur exceptionnelles:<\/b> L\u2019amla agit comme un revitalisant naturel, hydratant profond\u00e9ment les cheveux et enveloppant chaque m\u00e8che, les rendant doux, brillants et faciles \u00e0 coiffer. Il r\u00e9duit la s\u00e9cheresse et offre une apparence vive et \u00e9clatante aux cheveux.<\/p><\/li><li><p><b>Renforcer les cheveux et pr\u00e9venir la casse:<\/b> Les compos\u00e9s actifs de l\u2019Amla renforcent les fibres capillaires et augmentent leur \u00e9lasticit\u00e9, ce qui r\u00e9duit la casse et les pointes fourchues. Cela conduit \u00e0 des cheveux plus forts et moins fragiles.<\/p><\/li><li><p><b>Augmenter le volume et l'\u00e9paisseur des cheveux:<\/b> En am\u00e9liorant la sant\u00e9 du cuir chevelu et en nourrissant les follicules pileux, l\u2019Amla favorise la croissance de nouveaux cheveux et augmente leur \u00e9paisseur, offrant ainsi une chevelure naturellement dense et volumineuse.<\/p><\/li><\/ul>\n\t\t\t\t\t<\/div>\n\t\t\t\t\t\t<\/div>\n\t\t\t\t<\/div>\n\t\t\t\t<\/div>\n\t\t<div class=\"elementor-element elementor-element-97738c2 e-con-full e-flex e-con e-child\" data-id=\"97738c2\" data-element_type=\"container\" data-e-type=\"container\">\n\t\t\t\t<div class=\"elementor-element elementor-element-f5a59af elementor-widget elementor-widget-wd_text_block\" data-id=\"f5a59af\" data-element_type=\"widget\" data-e-type=\"widget\" data-widget_type=\"wd_text_block.default\">\n\t\t\t\t<div class=\"elementor-widget-container\">\n\t\t\t\t\t\t\t<div class=\"wd-text-block reset-last-child text-center\">\n\t\t\t\n\t\t\t<h3>Pourquoi les Experts Font Confiance \u00e0 l\u2019Amla ? La Sagesse de la Nature Soutenue par la Recherche !<\/h3>\n\t\t\t\t\t<\/div>\n\t\t\t\t\t\t<\/div>\n\t\t\t\t<\/div>\n\t\t\t\t<div class=\"elementor-element elementor-element-3b0862b elementor-widget elementor-widget-wd_text_block\" data-id=\"3b0862b\" data-element_type=\"widget\" data-e-type=\"widget\" data-widget_type=\"wd_text_block.default\">\n\t\t\t\t<div class=\"elementor-widget-container\">\n\t\t\t\t\t\t\t<div class=\"wd-text-block reset-last-child text-center\">\n\t\t\t\n\t\t\t<p>A acquis <b>Amla<\/b> r\u00e9put\u00e9e mondialement au-del\u00e0 de la m\u00e9decine ayurv\u00e9dique, l\u2019Amla est devenue un ingr\u00e9dient cl\u00e9 dans de nombreux produits capillaires internationaux. Recommand\u00e9e par les experts en m\u00e9decine compl\u00e9mentaire, les dermatologues (dans un contexte compl\u00e9mentaire) et les sp\u00e9cialistes des cheveux naturels comme une solution s\u00fbre et efficace pour presque tous les probl\u00e8mes capillaires. Des \u00e9tudes scientifiques r\u00e9centes montrent que l\u2019Amla contient des compos\u00e9s actifs tels que la vitamine C, des antioxydants et des agents anti-inflammatoires qui soutiennent ses bienfaits traditionnels. La confiance envers l\u2019Amla repose sur sa longue histoire d\u2019utilisation s\u00fbre et efficace depuis des si\u00e8cles, ainsi que sur des preuves croissantes qui en font l\u2019une des principales plantes naturelles pour la sant\u00e9 et la beaut\u00e9 des cheveux. \u00cates-vous pr\u00eate \u00e0 adopter ce tr\u00e9sor indien ancien pour des cheveux sains et magnifiques ?<\/p>\n\t\t\t\t\t<\/div>\n\t\t\t\t\t\t<\/div>\n\t\t\t\t<\/div>\n\t\t\t\t<\/div>\n\t\t\t\t\t<\/div>\n\t\t\t\t<\/div>\n\t\t\t\t<\/div>","protected":false},"excerpt":{"rendered":"<p>Qu\u2019est-ce que l\u2019Amla ? Tr\u00e9sor indien ancien de vitamine C ! Vous cherchez un secret naturel pour des cheveux sains, forts et brillants ? Alors, c\u2019est le moment<\/p>","protected":false},"featured_media":3879,"comment_status":"open","ping_status":"closed","template":"","meta":[],"product_brand":[],"product_cat":[65],"product_tag":[],"class_list":{"0":"post-2741","1":"product","2":"type-product","3":"status-publish","4":"has-post-thumbnail","6":"product_cat-65","7":"pa_-1-kg","8":"pa_-250-g","9":"pa_-500-g","11":"first","12":"instock","13":"shipping-taxable","14":"product-type-variable"},"jetpack_sharing_enabled":true,"_links":{"self":[{"href":"https:\/\/sfb.ma\/fr\/wp-json\/wp\/v2\/product\/2741","targetHints":{"allow":["GET"]}}],"collection":[{"href":"https:\/\/sfb.ma\/fr\/wp-json\/wp\/v2\/product"}],"about":[{"href":"https:\/\/sfb.ma\/fr\/wp-json\/wp\/v2\/types\/product"}],"replies":[{"embeddable":true,"href":"https:\/\/sfb.ma\/fr\/wp-json\/wp\/v2\/comments?post=2741"}],"version-history":[{"count":0,"href":"https:\/\/sfb.ma\/fr\/wp-json\/wp\/v2\/product\/2741\/revisions"}],"wp:featuredmedia":[{"embeddable":true,"href":"https:\/\/sfb.ma\/fr\/wp-json\/wp\/v2\/media\/3879"}],"wp:attachment":[{"href":"https:\/\/sfb.ma\/fr\/wp-json\/wp\/v2\/media?parent=2741"}],"wp:term":[{"taxonomy":"product_brand","embeddable":true,"href":"https:\/\/sfb.ma\/fr\/wp-json\/wp\/v2\/product_brand?post=2741"},{"taxonomy":"product_cat","embeddable":true,"href":"https:\/\/sfb.ma\/fr\/wp-json\/wp\/v2\/product_cat?post=2741"},{"taxonomy":"product_tag","embeddable":true,"href":"https:\/\/sfb.ma\/fr\/wp-json\/wp\/v2\/product_tag?post=2741"}],"curies":[{"name":"wp","href":"https:\/\/api.w.org\/{rel}","templated":true}]}}