{"id":2751,"date":"2025-07-12T18:53:44","date_gmt":"2025-07-12T18:53:44","guid":{"rendered":"https:\/\/sfb.ma\/?post_type=product&#038;p=2751"},"modified":"2026-01-30T17:24:40","modified_gmt":"2026-01-30T17:24:40","slug":"reetha","status":"publish","type":"product","link":"https:\/\/sfb.ma\/fr\/produit\/reetha\/","title":{"rendered":"Reetha"},"content":{"rendered":"<div data-elementor-type=\"product-post\" data-elementor-id=\"2751\" class=\"elementor elementor-2751\" data-elementor-post-type=\"product\">\n\t\t\t\t<div class=\"wd-negative-gap elementor-element elementor-element-d345aca e-flex e-con-boxed e-con e-parent\" data-id=\"d345aca\" data-element_type=\"container\" data-e-type=\"container\">\n\t\t\t\t\t<div class=\"e-con-inner\">\n\t\t<div class=\"elementor-element elementor-element-08e8ebd e-con-full e-flex e-con e-child\" data-id=\"08e8ebd\" data-element_type=\"container\" data-e-type=\"container\">\n\t\t\t\t<div class=\"elementor-element elementor-element-059b89f elementor-widget elementor-widget-wd_text_block\" data-id=\"059b89f\" data-element_type=\"widget\" data-e-type=\"widget\" data-widget_type=\"wd_text_block.default\">\n\t\t\t\t<div class=\"elementor-widget-container\">\n\t\t\t\t\t\t\t<div class=\"wd-text-block reset-last-child text-center\">\n\t\t\t\n\t\t\t<h3>Qu\u2019est-ce que la reetha ? Le secret naturel savon pour des cheveux sains !<\/h3>\n\t\t\t\t\t<\/div>\n\t\t\t\t\t\t<\/div>\n\t\t\t\t<\/div>\n\t\t\t\t<div class=\"elementor-element elementor-element-84613b4 elementor-widget elementor-widget-wd_text_block\" data-id=\"84613b4\" data-element_type=\"widget\" data-e-type=\"widget\" data-widget_type=\"wd_text_block.default\">\n\t\t\t\t<div class=\"elementor-widget-container\">\n\t\t\t\t\t\t\t<div class=\"wd-text-block reset-last-child text-center\">\n\t\t\t\n\t\t\t<p>Vous cherchez un nettoyant naturel et efficace pour vos cheveux, sans produits chimiques agressifs qui ab\u00eement leur beaut\u00e9 ? Il est temps de d\u00e9couvrir <b>Reetha (\u0627\u0644\u0631\u064a\u062b\u0627)<\/b>\u00e9galement connue sous le nom de <b>Noix de savon<\/b> ou <b>Savon aux baies de savon<\/b>Nom scientifique <i>Sapindus mukorossi<\/i>Ce petit fruit, qui pousse sur l\u2019arbre Sapindus dans les r\u00e9gions tropicales et subtropicales d\u2019Asie (notamment en Inde et au N\u00e9pal), est un v\u00e9ritable tr\u00e9sor de la nature.<\/p><p>La reetha est r\u00e9put\u00e9e pour sa haute teneur en <b>Compos\u00e9s naturels de saponines (Saponines)<\/b>Ce sont des substances qui produisent une mousse l\u00e9g\u00e8re au contact de l\u2019eau et agissent comme un nettoyant naturel efficace. La reetha est utilis\u00e9e depuis des si\u00e8cles dans la m\u00e9decine traditionnelle indienne (Ayurveda) et pour les soins des cheveux et de la peau, comme une alternative s\u00fbre et douce aux d\u00e9tergents synth\u00e9tiques. Mais que savez-vous vraiment de cette noix magique qui renferme la promesse de cheveux naturellement propres, forts et brillants ? D\u00e9couvrez avec nous le secret de la reetha, le cadeau de la nature pour les cheveux de vos r\u00eaves !<\/p>\n\t\t\t\t\t<\/div>\n\t\t\t\t\t\t<\/div>\n\t\t\t\t<\/div>\n\t\t\t\t<\/div>\n\t\t<div class=\"elementor-element elementor-element-bee2d6e e-con-full e-flex e-con e-child\" data-id=\"bee2d6e\" data-element_type=\"container\" data-e-type=\"container\">\n\t\t\t\t<div class=\"elementor-element elementor-element-fc83ec7 elementor-widget elementor-widget-wd_text_block\" data-id=\"fc83ec7\" data-element_type=\"widget\" data-e-type=\"widget\" data-widget_type=\"wd_text_block.default\">\n\t\t\t\t<div class=\"elementor-widget-container\">\n\t\t\t\t\t\t\t<div class=\"wd-text-block reset-last-child text-center\">\n\t\t\t\n\t\t\t<h3>Les bienfaits du Reetha pour les cheveux : propret\u00e9, force et beaut\u00e9 naturelle !<\/h3>\n\t\t\t\t\t<\/div>\n\t\t\t\t\t\t<\/div>\n\t\t\t\t<\/div>\n\t\t\t\t<div class=\"elementor-element elementor-element-58e7323 elementor-widget elementor-widget-wd_text_block\" data-id=\"58e7323\" data-element_type=\"widget\" data-e-type=\"widget\" data-widget_type=\"wd_text_block.default\">\n\t\t\t\t<div class=\"elementor-widget-container\">\n\t\t\t\t\t\t\t<div class=\"wd-text-block reset-last-child text-center\">\n\t\t\t\n\t\t\t<p>Est consid\u00e9r\u00e9e comme <b>Reetha<\/b> C\u2019est un ingr\u00e9dient essentiel des produits capillaires ayurv\u00e9diques, gr\u00e2ce \u00e0 ses propri\u00e9t\u00e9s nettoyantes et nourrissantes qui agissent en harmonie pour offrir des bienfaits remarquables \u00e0 vos cheveux et cuir chevelu.<\/p><ul><li><p><b>Nettoyage doux et efficace :<\/b> La reetha agit comme un excellent shampoing naturel. Elle \u00e9limine efficacement la salet\u00e9, l\u2019exc\u00e8s de s\u00e9bum et les r\u00e9sidus de produits du cuir chevelu et des cheveux, sans retirer les huiles naturelles essentielles qui maintiennent l\u2019hydratation et pr\u00e9viennent la s\u00e9cheresse, contrairement aux shampoings chimiques agressifs.<\/p><\/li><li><p><b>Combat les pellicules et les inflammations du cuir chevelu:<\/b> Gr\u00e2ce \u00e0 ses propri\u00e9t\u00e9s antifongiques, antibact\u00e9riennes et anti-inflammatoires, la reetha est tr\u00e8s efficace pour traiter les pellicules, apaiser les d\u00e9mangeaisons et les irritations, et maintenir un cuir chevelu sain, propre et sans inflammation.<\/p><\/li><li><p><b>Stimuler la croissance des cheveux et r\u00e9duire la chute:<\/b> La reetha nourrit les follicules pileux et stimule la circulation sanguine du cuir chevelu, favorisant l\u2019apport de nutriments et d\u2019oxyg\u00e8ne aux follicules. Cela renforce les cheveux d\u00e8s la racine, r\u00e9duit efficacement leur chute et aide \u00e0 stimuler la pousse de nouveaux cheveux.<\/p><\/li><li><p><b>Donne brillance et douceur aux cheveux:<\/b> La reetha am\u00e9liore la texture des cheveux, les rendant naturellement plus doux et plus brillants. Elle aide \u00e9galement \u00e0 d\u00e9m\u00ealer les cheveux plus facilement, r\u00e9duisant ainsi la casse lors du brossage.<\/p><\/li><li><p><b>Renforcer les cheveux et pr\u00e9venir la casse:<\/b> Les compos\u00e9s pr\u00e9sents dans la reetha renforcent les fibres capillaires et augmentent leur \u00e9lasticit\u00e9, r\u00e9duisant la casse et les pointes fourchues, et donnant aux cheveux un aspect plus sain et plus \u00e9clatant.<\/p><\/li><li><p><b>Adapt\u00e9e aux cheveux sensibles et au cuir chevelu irrit\u00e9 :<\/b> Douce et naturelle, la reetha est un excellent choix pour les personnes ayant un cuir chevelu sensible ou allergiques aux ingr\u00e9dients chimiques des shampooings commerciaux.<\/p><\/li><\/ul>\n\t\t\t\t\t<\/div>\n\t\t\t\t\t\t<\/div>\n\t\t\t\t<\/div>\n\t\t\t\t<\/div>\n\t\t<div class=\"elementor-element elementor-element-4ebced0 e-con-full e-flex e-con e-child\" data-id=\"4ebced0\" data-element_type=\"container\" data-e-type=\"container\">\n\t\t\t\t<div class=\"elementor-element elementor-element-a5fbca7 elementor-widget elementor-widget-wd_text_block\" data-id=\"a5fbca7\" data-element_type=\"widget\" data-e-type=\"widget\" data-widget_type=\"wd_text_block.default\">\n\t\t\t\t<div class=\"elementor-widget-container\">\n\t\t\t\t\t\t\t<div class=\"wd-text-block reset-last-child text-center\">\n\t\t\t\n\t\t\t<h3>Pourquoi les experts font-ils confiance \u00e0 la reetha ? Une efficacit\u00e9 naturelle prouv\u00e9e au fil de l\u2019histoire !<\/h3>\n\t\t\t\t\t<\/div>\n\t\t\t\t\t\t<\/div>\n\t\t\t\t<\/div>\n\t\t\t\t<div class=\"elementor-element elementor-element-b480dab elementor-widget elementor-widget-wd_text_block\" data-id=\"b480dab\" data-element_type=\"widget\" data-e-type=\"widget\" data-widget_type=\"wd_text_block.default\">\n\t\t\t\t<div class=\"elementor-widget-container\">\n\t\t\t\t\t\t\t<div class=\"wd-text-block reset-last-child text-center\">\n\t\t\t\n\t\t\t<p>A acquis <b>Reetha<\/b> R\u00e9put\u00e9e dans le monde entier comme une alternative naturelle et durable aux nettoyants chimiques, notamment dans le domaine des soins capillaires, la reetha est recommand\u00e9e par les praticiens de la m\u00e9decine ayurv\u00e9dique et les sp\u00e9cialistes des cheveux naturels comme un choix s\u00fbr et efficace pour nettoyer et nourrir les cheveux sans provoquer de s\u00e9cheresse ni d\u2019irritation. Les \u00e9tudes scientifiques confirment que la reetha contient des saponines, responsables de ses propri\u00e9t\u00e9s nettoyantes, ainsi que des antioxydants et des vertus antimicrobiennes. La confiance accord\u00e9e \u00e0 la reetha repose sur son histoire s\u00e9culaire d\u2019utilisation s\u00fbre et efficace, ainsi que sur la prise de conscience croissante des bienfaits des produits naturels et sans produits chimiques. \u00cates-vous pr\u00eate \u00e0 adopter ce secret naturel pour des cheveux propres, sains et magnifiques ?<\/p>\n\t\t\t\t\t<\/div>\n\t\t\t\t\t\t<\/div>\n\t\t\t\t<\/div>\n\t\t\t\t<\/div>\n\t\t\t\t\t<\/div>\n\t\t\t\t<\/div>\n\t\t\t\t<\/div>","protected":false},"excerpt":{"rendered":"<p>Qu\u2019est-ce que le Reetha ? Le secret naturel pour des cheveux sains ! Shampooing doux, naturel et sans produits chimiques.<\/p>","protected":false},"featured_media":3882,"comment_status":"open","ping_status":"closed","template":"","meta":[],"product_brand":[],"product_cat":[65],"product_tag":[],"class_list":{"0":"post-2751","1":"product","2":"type-product","3":"status-publish","4":"has-post-thumbnail","6":"product_cat-65","7":"pa_-1-kg","8":"pa_-250-g","9":"pa_-500-g","11":"first","12":"instock","13":"shipping-taxable","14":"product-type-variable"},"jetpack_sharing_enabled":true,"_links":{"self":[{"href":"https:\/\/sfb.ma\/fr\/wp-json\/wp\/v2\/product\/2751","targetHints":{"allow":["GET"]}}],"collection":[{"href":"https:\/\/sfb.ma\/fr\/wp-json\/wp\/v2\/product"}],"about":[{"href":"https:\/\/sfb.ma\/fr\/wp-json\/wp\/v2\/types\/product"}],"replies":[{"embeddable":true,"href":"https:\/\/sfb.ma\/fr\/wp-json\/wp\/v2\/comments?post=2751"}],"version-history":[{"count":0,"href":"https:\/\/sfb.ma\/fr\/wp-json\/wp\/v2\/product\/2751\/revisions"}],"wp:featuredmedia":[{"embeddable":true,"href":"https:\/\/sfb.ma\/fr\/wp-json\/wp\/v2\/media\/3882"}],"wp:attachment":[{"href":"https:\/\/sfb.ma\/fr\/wp-json\/wp\/v2\/media?parent=2751"}],"wp:term":[{"taxonomy":"product_brand","embeddable":true,"href":"https:\/\/sfb.ma\/fr\/wp-json\/wp\/v2\/product_brand?post=2751"},{"taxonomy":"product_cat","embeddable":true,"href":"https:\/\/sfb.ma\/fr\/wp-json\/wp\/v2\/product_cat?post=2751"},{"taxonomy":"product_tag","embeddable":true,"href":"https:\/\/sfb.ma\/fr\/wp-json\/wp\/v2\/product_tag?post=2751"}],"curies":[{"name":"wp","href":"https:\/\/api.w.org\/{rel}","templated":true}]}}