{"id":2774,"date":"2025-07-13T07:49:11","date_gmt":"2025-07-13T07:49:11","guid":{"rendered":"https:\/\/sfb.ma\/?post_type=product&#038;p=2774"},"modified":"2026-04-06T18:47:21","modified_gmt":"2026-04-06T18:47:21","slug":"graines-de-chardon-marien","status":"publish","type":"product","link":"https:\/\/sfb.ma\/fr\/produit\/graines-de-chardon-marien\/","title":{"rendered":"Graines De Chardon-Marie"},"content":{"rendered":"<div data-elementor-type=\"product-post\" data-elementor-id=\"2774\" class=\"elementor elementor-2774\" data-elementor-post-type=\"product\">\n\t\t\t\t<div class=\"wd-negative-gap elementor-element elementor-element-7fb7061 e-flex e-con-boxed e-con e-parent\" data-id=\"7fb7061\" data-element_type=\"container\" data-e-type=\"container\">\n\t\t\t\t\t<div class=\"e-con-inner\">\n\t\t<div class=\"elementor-element elementor-element-9292fce e-con-full e-flex e-con e-child\" data-id=\"9292fce\" data-element_type=\"container\" data-e-type=\"container\">\n\t\t\t\t<div class=\"elementor-element elementor-element-8ded570 elementor-widget elementor-widget-wd_text_block\" data-id=\"8ded570\" data-element_type=\"widget\" data-e-type=\"widget\" data-widget_type=\"wd_text_block.default\">\n\t\t\t\t<div class=\"elementor-widget-container\">\n\t\t\t\t\t\t\t<div class=\"wd-text-block reset-last-child text-center\">\n\t\t\t\n\t\t\t<h3>Qu\u2019est-ce que les graines de chardon-Marie ? Le pouvoir de la nature pour prot\u00e9ger votre foie !<\/h3>\n\t\t\t\t\t<\/div>\n\t\t\t\t\t\t<\/div>\n\t\t\t\t<\/div>\n\t\t\t\t<div class=\"elementor-element elementor-element-f6d4efb elementor-widget elementor-widget-wd_text_block\" data-id=\"f6d4efb\" data-element_type=\"widget\" data-e-type=\"widget\" data-widget_type=\"wd_text_block.default\">\n\t\t\t\t<div class=\"elementor-widget-container\">\n\t\t\t\t\t\t\t<div class=\"wd-text-block reset-last-child text-center\">\n\t\t\t\n\t\t\t<p>Vous cherchez un rem\u00e8de \u00e0 base de plantes au long historique, reconnu pour soutenir le foie et d\u00e9toxifier le corps ? Il est temps de d\u00e9couvrir <b>Graines De Chardon-Marie<\/b>, connue mondialement sous le nom de <b>Graines de Chardon-Marie (\u0628\u0630\u0648\u0631 \u0634\u0648\u0643 \u0627\u0644\u062c\u0645\u0644)<\/b>Nom scientifique <i>Silybum marianum<\/i>Cette plante \u00e0 fleurs \u00e9pineuse, aux magnifiques fleurs violettes, appartient \u00e0 la famille des marguerites et est originaire de la r\u00e9gion m\u00e9diterran\u00e9enne.<\/p><p>La partie la plus pr\u00e9cieuse de la plante de chardon-Marie est <b>Graines<\/b>qui contient un ensemble de compos\u00e9s bioactifs connus collectivement sous le nom de <b>Silymarine<\/b>La silymarine est un flavonolignan complexe et le principal compos\u00e9 responsable de la plupart des propri\u00e9t\u00e9s th\u00e9rapeutiques du chardon-marie, notamment la protection du foie. Les graines de chardon-marie sont utilis\u00e9es depuis des si\u00e8cles en m\u00e9decine traditionnelle pour traiter les probl\u00e8mes de foie et de v\u00e9sicule biliaire et sont aujourd\u2019hui un compl\u00e9ment \u00e0 base de plantes populaire dans le monde entier. Que savez-vous vraiment de ces petites graines qui promettent protection du foie, d\u00e9toxification et soutien de la glyc\u00e9mie ? D\u00e9couvrez le secret des graines de chardon-marie, votre alli\u00e9 naturel pour un foie sain et une vie pleine de vitalit\u00e9 !<\/p>\n\t\t\t\t\t<\/div>\n\t\t\t\t\t\t<\/div>\n\t\t\t\t<\/div>\n\t\t\t\t<\/div>\n\t\t<div class=\"elementor-element elementor-element-0379c0f e-con-full e-flex e-con e-child\" data-id=\"0379c0f\" data-element_type=\"container\" data-e-type=\"container\">\n\t\t\t\t<div class=\"elementor-element elementor-element-be91fdf elementor-widget elementor-widget-wd_text_block\" data-id=\"be91fdf\" data-element_type=\"widget\" data-e-type=\"widget\" data-widget_type=\"wd_text_block.default\">\n\t\t\t\t<div class=\"elementor-widget-container\">\n\t\t\t\t\t\t\t<div class=\"wd-text-block reset-last-child text-center\">\n\t\t\t\n\t\t\t<h3>Bienfaits des graines de chardon-marie : pourquoi ces graines pr\u00e9cieuses m\u00e9ritent une place dans votre routine sant\u00e9<\/h3>\n\t\t\t\t\t<\/div>\n\t\t\t\t\t\t<\/div>\n\t\t\t\t<\/div>\n\t\t\t\t<div class=\"elementor-element elementor-element-787e6d8 elementor-widget elementor-widget-wd_text_block\" data-id=\"787e6d8\" data-element_type=\"widget\" data-e-type=\"widget\" data-widget_type=\"wd_text_block.default\">\n\t\t\t\t<div class=\"elementor-widget-container\">\n\t\t\t\t\t\t\t<div class=\"wd-text-block reset-last-child text-center\">\n\t\t\t\n\t\t\t<p>La plupart des bienfaits sont attribu\u00e9s \u00e0 <b>Graines De Chardon-Marie<\/b> Vers un compos\u00e9 <b>Silymarine<\/b>Elle poss\u00e8de de puissantes propri\u00e9t\u00e9s antioxydantes, anti-inflammatoires et protectrices des cellules. Ses principaux bienfaits, bas\u00e9s sur les usages traditionnels et la recherche scientifique, incluent :<\/p><ul><li><p><b>Protection du foie et am\u00e9lioration de ses fonctions<\/b> Le b\u00e9n\u00e9fice le plus connu des graines de chardon marien est que la silymarine prot\u00e8ge les cellules du foie des dommages caus\u00e9s par les toxines, l\u2019alcool, certains m\u00e9dicaments et certains champignons toxiques (comme l\u2019Amanite). On pense \u00e9galement qu\u2019elle favorise la r\u00e9g\u00e9n\u00e9ration des cellules h\u00e9patiques endommag\u00e9es et r\u00e9duit l\u2019inflammation. Ainsi, les graines de chardon marien sont utilis\u00e9es comme traitement compl\u00e9mentaire dans les cas de :<\/p><ul><li><p><b>Dommages h\u00e9patiques alcooliques et non alcooliques (foie gras)<\/b><\/p><\/li><li><p><b>H\u00e9patite B et C<\/b><\/p><\/li><li><p><b>Cirrhose du Foie:<\/b><\/p><\/li><li><p><b>Protection du foie contre les toxines environnementales<\/b><\/p><\/li><\/ul><\/li><li><p><b>Propri\u00e9t\u00e9s antioxydantes puissantes:<\/b> La silymarine est un antioxydant puissant qui combat les radicaux libres responsables du stress oxydatif et des dommages cellulaires, soutenant la sant\u00e9 globale et r\u00e9duisant le risque de maladies chroniques.<\/p><\/li><li><p><b>Anti-inflammatoire<\/b> Les compos\u00e9s des graines de chardon marien aident \u00e0 r\u00e9duire l\u2019inflammation dans le corps, ce qui peut \u00eatre b\u00e9n\u00e9fique pour les inflammations chroniques.<\/p><\/li><li><p><b>Soutient la r\u00e9gulation de la glyc\u00e9mie:<\/b> Certaines \u00e9tudes montrent que le chardon-Marie peut am\u00e9liorer la sensibilit\u00e9 \u00e0 l\u2019insuline et r\u00e9duire la glyc\u00e9mie chez les patients diab\u00e9tiques de type 2, en faisant un compl\u00e9ment prometteur pour la gestion du diab\u00e8te.<\/p><\/li><li><p><b>Soutien \u00e0 la sant\u00e9 digestive\u00a0:<\/b> Utilis\u00e9e traditionnellement pour faciliter la digestion, soulager br\u00fblures et ballonnements, et soutenir la sant\u00e9 de la v\u00e9sicule biliaire tout en pr\u00e9venant les calculs.<\/p><\/li><li><p><b>Propri\u00e9t\u00e9s Potentiellement Anti-Canc\u00e9reuses:<\/b> Certaines \u00e9tudes en laboratoire et sur les animaux sugg\u00e8rent que la silymarine pourrait avoir des propri\u00e9t\u00e9s anticanc\u00e9reuses en inhibant la croissance des cellules canc\u00e9reuses et en favorisant leur mort, mais davantage de recherches humaines sont n\u00e9cessaires.<\/p><\/li><\/ul>\n\t\t\t\t\t<\/div>\n\t\t\t\t\t\t<\/div>\n\t\t\t\t<\/div>\n\t\t\t\t<\/div>\n\t\t<div class=\"elementor-element elementor-element-1a27fa3 e-con-full e-flex e-con e-child\" data-id=\"1a27fa3\" data-element_type=\"container\" data-e-type=\"container\">\n\t\t\t\t<div class=\"elementor-element elementor-element-2cb31d9 elementor-widget elementor-widget-wd_text_block\" data-id=\"2cb31d9\" data-element_type=\"widget\" data-e-type=\"widget\" data-widget_type=\"wd_text_block.default\">\n\t\t\t\t<div class=\"elementor-widget-container\">\n\t\t\t\t\t\t\t<div class=\"wd-text-block reset-last-child text-center\">\n\t\t\t\n\t\t\t<h3>Pourquoi les experts font-ils confiance aux graines de chardon marien ? Preuves scientifiques solides et longue histoire !<\/h3>\n\t\t\t\t\t<\/div>\n\t\t\t\t\t\t<\/div>\n\t\t\t\t<\/div>\n\t\t\t\t<div class=\"elementor-element elementor-element-3a65a41 elementor-widget elementor-widget-wd_text_block\" data-id=\"3a65a41\" data-element_type=\"widget\" data-e-type=\"widget\" data-widget_type=\"wd_text_block.default\">\n\t\t\t\t<div class=\"elementor-widget-container\">\n\t\t\t\t\t\t\t<div class=\"wd-text-block reset-last-child text-center\">\n\t\t\t\n\t\t\t<p>Est consid\u00e9r\u00e9e comme <b>Graines De Chardon-Marie<\/b> L\u2019une des plantes m\u00e9dicinales les plus \u00e9tudi\u00e9es scientifiquement, notamment pour ses bienfaits sur le foie. Recommand\u00e9e par m\u00e9decins, nutritionnistes et praticiens de m\u00e9decine alternative comme soutien naturel du foie et de la sant\u00e9 globale. Les recherches cliniques et son long historique d\u2019usage s\u00fbr et efficace montrent des r\u00e9sultats prometteurs pour la protection du foie, la r\u00e9duction des inflammations et le soutien de la glyc\u00e9mie. La confiance dans les graines de chardon-Marie repose sur leur puret\u00e9, le compos\u00e9 actif silymarine et les preuves scientifiques croissantes confirmant leur statut de tr\u00e9sor naturel pour prot\u00e9ger le foie.<\/p><p><span style=\"color: #ff0000;\"><b>Remarques importantes :<\/b><\/span><\/p><ul><li><p><b>Effets secondaires :<\/b> Les graines de chardon marien sont g\u00e9n\u00e9ralement s\u00fbres lorsqu\u2019elles sont prises aux doses recommand\u00e9es. Les effets secondaires sont rares et peuvent inclure des troubles digestifs l\u00e9gers tels que diarrh\u00e9e, naus\u00e9es, ballonnements ou maux de t\u00eate.<\/p><\/li><li><p><b>Interactions m\u00e9dicamenteuses:<\/b> Les graines de chardon-Marie peuvent interagir avec certains m\u00e9dicaments, y compris les traitements du diab\u00e8te (peuvent fortement abaisser le taux de sucre) et certains m\u00e9dicaments m\u00e9tabolis\u00e9s par le foie.<\/p><\/li><li><p><b>Allergie:<\/b> Les personnes allergiques aux plantes de la famille des Ast\u00e9rac\u00e9es (comme l\u2019ambroisie, la camomille, les marguerites) doivent \u00eatre prudentes, car elles peuvent r\u00e9agir au chardon-Marie.<\/p><\/li><li><p><b>Grossesse et allaitement :<\/b> Il n\u2019existe pas suffisamment d\u2019\u00e9tudes sur la s\u00e9curit\u00e9 de l\u2019utilisation du chardon-Marie pendant la grossesse et l\u2019allaitement ; il est donc pr\u00e9f\u00e9rable de l\u2019\u00e9viter durant ces p\u00e9riodes.<\/p><\/li><li><p><b>Consultation d\u2019expert:<\/b> <b>Il est toujours essentiel de consulter un sp\u00e9cialiste avant de prendre des graines de chardon-marie ou tout compl\u00e9ment \u00e0 base de plantes, surtout en cas de probl\u00e8me de sant\u00e9 ou de traitement.<\/b><\/p><\/li><\/ul>\n\t\t\t\t\t<\/div>\n\t\t\t\t\t\t<\/div>\n\t\t\t\t<\/div>\n\t\t\t\t<\/div>\n\t\t\t\t\t<\/div>\n\t\t\t\t<\/div>\n\t\t\t\t<\/div>","protected":false},"excerpt":{"rendered":"<p>Quelles sont les graines de Chardon-Marie ? La puissance de la nature pour prot\u00e9ger le foie ! Vous cherchez un rem\u00e8de \u00e0 base de plantes historique ?<\/p>","protected":false},"featured_media":3787,"comment_status":"open","ping_status":"closed","template":"","meta":[],"product_brand":[],"product_cat":[65],"product_tag":[],"class_list":{"0":"post-2774","1":"product","2":"type-product","3":"status-publish","4":"has-post-thumbnail","6":"product_cat-65","7":"pa_-1-kg","9":"first","10":"instock","11":"shipping-taxable","12":"purchasable","13":"product-type-variable"},"jetpack_sharing_enabled":true,"_links":{"self":[{"href":"https:\/\/sfb.ma\/fr\/wp-json\/wp\/v2\/product\/2774","targetHints":{"allow":["GET"]}}],"collection":[{"href":"https:\/\/sfb.ma\/fr\/wp-json\/wp\/v2\/product"}],"about":[{"href":"https:\/\/sfb.ma\/fr\/wp-json\/wp\/v2\/types\/product"}],"replies":[{"embeddable":true,"href":"https:\/\/sfb.ma\/fr\/wp-json\/wp\/v2\/comments?post=2774"}],"version-history":[{"count":0,"href":"https:\/\/sfb.ma\/fr\/wp-json\/wp\/v2\/product\/2774\/revisions"}],"wp:featuredmedia":[{"embeddable":true,"href":"https:\/\/sfb.ma\/fr\/wp-json\/wp\/v2\/media\/3787"}],"wp:attachment":[{"href":"https:\/\/sfb.ma\/fr\/wp-json\/wp\/v2\/media?parent=2774"}],"wp:term":[{"taxonomy":"product_brand","embeddable":true,"href":"https:\/\/sfb.ma\/fr\/wp-json\/wp\/v2\/product_brand?post=2774"},{"taxonomy":"product_cat","embeddable":true,"href":"https:\/\/sfb.ma\/fr\/wp-json\/wp\/v2\/product_cat?post=2774"},{"taxonomy":"product_tag","embeddable":true,"href":"https:\/\/sfb.ma\/fr\/wp-json\/wp\/v2\/product_tag?post=2774"}],"curies":[{"name":"wp","href":"https:\/\/api.w.org\/{rel}","templated":true}]}}