{"id":2795,"date":"2025-07-13T08:48:05","date_gmt":"2025-07-13T08:48:05","guid":{"rendered":"https:\/\/sfb.ma\/?post_type=product&#038;p=2795"},"modified":"2025-09-19T19:12:39","modified_gmt":"2025-09-19T19:12:39","slug":"clou-de-girofle","status":"publish","type":"product","link":"https:\/\/sfb.ma\/fr\/produit\/clou-de-girofle\/","title":{"rendered":"Clou de girofle"},"content":{"rendered":"<div data-elementor-type=\"product-post\" data-elementor-id=\"2795\" class=\"elementor elementor-2795\" data-elementor-post-type=\"product\">\n\t\t\t\t<div class=\"wd-negative-gap elementor-element elementor-element-a7162e4 e-flex e-con-boxed e-con e-parent\" data-id=\"a7162e4\" data-element_type=\"container\" data-e-type=\"container\">\n\t\t\t\t\t<div class=\"e-con-inner\">\n\t\t<div class=\"elementor-element elementor-element-8920250 e-con-full e-flex e-con e-child\" data-id=\"8920250\" data-element_type=\"container\" data-e-type=\"container\">\n\t\t\t\t<div class=\"elementor-element elementor-element-b60396e elementor-widget elementor-widget-wd_text_block\" data-id=\"b60396e\" data-element_type=\"widget\" data-e-type=\"widget\" data-widget_type=\"wd_text_block.default\">\n\t\t\t\t<div class=\"elementor-widget-container\">\n\t\t\t\t\t\t\t<div class=\"wd-text-block reset-last-child text-center\">\n\t\t\t\n\t\t\t<h3>Qu\u2019est-ce que le clou de girofle ? Le bourgeon floral aromatique d\u2019un arbre \u00e0 feuilles persistantes !<\/h3>\n\t\t\t\t\t<\/div>\n\t\t\t\t\t\t<\/div>\n\t\t\t\t<\/div>\n\t\t\t\t<div class=\"elementor-element elementor-element-914a291 elementor-widget elementor-widget-wd_text_block\" data-id=\"914a291\" data-element_type=\"widget\" data-e-type=\"widget\" data-widget_type=\"wd_text_block.default\">\n\t\t\t\t<div class=\"elementor-widget-container\">\n\t\t\t\t\t\t\t<div class=\"wd-text-block reset-last-child text-center\">\n\t\t\t\n\t\t\t<p>Vous cherchez des \u00e9pices qui ajoutent une saveur chaude et riche \u00e0 vos plats et boissons, tout en offrant de nombreux bienfaits pour la sant\u00e9 ? Alors, il est temps de d\u00e9couvrir <b>Clous de girofle (\u0627\u0644\u0642\u0631\u0646\u0641\u0644)<\/b>et son nom scientifique est <i>Syzygium aromaticum<\/i>Le clou de girofle est en r\u00e9alit\u00e9 <b>Bourgeons de fleurs s\u00e9ch\u00e9s<\/b> Un arbre \u00e0 feuilles persistantes appartenant \u00e0 la famille des Myrtac\u00e9es. Originaire des Moluques (Indon\u00e9sie), il est d\u00e9sormais largement cultiv\u00e9 dans de nombreuses r\u00e9gions tropicales.<\/p><p>Les clous de girofle tirent leur nom de leur forme en clou, avec un parfum aromatique puissant et une saveur piquante et distinctive. Depuis des si\u00e8cles, les clous de girofle sont utilis\u00e9s comme \u00e9pices dans les cuisines asiatique, africaine et moyen-orientale, ainsi que comme ingr\u00e9dient cl\u00e9 en m\u00e9decine traditionnelle. L\u2019eug\u00e9nol est le principal compos\u00e9 actif des clous de girofle, responsable de la plupart de leurs propri\u00e9t\u00e9s m\u00e9dicinales, notamment antioxydantes, anti-inflammatoires et analg\u00e9siques. Mais que savez-vous vraiment de ces bourgeons aromatiques qui promettent sant\u00e9, saveur et m\u00eame soulagement de la douleur ? D\u00e9couvrez le secret des clous de girofle, ce tr\u00e9sor d\u2019\u00e9pices aux multiples bienfaits !<\/p>\n\t\t\t\t\t<\/div>\n\t\t\t\t\t\t<\/div>\n\t\t\t\t<\/div>\n\t\t\t\t<\/div>\n\t\t<div class=\"elementor-element elementor-element-06f419f e-con-full e-flex e-con e-child\" data-id=\"06f419f\" data-element_type=\"container\" data-e-type=\"container\">\n\t\t\t\t<div class=\"elementor-element elementor-element-7bc755f elementor-widget elementor-widget-wd_text_block\" data-id=\"7bc755f\" data-element_type=\"widget\" data-e-type=\"widget\" data-widget_type=\"wd_text_block.default\">\n\t\t\t\t<div class=\"elementor-widget-container\">\n\t\t\t\t\t\t\t<div class=\"wd-text-block reset-last-child text-center\">\n\t\t\t\n\t\t\t<h3>Bienfaits du clou de girofle : pourquoi cette \u00e9pice aromatique m\u00e9rite une place dans votre cuisine et votre pharmacie naturelle<\/h3>\n\t\t\t\t\t<\/div>\n\t\t\t\t\t\t<\/div>\n\t\t\t\t<\/div>\n\t\t\t\t<div class=\"elementor-element elementor-element-fad7d10 elementor-widget elementor-widget-wd_text_block\" data-id=\"fad7d10\" data-element_type=\"widget\" data-e-type=\"widget\" data-widget_type=\"wd_text_block.default\">\n\t\t\t\t<div class=\"elementor-widget-container\">\n\t\t\t\t\t\t\t<div class=\"wd-text-block reset-last-child text-center\">\n\t\t\t\n\t\t\t<p>Est consid\u00e9r\u00e9 <b>Clou de girofle<\/b> Riche en nombreux compos\u00e9s bioactifs, dont les plus importants sont <b>Eug\u00e9nol<\/b>En plus des flavono\u00efdes et autres antioxydants, cette composition unique lui conf\u00e8re des propri\u00e9t\u00e9s th\u00e9rapeutiques et cosm\u00e9tiques pr\u00e9cieuses :<\/p><ul><li><p><b>Sant\u00e9 bucco-dentaire<\/b> Voici le b\u00e9n\u00e9fice le plus connu du clou de girofle. L\u2019huile de clou de girofle ou les clous eux-m\u00eames sont utilis\u00e9s comme analg\u00e9sique naturel pour les dents et les gencives. Leurs propri\u00e9t\u00e9s antiseptiques et antibact\u00e9riennes aident \u00e0 :<\/p><ul><li><p>Soulage la douleur dentaire.<\/p><\/li><li><p>Lutter contre la mauvaise haleine.<\/p><\/li><li><p>R\u00e9duit l\u2019inflammation des gencives et emp\u00eache la croissance des bact\u00e9ries nuisibles dans la bouche.<\/p><\/li><\/ul><\/li><li><p><b>Puissant antioxydant:<\/b> Le clou de girofle est riche en antioxydants, notamment l\u2019eug\u00e9nol, qui combat les radicaux libres nocifs. Il r\u00e9duit le stress oxydatif, prot\u00e8ge les cellules et diminue le risque de maladies chroniques comme le c\u0153ur, le diab\u00e8te et certains cancers.<\/p><\/li><li><p><b>Anti-inflammatoire<\/b> L\u2019eug\u00e9nol poss\u00e8de de puissantes propri\u00e9t\u00e9s anti-inflammatoires qui aident \u00e0 r\u00e9duire l\u2019inflammation et la douleur dans le corps, qu\u2019il s\u2019agisse d\u2019arthrite ou de probl\u00e8mes digestifs.<\/p><\/li><li><p><b>Soutien digestif :<\/b> Le clou de girofle aide \u00e0 stimuler la s\u00e9cr\u00e9tion d\u2019enzymes digestives, am\u00e9liorant la digestion et r\u00e9duisant les ballonnements, les gaz et l\u2019indigestion. Il est aussi r\u00e9put\u00e9 pour aider \u00e0 traiter les ulc\u00e8res gastriques.<\/p><\/li><li><p><b>Renforcement de l\u2019immunit\u00e9:<\/b> Gr\u00e2ce \u00e0 ses propri\u00e9t\u00e9s antimicrobiennes (contre bact\u00e9ries, champignons et virus), le clou de girofle aide \u00e0 renforcer le syst\u00e8me immunitaire et \u00e0 prot\u00e9ger le corps contre les infections et maladies.<\/p><\/li><li><p><b>R\u00e9gulation du taux de sucre dans le sang :<\/b> Certaines recherches montrent que le clou de girofle peut am\u00e9liorer la sensibilit\u00e9 \u00e0 l\u2019insuline et r\u00e9guler le taux de sucre dans le sang, ce qui peut \u00eatre b\u00e9n\u00e9fique pour les diab\u00e9tiques ou les personnes \u00e0 risque.<\/p><\/li><li><p><b>Soutient la sant\u00e9 des os:<\/b> Le clou de girofle contient des compos\u00e9s tels que le mangan\u00e8se et les flavono\u00efdes, pouvant contribuer \u00e0 augmenter la densit\u00e9 osseuse et pr\u00e9venir l\u2019ost\u00e9oporose.<\/p><\/li><li><p><b>Sant\u00e9 respiratoire :<\/b> Le clou de girofle est traditionnellement utilis\u00e9 pour soulager les sympt\u00f4mes du rhume, de la toux, du mal de gorge et de la bronchite.<\/p><\/li><\/ul>\n\t\t\t\t\t<\/div>\n\t\t\t\t\t\t<\/div>\n\t\t\t\t<\/div>\n\t\t\t\t<\/div>\n\t\t<div class=\"elementor-element elementor-element-c8134f3 e-con-full e-flex e-con e-child\" data-id=\"c8134f3\" data-element_type=\"container\" data-e-type=\"container\">\n\t\t\t\t<div class=\"elementor-element elementor-element-6762b8a elementor-widget elementor-widget-wd_text_block\" data-id=\"6762b8a\" data-element_type=\"widget\" data-e-type=\"widget\" data-widget_type=\"wd_text_block.default\">\n\t\t\t\t<div class=\"elementor-widget-container\">\n\t\t\t\t\t\t\t<div class=\"wd-text-block reset-last-child text-center\">\n\t\t\t\n\t\t\t<h3>Pourquoi les experts font confiance au clou de girofle : un long pass\u00e9 et des preuves scientifiques !<\/h3>\n\t\t\t\t\t<\/div>\n\t\t\t\t\t\t<\/div>\n\t\t\t\t<\/div>\n\t\t\t\t<div class=\"elementor-element elementor-element-79cac3a elementor-widget elementor-widget-wd_text_block\" data-id=\"79cac3a\" data-element_type=\"widget\" data-e-type=\"widget\" data-widget_type=\"wd_text_block.default\">\n\t\t\t\t<div class=\"elementor-widget-container\">\n\t\t\t\t\t\t\t<div class=\"wd-text-block reset-last-child text-center\">\n\t\t\t\n\t\t\t<p>C\u2019est devenu <b>Clou de girofle<\/b> Un int\u00e9r\u00eat mondial non seulement comme saveur alimentaire unique, mais aussi comme compl\u00e9ment sant\u00e9 puissant. Recommand\u00e9 par nutritionnistes, dentistes et praticiens de m\u00e9decine alternative comme un atout pour la sant\u00e9 g\u00e9n\u00e9rale, notamment bucco-dentaire et anti-inflammatoire. La recherche scientifique, ainsi que son usage s\u00fbr et efficace de longue date, d\u00e9montrent les propri\u00e9t\u00e9s antioxydantes, anti-inflammatoires et analg\u00e9siques de l\u2019eug\u00e9nol. La confiance dans le clou de girofle repose sur ces preuves solides qui en font un tr\u00e9sor naturel majeur.<\/p><p><span style=\"color: #ff0000;\"><b>Remarques importantes :<\/b><\/span><\/p><ul><li><p><b>Mod\u00e9ration:<\/b> Malgr\u00e9 ses bienfaits, il faut consommer le clou de girofle avec mod\u00e9ration, surtout l\u2019huile concentr\u00e9e qui peut \u00eatre toxique \u00e0 forte dose ou non dilu\u00e9e.<\/p><\/li><li><p><b>Enfants :<\/b> L\u2019huile de clou de girofle n\u2019est pas recommand\u00e9e aux enfants, surtout aux nourrissons, pour soulager les douleurs de dentition car elle peut \u00eatre nocive pour le foie.<\/p><\/li><li><p><b>Effets secondaires et interactions :<\/b> Le clou de girofle peut provoquer des allergies chez certaines personnes. L\u2019eug\u00e9nol peut ralentir la coagulation sanguine, prudence chez les personnes avec troubles de saignement ou sous anticoagulants (ex : warfarine).<\/p><\/li><li><p><b>Grossesse et allaitement :<\/b> Consultez un m\u00e9decin avant d\u2019utiliser le clou de girofle en quantit\u00e9s m\u00e9dicinales pendant la grossesse ou l\u2019allaitement.<\/p><\/li><\/ul>\n\t\t\t\t\t<\/div>\n\t\t\t\t\t\t<\/div>\n\t\t\t\t<\/div>\n\t\t\t\t<\/div>\n\t\t\t\t\t<\/div>\n\t\t\t\t<\/div>\n\t\t\t\t<\/div>","protected":false},"excerpt":{"rendered":"<p>Qu\u2019est-ce que le Clou de Girofle ? Le bouton floral aromatique d\u2019un arbre \u00e0 feuillage persistant ! Vous cherchez une \u00e9pice pour enrichir plats et boissons,<\/p>","protected":false},"featured_media":3866,"comment_status":"open","ping_status":"closed","template":"","meta":[],"product_brand":[],"product_cat":[65],"product_tag":[],"class_list":{"0":"post-2795","1":"product","2":"type-product","3":"status-publish","4":"has-post-thumbnail","6":"product_cat-65","7":"pa_-1-kg","8":"pa_-250-g","9":"pa_-500-g","11":"first","12":"instock","13":"shipping-taxable","14":"purchasable","15":"product-type-variable"},"jetpack_sharing_enabled":true,"_links":{"self":[{"href":"https:\/\/sfb.ma\/fr\/wp-json\/wp\/v2\/product\/2795","targetHints":{"allow":["GET"]}}],"collection":[{"href":"https:\/\/sfb.ma\/fr\/wp-json\/wp\/v2\/product"}],"about":[{"href":"https:\/\/sfb.ma\/fr\/wp-json\/wp\/v2\/types\/product"}],"replies":[{"embeddable":true,"href":"https:\/\/sfb.ma\/fr\/wp-json\/wp\/v2\/comments?post=2795"}],"version-history":[{"count":0,"href":"https:\/\/sfb.ma\/fr\/wp-json\/wp\/v2\/product\/2795\/revisions"}],"wp:featuredmedia":[{"embeddable":true,"href":"https:\/\/sfb.ma\/fr\/wp-json\/wp\/v2\/media\/3866"}],"wp:attachment":[{"href":"https:\/\/sfb.ma\/fr\/wp-json\/wp\/v2\/media?parent=2795"}],"wp:term":[{"taxonomy":"product_brand","embeddable":true,"href":"https:\/\/sfb.ma\/fr\/wp-json\/wp\/v2\/product_brand?post=2795"},{"taxonomy":"product_cat","embeddable":true,"href":"https:\/\/sfb.ma\/fr\/wp-json\/wp\/v2\/product_cat?post=2795"},{"taxonomy":"product_tag","embeddable":true,"href":"https:\/\/sfb.ma\/fr\/wp-json\/wp\/v2\/product_tag?post=2795"}],"curies":[{"name":"wp","href":"https:\/\/api.w.org\/{rel}","templated":true}]}}