{"id":2826,"date":"2025-07-14T16:49:58","date_gmt":"2025-07-14T16:49:58","guid":{"rendered":"https:\/\/sfb.ma\/?post_type=product&#038;p=2826"},"modified":"2025-11-19T16:28:35","modified_gmt":"2025-11-19T16:28:35","slug":"palmier-nain","status":"publish","type":"product","link":"https:\/\/sfb.ma\/fr\/produit\/palmier-nain\/","title":{"rendered":"Palmier nain"},"content":{"rendered":"<div data-elementor-type=\"product-post\" data-elementor-id=\"2826\" class=\"elementor elementor-2826\" data-elementor-post-type=\"product\">\n\t\t\t\t<div class=\"wd-negative-gap elementor-element elementor-element-3aa3860 e-flex e-con-boxed e-con e-parent\" data-id=\"3aa3860\" data-element_type=\"container\" data-e-type=\"container\">\n\t\t\t\t\t<div class=\"e-con-inner\">\n\t\t<div class=\"elementor-element elementor-element-0a4abcc e-con-full e-flex e-con e-child\" data-id=\"0a4abcc\" data-element_type=\"container\" data-e-type=\"container\">\n\t\t\t\t<div class=\"elementor-element elementor-element-1f3dc26 elementor-widget elementor-widget-wd_text_block\" data-id=\"1f3dc26\" data-element_type=\"widget\" data-e-type=\"widget\" data-widget_type=\"wd_text_block.default\">\n\t\t\t\t<div class=\"elementor-widget-container\">\n\t\t\t\t\t\t\t<div class=\"wd-text-block reset-last-child text-center\">\n\t\t\t\n\t\t\t<h3>Qu'est-ce que le palmier nain ? Le petit fruit du palmier aux grands bienfaits !<\/h3>\n\t\t\t\t\t<\/div>\n\t\t\t\t\t\t<\/div>\n\t\t\t\t<\/div>\n\t\t\t\t<div class=\"elementor-element elementor-element-23a816a elementor-widget elementor-widget-wd_text_block\" data-id=\"23a816a\" data-element_type=\"widget\" data-e-type=\"widget\" data-widget_type=\"wd_text_block.default\">\n\t\t\t\t<div class=\"elementor-widget-container\">\n\t\t\t\t\t\t\t<div class=\"wd-text-block reset-last-child text-center\">\n\t\t\t\n\t\t\t<p>Vous cherchez un compl\u00e9ment \u00e0 base de plantes qui soutient la sant\u00e9 de la prostate, aide \u00e0 lutter contre la chute des cheveux ou contribue \u00e0 l\u2019\u00e9quilibre hormonal ? Il est temps de d\u00e9couvrir <b>Palmier nain (\u0627\u0644\u0628\u0644\u0645\u064a\u0637 \u0627\u0644\u0645\u0646\u0634\u0627\u0631)<\/b>et son nom scientifique est <i>Serenoa repens<\/i>Cette plante est un type de palmier nain, reconnue pour ses feuilles en forme d\u2019\u00e9ventail et ses petits fruits ressemblant \u00e0 des baies, qui contiennent la majorit\u00e9 de ses propri\u00e9t\u00e9s m\u00e9dicinales.<\/p><p>Les baies de palmier nain ont \u00e9t\u00e9 utilis\u00e9es pendant des si\u00e8cles en m\u00e9decine traditionnelle pour soutenir la sant\u00e9 urinaire et reproductive, et sont aujourd\u2019hui un compl\u00e9ment \u00e0 base de plantes populaire dans le monde entier. Le palmier nain est reconnu pour son efficacit\u00e9 \u00e0 influencer les niveaux hormonaux, notamment la testost\u00e9rone et ses d\u00e9riv\u00e9s. Mais que savez-vous vraiment de ces baies qui promettent de soutenir la sant\u00e9 de la prostate, de r\u00e9duire la chute des cheveux et d\u2019\u00e9quilibrer les hormones ? D\u00e9couvrez avec nous le secret du palmier nain, votre alli\u00e9 naturel pour une sant\u00e9 compl\u00e8te !<\/p><p>\u00a0<\/p>\n\t\t\t\t\t<\/div>\n\t\t\t\t\t\t<\/div>\n\t\t\t\t<\/div>\n\t\t\t\t<\/div>\n\t\t<div class=\"elementor-element elementor-element-415754f e-con-full e-flex e-con e-child\" data-id=\"415754f\" data-element_type=\"container\" data-e-type=\"container\">\n\t\t\t\t<div class=\"elementor-element elementor-element-211c9de elementor-widget elementor-widget-wd_text_block\" data-id=\"211c9de\" data-element_type=\"widget\" data-e-type=\"widget\" data-widget_type=\"wd_text_block.default\">\n\t\t\t\t<div class=\"elementor-widget-container\">\n\t\t\t\t\t\t\t<div class=\"wd-text-block reset-last-child text-center\">\n\t\t\t\n\t\t\t<h3>Bienfaits du palmier nain : pourquoi ce fruit m\u00e9rite une place dans votre routine sant\u00e9?<\/h3>\n\t\t\t\t\t<\/div>\n\t\t\t\t\t\t<\/div>\n\t\t\t\t<\/div>\n\t\t\t\t<div class=\"elementor-element elementor-element-eb9d891 elementor-widget elementor-widget-wd_text_block\" data-id=\"eb9d891\" data-element_type=\"widget\" data-e-type=\"widget\" data-widget_type=\"wd_text_block.default\">\n\t\t\t\t<div class=\"elementor-widget-container\">\n\t\t\t\t\t\t\t<div class=\"wd-text-block reset-last-child text-center\">\n\t\t\t\n\t\t\t<p>La plupart des bienfaits sont attribu\u00e9s \u00e0 <b>Palmier nain<\/b> Sa capacit\u00e9 \u00e0 agir sur l\u2019enzyme <b>5-alpha r\u00e9ductase<\/b>qui convertit la testost\u00e9rone en dihydrotestost\u00e9rone (DHT). La DHT est une hormone puissante impliqu\u00e9e dans plusieurs affections cibl\u00e9es par le palmier nain. Ses principaux bienfaits incluent :<\/p><ul><li><p><b>Soutien de la sant\u00e9 de la prostate (en particulier l\u2019hyperplasie b\u00e9nigne de la prostate - HBP) :<\/b> C\u2019est le b\u00e9n\u00e9fice le plus connu du palmier nain. Il est couramment utilis\u00e9 pour soulager les sympt\u00f4mes de l\u2019hyperplasie b\u00e9nigne de la prostate (HBP) chez les hommes, tels que :<\/p><ul><li><p>Mictions fr\u00e9quentes (surtout la nuit).<\/p><\/li><li><p>Faible d\u00e9bit urinaire.<\/p><\/li><li><p>Difficult\u00e9 \u00e0 commencer la miction.<\/p><\/li><li><p>Sensation de ne pas vider compl\u00e8tement la vessie. On pense qu\u2019il agit en inhibant la production de DHT, qui contribue \u00e0 l\u2019\u00e9largissement de la prostate. Certaines \u00e9tudes montrent une am\u00e9lioration des sympt\u00f4mes, tandis que d\u2019autres donnent des r\u00e9sultats mitig\u00e9s, donc la r\u00e9ponse peut varier selon les individus.<\/p><\/li><\/ul><\/li><li><p><b>Pr\u00e9vention de la perte de cheveux (calvitie h\u00e9r\u00e9ditaire) :<\/b> L'hormone DHT joue un r\u00f4le majeur dans l'alop\u00e9cie androg\u00e9n\u00e9tique chez les hommes et les femmes. On pense que le palmier nain inhibe l'enzyme responsable de la production de DHT, ce qui pourrait aider \u00e0 r\u00e9duire la perte de cheveux et \u00e0 favoriser la croissance de nouveaux cheveux, notamment dans les cas de calvitie androg\u00e9n\u00e9tique.<\/p><\/li><li><p><b>\u00c9quilibre hormonal (particuli\u00e8rement chez les femmes) :<\/b> Bien que le palmier nain soit reconnu pour ses bienfaits chez les hommes, il peut \u00e9galement \u00eatre utilis\u00e9 pour soutenir l\u2019\u00e9quilibre hormonal chez les femmes. Il peut aider \u00e0 :<\/p><ul><li><p><b>Syndrome des ovaires polykystiques (SOPK) :<\/b> En r\u00e9gulant les niveaux d\u2019androg\u00e8nes (hormones m\u00e2les) tels que la DHT, ce qui peut contribuer \u00e0 r\u00e9duire des sympt\u00f4mes comme l\u2019acn\u00e9 et la croissance excessive des poils (hirsutisme).<\/p><\/li><li><p><b>Sympt\u00f4mes de la m\u00e9nopause :<\/b> Il peut contribuer \u00e0 att\u00e9nuer certains sympt\u00f4mes li\u00e9s aux fluctuations hormonales pendant la m\u00e9nopause.<\/p><\/li><\/ul><\/li><li><p><b>Propri\u00e9t\u00e9s anti-inflammatoires :<\/b> Le palmier nain contient des compos\u00e9s qui peuvent aider \u00e0 r\u00e9duire l'inflammation dans le corps, ce qui peut \u00eatre b\u00e9n\u00e9fique pour diverses affections, y compris la prostatite chronique.<\/p><\/li><\/ul>\n\t\t\t\t\t<\/div>\n\t\t\t\t\t\t<\/div>\n\t\t\t\t<\/div>\n\t\t\t\t<\/div>\n\t\t<div class=\"elementor-element elementor-element-1b52c92 e-con-full e-flex e-con e-child\" data-id=\"1b52c92\" data-element_type=\"container\" data-e-type=\"container\">\n\t\t\t\t<div class=\"elementor-element elementor-element-377ebb5 elementor-widget elementor-widget-wd_text_block\" data-id=\"377ebb5\" data-element_type=\"widget\" data-e-type=\"widget\" data-widget_type=\"wd_text_block.default\">\n\t\t\t\t<div class=\"elementor-widget-container\">\n\t\t\t\t\t\t\t<div class=\"wd-text-block reset-last-child text-center\">\n\t\t\t\n\t\t\t<h3>Pourquoi les experts font-ils confiance au palmier nain ? Des preuves croissantes et une utilisation traditionnelle bien \u00e9tablie !<\/h3>\n\t\t\t\t\t<\/div>\n\t\t\t\t\t\t<\/div>\n\t\t\t\t<\/div>\n\t\t\t\t<div class=\"elementor-element elementor-element-afc0850 elementor-widget elementor-widget-wd_text_block\" data-id=\"afc0850\" data-element_type=\"widget\" data-e-type=\"widget\" data-widget_type=\"wd_text_block.default\">\n\t\t\t\t<div class=\"elementor-widget-container\">\n\t\t\t\t\t\t\t<div class=\"wd-text-block reset-last-child text-center\">\n\t\t\t\n\t\t\t<p>Parce que l\u2019extrait de palmier nain contient des compos\u00e9s uniques tels que <strong data-start=\"1651\" data-end=\"1691\">Acides gras et st\u00e9rols v\u00e9g\u00e9taux<\/strong> qui aide \u00e0 inhiber l\u2019enzyme 5-alpha r\u00e9ductase, responsable de la conversion de la testost\u00e9rone en DHT, et ainsi<\/p><p>Est devenu <b>Palmier nain<\/b> L\u2019un des compl\u00e9ments \u00e0 base de plantes les plus vendus, il suscite un int\u00e9r\u00eat croissant de la part des m\u00e9decins et des chercheurs. De nombreux sp\u00e9cialistes en m\u00e9decine alternative et compl\u00e9mentaire le recommandent comme solution naturelle pour soutenir la sant\u00e9 de la prostate, lutter contre la chute de cheveux li\u00e9e aux hormones, et favoriser l\u2019\u00e9quilibre hormonal g\u00e9n\u00e9ral. Bien que les r\u00e9sultats des \u00e9tudes varient, beaucoup indiquent son efficacit\u00e9, notamment dans l\u2019att\u00e9nuation des sympt\u00f4mes de l\u2019hypertrophie b\u00e9nigne de la prostate (HBP) chez certains individus. La confiance envers le palmier nain repose sur son long historique d\u2019utilisation s\u00fbre et efficace, renforc\u00e9e par des recherches continues qui approfondissent notre compr\u00e9hension de son mode d\u2019action.<\/p><p><span style=\"color: #ff0000;\"><b>Remarques importantes :<\/b><\/span><\/p><ul><li><p><b>Effets secondaires :<\/b> Le palmier nain est g\u00e9n\u00e9ralement consid\u00e9r\u00e9 comme s\u00fbr lorsqu'il est pris aux doses recommand\u00e9es. Les effets secondaires rares peuvent inclure des troubles digestifs (naus\u00e9es, diarrh\u00e9e, constipation), des maux de t\u00eate ou des \u00e9tourdissements.<\/p><\/li><li><p><b>Interactions m\u00e9dicamenteuses:<\/b> Le palmier nain peut interagir avec certains m\u00e9dicaments, en particulier :<\/p><ul><li><p><b>Anticoagulants (fluidifiants sanguins) :<\/b> Peut augmenter le risque de saignement (comme avec la warfarine, l\u2019aspirine).<\/p><\/li><li><p><b>Pilules contraceptives ou traitement hormonal substitutif :<\/b> Cela peut affecter l\u2019efficacit\u00e9 des hormones.<\/p><\/li><li><p><b>M\u00e9dicaments pour traiter l\u2019hypertrophie de la prostate (comme la finast\u00e9ride) :<\/b> Cela peut augmenter son effet ou interagir avec.<\/p><\/li><\/ul><\/li><li><p><b>Grossesse et allaitement :<\/b> L'utilisation du palmier nain (saw palmetto) n'est pas recommand\u00e9e pendant la grossesse ou l'allaitement sans avis m\u00e9dical, en raison de ses effets hormonaux.<\/p><\/li><li><p><b>Consultation avec un expert :<\/b> <b>Il est toujours essentiel de consulter un sp\u00e9cialiste ou un professionnel de sant\u00e9 avant de commencer \u00e0 prendre du palmier nain, surtout si vous souffrez d\u2019une condition m\u00e9dicale particuli\u00e8re (comme un cancer de la prostate) ou si vous prenez des m\u00e9dicaments.<\/b><\/p><\/li><\/ul>\n\t\t\t\t\t<\/div>\n\t\t\t\t\t\t<\/div>\n\t\t\t\t<\/div>\n\t\t\t\t<\/div>\n\t\t\t\t\t<\/div>\n\t\t\t\t<\/div>\n\t\t\t\t<\/div>","protected":false},"excerpt":{"rendered":"<p>Qu\u2019est-ce que le Saw Palmetto ? Le petit fruit du palmier aux grands bienfaits ! Vous cherchez un compl\u00e9ment \u00e0 base de plantes pour soutenir la sant\u00e9 de la prostate et lutter contre<\/p>","protected":false},"featured_media":3898,"comment_status":"open","ping_status":"closed","template":"","meta":[],"product_brand":[],"product_cat":[65],"product_tag":[],"class_list":{"0":"post-2826","1":"product","2":"type-product","3":"status-publish","4":"has-post-thumbnail","6":"product_cat-65","7":"pa_-1-kg","8":"pa_-250-g","9":"pa_-500-g","11":"first","12":"outofstock","13":"shipping-taxable","14":"purchasable","15":"product-type-variable"},"jetpack_sharing_enabled":true,"_links":{"self":[{"href":"https:\/\/sfb.ma\/fr\/wp-json\/wp\/v2\/product\/2826","targetHints":{"allow":["GET"]}}],"collection":[{"href":"https:\/\/sfb.ma\/fr\/wp-json\/wp\/v2\/product"}],"about":[{"href":"https:\/\/sfb.ma\/fr\/wp-json\/wp\/v2\/types\/product"}],"replies":[{"embeddable":true,"href":"https:\/\/sfb.ma\/fr\/wp-json\/wp\/v2\/comments?post=2826"}],"version-history":[{"count":0,"href":"https:\/\/sfb.ma\/fr\/wp-json\/wp\/v2\/product\/2826\/revisions"}],"wp:featuredmedia":[{"embeddable":true,"href":"https:\/\/sfb.ma\/fr\/wp-json\/wp\/v2\/media\/3898"}],"wp:attachment":[{"href":"https:\/\/sfb.ma\/fr\/wp-json\/wp\/v2\/media?parent=2826"}],"wp:term":[{"taxonomy":"product_brand","embeddable":true,"href":"https:\/\/sfb.ma\/fr\/wp-json\/wp\/v2\/product_brand?post=2826"},{"taxonomy":"product_cat","embeddable":true,"href":"https:\/\/sfb.ma\/fr\/wp-json\/wp\/v2\/product_cat?post=2826"},{"taxonomy":"product_tag","embeddable":true,"href":"https:\/\/sfb.ma\/fr\/wp-json\/wp\/v2\/product_tag?post=2826"}],"curies":[{"name":"wp","href":"https:\/\/api.w.org\/{rel}","templated":true}]}}