{"id":2906,"date":"2025-07-15T14:00:22","date_gmt":"2025-07-15T14:00:22","guid":{"rendered":"https:\/\/sfb.ma\/?post_type=product&#038;p=2906"},"modified":"2026-04-06T18:37:44","modified_gmt":"2026-04-06T18:37:44","slug":"chrysantheme","status":"publish","type":"product","link":"https:\/\/sfb.ma\/fr\/produit\/chrysantheme\/","title":{"rendered":"Chrysanth\u00e8me"},"content":{"rendered":"<div data-elementor-type=\"product-post\" data-elementor-id=\"2906\" class=\"elementor elementor-2906\" data-elementor-post-type=\"product\">\n\t\t\t\t<div class=\"wd-negative-gap elementor-element elementor-element-01fef7b e-flex e-con-boxed e-con e-parent\" data-id=\"01fef7b\" data-element_type=\"container\" data-e-type=\"container\">\n\t\t\t\t\t<div class=\"e-con-inner\">\n\t\t<div class=\"elementor-element elementor-element-c3c5056 e-con-full e-flex e-con e-child\" data-id=\"c3c5056\" data-element_type=\"container\" data-e-type=\"container\">\n\t\t\t\t<div class=\"elementor-element elementor-element-fc58936 elementor-widget elementor-widget-wd_text_block\" data-id=\"fc58936\" data-element_type=\"widget\" data-e-type=\"widget\" data-widget_type=\"wd_text_block.default\">\n\t\t\t\t<div class=\"elementor-widget-container\">\n\t\t\t\t\t\t\t<div class=\"wd-text-block reset-last-child text-center\">\n\t\t\t\n\t\t\t<h3>Qu'est-ce que le chrysanth\u00e8me ? Une fleur semblable au chrysanth\u00e8me aux propri\u00e9t\u00e9s th\u00e9rapeutiques \u00e9tonnantes !<\/h3>\n\t\t\t\t\t<\/div>\n\t\t\t\t\t\t<\/div>\n\t\t\t\t<\/div>\n\t\t\t\t<div class=\"elementor-element elementor-element-c18a3ce elementor-widget elementor-widget-wd_text_block\" data-id=\"c18a3ce\" data-element_type=\"widget\" data-e-type=\"widget\" data-widget_type=\"wd_text_block.default\">\n\t\t\t\t<div class=\"elementor-widget-container\">\n\t\t\t\t\t\t\t<div class=\"wd-text-block reset-last-child text-center\">\n\t\t\t\n\t\t\t<p>Cherchez-vous une plante reconnue pour ses propri\u00e9t\u00e9s efficaces dans la pr\u00e9vention de la migraine, utilis\u00e9e \u00e9galement comme anti-inflammatoire et analg\u00e9sique ? Alors, il est temps de d\u00e9couvrir <b>Chrysanth\u00e8me <\/b>et son nom scientifique est <strong data-start=\"29\" data-end=\"54\">Chrysanthemum indicum<\/strong>\u00a0Cette plante vivace, de la famille des Chrysanth\u00e8mes (Asteraceae), poss\u00e8de des feuilles aromatiques et de petites fleurs en forme de marguerite, poussant dans le monde entier, surtout en Asie occidentale et dans les Balkans.<\/p><p>Le chrysanth\u00e8me est utilis\u00e9 depuis des si\u00e8cles en m\u00e9decine traditionnelle et \u00e9tait parfois appel\u00e9 \u00ab l\u2019aspirine du Moyen \u00c2ge \u00bb en raison de ses propri\u00e9t\u00e9s analg\u00e9siques et antipyr\u00e9tiques. Il est reconnu pour contenir des compos\u00e9s actifs, notamment <b>Parth\u00e9nolide<\/b>consid\u00e9r\u00e9es comme responsables de la plupart de ses bienfaits th\u00e9rapeutiques, notamment dans la pr\u00e9vention des migraines. Mais que savez-vous vraiment de cette petite fleur qui promet de soulager les maux de t\u00eate, r\u00e9duire l\u2019inflammation et soutenir la sant\u00e9 g\u00e9n\u00e9rale ? D\u00e9couvrez avec nous le secret du Chrysanth\u00e8me, votre alli\u00e9 naturel contre les maux de t\u00eate et l\u2019inflammation !<\/p>\n\t\t\t\t\t<\/div>\n\t\t\t\t\t\t<\/div>\n\t\t\t\t<\/div>\n\t\t\t\t<\/div>\n\t\t<div class=\"elementor-element elementor-element-d445395 e-con-full e-flex e-con e-child\" data-id=\"d445395\" data-element_type=\"container\" data-e-type=\"container\">\n\t\t\t\t<div class=\"elementor-element elementor-element-a94be40 elementor-widget elementor-widget-wd_text_block\" data-id=\"a94be40\" data-element_type=\"widget\" data-e-type=\"widget\" data-widget_type=\"wd_text_block.default\">\n\t\t\t\t<div class=\"elementor-widget-container\">\n\t\t\t\t\t\t\t<div class=\"wd-text-block reset-last-child text-center\">\n\t\t\t\n\t\t\t<h3>Bienfaits du Chrysanth\u00e8me : Pourquoi cette fleur m\u00e9rite une place dans votre pharmacie naturelle<\/h3>\n\t\t\t\t\t<\/div>\n\t\t\t\t\t\t<\/div>\n\t\t\t\t<\/div>\n\t\t\t\t<div class=\"elementor-element elementor-element-48012c6 elementor-widget elementor-widget-wd_text_block\" data-id=\"48012c6\" data-element_type=\"widget\" data-e-type=\"widget\" data-widget_type=\"wd_text_block.default\">\n\t\t\t\t<div class=\"elementor-widget-container\">\n\t\t\t\t\t\t\t<div class=\"wd-text-block reset-last-child text-center\">\n\t\t\t\n\t\t\t<p>La plupart des bienfaits sont attribu\u00e9s \u00e0 <b>Chrysanth\u00e8me<\/b> en raison de ses compos\u00e9s actifs, en particulier <b>Bartholine<\/b>ainsi que des flavono\u00efdes et des huiles essentielles, lui conf\u00e9rant de multiples propri\u00e9t\u00e9s th\u00e9rapeutiques :<\/p><ul><li><p><b>Pr\u00e9vention de la Migraine :<\/b> C\u2019est le b\u00e9n\u00e9fice le plus connu du Chrysanth\u00e8me, ce qui en fait un sujet de recherche scientifique. On pense que la parth\u00e9nolide agit en :<\/p><ul><li><p>Inhibition de la s\u00e9cr\u00e9tion de s\u00e9rotonine et de prostaglandine, deux substances naturelles impliqu\u00e9es dans la dilatation des vaisseaux sanguins pouvant provoquer des crises de migraine.<\/p><\/li><li><p>R\u00e9duire l\u2019inflammation et contracter les vaisseaux sanguins.<\/p><\/li><li><p>Bien que les r\u00e9sultats de recherche soient mitig\u00e9s, certaines \u00e9tudes indiquent que l\u2019utilisation r\u00e9guli\u00e8re du Chrysanth\u00e8me peut r\u00e9duire la fr\u00e9quence et la gravit\u00e9 des crises de migraine, et peut aider \u00e0 soulager les sympt\u00f4mes associ\u00e9s tels que naus\u00e9es, vomissements et sensibilit\u00e9 \u00e0 la lumi\u00e8re et au bruit. (Il est important de noter qu\u2019il agit comme pr\u00e9vention et ne traite pas la crise une fois qu\u2019elle survient).<\/p><\/li><\/ul><\/li><li><p><b>Anti-inflammatoire et analg\u00e9sique :<\/b> Le Chrysanth\u00e8me poss\u00e8de de puissantes propri\u00e9t\u00e9s anti-inflammatoires. Utilis\u00e9 traditionnellement pour soulager diff\u00e9rents types de douleurs et inflammations, y compris :<\/p><ul><li><p>Douleurs articulaires &amp; Arthrite.<\/p><\/li><li><p>Douleurs Menstruelles (Dysm\u00e9norrh\u00e9e).<\/p><\/li><li><p>Douleur Dentaire.<\/p><\/li><\/ul><\/li><li><p><b>Soutien \u00e0 la sant\u00e9 digestive\u00a0:<\/b> Le Chrysanth\u00e8me est utilis\u00e9 traditionnellement pour aider \u00e0 soulager certains troubles digestifs tels que :<\/p><ul><li><p>Troubles de l\u2019estomac.<\/p><\/li><li><p>Gaz et ballonnements.<\/p><\/li><li><p>Peut aider \u00e0 am\u00e9liorer l\u2019app\u00e9tit.<\/p><\/li><\/ul><\/li><li><p><b>Antibact\u00e9rien et Anticanc\u00e9reux (Recherches Pr\u00e9liminaires) :<\/b> Certaines \u00e9tudes en laboratoire (en \u00e9prouvettes) montrent que le Chrysanth\u00e8me pourrait avoir des propri\u00e9t\u00e9s antibact\u00e9riennes et une activit\u00e9 contre certaines cellules canc\u00e9reuses, mais des recherches plus larges sont n\u00e9cessaires pour confirmer ces bienfaits.<\/p><\/li><\/ul>\n\t\t\t\t\t<\/div>\n\t\t\t\t\t\t<\/div>\n\t\t\t\t<\/div>\n\t\t\t\t<\/div>\n\t\t<div class=\"elementor-element elementor-element-b9ccad6 e-con-full e-flex e-con e-child\" data-id=\"b9ccad6\" data-element_type=\"container\" data-e-type=\"container\">\n\t\t\t\t<div class=\"elementor-element elementor-element-c01aa3f elementor-widget elementor-widget-wd_text_block\" data-id=\"c01aa3f\" data-element_type=\"widget\" data-e-type=\"widget\" data-widget_type=\"wd_text_block.default\">\n\t\t\t\t<div class=\"elementor-widget-container\">\n\t\t\t\t\t\t\t<div class=\"wd-text-block reset-last-child text-center\">\n\t\t\t\n\t\t\t<h3>Pourquoi les Experts Font Confiance au Chrysanth\u00e8me ? H\u00e9ritage Traditionnel &amp; Recherche Moderne !<\/h3>\n\t\t\t\t\t<\/div>\n\t\t\t\t\t\t<\/div>\n\t\t\t\t<\/div>\n\t\t\t\t<div class=\"elementor-element elementor-element-054102f elementor-widget elementor-widget-wd_text_block\" data-id=\"054102f\" data-element_type=\"widget\" data-e-type=\"widget\" data-widget_type=\"wd_text_block.default\">\n\t\t\t\t<div class=\"elementor-widget-container\">\n\t\t\t\t\t\t\t<div class=\"wd-text-block reset-last-child text-center\">\n\t\t\t\n\t\t\t<p>A acquis <b>Chrysanth\u00e8me<\/b> Le Chrysanth\u00e8me occupe une place importante en tant que plante naturelle pour la pr\u00e9vention des migraines et suscite un grand int\u00e9r\u00eat chez les m\u00e9decins et les praticiens de la m\u00e9decine alternative. De nombreux experts le recommandent comme option naturelle potentielle pour r\u00e9duire la fr\u00e9quence et la gravit\u00e9 des crises de migraine. Certaines recherches cliniques soutiennent son utilisation, surtout pour la pr\u00e9vention. La confiance dans le Chrysanth\u00e8me provient de sa longue histoire d\u2019utilisation s\u00fbre et efficace depuis des si\u00e8cles, ainsi que des \u00e9tudes continues mettant en lumi\u00e8re ses m\u00e9canismes et ses bienfaits potentiels.<\/p><p><span style=\"color: #ff0000;\"><b>Remarques importantes :<\/b><\/span><\/p><ul><li><p><b>Effets secondaires :<\/b> Le Chrysanth\u00e8me est g\u00e9n\u00e9ralement s\u00fbr aux doses recommand\u00e9es, mais certains effets secondaires peuvent survenir, surtout au d\u00e9but ou \u00e0 l\u2019arr\u00eat :<\/p><ul><li><p><b>Ulc\u00e8res et Irritations Buccales :<\/b> Lors de la mastication des feuilles fra\u00eeches.<\/p><\/li><li><p><b>Troubles Digestifs :<\/b> Comme naus\u00e9es, douleurs abdominales, ballonnements, ou diarrh\u00e9e\/constipation.<\/p><\/li><li><p><b>\" Syndrome Post-Chrysanth\u00e8me \" :<\/b> Peut survenir en cas d'arr\u00eat brutal apr\u00e8s une utilisation prolong\u00e9e, incluant maux de t\u00eate, anxi\u00e9t\u00e9, douleurs musculaires et articulaires, et troubles du sommeil. Il est conseill\u00e9 de r\u00e9duire progressivement la dose.<\/p><\/li><\/ul><\/li><li><p><b>Interactions m\u00e9dicamenteuses:<\/b> Le Chrysanth\u00e8me peut interagir avec certains m\u00e9dicaments, notamment :<\/p><ul><li><p><b>Fluidifiants Sanguins (Anticoagulants &amp; Antiagr\u00e9gants) :<\/b> Le Chrysanth\u00e8me peut augmenter le risque de saignement, il doit donc \u00eatre \u00e9vit\u00e9 avec des m\u00e9dicaments comme la warfarine, l\u2019aspirine, l\u2019h\u00e9parine, le clopidogrel.<\/p><\/li><li><p><b>Anti-inflammatoires Non St\u00e9ro\u00efdiens (AINS) :<\/b> Comme l\u2019ibuprof\u00e8ne et le naprox\u00e8ne, ils peuvent aussi augmenter le risque de saignement lorsqu\u2019ils sont utilis\u00e9s avec le Chrysanth\u00e8me.<\/p><\/li><\/ul><\/li><li><p><b>Allergie:<\/b> Des r\u00e9actions allergiques peuvent survenir chez les personnes sensibles aux plantes de la famille des Asteraceae comme l\u2019herbe \u00e0 poux, le chrysanth\u00e8me et la camomille.<\/p><\/li><li><p><b>Grossesse et allaitement :<\/b> <b>L\u2019usage du Chrysanth\u00e8me est strictement interdit pendant la grossesse<\/b>, car on pense qu'il peut provoquer des contractions ut\u00e9rines pouvant entra\u00eener une fausse couche. Il n'y a pas assez d'informations sur sa s\u00e9curit\u00e9 pendant l'allaitement, il est donc pr\u00e9f\u00e9rable de l'\u00e9viter.<\/p><\/li><li><p><b>Interventions Chirurgicales :<\/b> Il faut arr\u00eater le Chrysanth\u00e8me au moins deux semaines avant toute chirurgie en raison du risque accru de saignement.<\/p><\/li><li><p><b>Enfants :<\/b> Non recommand\u00e9 pour les enfants de moins de deux ans.<\/p><\/li><li><p><b>Consultation avec un expert :<\/b> <b>Il est toujours essentiel de consulter un professionnel de sant\u00e9 avant de prendre le Chrysanth\u00e8me ou tout compl\u00e9ment \u00e0 base de plantes, surtout en cas de maladie, de traitement ou d\u2019allergie connue.<\/b><\/p><\/li><\/ul>\n\t\t\t\t\t<\/div>\n\t\t\t\t\t\t<\/div>\n\t\t\t\t<\/div>\n\t\t\t\t<\/div>\n\t\t\t\t\t<\/div>\n\t\t\t\t<\/div>\n\t\t\t\t<\/div>","protected":false},"excerpt":{"rendered":"<p>Qu\u2019est-ce que le Chrysanth\u00e8me ? Une fleur semblable \u00e0 la marguerite aux propri\u00e9t\u00e9s m\u00e9dicinales \u00e9tonnantes ! Vous cherchez une plante efficace contre les migraines ?<\/p>","protected":false},"featured_media":4034,"comment_status":"open","ping_status":"closed","template":"","meta":[],"product_brand":[],"product_cat":[65],"product_tag":[],"class_list":{"0":"post-2906","1":"product","2":"type-product","3":"status-publish","4":"has-post-thumbnail","6":"product_cat-65","7":"pa_-1-kg","8":"pa_-250-g","9":"pa_-500-g","11":"first","12":"instock","13":"shipping-taxable","14":"purchasable","15":"product-type-variable"},"jetpack_sharing_enabled":true,"_links":{"self":[{"href":"https:\/\/sfb.ma\/fr\/wp-json\/wp\/v2\/product\/2906","targetHints":{"allow":["GET"]}}],"collection":[{"href":"https:\/\/sfb.ma\/fr\/wp-json\/wp\/v2\/product"}],"about":[{"href":"https:\/\/sfb.ma\/fr\/wp-json\/wp\/v2\/types\/product"}],"replies":[{"embeddable":true,"href":"https:\/\/sfb.ma\/fr\/wp-json\/wp\/v2\/comments?post=2906"}],"version-history":[{"count":0,"href":"https:\/\/sfb.ma\/fr\/wp-json\/wp\/v2\/product\/2906\/revisions"}],"wp:featuredmedia":[{"embeddable":true,"href":"https:\/\/sfb.ma\/fr\/wp-json\/wp\/v2\/media\/4034"}],"wp:attachment":[{"href":"https:\/\/sfb.ma\/fr\/wp-json\/wp\/v2\/media?parent=2906"}],"wp:term":[{"taxonomy":"product_brand","embeddable":true,"href":"https:\/\/sfb.ma\/fr\/wp-json\/wp\/v2\/product_brand?post=2906"},{"taxonomy":"product_cat","embeddable":true,"href":"https:\/\/sfb.ma\/fr\/wp-json\/wp\/v2\/product_cat?post=2906"},{"taxonomy":"product_tag","embeddable":true,"href":"https:\/\/sfb.ma\/fr\/wp-json\/wp\/v2\/product_tag?post=2906"}],"curies":[{"name":"wp","href":"https:\/\/api.w.org\/{rel}","templated":true}]}}