{"id":2915,"date":"2025-07-15T14:24:29","date_gmt":"2025-07-15T14:24:29","guid":{"rendered":"https:\/\/sfb.ma\/?post_type=product&#038;p=2915"},"modified":"2025-11-02T12:10:32","modified_gmt":"2025-11-02T12:10:32","slug":"molene","status":"publish","type":"product","link":"https:\/\/sfb.ma\/fr\/produit\/molene\/","title":{"rendered":"Mol\u00e8ne"},"content":{"rendered":"<div data-elementor-type=\"product-post\" data-elementor-id=\"2915\" class=\"elementor elementor-2915\" data-elementor-post-type=\"product\">\n\t\t\t\t<div class=\"wd-negative-gap elementor-element elementor-element-79a899f e-flex e-con-boxed e-con e-parent\" data-id=\"79a899f\" data-element_type=\"container\" data-e-type=\"container\">\n\t\t\t\t\t<div class=\"e-con-inner\">\n\t\t<div class=\"elementor-element elementor-element-b61a85e e-con-full e-flex e-con e-child\" data-id=\"b61a85e\" data-element_type=\"container\" data-e-type=\"container\">\n\t\t\t\t<div class=\"elementor-element elementor-element-93109ab elementor-widget elementor-widget-wd_text_block\" data-id=\"93109ab\" data-element_type=\"widget\" data-e-type=\"widget\" data-widget_type=\"wd_text_block.default\">\n\t\t\t\t<div class=\"elementor-widget-container\">\n\t\t\t\t\t\t\t<div class=\"wd-text-block reset-last-child text-center\">\n\t\t\t\n\t\t\t<h3>Qu\u2019est-ce que la Mol\u00e8ne ? Le poumon vert de la nature pour le confort respiratoire !<\/h3>\n\t\t\t\t\t<\/div>\n\t\t\t\t\t\t<\/div>\n\t\t\t\t<\/div>\n\t\t\t\t<div class=\"elementor-element elementor-element-0718fcd elementor-widget elementor-widget-wd_text_block\" data-id=\"0718fcd\" data-element_type=\"widget\" data-e-type=\"widget\" data-widget_type=\"wd_text_block.default\">\n\t\t\t\t<div class=\"elementor-widget-container\">\n\t\t\t\t\t\t\t<div class=\"wd-text-block reset-last-child text-center\">\n\t\t\t\n\t\t\t<p>Vous cherchez une herbe reconnue pour calmer la toux, soulager la congestion thoracique et soutenir la sant\u00e9 pulmonaire ? Il est donc temps de d\u00e9couvrir <b>Mol\u00e8ne (\u0627\u0644\u0628\u0648\u0635\u064a\u0631)<\/b>et son nom scientifique est <i>Verbascum thapsus<\/i>Cette plante remarquable, avec ses grandes feuilles velout\u00e9es et ses fleurs jaunes vives poussant sur une longue tige, est \u00e9galement connue sous des noms communs tels que \u00ab Bougie du berger \u00bb ou \u00ab Barbe de li\u00e8vre \u00bb. La mol\u00e8ne pousse largement en Europe, en Asie et en Am\u00e9rique du Nord, souvent dans les terrains accident\u00e9s et le long des routes.<\/p><p>Depuis des si\u00e8cles, la mol\u00e8ne est utilis\u00e9e en m\u00e9decine traditionnelle pour traiter divers probl\u00e8mes respiratoires, allant de la toux et des rhumes \u00e0 l\u2019asthme et la bronchite. Elle est connue pour contenir des compos\u00e9s actifs tels que <b>Saponines<\/b>et<b>Compos\u00e9s flavono\u00efdes<\/b>et<b>mucilage<\/b>Cens\u00e9es \u00eatre responsables de ses propri\u00e9t\u00e9s apaisantes, expectorantes et anti-inflammatoires. Mais que savez-vous vraiment de cette plante puissante qui porte dans ses feuilles et ses fleurs la promesse de confort respiratoire, de soulagement de la congestion et de gu\u00e9rison naturelle ? D\u00e9couvrez le secret de la mol\u00e8ne, l\u2019amie de vos poumons en hiver !<\/p>\n\t\t\t\t\t<\/div>\n\t\t\t\t\t\t<\/div>\n\t\t\t\t<\/div>\n\t\t\t\t<\/div>\n\t\t<div class=\"elementor-element elementor-element-7a0a6b6 e-con-full e-flex e-con e-child\" data-id=\"7a0a6b6\" data-element_type=\"container\" data-e-type=\"container\">\n\t\t\t\t<div class=\"elementor-element elementor-element-c0edf65 elementor-widget elementor-widget-wd_text_block\" data-id=\"c0edf65\" data-element_type=\"widget\" data-e-type=\"widget\" data-widget_type=\"wd_text_block.default\">\n\t\t\t\t<div class=\"elementor-widget-container\">\n\t\t\t\t\t\t\t<div class=\"wd-text-block reset-last-child text-center\">\n\t\t\t\n\t\t\t<h3>Bienfaits de la Mol\u00e8ne : Pourquoi cette plante m\u00e9rite une place dans votre pharmacie naturelle ?<\/h3>\n\t\t\t\t\t<\/div>\n\t\t\t\t\t\t<\/div>\n\t\t\t\t<\/div>\n\t\t\t\t<div class=\"elementor-element elementor-element-21d9753 elementor-widget elementor-widget-wd_text_block\" data-id=\"21d9753\" data-element_type=\"widget\" data-e-type=\"widget\" data-widget_type=\"wd_text_block.default\">\n\t\t\t\t<div class=\"elementor-widget-container\">\n\t\t\t\t\t\t\t<div class=\"wd-text-block reset-last-child text-center\">\n\t\t\t\n\t\t\t<p>La plupart des bienfaits sont attribu\u00e9s \u00e0 <b>Mol\u00e8ne<\/b> sa capacit\u00e9 \u00e0 apaiser les muqueuses respiratoires enflamm\u00e9es, expulser le mucus et r\u00e9duire l\u2019inflammation. Ses principaux bienfaits incluent :<\/p><ul><li><p><b>Soutien respiratoire (principal avantage) :<\/b> La mol\u00e8ne est une plante traditionnelle r\u00e9put\u00e9e pour traiter les probl\u00e8mes respiratoires. Elle agit comme :<b>Expectorant<\/b>et<b>Adoucissant<\/b>et<b>Antispasmodique :<\/b>, ce qui aide \u00e0 :<\/p><ul><li><p><b>Soulagement de la toux :<\/b> Apaise la toux s\u00e8che et aide \u00e0 expulser le mucus des poumons et voies respiratoires, efficace contre la coqueluche, la bronchite et le rhume.<\/p><\/li><li><p><b>Soulagement de la congestion thoracique :<\/b> Aide \u00e0 d\u00e9composer le mucus dans les poumons et \u00e0 faciliter son \u00e9vacuation.<\/p><\/li><li><p><b>Apaise l\u2019inflammation de la gorge et des bronches :<\/b> La gomme de la mol\u00e8ne forme une couche protectrice et apaisante sur les muqueuses enflamm\u00e9es, soulageant douleur et irritation.<\/p><\/li><li><p><b>Soutient les patients asthmatiques et atteints de bronchite chronique :<\/b> Peut aider \u00e0 r\u00e9duire les sympt\u00f4mes et am\u00e9liorer la respiration.<\/p><\/li><\/ul><\/li><li><p><b>Propri\u00e9t\u00e9s anti-inflammatoires :<\/b> La mol\u00e8ne contient des compos\u00e9s aux fortes propri\u00e9t\u00e9s anti-inflammatoires, ce qui la rend utile pour r\u00e9duire l\u2019inflammation dans tout le corps.<\/p><\/li><li><p><b>Propri\u00e9t\u00e9s antivirales et antibact\u00e9riennes (recherches pr\u00e9liminaires) :<\/b> Certaines \u00e9tudes en laboratoire montrent que la Mol\u00e8ne pourrait poss\u00e9der des propri\u00e9t\u00e9s contre certains virus et bact\u00e9ries, aidant \u00e0 lutter contre les infections.<\/p><\/li><li><p><b>Soutient la sant\u00e9 de l\u2019oreille (Huile de Mol\u00e8ne) :<\/b> L\u2019huile de mol\u00e8ne (g\u00e9n\u00e9ralement extraite en infusant les fleurs de mol\u00e8ne dans une huile v\u00e9g\u00e9tale) est traditionnellement utilis\u00e9e pour soulager les douleurs et infections l\u00e9g\u00e8res de l\u2019oreille, gr\u00e2ce \u00e0 ses propri\u00e9t\u00e9s anti-inflammatoires et antimicrobiennes. (Assurez-vous que l\u2019huile est sp\u00e9cialement pr\u00e9par\u00e9e pour un usage auriculaire).<\/p><\/li><li><p><b>Soutient le syst\u00e8me digestif (traditionnellement) :<\/b> Parfois utilis\u00e9 pour aider \u00e0 calmer les troubles digestifs tels que la diarrh\u00e9e ou les crampes l\u00e9g\u00e8res.<\/p><\/li><\/ul>\n\t\t\t\t\t<\/div>\n\t\t\t\t\t\t<\/div>\n\t\t\t\t<\/div>\n\t\t\t\t<\/div>\n\t\t<div class=\"elementor-element elementor-element-649252e e-con-full e-flex e-con e-child\" data-id=\"649252e\" data-element_type=\"container\" data-e-type=\"container\">\n\t\t\t\t<div class=\"elementor-element elementor-element-0f266d8 elementor-widget elementor-widget-wd_text_block\" data-id=\"0f266d8\" data-element_type=\"widget\" data-e-type=\"widget\" data-widget_type=\"wd_text_block.default\">\n\t\t\t\t<div class=\"elementor-widget-container\">\n\t\t\t\t\t\t\t<div class=\"wd-text-block reset-last-child text-center\">\n\t\t\t\n\t\t\t<h3>Pourquoi les experts font-ils confiance \u00e0 la Mol\u00e8ne ? H\u00e9ritage traditionnel et preuves croissantes !<\/h3>\n\t\t\t\t\t<\/div>\n\t\t\t\t\t\t<\/div>\n\t\t\t\t<\/div>\n\t\t\t\t<div class=\"elementor-element elementor-element-5e56306 elementor-widget elementor-widget-wd_text_block\" data-id=\"5e56306\" data-element_type=\"widget\" data-e-type=\"widget\" data-widget_type=\"wd_text_block.default\">\n\t\t\t\t<div class=\"elementor-widget-container\">\n\t\t\t\t\t\t\t<div class=\"wd-text-block reset-last-child text-center\">\n\t\t\t\n\t\t\t<p>A acquis <b>Mol\u00e8ne<\/b> La Mol\u00e8ne jouit d\u2019une place de choix comme plante soutenant le syst\u00e8me respiratoire, appr\u00e9ci\u00e9e par les praticiens de la m\u00e9decine alternative. Elle est recommand\u00e9e pour calmer la toux, soulager la congestion thoracique et soutenir la sant\u00e9 pulmonaire. Les premi\u00e8res recherches montrent que ses compos\u00e9s ont des propri\u00e9t\u00e9s anti-inflammatoires, apaisantes et expectorantes, confirmant ses bienfaits traditionnels. La confiance en la Mol\u00e8ne repose sur des si\u00e8cles d\u2019utilisation s\u00fbre et des \u00e9tudes continues.<\/p><p><span style=\"color: #ff0000;\"><b>Remarques importantes :<\/b><\/span><\/p><ul><li><p><b>Effets secondaires :<\/b> La mol\u00e8ne est g\u00e9n\u00e9ralement s\u00fbre aux doses recommand\u00e9es. Les effets secondaires sont rares mais peuvent inclure des troubles digestifs ou des r\u00e9actions allergiques.<\/p><\/li><li><p><b>Interactions m\u00e9dicamenteuses:<\/b> Aucune interaction m\u00e9dicamenteuse majeure connue avec la Mol\u00e8ne, mais consultez toujours un sp\u00e9cialiste si vous prenez des m\u00e9dicaments.<\/p><\/li><li><p><b>Allergie:<\/b> Certaines personnes peuvent \u00eatre allergiques \u00e0 la mol\u00e8ne, surtout si elles sont sensibles \u00e0 d\u2019autres plantes de la famille des Gentianac\u00e9es.<\/p><\/li><li><p><b>Bonne filtration du th\u00e9 :<\/b> Il est important de bien filtrer le th\u00e9 de mol\u00e8ne, comme mentionn\u00e9 pr\u00e9c\u00e9demment, pour \u00e9viter l\u2019irritation de la gorge due aux poils fins.<\/p><\/li><li><p><b>Grossesse et allaitement :<\/b> Il n\u2019existe pas suffisamment d\u2019\u00e9tudes sur la s\u00e9curit\u00e9 de l\u2019utilisation de la mol\u00e8ne \u00e0 des doses th\u00e9rapeutiques pendant la grossesse et l\u2019allaitement. Il est donc conseill\u00e9 de consulter un sp\u00e9cialiste.<\/p><\/li><li><p><b>Consultation avec un expert :<\/b> <b>Il est toujours essentiel de consulter un professionnel de sant\u00e9 avant de prendre de la mol\u00e8ne ou tout compl\u00e9ment \u00e0 base de plantes, surtout en cas de probl\u00e8me de sant\u00e9 ou de traitement m\u00e9dicamenteux.<\/b><\/p><\/li><\/ul>\n\t\t\t\t\t<\/div>\n\t\t\t\t\t\t<\/div>\n\t\t\t\t<\/div>\n\t\t\t\t<\/div>\n\t\t\t\t\t<\/div>\n\t\t\t\t<\/div>\n\t\t\t\t<\/div>","protected":false},"excerpt":{"rendered":"<p>Qu\u2019est-ce que la Mol\u00e8ne ? Poumon vert de la nature pour soulager les voies respiratoires ! Connue pour apaiser toux et congestion.<\/p>","protected":false},"featured_media":4057,"comment_status":"open","ping_status":"closed","template":"","meta":[],"product_brand":[],"product_cat":[65],"product_tag":[],"class_list":{"0":"post-2915","1":"product","2":"type-product","3":"status-publish","4":"has-post-thumbnail","6":"product_cat-65","7":"pa_-1-kg","8":"pa_-250-g","9":"pa_-500-g","11":"first","12":"instock","13":"shipping-taxable","14":"purchasable","15":"product-type-variable"},"jetpack_sharing_enabled":true,"_links":{"self":[{"href":"https:\/\/sfb.ma\/fr\/wp-json\/wp\/v2\/product\/2915","targetHints":{"allow":["GET"]}}],"collection":[{"href":"https:\/\/sfb.ma\/fr\/wp-json\/wp\/v2\/product"}],"about":[{"href":"https:\/\/sfb.ma\/fr\/wp-json\/wp\/v2\/types\/product"}],"replies":[{"embeddable":true,"href":"https:\/\/sfb.ma\/fr\/wp-json\/wp\/v2\/comments?post=2915"}],"version-history":[{"count":0,"href":"https:\/\/sfb.ma\/fr\/wp-json\/wp\/v2\/product\/2915\/revisions"}],"wp:featuredmedia":[{"embeddable":true,"href":"https:\/\/sfb.ma\/fr\/wp-json\/wp\/v2\/media\/4057"}],"wp:attachment":[{"href":"https:\/\/sfb.ma\/fr\/wp-json\/wp\/v2\/media?parent=2915"}],"wp:term":[{"taxonomy":"product_brand","embeddable":true,"href":"https:\/\/sfb.ma\/fr\/wp-json\/wp\/v2\/product_brand?post=2915"},{"taxonomy":"product_cat","embeddable":true,"href":"https:\/\/sfb.ma\/fr\/wp-json\/wp\/v2\/product_cat?post=2915"},{"taxonomy":"product_tag","embeddable":true,"href":"https:\/\/sfb.ma\/fr\/wp-json\/wp\/v2\/product_tag?post=2915"}],"curies":[{"name":"wp","href":"https:\/\/api.w.org\/{rel}","templated":true}]}}