{"id":2925,"date":"2025-07-15T14:37:09","date_gmt":"2025-07-15T14:37:09","guid":{"rendered":"https:\/\/sfb.ma\/?post_type=product&#038;p=2925"},"modified":"2026-04-06T18:36:24","modified_gmt":"2026-04-06T18:36:24","slug":"camomille","status":"publish","type":"product","link":"https:\/\/sfb.ma\/fr\/produit\/camomille\/","title":{"rendered":"Camomille"},"content":{"rendered":"<div data-elementor-type=\"product-post\" data-elementor-id=\"2925\" class=\"elementor elementor-2925\" data-elementor-post-type=\"product\">\n\t\t\t\t<div class=\"wd-negative-gap elementor-element elementor-element-7f7de72 e-flex e-con-boxed e-con e-parent\" data-id=\"7f7de72\" data-element_type=\"container\" data-e-type=\"container\">\n\t\t\t\t\t<div class=\"e-con-inner\">\n\t\t<div class=\"elementor-element elementor-element-83e2c3d e-con-full e-flex e-con e-child\" data-id=\"83e2c3d\" data-element_type=\"container\" data-e-type=\"container\">\n\t\t\t\t<div class=\"elementor-element elementor-element-5af655f elementor-widget elementor-widget-wd_text_block\" data-id=\"5af655f\" data-element_type=\"widget\" data-e-type=\"widget\" data-widget_type=\"wd_text_block.default\">\n\t\t\t\t<div class=\"elementor-widget-container\">\n\t\t\t\t\t\t\t<div class=\"wd-text-block reset-last-child text-center\">\n\t\t\t\n\t\t\t<h3>Qu'est-ce que la camomille ? Une petite fleur aux grands bienfaits apaisants et cicatrisants !<\/h3>\n\t\t\t\t\t<\/div>\n\t\t\t\t\t\t<\/div>\n\t\t\t\t<\/div>\n\t\t\t\t<div class=\"elementor-element elementor-element-badfd76 elementor-widget elementor-widget-wd_text_block\" data-id=\"badfd76\" data-element_type=\"widget\" data-e-type=\"widget\" data-widget_type=\"wd_text_block.default\">\n\t\t\t\t<div class=\"elementor-widget-container\">\n\t\t\t\t\t\t\t<div class=\"wd-text-block reset-last-child text-center\">\n\t\t\t\n\t\t\t<p>Vous cherchez une herbe douce au parfum aromatique unique, reconnue pour ses propri\u00e9t\u00e9s apaisantes du syst\u00e8me nerveux, aidant au sommeil, soulageant les troubles digestifs et apaisant la peau ? Alors il est temps de d\u00e9couvrir <b>Camomille (\u0627\u0644\u0628\u0627\u0628\u0648\u0646\u062c)<\/b>et son nom scientifique le plus courant <i>Matricaria chamomilla<\/i> (ou <i>Chamomilla recutita<\/i>), en plus de la vari\u00e9t\u00e9 romaine <i>Chamaemelum nobile<\/i>Cette petite fleur ressemblant \u00e0 une marguerite, avec des p\u00e9tales blancs et un centre jaune, appartient \u00e0 la famille des Asteraceae et est largement cultiv\u00e9e en Europe, en Asie et en Am\u00e9rique du Nord.<\/p><p>La camomille est v\u00e9n\u00e9r\u00e9e depuis des si\u00e8cles dans la m\u00e9decine traditionnelle comme une plante apaisante, anti-inflammatoire et antispasmodique. Le th\u00e9 \u00e0 la camomille est l\u2019une des infusions les plus populaires au monde, connu pour ses compos\u00e9s actifs tels que <b>Bisabolol<\/b>et<b>Apig\u00e9nine<\/b>et<b>Matricine<\/b>et<b>Compos\u00e9s flavono\u00efdes<\/b>Compos\u00e9s. On pense que ces compos\u00e9s sont responsables de la plupart de ses bienfaits th\u00e9rapeutiques. Mais que savez-vous vraiment de cette fleur d\u00e9licate qui promet calme, sommeil r\u00e9parateur et confort digestif ? D\u00e9couvrez avec nous le secret de la camomille, votre alli\u00e9e id\u00e9ale pour le confort et la gu\u00e9rison !<\/p>\n\t\t\t\t\t<\/div>\n\t\t\t\t\t\t<\/div>\n\t\t\t\t<\/div>\n\t\t\t\t<\/div>\n\t\t<div class=\"elementor-element elementor-element-28e9d19 e-con-full e-flex e-con e-child\" data-id=\"28e9d19\" data-element_type=\"container\" data-e-type=\"container\">\n\t\t\t\t<div class=\"elementor-element elementor-element-0a83fd0 elementor-widget elementor-widget-wd_text_block\" data-id=\"0a83fd0\" data-element_type=\"widget\" data-e-type=\"widget\" data-widget_type=\"wd_text_block.default\">\n\t\t\t\t<div class=\"elementor-widget-container\">\n\t\t\t\t\t\t\t<div class=\"wd-text-block reset-last-child text-center\">\n\t\t\t\n\t\t\t<h3>Les bienfaits de la camomille : pourquoi cette fleur m\u00e9rite une place dans votre routine quotidienne ?<\/h3>\n\t\t\t\t\t<\/div>\n\t\t\t\t\t\t<\/div>\n\t\t\t\t<\/div>\n\t\t\t\t<div class=\"elementor-element elementor-element-38c8ca3 elementor-widget elementor-widget-wd_text_block\" data-id=\"38c8ca3\" data-element_type=\"widget\" data-e-type=\"widget\" data-widget_type=\"wd_text_block.default\">\n\t\t\t\t<div class=\"elementor-widget-container\">\n\t\t\t\t\t\t\t<div class=\"wd-text-block reset-last-child text-center\">\n\t\t\t\n\t\t\t<p>La plupart des bienfaits sont attribu\u00e9s \u00e0 <b>Camomille<\/b> En raison de ses compos\u00e9s actifs aux propri\u00e9t\u00e9s apaisantes, anti-inflammatoires, antispasmodiques et antioxydantes. Ses principaux bienfaits incluent :<\/p><ul><li><p><b>Apaiser les nerfs et r\u00e9duire le stress et l\u2019anxi\u00e9t\u00e9:<\/b> C\u2019est le b\u00e9n\u00e9fice le plus c\u00e9l\u00e8bre de la camomille. Elle aide \u00e0 calmer le syst\u00e8me nerveux, r\u00e9duire le stress et l\u2019anxi\u00e9t\u00e9, et favoriser la relaxation, gr\u00e2ce \u00e0 l\u2019effet de l\u2019apig\u00e9nine sur certains r\u00e9cepteurs du cerveau.<\/p><\/li><li><p><b>Am\u00e9liorer la qualit\u00e9 du sommeil et traiter l\u2019insomnie:<\/b> La camomille est largement utilis\u00e9e comme un l\u00e9ger s\u00e9datif et aide au sommeil. Elle favorise la d\u00e9tente et un sommeil profond et r\u00e9parateur, ce qui la rend efficace pour les personnes souffrant d\u2019insomnie ou de difficult\u00e9s \u00e0 dormir.<\/p><\/li><li><p><b>Soutien \u00e0 la sant\u00e9 digestive\u00a0:<\/b> La camomille est un alli\u00e9 puissant pour le syst\u00e8me digestif. Elle agit comme un relaxant musculaire des muscles lisses du syst\u00e8me digestif, aidant \u00e0 :<\/p><ul><li><p>Soulage l'indigestion, les ballonnements et les gaz.<\/p><\/li><li><p>R\u00e9duit les crampes intestinales et les douleurs gastriques.<\/p><\/li><li><p>Soulager les sympt\u00f4mes du syndrome de l\u2019intestin irritable (SII).<\/p><\/li><li><p>Aide \u00e0 traiter les ulc\u00e8res d\u2019estomac et \u00e0 r\u00e9duire l\u2019inflammation des intestins.<\/p><\/li><\/ul><\/li><li><p><b>Propri\u00e9t\u00e9s anti-inflammatoires :<\/b> La camomille contient des compos\u00e9s aux fortes propri\u00e9t\u00e9s anti-inflammatoires, ce qui la rend utile pour r\u00e9duire l'inflammation dans le corps, que ce soit au niveau du syst\u00e8me digestif, de la peau ou des articulations.<\/p><\/li><li><p><b>Sant\u00e9 de la peau et apaisement des irritations:<\/b> La camomille est utilis\u00e9e localement pour ses propri\u00e9t\u00e9s apaisantes, anti-inflammatoires et antiseptiques. Elle peut aider \u00e0 :<\/p><ul><li><p>Soulage les irritations cutan\u00e9es, les rougeurs et les d\u00e9mangeaisons.<\/p><\/li><li><p>Traitement de l\u2019ecz\u00e9ma l\u00e9ger et des \u00e9ruptions cutan\u00e9es.<\/p><\/li><li><p>Apaise les coups de soleil et les piq\u00fbres d\u2019insectes.<\/p><\/li><li><p>Contribue \u00e0 r\u00e9duire l'apparition de l'acn\u00e9.<\/p><\/li><\/ul><\/li><li><p><b>Soulagement des douleurs menstruelles:<\/b> Gr\u00e2ce \u00e0 ses propri\u00e9t\u00e9s antispasmodiques et anti-inflammatoires, la tisane de camomille peut aider \u00e0 soulager les douleurs et les crampes menstruelles.<\/p><\/li><li><p><b>Soutien de la sant\u00e9 bucco-dentaire:<\/b> Il est utilis\u00e9 comme bain de bouche pour apaiser l'inflammation des gencives, r\u00e9duire le gonflement et combattre les bact\u00e9ries responsables de la mauvaise haleine.<\/p><\/li><li><p><b>Propri\u00e9t\u00e9s antioxydantes:<\/b> Il contient de puissants antioxydants qui prot\u00e8gent les cellules du corps des dommages caus\u00e9s par les radicaux libres, favorisant ainsi la sant\u00e9 g\u00e9n\u00e9rale.<\/p><\/li><\/ul>\n\t\t\t\t\t<\/div>\n\t\t\t\t\t\t<\/div>\n\t\t\t\t<\/div>\n\t\t\t\t<\/div>\n\t\t<div class=\"elementor-element elementor-element-4f79b9b e-con-full e-flex e-con e-child\" data-id=\"4f79b9b\" data-element_type=\"container\" data-e-type=\"container\">\n\t\t\t\t<div class=\"elementor-element elementor-element-ec02d49 elementor-widget elementor-widget-wd_text_block\" data-id=\"ec02d49\" data-element_type=\"widget\" data-e-type=\"widget\" data-widget_type=\"wd_text_block.default\">\n\t\t\t\t<div class=\"elementor-widget-container\">\n\t\t\t\t\t\t\t<div class=\"wd-text-block reset-last-child text-center\">\n\t\t\t\n\t\t\t<h3>Pourquoi les experts font-ils confiance \u00e0 la camomille ? Efficacit\u00e9 prouv\u00e9e et histoire riche !<\/h3>\n\t\t\t\t\t<\/div>\n\t\t\t\t\t\t<\/div>\n\t\t\t\t<\/div>\n\t\t\t\t<div class=\"elementor-element elementor-element-417fa9c elementor-widget elementor-widget-wd_text_block\" data-id=\"417fa9c\" data-element_type=\"widget\" data-e-type=\"widget\" data-widget_type=\"wd_text_block.default\">\n\t\t\t\t<div class=\"elementor-widget-container\">\n\t\t\t\t\t\t\t<div class=\"wd-text-block reset-last-child text-center\">\n\t\t\t\n\t\t\t<p>A acquis <b>Camomille<\/b> La camomille jouit d\u2019une renomm\u00e9e mondiale en tant que plante apaisante et s\u00fbre, grandement appr\u00e9ci\u00e9e par les m\u00e9decins, les experts en m\u00e9decine alternative et les aromath\u00e9rapeutes. De nombreux sp\u00e9cialistes la recommandent comme un choix naturel et efficace pour r\u00e9duire le stress, am\u00e9liorer le sommeil, soutenir la digestion et apaiser la peau. Les recherches cliniques montrent que ses compos\u00e9s actifs ont des effets clairs sur le syst\u00e8me nerveux, le syst\u00e8me digestif et la peau. La confiance envers la camomille provient de son usage s\u00fbr et efficace depuis des si\u00e8cles, ainsi que des preuves scientifiques croissantes qui confirment sa place parmi les plus grands tr\u00e9sors de la nature pour le bien-\u00eatre global. \u00cates-vous pr\u00eat \u00e0 d\u00e9couvrir la magie de la camomille dans votre quotidien et \u00e0 profiter de ses bienfaits apaisants et esth\u00e9tiques ?<\/p>\n\t\t\t\t\t<\/div>\n\t\t\t\t\t\t<\/div>\n\t\t\t\t<\/div>\n\t\t\t\t<\/div>\n\t\t\t\t\t<\/div>\n\t\t\t\t<\/div>\n\t\t\t\t<\/div>","protected":false},"excerpt":{"rendered":"<p>Qu\u2019est-ce que la Camomille ? Une petite fleur aux grands bienfaits apaisants et curatifs ! Une herbe douce et aromatique reconnue pour ses propri\u00e9t\u00e9s.<\/p>","protected":false},"featured_media":3807,"comment_status":"open","ping_status":"closed","template":"","meta":[],"product_brand":[],"product_cat":[65],"product_tag":[],"class_list":{"0":"post-2925","1":"product","2":"type-product","3":"status-publish","4":"has-post-thumbnail","6":"product_cat-65","7":"pa_-1-kg","8":"pa_-250-g","9":"pa_-500-g","11":"first","12":"instock","13":"shipping-taxable","14":"purchasable","15":"product-type-variable"},"jetpack_sharing_enabled":true,"_links":{"self":[{"href":"https:\/\/sfb.ma\/fr\/wp-json\/wp\/v2\/product\/2925","targetHints":{"allow":["GET"]}}],"collection":[{"href":"https:\/\/sfb.ma\/fr\/wp-json\/wp\/v2\/product"}],"about":[{"href":"https:\/\/sfb.ma\/fr\/wp-json\/wp\/v2\/types\/product"}],"replies":[{"embeddable":true,"href":"https:\/\/sfb.ma\/fr\/wp-json\/wp\/v2\/comments?post=2925"}],"version-history":[{"count":0,"href":"https:\/\/sfb.ma\/fr\/wp-json\/wp\/v2\/product\/2925\/revisions"}],"wp:featuredmedia":[{"embeddable":true,"href":"https:\/\/sfb.ma\/fr\/wp-json\/wp\/v2\/media\/3807"}],"wp:attachment":[{"href":"https:\/\/sfb.ma\/fr\/wp-json\/wp\/v2\/media?parent=2925"}],"wp:term":[{"taxonomy":"product_brand","embeddable":true,"href":"https:\/\/sfb.ma\/fr\/wp-json\/wp\/v2\/product_brand?post=2925"},{"taxonomy":"product_cat","embeddable":true,"href":"https:\/\/sfb.ma\/fr\/wp-json\/wp\/v2\/product_cat?post=2925"},{"taxonomy":"product_tag","embeddable":true,"href":"https:\/\/sfb.ma\/fr\/wp-json\/wp\/v2\/product_tag?post=2925"}],"curies":[{"name":"wp","href":"https:\/\/api.w.org\/{rel}","templated":true}]}}