{"id":2963,"date":"2025-07-15T16:05:50","date_gmt":"2025-07-15T16:05:50","guid":{"rendered":"https:\/\/sfb.ma\/?post_type=product&#038;p=2963"},"modified":"2025-11-19T16:27:56","modified_gmt":"2025-11-19T16:27:56","slug":"cardamome","status":"publish","type":"product","link":"https:\/\/sfb.ma\/fr\/produit\/cardamome\/","title":{"rendered":"Cardamome"},"content":{"rendered":"<div data-elementor-type=\"product-post\" data-elementor-id=\"2963\" class=\"elementor elementor-2963\" data-elementor-post-type=\"product\">\n\t\t\t\t<div class=\"wd-negative-gap elementor-element elementor-element-42c6268 e-flex e-con-boxed e-con e-parent\" data-id=\"42c6268\" data-element_type=\"container\" data-e-type=\"container\">\n\t\t\t\t\t<div class=\"e-con-inner\">\n\t\t<div class=\"elementor-element elementor-element-8d6664d e-con-full e-flex e-con e-child\" data-id=\"8d6664d\" data-element_type=\"container\" data-e-type=\"container\">\n\t\t\t\t<div class=\"elementor-element elementor-element-c3bb7d3 elementor-widget elementor-widget-wd_text_block\" data-id=\"c3bb7d3\" data-element_type=\"widget\" data-e-type=\"widget\" data-widget_type=\"wd_text_block.default\">\n\t\t\t\t<div class=\"elementor-widget-container\">\n\t\t\t\t\t\t\t<div class=\"wd-text-block reset-last-child text-center\">\n\t\t\t\n\t\t\t<h3>Qu\u2019est-ce que la cardamome ? Une \u00e9pice raffin\u00e9e aux bienfaits profonds !<\/h3>\n\t\t\t\t\t<\/div>\n\t\t\t\t\t\t<\/div>\n\t\t\t\t<\/div>\n\t\t\t\t<div class=\"elementor-element elementor-element-67a4051 elementor-widget elementor-widget-wd_text_block\" data-id=\"67a4051\" data-element_type=\"widget\" data-e-type=\"widget\" data-widget_type=\"wd_text_block.default\">\n\t\t\t\t<div class=\"elementor-widget-container\">\n\t\t\t\t\t\t\t<div class=\"wd-text-block reset-last-child text-center\">\n\t\t\t\n\t\t\t<p>Vous cherchez des \u00e9pices qui apportent une saveur unique \u00e0 vos plats et boissons tout en offrant des bienfaits pour la sant\u00e9, du soutien digestif aux propri\u00e9t\u00e9s anti-inflammatoires ? Il est temps de d\u00e9couvrir <b>Cardamome (\u0627\u0644\u0647\u064a\u0644)<\/b>\u00c9galement connue sous le nom de \u00ab Reine des \u00e9pices \u00bb, cette \u00e9pice aromatique appartient \u00e0 la famille du gingembre (Zingiberaceae). Ses petites graines noires, contenues dans des gousses vertes ou noires, sont utilis\u00e9es en cuisine et en m\u00e9decine traditionnelle.<\/p><p>La cardamome est l\u2019une des \u00e9pices les plus anciennes et les plus pr\u00e9cieuses au monde, originaire d\u2019Asie du Sud-Est, notamment de l\u2019Inde et du N\u00e9pal. Elle est utilis\u00e9e depuis des si\u00e8cles dans les cuisines indienne, moyen-orientale et nord-africaine, ainsi que dans la m\u00e9decine ayurv\u00e9dique et traditionnelle chinoise. La cardamome est reconnue pour contenir des compos\u00e9s bioactifs tels que <b>Cin\u00e9ole<\/b>et<b>Limon\u00e8ne<\/b>et<b>Born\u00e9ol<\/b>Avec des flavono\u00efdes et des antioxydants, que savez-vous vraiment de ces \u00e9pices de luxe qui promettent une meilleure digestion, une haleine fra\u00eeche et la sant\u00e9 du c\u0153ur ? D\u00e9couvrez le secret de la cardamome, l\u2019\u00e9pice aromatique gu\u00e9risseuse !<\/p>\n\t\t\t\t\t<\/div>\n\t\t\t\t\t\t<\/div>\n\t\t\t\t<\/div>\n\t\t\t\t<\/div>\n\t\t<div class=\"elementor-element elementor-element-3649b54 e-con-full e-flex e-con e-child\" data-id=\"3649b54\" data-element_type=\"container\" data-e-type=\"container\">\n\t\t\t\t<div class=\"elementor-element elementor-element-644387a elementor-widget elementor-widget-wd_text_block\" data-id=\"644387a\" data-element_type=\"widget\" data-e-type=\"widget\" data-widget_type=\"wd_text_block.default\">\n\t\t\t\t<div class=\"elementor-widget-container\">\n\t\t\t\t\t\t\t<div class=\"wd-text-block reset-last-child text-center\">\n\t\t\t\n\t\t\t<h3>Bienfaits de la Cardamome : Pourquoi le Roi des \u00c9pices m\u00e9rite sa place dans votre cuisine et pharmacie naturelle<\/h3>\n\t\t\t\t\t<\/div>\n\t\t\t\t\t\t<\/div>\n\t\t\t\t<\/div>\n\t\t\t\t<div class=\"elementor-element elementor-element-5291b80 elementor-widget elementor-widget-wd_text_block\" data-id=\"5291b80\" data-element_type=\"widget\" data-e-type=\"widget\" data-widget_type=\"wd_text_block.default\">\n\t\t\t\t<div class=\"elementor-widget-container\">\n\t\t\t\t\t\t\t<div class=\"wd-text-block reset-last-child text-center\">\n\t\t\t\n\t\t\t<p>La plupart des bienfaits sont attribu\u00e9s \u00e0 <b>Cardamome<\/b> Il contient des huiles essentielles et des compos\u00e9s actifs aux propri\u00e9t\u00e9s antioxydantes, anti-inflammatoires, antiseptiques et apaisantes pour la digestion. Ses principaux bienfaits incluent :<\/p><ul><li><p><b>Soutient la sant\u00e9 digestive (le principal avantage) :<\/b> La cardamome est une herbe traditionnelle r\u00e9put\u00e9e pour am\u00e9liorer la digestion. Elle apaise le syst\u00e8me digestif et aide \u00e0 :<\/p><ul><li><p><b>Soulage l\u2019indigestion, les ballonnements et les gaz :<\/b> R\u00e9duit les crampes intestinales et aide \u00e0 expulser les gaz.<\/p><\/li><li><p><b>Traitement contre les naus\u00e9es et vomissements:<\/b> Utilis\u00e9 traditionnellement pour soulager les naus\u00e9es, y compris les naus\u00e9es matinales et le mal des transports.<\/p><\/li><li><p><b>Stimulation de l\u2019app\u00e9tit<\/b> Il peut contribuer \u00e0 ouvrir l\u2019app\u00e9tit et \u00e0 am\u00e9liorer la s\u00e9cr\u00e9tion des enzymes digestives.<\/p><\/li><li><p><b>Protection de la muqueuse gastrique:<\/b> Certaines \u00e9tudes sugg\u00e8rent qu\u2019il pourrait prot\u00e9ger la muqueuse gastrique des ulc\u00e8res.<\/p><\/li><\/ul><\/li><li><p><b>Rafra\u00eechir l\u2019haleine et lutter contre la mauvaise odeur buccale.<\/b> La cardamome est un rem\u00e8de naturel contre la mauvaise haleine. Ses propri\u00e9t\u00e9s antibact\u00e9riennes et ses huiles essentielles tuent les bact\u00e9ries responsables des odeurs et laissent une haleine fra\u00eeche.<\/p><\/li><li><p><b>Propri\u00e9t\u00e9s puissantes antioxydantes et anti-inflammatoires :<\/b> La cardamome est riche en antioxydants qui combattent les radicaux libres nocifs et r\u00e9duisent le stress oxydatif. Elle poss\u00e8de \u00e9galement de fortes propri\u00e9t\u00e9s anti-inflammatoires qui aident \u00e0 diminuer l\u2019inflammation chronique, soutenant la sant\u00e9 globale et r\u00e9duisant le risque de maladies chroniques.<\/p><\/li><li><p><b>Soutient la sant\u00e9 respiratoire :<\/b> La cardamome est traditionnellement utilis\u00e9e pour soulager les probl\u00e8mes respiratoires, consid\u00e9r\u00e9e comme expectorante et bronchodilatatrice, aidant \u00e0 :<\/p><ul><li><p>Soulage la toux et les sympt\u00f4mes du rhume.<\/p><\/li><li><p>Dilate les voies respiratoires et am\u00e9liore la respiration en cas d\u2019asthme ou de bronchite.<\/p><\/li><\/ul><\/li><li><p><b>R\u00e9duction de la tension art\u00e9rielle:<\/b> Certaines \u00e9tudes indiquent que la cardamome pourrait aider \u00e0 r\u00e9duire la pression art\u00e9rielle chez les personnes hypertendues gr\u00e2ce \u00e0 ses propri\u00e9t\u00e9s diur\u00e9tiques et ses compos\u00e9s antioxydants.<\/p><\/li><li><p><b>Antimicrobien :<\/b> Des \u00e9tudes montrent que la cardamome poss\u00e8de des propri\u00e9t\u00e9s antibact\u00e9riennes et antifongiques, aidant \u00e0 lutter contre les infections.<\/p><\/li><li><p><b>Soutient la sant\u00e9 du foie:<\/b> Le cardamome peut contribuer \u00e0 prot\u00e9ger le foie des l\u00e9sions et \u00e0 am\u00e9liorer ses fonctions, soutenant ainsi la sant\u00e9 h\u00e9patique globale.<\/p><\/li><\/ul>\n\t\t\t\t\t<\/div>\n\t\t\t\t\t\t<\/div>\n\t\t\t\t<\/div>\n\t\t\t\t<\/div>\n\t\t<div class=\"elementor-element elementor-element-5d58349 e-con-full e-flex e-con e-child\" data-id=\"5d58349\" data-element_type=\"container\" data-e-type=\"container\">\n\t\t\t\t<div class=\"elementor-element elementor-element-0b1d1f8 elementor-widget elementor-widget-wd_text_block\" data-id=\"0b1d1f8\" data-element_type=\"widget\" data-e-type=\"widget\" data-widget_type=\"wd_text_block.default\">\n\t\t\t\t<div class=\"elementor-widget-container\">\n\t\t\t\t\t\t\t<div class=\"wd-text-block reset-last-child text-center\">\n\t\t\t\n\t\t\t<h3>Pourquoi les experts font-ils confiance \u00e0 la cardamome ? Un riche h\u00e9ritage soutenu par la recherche scientifique !<\/h3>\n\t\t\t\t\t<\/div>\n\t\t\t\t\t\t<\/div>\n\t\t\t\t<\/div>\n\t\t\t\t<div class=\"elementor-element elementor-element-12a77a8 elementor-widget elementor-widget-wd_text_block\" data-id=\"12a77a8\" data-element_type=\"widget\" data-e-type=\"widget\" data-widget_type=\"wd_text_block.default\">\n\t\t\t\t<div class=\"elementor-widget-container\">\n\t\t\t\t\t\t\t<div class=\"wd-text-block reset-last-child text-center\">\n\t\t\t\n\t\t\t<p>A acquis <b>Cardamome<\/b> \u0645\u0643\u0627\u0646\u0629 \u0645\u0631\u0645\u0648\u0642\u0629 \u0643\u0648\u0627\u062d\u062f\u0629 \u0645\u0646 \u0623\u0647\u0645 \u0627\u0644\u062a\u0648\u0627\u0628\u0644 \u0627\u0644\u0635\u062d\u064a\u0629 \u0641\u064a \u0627\u0644\u0639\u0627\u0644\u0645\u060c \u0648\u0647\u0648 \u064a\u062d\u0638\u0649 \u0628\u062a\u0642\u062f\u064a\u0631 \u0643\u0628\u064a\u0631 \u0645\u0646 \u0642\u0628\u0644 \u062e\u0628\u0631\u0627\u0621 \u0627\u0644\u062a\u063a\u0630\u064a\u0629\u060c \u0645\u0645\u0627\u0631\u0633\u064a \u0627\u0644\u0637\u0628 \u0627\u0644\u0628\u062f\u064a\u0644\u060c \u0648\u0627\u0644\u0628\u0627\u062d\u062b\u064a\u0646. \u064a\u0648\u0635\u064a \u0628\u0647 \u0627\u0644\u0639\u062f\u064a\u062f \u0645\u0646 \u0627\u0644\u0645\u062a\u062e\u0635\u0635\u064a\u0646 \u0643\u0625\u0636\u0627\u0641\u0629 \u0642\u064a\u0645\u0629 \u0644\u062f\u0639\u0645 \u0635\u062d\u0629 \u0627\u0644\u062c\u0647\u0627\u0632 \u0627\u0644\u0647\u0636\u0645\u064a\u060c \u062a\u0639\u0632\u064a\u0632 \u0635\u062d\u0629 \u0627\u0644\u0642\u0644\u0628\u060c \u0648\u0645\u0643\u0627\u0641\u062d\u0629 \u0627\u0644\u0627\u0644\u062a\u0647\u0627\u0628\u0627\u062a. \u062a\u064f\u0638\u0647\u0631 \u0627\u0644\u0623\u0628\u062d\u0627\u062b \u0627\u0644\u0639\u0644\u0645\u064a\u0629 \u0641\u0639\u0627\u0644\u064a\u0629 \u0645\u0631\u0643\u0628\u0627\u062a\u0647 \u0627\u0644\u0646\u0634\u0637\u0629 \u0641\u064a \u0627\u0644\u062a\u0623\u062b\u064a\u0631 \u0639\u0644\u0649 \u0648\u0638\u0627\u0626\u0641 \u0627\u0644\u062c\u0633\u0645 \u0627\u0644\u0645\u062e\u062a\u0644\u0641\u0629. \u0625\u0646 \u0627\u0644\u062b\u0642\u0629 \u0628\u0627\u0644\u0647\u064a\u0644 \u062a\u0646\u0628\u0639 \u0645\u0646 \u062a\u0627\u0631\u064a\u062e\u0647 \u0627\u0644\u0637\u0648\u064a\u0644 \u0641\u064a \u0627\u0644\u0627\u0633\u062a\u062e\u062f\u0627\u0645 \u0627\u0644\u0622\u0645\u0646 \u0648\u0627\u0644\u0641\u0639\u0627\u0644 \u0644\u0642\u0631\u0648\u0646\u060c \u0628\u0627\u0644\u0625\u0636\u0627\u0641\u0629 \u0625\u0644\u0649 \u0627\u0644\u0623\u062f\u0644\u0629 \u0627\u0644\u0639\u0644\u0645\u064a\u0629 \u0627\u0644\u0645\u062a\u0632\u0627\u064a\u062f\u0629 \u0627\u0644\u062a\u064a \u062a\u0624\u0643\u062f \u0645\u0643\u0627\u0646\u062a\u0647 \u0643\u0648\u0627\u062d\u062f \u0645\u0646 \u0623\u0628\u0631\u0632 \u0643\u0646\u0648\u0632 \u0627\u0644\u0637\u0628\u064a\u0639\u0629 \u0644\u0644\u0635\u062d\u0629 \u0627\u0644\u0634\u0627\u0645\u0644\u0629. \u0647\u0644 \u0623\u0646\u062a \u0645\u0633\u062a\u0639\u062f \u0644\u0625\u0636\u0627\u0641\u0629 \u0647\u0630\u0627 \u0627\u0644\u0645\u0644\u0643 \u0627\u0644\u0639\u0637\u0631\u064a \u0625\u0644\u0649 \u0646\u0638\u0627\u0645\u0643 \u0627\u0644\u063a\u0630\u0627\u0626\u064a \u0648\u0627\u0644\u0627\u0633\u062a\u0645\u062a\u0627\u0639 \u0628\u0641\u0648\u0627\u0626\u062f\u0647 \u0627\u0644\u0645\u0630\u0647\u0644\u0629\u061f<\/p><p>\u00a0<\/p>\n\t\t\t\t\t<\/div>\n\t\t\t\t\t\t<\/div>\n\t\t\t\t<\/div>\n\t\t\t\t<\/div>\n\t\t\t\t\t<\/div>\n\t\t\t\t<\/div>\n\t\t\t\t<\/div>","protected":false},"excerpt":{"rendered":"<p>Qu'est-ce que la Cardamome ? Une \u00e9pice raffin\u00e9e aux bienfaits pour la sant\u00e9 ! Vous cherchez une \u00e9pice qui apporte une saveur unique et distinctive \u00e0 vos plats et boissons ?<\/p>","protected":false},"featured_media":2159,"comment_status":"open","ping_status":"closed","template":"","meta":[],"product_brand":[],"product_cat":[65],"product_tag":[],"class_list":{"0":"post-2963","1":"product","2":"type-product","3":"status-publish","4":"has-post-thumbnail","6":"product_cat-65","7":"pa_-1-kg","8":"pa_-250-g","9":"pa_-500-g","11":"first","12":"outofstock","13":"shipping-taxable","14":"purchasable","15":"product-type-variable"},"jetpack_sharing_enabled":true,"_links":{"self":[{"href":"https:\/\/sfb.ma\/fr\/wp-json\/wp\/v2\/product\/2963","targetHints":{"allow":["GET"]}}],"collection":[{"href":"https:\/\/sfb.ma\/fr\/wp-json\/wp\/v2\/product"}],"about":[{"href":"https:\/\/sfb.ma\/fr\/wp-json\/wp\/v2\/types\/product"}],"replies":[{"embeddable":true,"href":"https:\/\/sfb.ma\/fr\/wp-json\/wp\/v2\/comments?post=2963"}],"version-history":[{"count":0,"href":"https:\/\/sfb.ma\/fr\/wp-json\/wp\/v2\/product\/2963\/revisions"}],"wp:featuredmedia":[{"embeddable":true,"href":"https:\/\/sfb.ma\/fr\/wp-json\/wp\/v2\/media\/2159"}],"wp:attachment":[{"href":"https:\/\/sfb.ma\/fr\/wp-json\/wp\/v2\/media?parent=2963"}],"wp:term":[{"taxonomy":"product_brand","embeddable":true,"href":"https:\/\/sfb.ma\/fr\/wp-json\/wp\/v2\/product_brand?post=2963"},{"taxonomy":"product_cat","embeddable":true,"href":"https:\/\/sfb.ma\/fr\/wp-json\/wp\/v2\/product_cat?post=2963"},{"taxonomy":"product_tag","embeddable":true,"href":"https:\/\/sfb.ma\/fr\/wp-json\/wp\/v2\/product_tag?post=2963"}],"curies":[{"name":"wp","href":"https:\/\/api.w.org\/{rel}","templated":true}]}}