{"id":2998,"date":"2025-07-15T17:26:11","date_gmt":"2025-07-15T17:26:11","guid":{"rendered":"https:\/\/sfb.ma\/?post_type=product&#038;p=2998"},"modified":"2026-04-06T18:34:02","modified_gmt":"2026-04-06T18:34:02","slug":"costus-marin","status":"publish","type":"product","link":"https:\/\/sfb.ma\/fr\/produit\/costus-marin\/","title":{"rendered":"Costus Marin"},"content":{"rendered":"<div data-elementor-type=\"product-post\" data-elementor-id=\"2998\" class=\"elementor elementor-2998\" data-elementor-post-type=\"product\">\n\t\t\t\t<div class=\"wd-negative-gap elementor-element elementor-element-2d76e4f e-flex e-con-boxed e-con e-parent\" data-id=\"2d76e4f\" data-element_type=\"container\" data-e-type=\"container\">\n\t\t\t\t\t<div class=\"e-con-inner\">\n\t\t<div class=\"elementor-element elementor-element-9dccc24 e-con-full e-flex e-con e-child\" data-id=\"9dccc24\" data-element_type=\"container\" data-e-type=\"container\">\n\t\t<div class=\"elementor-element elementor-element-f8ad7de e-con-full e-flex e-con e-child\" data-id=\"f8ad7de\" data-element_type=\"container\" data-e-type=\"container\">\n\t\t<div class=\"elementor-element elementor-element-232c6a8 e-con-full e-flex e-con e-child\" data-id=\"232c6a8\" data-element_type=\"container\" data-e-type=\"container\">\n\t\t\t\t<div class=\"elementor-element elementor-element-671eb37 elementor-widget elementor-widget-wd_text_block\" data-id=\"671eb37\" data-element_type=\"widget\" data-e-type=\"widget\" data-widget_type=\"wd_text_block.default\">\n\t\t\t\t<div class=\"elementor-widget-container\">\n\t\t\t\t\t\t\t<div class=\"wd-text-block reset-last-child text-center\">\n\t\t\t\n\t\t\t<h3>Qu\u2019est-ce que le Costus marin ? La fleur de gingembre spiral\u00e9e au riche h\u00e9ritage !<\/h3>\n\t\t\t\t\t<\/div>\n\t\t\t\t\t\t<\/div>\n\t\t\t\t<\/div>\n\t\t\t\t<div class=\"elementor-element elementor-element-10a7fea elementor-widget elementor-widget-wd_text_block\" data-id=\"10a7fea\" data-element_type=\"widget\" data-e-type=\"widget\" data-widget_type=\"wd_text_block.default\">\n\t\t\t\t<div class=\"elementor-widget-container\">\n\t\t\t\t\t\t\t<div class=\"wd-text-block reset-last-child text-center\">\n\t\t\t\n\t\t\t<p>Vous cherchez une belle plante tropicale \u00e9galement reconnue pour ses bienfaits traditionnels sur la sant\u00e9, notamment en m\u00e9decine populaire asiatique ? Alors, il est temps de d\u00e9couvrir <b>Costus marin (Cheilocostus speciosus)<\/b>, largement connu sous le nom de <b>Gingembre cr\u00e9p\u00e9<\/b> ou <b>Gingembre spiral\u00e9<\/b>Cette plante \u00e9tonnante, caract\u00e9ris\u00e9e par sa tige spirale unique, ses magnifiques fleurs blanches et parfois ses racines ressemblant au gingembre, appartient \u00e0 la famille des Costac\u00e9es et est originaire d\u2019Asie du Sud-Est.<\/p><p>Le Costus marin est utilis\u00e9 depuis des si\u00e8cles en m\u00e9decine traditionnelle en Inde, en Chine et en Malaisie pour traiter diverses affections, de la fi\u00e8vre et des infections aux troubles urinaires. Les racines (rhizomes) de cette plante contiennent des compos\u00e9s bioactifs tels que <b>Diosg\u00e9nine<\/b>, <b>B\u00eata-sitost\u00e9rol<\/b>et<b>Terp\u00e8nes<\/b>On pense qu\u2019il est responsable de ses propri\u00e9t\u00e9s m\u00e9dicinales. Que savez-vous vraiment de cette belle plante qui allie le charme des for\u00eats tropicales \u00e0 la promesse d\u2019une gu\u00e9rison naturelle ? D\u00e9couvrez avec nous le secret du Costus marin, la beaut\u00e9 verte aux bienfaits profonds !<\/p>\n\t\t\t\t\t<\/div>\n\t\t\t\t\t\t<\/div>\n\t\t\t\t<\/div>\n\t\t\t\t<\/div>\n\t\t<div class=\"elementor-element elementor-element-c936477 e-con-full e-flex e-con e-child\" data-id=\"c936477\" data-element_type=\"container\" data-e-type=\"container\">\n\t\t\t\t<div class=\"elementor-element elementor-element-ffb2e24 elementor-widget elementor-widget-wd_text_block\" data-id=\"ffb2e24\" data-element_type=\"widget\" data-e-type=\"widget\" data-widget_type=\"wd_text_block.default\">\n\t\t\t\t<div class=\"elementor-widget-container\">\n\t\t\t\t\t\t\t<div class=\"wd-text-block reset-last-child text-center\">\n\t\t\t\n\t\t\t<h3>Bienfaits du Costus marin : Pourquoi cette plante est bien plus qu\u2019une simple d\u00e9coration<\/h3>\n\t\t\t\t\t<\/div>\n\t\t\t\t\t\t<\/div>\n\t\t\t\t<\/div>\n\t\t\t\t<div class=\"elementor-element elementor-element-a2e1772 elementor-widget elementor-widget-wd_text_block\" data-id=\"a2e1772\" data-element_type=\"widget\" data-e-type=\"widget\" data-widget_type=\"wd_text_block.default\">\n\t\t\t\t<div class=\"elementor-widget-container\">\n\t\t\t\t\t\t\t<div class=\"wd-text-block reset-last-child text-center\">\n\t\t\t\n\t\t\t<p>La plupart des bienfaits sont attribu\u00e9s \u00e0 <b>Costus Marin<\/b> Ses compos\u00e9s actifs lui conf\u00e8rent des propri\u00e9t\u00e9s anti-inflammatoires, antioxydantes, antimicrobiennes et diur\u00e9tiques. Les principaux bienfaits traditionnels et soutenus par des recherches pr\u00e9liminaires incluent :<\/p><ul><li><p><b>Anti-inflammatoire<\/b> Le costus marin est reconnu pour ses puissantes propri\u00e9t\u00e9s anti-inflammatoires, gr\u00e2ce \u00e0 des compos\u00e9s comme la diosg\u00e9nine. Il aide \u00e0 r\u00e9duire l\u2019inflammation, utile contre l\u2019arthrite et les douleurs g\u00e9n\u00e9rales.<\/p><\/li><li><p><b>R\u00e9ducteur de fi\u00e8vre (antipyr\u00e9tique):<\/b> Utilis\u00e9 traditionnellement pour faire baisser la temp\u00e9rature corporelle en cas de fi\u00e8vre, on pense que son effet provient de sa capacit\u00e9 \u00e0 r\u00e9duire l\u2019inflammation et moduler les r\u00e9ponses immunitaires.<\/p><\/li><li><p><b>Diur\u00e9tique:<\/b> Le costus marin est r\u00e9put\u00e9 pour ses propri\u00e9t\u00e9s diur\u00e9tiques, aidant \u00e0 augmenter la production d\u2019urine et \u00e0 \u00e9liminer l\u2019exc\u00e8s de liquides et les toxines. Il soutient la sant\u00e9 urinaire et r\u00e9nale.<\/p><\/li><li><p><b>Antimicrobien :<\/b> Certaines \u00e9tudes sugg\u00e8rent que les extraits de Costus marin poss\u00e8dent des propri\u00e9t\u00e9s antibact\u00e9riennes et antifongiques, aidant \u00e0 lutter contre les infections.<\/p><\/li><li><p><b>Antioxydant<\/b> Il contient des compos\u00e9s antioxydants qui combattent les radicaux libres nocifs, prot\u00e9geant les cellules des dommages et r\u00e9duisant le stress oxydatif.<\/p><\/li><li><p><b>Soutien \u00e0 la sant\u00e9 digestive\u00a0:<\/b> Dans certaines pratiques traditionnelles, le Costus marin est utilis\u00e9 pour soulager des probl\u00e8mes digestifs tels que l\u2019indigestion et la diarrh\u00e9e.<\/p><\/li><li><p><b>Soulage les douleurs articulaires et le rhumatisme:<\/b> Il est utilis\u00e9 localement ou en interne en m\u00e9decine traditionnelle pour soulager la douleur et le gonflement li\u00e9s \u00e0 l\u2019arthrite et aux maladies rhumatismales.<\/p><\/li><\/ul>\n\t\t\t\t\t<\/div>\n\t\t\t\t\t\t<\/div>\n\t\t\t\t<\/div>\n\t\t\t\t<\/div>\n\t\t<div class=\"elementor-element elementor-element-635bd27 e-con-full e-flex e-con e-child\" data-id=\"635bd27\" data-element_type=\"container\" data-e-type=\"container\">\n\t\t\t\t<div class=\"elementor-element elementor-element-7dcfbb7 elementor-widget elementor-widget-wd_text_block\" data-id=\"7dcfbb7\" data-element_type=\"widget\" data-e-type=\"widget\" data-widget_type=\"wd_text_block.default\">\n\t\t\t\t<div class=\"elementor-widget-container\">\n\t\t\t\t\t\t\t<div class=\"wd-text-block reset-last-child text-center\">\n\t\t\t\n\t\t\t<h3>Pourquoi les experts font-ils confiance au Costus marin ? Un h\u00e9ritage traditionnel et des recherches prometteuses !<\/h3>\n\t\t\t\t\t<\/div>\n\t\t\t\t\t\t<\/div>\n\t\t\t\t<\/div>\n\t\t\t\t<div class=\"elementor-element elementor-element-0ea4122 elementor-widget elementor-widget-wd_text_block\" data-id=\"0ea4122\" data-element_type=\"widget\" data-e-type=\"widget\" data-widget_type=\"wd_text_block.default\">\n\t\t\t\t<div class=\"elementor-widget-container\">\n\t\t\t\t\t\t\t<div class=\"wd-text-block reset-last-child text-center\">\n\t\t\t\n\t\t\t<p>A acquis <b>Costus Marin<\/b> Le costus marin occupe une place prestigieuse dans la m\u00e9decine traditionnelle depuis des si\u00e8cles, notamment en Asie du Sud-Est. Il est recommand\u00e9 par de nombreux praticiens de m\u00e9decines alternatives et compl\u00e9mentaires comme option naturelle pour soutenir les r\u00e9ponses inflammatoires, r\u00e9duire la fi\u00e8vre et favoriser la sant\u00e9 des voies urinaires. Les recherches scientifiques pr\u00e9liminaires d\u00e9montrent l\u2019efficacit\u00e9 de certains de ses compos\u00e9s actifs contre l\u2019inflammation et les microbes, appuyant ses usages traditionnels. La confiance envers le costus marin repose sur son histoire longue d\u2019utilisation ainsi que sur les \u00e9tudes en cours qui mettent en lumi\u00e8re ses m\u00e9canismes et bienfaits potentiels.<\/p>\n\t\t\t\t\t<\/div>\n\t\t\t\t\t\t<\/div>\n\t\t\t\t<\/div>\n\t\t\t\t<\/div>\n\t\t\t\t<\/div>\n\t\t\t\t<\/div>\n\t\t\t\t\t<\/div>\n\t\t\t\t<\/div>\n\t\t\t\t<\/div>","protected":false},"excerpt":{"rendered":"<p>Qu\u2019est-ce que le Costus marin ? La fleur de gingembre spirale au riche pass\u00e9 ! Vous cherchez une plante tropicale reconnue pour ses bienfaits traditionnels ?<\/p>","protected":false},"featured_media":2159,"comment_status":"open","ping_status":"closed","template":"","meta":[],"product_brand":[],"product_cat":[65],"product_tag":[],"class_list":{"0":"post-2998","1":"product","2":"type-product","3":"status-publish","4":"has-post-thumbnail","6":"product_cat-65","7":"pa_-1-kg","8":"pa_-250-g","9":"pa_-500-g","11":"first","12":"instock","13":"shipping-taxable","14":"purchasable","15":"product-type-variable"},"jetpack_sharing_enabled":true,"_links":{"self":[{"href":"https:\/\/sfb.ma\/fr\/wp-json\/wp\/v2\/product\/2998","targetHints":{"allow":["GET"]}}],"collection":[{"href":"https:\/\/sfb.ma\/fr\/wp-json\/wp\/v2\/product"}],"about":[{"href":"https:\/\/sfb.ma\/fr\/wp-json\/wp\/v2\/types\/product"}],"replies":[{"embeddable":true,"href":"https:\/\/sfb.ma\/fr\/wp-json\/wp\/v2\/comments?post=2998"}],"version-history":[{"count":0,"href":"https:\/\/sfb.ma\/fr\/wp-json\/wp\/v2\/product\/2998\/revisions"}],"wp:featuredmedia":[{"embeddable":true,"href":"https:\/\/sfb.ma\/fr\/wp-json\/wp\/v2\/media\/2159"}],"wp:attachment":[{"href":"https:\/\/sfb.ma\/fr\/wp-json\/wp\/v2\/media?parent=2998"}],"wp:term":[{"taxonomy":"product_brand","embeddable":true,"href":"https:\/\/sfb.ma\/fr\/wp-json\/wp\/v2\/product_brand?post=2998"},{"taxonomy":"product_cat","embeddable":true,"href":"https:\/\/sfb.ma\/fr\/wp-json\/wp\/v2\/product_cat?post=2998"},{"taxonomy":"product_tag","embeddable":true,"href":"https:\/\/sfb.ma\/fr\/wp-json\/wp\/v2\/product_tag?post=2998"}],"curies":[{"name":"wp","href":"https:\/\/api.w.org\/{rel}","templated":true}]}}