{"id":3012,"date":"2025-07-15T18:19:27","date_gmt":"2025-07-15T18:19:27","guid":{"rendered":"https:\/\/sfb.ma\/?post_type=product&#038;p=3012"},"modified":"2025-09-19T19:03:04","modified_gmt":"2025-09-19T19:03:04","slug":"sidr","status":"publish","type":"product","link":"https:\/\/sfb.ma\/fr\/produit\/sidr\/","title":{"rendered":"Sidr"},"content":{"rendered":"<div data-elementor-type=\"product-post\" data-elementor-id=\"3012\" class=\"elementor elementor-3012\" data-elementor-post-type=\"product\">\n\t\t\t\t<div class=\"wd-negative-gap elementor-element elementor-element-33bf665 e-flex e-con-boxed e-con e-parent\" data-id=\"33bf665\" data-element_type=\"container\" data-e-type=\"container\">\n\t\t\t\t\t<div class=\"e-con-inner\">\n\t\t<div class=\"elementor-element elementor-element-3501c45 e-con-full e-flex e-con e-child\" data-id=\"3501c45\" data-element_type=\"container\" data-e-type=\"container\">\n\t\t<div class=\"elementor-element elementor-element-ac0bad6 e-con-full e-flex e-con e-child\" data-id=\"ac0bad6\" data-element_type=\"container\" data-e-type=\"container\">\n\t\t<div class=\"elementor-element elementor-element-9d72fc0 e-con-full e-flex e-con e-child\" data-id=\"9d72fc0\" data-element_type=\"container\" data-e-type=\"container\">\n\t\t\t\t<div class=\"elementor-element elementor-element-fe075b9 elementor-widget elementor-widget-wd_text_block\" data-id=\"fe075b9\" data-element_type=\"widget\" data-e-type=\"widget\" data-widget_type=\"wd_text_block.default\">\n\t\t\t\t<div class=\"elementor-widget-container\">\n\t\t\t\t\t\t\t<div class=\"wd-text-block reset-last-child text-center\">\n\t\t\t\n\t\t\t<h3>Qu\u2019est-ce que le Sidr ? Un arbre rempli de tr\u00e9sors naturels pour le soin et la gu\u00e9rison !<\/h3>\n\t\t\t\t\t<\/div>\n\t\t\t\t\t\t<\/div>\n\t\t\t\t<\/div>\n\t\t\t\t<div class=\"elementor-element elementor-element-47f7324 elementor-widget elementor-widget-wd_text_block\" data-id=\"47f7324\" data-element_type=\"widget\" data-e-type=\"widget\" data-widget_type=\"wd_text_block.default\">\n\t\t\t\t<div class=\"elementor-widget-container\">\n\t\t\t\t\t\t\t<div class=\"wd-text-block reset-last-child text-center\">\n\t\t\t\n\t\t\t<p>Cherchez-vous une plante \u00e0 la valeur religieuse et historique profonde, reconnue pour ses propri\u00e9t\u00e9s purifiantes et nettoyantes, utilis\u00e9e pour les soins des cheveux et de la peau, ainsi que dans la m\u00e9decine traditionnelle ? Il est temps de d\u00e9couvrir <b>Sidr (\u0627\u0644\u0633\u062f\u0631)<\/b>, qui est le nom courant de l\u2019arbre <b>jujubier<\/b>Nom scientifique <i>Ziziphus spina-christi<\/i> (ou <i>Ziziphus jujuba<\/i> Dans certains contextes). Cet arbre \u00e9pineux \u00e0 feuilles caduques, portant de petits fruits sucr\u00e9s (jujube), est reconnu pour sa robustesse et sa capacit\u00e9 \u00e0 pousser dans des conditions difficiles, et il est largement r\u00e9pandu au Moyen-Orient, en Afrique du Nord et en Asie.<\/p><p>L\u2019arbre de sidr est v\u00e9n\u00e9r\u00e9 depuis longtemps dans les religions abrahamiques, en particulier dans l\u2019islam, o\u00f9 il est mentionn\u00e9 dans le Coran et les hadiths. Ses feuilles, ses fruits et son \u00e9corce sont utilis\u00e9s depuis des si\u00e8cles en m\u00e9decine traditionnelle et dans les rem\u00e8des populaires. Les feuilles de sidr sont connues pour contenir des compos\u00e9s actifs tels que... <b>Saponines<\/b>et<b>flavonoides<\/b>et<b>mucilage<\/b>et<b>Une vari\u00e9t\u00e9 de vitamines et de min\u00e9raux<\/b>Que savez-vous vraiment de cet arbre b\u00e9ni qui renferme dans ses feuilles la promesse de cheveux sains, d\u2019une peau \u00e9clatante et de propri\u00e9t\u00e9s m\u00e9dicinales pr\u00e9cieuses ? D\u00e9couvrez avec nous le secret du Sidr, tr\u00e9sor de la nature pour le soin et la gu\u00e9rison !<\/p>\n\t\t\t\t\t<\/div>\n\t\t\t\t\t\t<\/div>\n\t\t\t\t<\/div>\n\t\t\t\t<\/div>\n\t\t<div class=\"elementor-element elementor-element-dc6a6ac e-con-full e-flex e-con e-child\" data-id=\"dc6a6ac\" data-element_type=\"container\" data-e-type=\"container\">\n\t\t\t\t<div class=\"elementor-element elementor-element-2970fd6 elementor-widget elementor-widget-wd_text_block\" data-id=\"2970fd6\" data-element_type=\"widget\" data-e-type=\"widget\" data-widget_type=\"wd_text_block.default\">\n\t\t\t\t<div class=\"elementor-widget-container\">\n\t\t\t\t\t\t\t<div class=\"wd-text-block reset-last-child text-center\">\n\t\t\t\n\t\t\t<h3>Bienfaits du sidr : pourquoi cet arbre m\u00e9rite une place sp\u00e9ciale dans votre routine ?<\/h3>\n\t\t\t\t\t<\/div>\n\t\t\t\t\t\t<\/div>\n\t\t\t\t<\/div>\n\t\t\t\t<div class=\"elementor-element elementor-element-7ab54f1 elementor-widget elementor-widget-wd_text_block\" data-id=\"7ab54f1\" data-element_type=\"widget\" data-e-type=\"widget\" data-widget_type=\"wd_text_block.default\">\n\t\t\t\t<div class=\"elementor-widget-container\">\n\t\t\t\t\t\t\t<div class=\"wd-text-block reset-last-child text-center\">\n\t\t\t\n\t\t\t<p>La plupart des bienfaits sont attribu\u00e9s \u00e0 <b>Sidr<\/b> En raison de sa teneur en compos\u00e9s actifs aux propri\u00e9t\u00e9s nettoyantes, antiseptiques, anti-inflammatoires et antioxydantes. Ses principaux bienfaits incluent :<\/p><ul><li><p><b>Soin des cheveux (Avantage principal) :<\/b> La poudre de feuilles de sidr est un ingr\u00e9dient naturel r\u00e9put\u00e9 pour les soins capillaires et est parfois utilis\u00e9e comme alternative naturelle au shampooing.<\/p><ul><li><p><b>Nettoyage du cuir chevelu et des cheveux :<\/b> Il contient des compos\u00e9s de saponine qui produisent une mousse naturelle nettoyant efficacement les cheveux sans \u00e9liminer leurs huiles naturelles, ce qui le rend adapt\u00e9 aux cheveux gras.<\/p><\/li><li><p><b>Renforce les cheveux et pr\u00e9vient la chute:<\/b> Il nourrit les follicules pileux et contribue \u00e0 leur renforcement, r\u00e9duisant la chute des cheveux et stimulant leur croissance.<\/p><\/li><li><p><b>Ajoute brillance et vitalit\u00e9<\/b> Laisse les cheveux doux, brillants et en bonne sant\u00e9.<\/p><\/li><li><p><b>\u00c9limination des pellicules :<\/b> Gr\u00e2ce \u00e0 ses propri\u00e9t\u00e9s antibact\u00e9riennes et antifongiques, il aide \u00e0 combattre les pellicules.<\/p><\/li><li><p><b>\u00c9paississement des cheveux fins :<\/b> Contribue \u00e0 \u00e9paissir les cheveux fins avec une utilisation r\u00e9guli\u00e8re.<\/p><\/li><\/ul><\/li><li><p><b>Soin et nettoyage de la peau :<\/b> Le sidr est utilis\u00e9 comme nettoyant naturel pour la peau gr\u00e2ce \u00e0 ses propri\u00e9t\u00e9s antiseptiques et anti-inflammatoires.<\/p><ul><li><p>Aide \u00e0 nettoyer les pores et \u00e0 \u00e9liminer les impuret\u00e9s et l\u2019exc\u00e8s de s\u00e9bum de la peau.<\/p><\/li><li><p>Il peut \u00eatre utilis\u00e9 comme masque facial pour apaiser la peau et r\u00e9duire l\u2019inflammation (comme l\u2019acn\u00e9 l\u00e9g\u00e8re).<\/p><\/li><li><p>Contribue \u00e0 \u00e9claircir la peau et \u00e0 lui donner un \u00e9clat radieux.<\/p><\/li><\/ul><\/li><li><p><b>Propri\u00e9t\u00e9s antiseptiques et antimicrobiennes :<\/b> Les feuilles de sidr pr\u00e9sentent des propri\u00e9t\u00e9s antibact\u00e9riennes et antifongiques, ce qui les rend utiles pour :<\/p><ul><li><p>Nettoyage des plaies et des \u00e9gratignures mineures (traditionnellement).<\/p><\/li><li><p>Utilis\u00e9 dans certains types de savon naturel.<\/p><\/li><\/ul><\/li><li><p><b>Traitement de certains probl\u00e8mes digestifs (fruits de Sidr \u2013 jujube) :<\/b> Les fruits de jujube sont riches en fibres et en vitamines, traditionnellement utilis\u00e9s pour :<\/p><ul><li><p>Soulager la constipation.<\/p><\/li><li><p>Am\u00e9liore la digestion.<\/p><\/li><li><p>Soutient la sant\u00e9 intestinale.<\/p><\/li><\/ul><\/li><li><p><b>Propri\u00e9t\u00e9s anti-inflammatoires et antioxydantes :<\/b> Les feuilles de sidr contiennent des compos\u00e9s qui contribuent \u00e0 r\u00e9duire l\u2019inflammation et \u00e0 combattre les radicaux libres nocifs, favorisant ainsi la sant\u00e9 g\u00e9n\u00e9rale.<\/p><\/li><li><p><b>Usages religieux et spirituels :<\/b> Le sidr est utilis\u00e9 dans certains rituels religieux islamiques pour la purification et la gu\u00e9rison spirituelle, car il est mentionn\u00e9 dans les textes religieux.<\/p><\/li><\/ul>\n\t\t\t\t\t<\/div>\n\t\t\t\t\t\t<\/div>\n\t\t\t\t<\/div>\n\t\t\t\t<\/div>\n\t\t<div class=\"elementor-element elementor-element-a9b299f e-con-full e-flex e-con e-child\" data-id=\"a9b299f\" data-element_type=\"container\" data-e-type=\"container\">\n\t\t\t\t<div class=\"elementor-element elementor-element-8f48dcb elementor-widget elementor-widget-wd_text_block\" data-id=\"8f48dcb\" data-element_type=\"widget\" data-e-type=\"widget\" data-widget_type=\"wd_text_block.default\">\n\t\t\t\t<div class=\"elementor-widget-container\">\n\t\t\t\t\t\t\t<div class=\"wd-text-block reset-last-child text-center\">\n\t\t\t\n\t\t\t<h3>Pourquoi les experts font-ils confiance au Sidr ? Un h\u00e9ritage traditionnel profond et des bienfaits prouv\u00e9s !<\/h3>\n\t\t\t\t\t<\/div>\n\t\t\t\t\t\t<\/div>\n\t\t\t\t<\/div>\n\t\t\t\t<div class=\"elementor-element elementor-element-7143a8a elementor-widget elementor-widget-wd_text_block\" data-id=\"7143a8a\" data-element_type=\"widget\" data-e-type=\"widget\" data-widget_type=\"wd_text_block.default\">\n\t\t\t\t<div class=\"elementor-widget-container\">\n\t\t\t\t\t\t\t<div class=\"wd-text-block reset-last-child text-center\">\n\t\t\t\n\t\t\t<p>A acquis <b>arbre sidr<\/b> R\u00e9put\u00e9e comme une plante naturelle polyvalente, le Sidr est tr\u00e8s appr\u00e9ci\u00e9 des praticiens de la m\u00e9decine traditionnelle, des experts en beaut\u00e9 naturelle, et m\u00eame de certains chercheurs. De nombreux sp\u00e9cialistes de la m\u00e9decine alternative et de la beaut\u00e9 naturelle le recommandent comme une option s\u00fbre et efficace pour nettoyer et renforcer les cheveux, apaiser la peau, et profiter de ses propri\u00e9t\u00e9s antiseptiques. La confiance envers le Sidr provient de sa longue et b\u00e9nie histoire d\u2019utilisation s\u00fbre et efficace depuis des si\u00e8cles, ainsi que des \u00e9tudes scientifiques mettant en lumi\u00e8re ses compos\u00e9s actifs et soutenant de nombreuses utilisations traditionnelles. \u00cates-vous pr\u00eat \u00e0 d\u00e9couvrir les bienfaits et la b\u00e9n\u00e9diction du Sidr dans votre routine quotidienne ?<\/p><p>\u00a0<\/p>\n\t\t\t\t\t<\/div>\n\t\t\t\t\t\t<\/div>\n\t\t\t\t<\/div>\n\t\t\t\t<\/div>\n\t\t\t\t<\/div>\n\t\t\t\t<\/div>\n\t\t\t\t\t<\/div>\n\t\t\t\t<\/div>\n\t\t\t\t<\/div>","protected":false},"excerpt":{"rendered":"<p>Qu\u2019est-ce que le Sidr ? Un arbre aux tr\u00e9sors naturels pour soin et gu\u00e9rison ! R\u00e9put\u00e9 pour ses propri\u00e9t\u00e9s purifiantes et sa valeur culturelle.<\/p>","protected":false},"featured_media":3863,"comment_status":"open","ping_status":"closed","template":"","meta":[],"product_brand":[],"product_cat":[65],"product_tag":[],"class_list":{"0":"post-3012","1":"product","2":"type-product","3":"status-publish","4":"has-post-thumbnail","6":"product_cat-65","7":"pa_-1-kg","8":"pa_-250-g","9":"pa_-500-g","11":"first","12":"instock","13":"shipping-taxable","14":"purchasable","15":"product-type-variable"},"jetpack_sharing_enabled":true,"_links":{"self":[{"href":"https:\/\/sfb.ma\/fr\/wp-json\/wp\/v2\/product\/3012","targetHints":{"allow":["GET"]}}],"collection":[{"href":"https:\/\/sfb.ma\/fr\/wp-json\/wp\/v2\/product"}],"about":[{"href":"https:\/\/sfb.ma\/fr\/wp-json\/wp\/v2\/types\/product"}],"replies":[{"embeddable":true,"href":"https:\/\/sfb.ma\/fr\/wp-json\/wp\/v2\/comments?post=3012"}],"version-history":[{"count":0,"href":"https:\/\/sfb.ma\/fr\/wp-json\/wp\/v2\/product\/3012\/revisions"}],"wp:featuredmedia":[{"embeddable":true,"href":"https:\/\/sfb.ma\/fr\/wp-json\/wp\/v2\/media\/3863"}],"wp:attachment":[{"href":"https:\/\/sfb.ma\/fr\/wp-json\/wp\/v2\/media?parent=3012"}],"wp:term":[{"taxonomy":"product_brand","embeddable":true,"href":"https:\/\/sfb.ma\/fr\/wp-json\/wp\/v2\/product_brand?post=3012"},{"taxonomy":"product_cat","embeddable":true,"href":"https:\/\/sfb.ma\/fr\/wp-json\/wp\/v2\/product_cat?post=3012"},{"taxonomy":"product_tag","embeddable":true,"href":"https:\/\/sfb.ma\/fr\/wp-json\/wp\/v2\/product_tag?post=3012"}],"curies":[{"name":"wp","href":"https:\/\/api.w.org\/{rel}","templated":true}]}}