{"id":3043,"date":"2025-07-16T07:24:35","date_gmt":"2025-07-16T07:24:35","guid":{"rendered":"https:\/\/sfb.ma\/?post_type=product&#038;p=3043"},"modified":"2025-09-01T19:04:04","modified_gmt":"2025-09-01T19:04:04","slug":"aubepine-epineuse","status":"publish","type":"product","link":"https:\/\/sfb.ma\/fr\/produit\/aubepine-epineuse\/","title":{"rendered":"Aub\u00e9pine \u00c9pineuse"},"content":{"rendered":"<div data-elementor-type=\"product-post\" data-elementor-id=\"3043\" class=\"elementor elementor-3043\" data-elementor-post-type=\"product\">\n\t\t\t\t<div class=\"wd-negative-gap elementor-element elementor-element-395a0e8 e-flex e-con-boxed e-con e-parent\" data-id=\"395a0e8\" data-element_type=\"container\" data-e-type=\"container\">\n\t\t\t\t\t<div class=\"e-con-inner\">\n\t\t<div class=\"elementor-element elementor-element-65a3b0e e-con-full e-flex e-con e-child\" data-id=\"65a3b0e\" data-element_type=\"container\" data-e-type=\"container\">\n\t\t<div class=\"elementor-element elementor-element-721e107 e-con-full e-flex e-con e-child\" data-id=\"721e107\" data-element_type=\"container\" data-e-type=\"container\">\n\t\t<div class=\"elementor-element elementor-element-6efe0cf e-con-full e-flex e-con e-child\" data-id=\"6efe0cf\" data-element_type=\"container\" data-e-type=\"container\">\n\t\t\t\t<div class=\"elementor-element elementor-element-cf26d5a elementor-widget elementor-widget-wd_text_block\" data-id=\"cf26d5a\" data-element_type=\"widget\" data-e-type=\"widget\" data-widget_type=\"wd_text_block.default\">\n\t\t\t\t<div class=\"elementor-widget-container\">\n\t\t\t\t\t\t\t<div class=\"wd-text-block reset-last-child text-center\">\n\t\t\t\n\t\t\t<h3>Qu\u2019est-ce que l\u2019aub\u00e9pine \u00e9pineuse ? La fleur de rose qui murmure au c\u0153ur !<\/h3>\n\t\t\t\t\t<\/div>\n\t\t\t\t\t\t<\/div>\n\t\t\t\t<\/div>\n\t\t\t\t<div class=\"elementor-element elementor-element-1d23917 elementor-widget elementor-widget-wd_text_block\" data-id=\"1d23917\" data-element_type=\"widget\" data-e-type=\"widget\" data-widget_type=\"wd_text_block.default\">\n\t\t\t\t<div class=\"elementor-widget-container\">\n\t\t\t\t\t\t\t<div class=\"wd-text-block reset-last-child text-center\">\n\t\t\t\n\t\t\t<p>Cherchez-vous une plante naturelle reconnue traditionnellement et aujourd\u2019hui pour son soutien puissant \u00e0 la sant\u00e9 cardiaque et vasculaire, utilis\u00e9e pour r\u00e9duire la tension art\u00e9rielle, am\u00e9liorer la circulation et diminuer l\u2019anxi\u00e9t\u00e9 ? Il est temps de d\u00e9couvrir <b>\u0627\u0644\u0632\u0639\u0631\u0648\u0631 \u0627\u0644\u0634\u0627\u0626\u0643 (Hawthorn)<\/b>et son nom scientifique est <i>Crataegus monogyna<\/i>Bien qu\u2019il existe d\u2019autres vari\u00e9t\u00e9s courantes telles que <i>Crataegus laevigata<\/i>Cet arbuste ou petit arbre, appartenant \u00e0 la famille des rosac\u00e9es, est connu pour ses fleurs blanches en grappes qui se transforment en petites baies rouges vives appel\u00e9es \u00ab aub\u00e9pine \u00bb. Il poss\u00e8de des feuilles vertes dentel\u00e9es et des \u00e9pines caract\u00e9ristiques. L\u2019aub\u00e9pine pousse abondamment en Europe, en Afrique du Nord et en Asie.<\/p><p>L\u2019aub\u00e9pine est utilis\u00e9e depuis des si\u00e8cles dans la m\u00e9decine traditionnelle europ\u00e9enne et chinoise comme \u00ab tonique cardiaque \u00bb ou \u00ab fortifiant du c\u0153ur \u00bb. Ses fleurs, feuilles et baies sont employ\u00e9es dans les pr\u00e9parations m\u00e9dicinales. Ces parties contiennent des compos\u00e9s bioactifs tels que <b>flavonoides<\/b> (en particulier les procyanidines oligom\u00e9riques), et<b>Triterp\u00e8nes<\/b>et<b>Amines<\/b>Que savez-vous vraiment de cette plante qui allie la beaut\u00e9 de la nature \u00e0 la promesse d\u2019une bonne sant\u00e9 cardiovasculaire ? D\u00e9couvrez avec nous le secret de l\u2019aub\u00e9pine \u00e9pineuse, l\u2019alli\u00e9e naturelle de votre c\u0153ur !<\/p>\n\t\t\t\t\t<\/div>\n\t\t\t\t\t\t<\/div>\n\t\t\t\t<\/div>\n\t\t\t\t<\/div>\n\t\t<div class=\"elementor-element elementor-element-855e36a e-con-full e-flex e-con e-child\" data-id=\"855e36a\" data-element_type=\"container\" data-e-type=\"container\">\n\t\t\t\t<div class=\"elementor-element elementor-element-c99b5ca elementor-widget elementor-widget-wd_text_block\" data-id=\"c99b5ca\" data-element_type=\"widget\" data-e-type=\"widget\" data-widget_type=\"wd_text_block.default\">\n\t\t\t\t<div class=\"elementor-widget-container\">\n\t\t\t\t\t\t\t<div class=\"wd-text-block reset-last-child text-center\">\n\t\t\t\n\t\t\t<h3>Bienfaits de l\u2019aub\u00e9pine \u00e9pineuse : pourquoi est-elle appel\u00e9e le roi des herbes pour le c\u0153ur ?<\/h3>\n\t\t\t\t\t<\/div>\n\t\t\t\t\t\t<\/div>\n\t\t\t\t<\/div>\n\t\t\t\t<div class=\"elementor-element elementor-element-104e1cb elementor-widget elementor-widget-wd_text_block\" data-id=\"104e1cb\" data-element_type=\"widget\" data-e-type=\"widget\" data-widget_type=\"wd_text_block.default\">\n\t\t\t\t<div class=\"elementor-widget-container\">\n\t\t\t\t\t\t\t<div class=\"wd-text-block reset-last-child text-center\">\n\t\t\t\n\t\t\t<p>La plupart des bienfaits sont attribu\u00e9s \u00e0 <b>Aub\u00e9pine \u00c9pineuse<\/b> Gr\u00e2ce \u00e0 ses compos\u00e9s actifs aux propri\u00e9t\u00e9s antioxydantes, anti-inflammatoires et vasodilatatrices, il agit positivement sur le syst\u00e8me cardiovasculaire. Ses principaux bienfaits incluent :<\/p><ul><li><p><b>Soutenir la sant\u00e9 du c\u0153ur et du syst\u00e8me cardiovasculaire (le b\u00e9n\u00e9fice principal et scientifiquement prouv\u00e9) :<\/b> L\u2019aub\u00e9pine \u00e9pineuse est l\u2019une des herbes les plus \u00e9tudi\u00e9es, scientifiquement reconnue pour la sant\u00e9 cardiaque.<\/p><ul><li><p><b>Am\u00e9lioration de la fonction cardiaque dans l\u2019insuffisance cardiaque congestive :<\/b> L\u2019aub\u00e9pine aide \u00e0 renforcer les contractions du muscle cardiaque, am\u00e9liorant ainsi la capacit\u00e9 du c\u0153ur \u00e0 pomper le sang efficacement. Elle r\u00e9duit les sympt\u00f4mes de l\u2019insuffisance cardiaque tels que l\u2019essoufflement et la fatigue.<\/p><\/li><li><p><b>R\u00e9duction de la tension art\u00e9rielle:<\/b> L\u2019aub\u00e9pine est reconnue pour sa capacit\u00e9 \u00e0 dilater les vaisseaux sanguins, r\u00e9duisant la r\u00e9sistance au flux sanguin et aidant \u00e0 abaisser l\u2019hypertension art\u00e9rielle.<\/p><\/li><li><p><b>Am\u00e9lioration du flux sanguin vers le c\u0153ur (angine de poitrine) :<\/b> Il aide \u00e0 dilater les art\u00e8res coronaires qui alimentent le c\u0153ur, augmentant le flux sanguin et l\u2019oxyg\u00e8ne vers le muscle cardiaque et soulageant les sympt\u00f4mes de l\u2019angine de poitrine.<\/p><\/li><li><p><b>R\u00e9duction du cholest\u00e9rol et des triglyc\u00e9rides :<\/b> Certaines \u00e9tudes indiquent que l\u2019aub\u00e9pine peut contribuer \u00e0 r\u00e9duire les niveaux de cholest\u00e9rol LDL et de triglyc\u00e9rides dans le sang, diminuant ainsi le risque d\u2019ath\u00e9roscl\u00e9rose.<\/p><\/li><li><p><b>Propri\u00e9t\u00e9s antioxydantes :<\/b> R\u00e9duit les dommages caus\u00e9s par les radicaux libres pouvant contribuer aux maladies cardiaques.<\/p><\/li><\/ul><\/li><li><p><b>Soulagement de l\u2019anxi\u00e9t\u00e9 et du stress :<\/b> Utilis\u00e9 traditionnellement pour aider \u00e0 calmer le syst\u00e8me nerveux et r\u00e9duire les sentiments d\u2019anxi\u00e9t\u00e9 et de stress, bien que cet effet puisse \u00eatre l\u00e9ger.<\/p><\/li><li><p><b>Soutien \u00e0 la sant\u00e9 digestive\u00a0:<\/b> Les baies d\u2019aub\u00e9pine sont traditionnellement utilis\u00e9es pour soulager certains troubles digestifs comme l\u2019indigestion, la diarrh\u00e9e et la constipation, gr\u00e2ce \u00e0 leur teneur en fibres et leurs propri\u00e9t\u00e9s astringentes.<\/p><\/li><li><p><b>Propri\u00e9t\u00e9s anti-inflammatoires :<\/b> Il contribue \u00e0 r\u00e9duire l\u2019inflammation dans le corps, ce qui peut soulager certains probl\u00e8mes de peau ou douleurs g\u00e9n\u00e9rales.<\/p><\/li><\/ul>\n\t\t\t\t\t<\/div>\n\t\t\t\t\t\t<\/div>\n\t\t\t\t<\/div>\n\t\t\t\t<\/div>\n\t\t<div class=\"elementor-element elementor-element-246c35f e-con-full e-flex e-con e-child\" data-id=\"246c35f\" data-element_type=\"container\" data-e-type=\"container\">\n\t\t\t\t<div class=\"elementor-element elementor-element-7fa0ea9 elementor-widget elementor-widget-wd_text_block\" data-id=\"7fa0ea9\" data-element_type=\"widget\" data-e-type=\"widget\" data-widget_type=\"wd_text_block.default\">\n\t\t\t\t<div class=\"elementor-widget-container\">\n\t\t\t\t\t\t\t<div class=\"wd-text-block reset-last-child text-center\">\n\t\t\t\n\t\t\t<h3>Pourquoi les experts font-ils confiance \u00e0 l\u2019aub\u00e9pine \u00e9pineuse ? Un solide soutien scientifique et des si\u00e8cles d\u2019exp\u00e9rience !<\/h3>\n\t\t\t\t\t<\/div>\n\t\t\t\t\t\t<\/div>\n\t\t\t\t<\/div>\n\t\t\t\t<div class=\"elementor-element elementor-element-65b60a7 elementor-widget elementor-widget-wd_text_block\" data-id=\"65b60a7\" data-element_type=\"widget\" data-e-type=\"widget\" data-widget_type=\"wd_text_block.default\">\n\t\t\t\t<div class=\"elementor-widget-container\">\n\t\t\t\t\t\t\t<div class=\"wd-text-block reset-last-child text-center\">\n\t\t\t\n\t\t\t<p>A acquis <b>Aub\u00e9pine \u00c9pineuse<\/b> L\u2019aub\u00e9pine occupe une place exceptionnelle en tant que l\u2019une des principales plantes pour la sant\u00e9 cardiaque, tr\u00e8s appr\u00e9ci\u00e9e par les m\u00e9decins, herboristes et chercheurs. De nombreux sp\u00e9cialistes la recommandent comme une option naturelle efficace pour am\u00e9liorer la fonction cardiaque, r\u00e9duire la pression art\u00e9rielle et diminuer le cholest\u00e9rol. De vastes \u00e9tudes cliniques, notamment en Europe, d\u00e9montrent son efficacit\u00e9 dans le traitement de l\u2019insuffisance cardiaque congestive et de certains probl\u00e8mes de tension art\u00e9rielle. La confiance envers l\u2019aub\u00e9pine repose sur son usage s\u00fbr et efficace depuis des si\u00e8cles, ainsi que sur de solides preuves scientifiques confirmant son statut comme l\u2019un des tr\u00e9sors naturels majeurs pour la sant\u00e9 cardiovasculaire.<\/p><p><span style=\"color: #ff0000;\"><b>Notes tr\u00e8s importantes :<\/b><\/span><\/p><ul><li><p><b>Commencer doucement et faire preuve de patience :<\/b> Les bienfaits de l\u2019aub\u00e9pine sur le c\u0153ur peuvent prendre plusieurs semaines voire des mois pour se manifester pleinement. Il est conseill\u00e9 de commencer par de petites doses et de les augmenter progressivement.<\/p><\/li><li><p><b>Effets secondaires :<\/b> L\u2019aub\u00e9pine est g\u00e9n\u00e9ralement consid\u00e9r\u00e9e comme s\u00fbre lorsqu\u2019elle est prise aux doses recommand\u00e9es. Les effets secondaires sont rares et peuvent inclure :<\/p><ul><li><p>Vertiges ou \u00e9tourdissements (surtout en cas de baisse de la pression art\u00e9rielle).<\/p><\/li><li><p>Naus\u00e9e ou l\u00e9ger trouble digestif.<\/p><\/li><li><p>Fatigue. Mal de t\u00eate.<\/p><\/li><li><p>L\u00e9g\u00e8re augmentation du rythme cardiaque (rare).<\/p><\/li><\/ul><\/li><li><p><b>Interactions M\u00e9dicamenteuses (Tr\u00e8s Importantes) :<\/b> L\u2019aub\u00e9pine peut interagir fortement avec de nombreux m\u00e9dicaments cardiovasculaires. <b>Il est conseill\u00e9 de consulter un sp\u00e9cialiste avant de prendre de l\u2019aub\u00e9pine si vous prenez des m\u00e9dicaments, en particulier :<\/b><\/p><ul><li><p><b>M\u00e9dicaments pour l\u2019insuffisance cardiaque:<\/b> Comme la digoxine, l\u2019aub\u00e9pine peut renforcer ses effets et augmenter le risque d\u2019effets secondaires.<\/p><\/li><li><p><b>m\u00e9dicaments-contre-l-hypertension:<\/b> Comme les b\u00eata-bloquants, les bloqueurs des canaux calciques ou les inhibiteurs de l\u2019enzyme de conversion de l\u2019angiotensine (IEC), qui peuvent provoquer une chute importante de la pression art\u00e9rielle.<\/p><\/li><li><p><b>M\u00e9dicaments vasodilatateurs (comme les nitrates) :<\/b> L\u2019aub\u00e9pine peut renforcer ses effets, ce qui pourrait provoquer des \u00e9tourdissements et des vertiges.<\/p><\/li><li><p><b>Fluidifiants sanguins (anticoagulants et antiplaquettaires)<\/b> L\u2019aub\u00e9pine peut augmenter le risque de saignement.<\/p><\/li><li><p><b>S\u00e9datifs ou somnif\u00e8res :<\/b> Cela peut augmenter son effet.<\/p><\/li><\/ul><\/li><li><p><b>Grossesse et allaitement :<\/b> Il n\u2019existe pas suffisamment d\u2019\u00e9tudes sur la s\u00e9curit\u00e9 de l\u2019utilisation de l\u2019aub\u00e9pine \u00e0 des doses th\u00e9rapeutiques pendant la grossesse et l\u2019allaitement, c\u2019est pourquoi <b>Son utilisation n\u2019est pas recommand\u00e9e pendant ces p\u00e9riodes.<\/b>Il peut \u00e9galement stimuler les contractions ut\u00e9rines.<\/p><\/li><li><p><b>Enfants :<\/b> L\u2019aub\u00e9pine n\u2019est pas recommand\u00e9e pour les enfants en raison du manque de recherches suffisantes sur sa s\u00e9curit\u00e9 pour cette tranche d\u2019\u00e2ge.<\/p><\/li><\/ul><p>\u00a0<\/p>\n\t\t\t\t\t<\/div>\n\t\t\t\t\t\t<\/div>\n\t\t\t\t<\/div>\n\t\t\t\t<\/div>\n\t\t\t\t<\/div>\n\t\t\t\t<\/div>\n\t\t\t\t\t<\/div>\n\t\t\t\t<\/div>\n\t\t\t\t<\/div>","protected":false},"excerpt":{"rendered":"<p>Qu\u2019est-ce que l\u2019Aub\u00e9pine ? La fleur semblable \u00e0 une rose qui murmure au c\u0153ur ! Une plante naturelle reconnue pour son soutien cardiaque.<\/p>","protected":false},"featured_media":3780,"comment_status":"open","ping_status":"closed","template":"","meta":[],"product_brand":[],"product_cat":[65],"product_tag":[],"class_list":{"0":"post-3043","1":"product","2":"type-product","3":"status-publish","4":"has-post-thumbnail","6":"product_cat-65","7":"pa_-1-kg","8":"pa_-250-g","9":"pa_-500-g","11":"first","12":"instock","13":"shipping-taxable","14":"purchasable","15":"product-type-variable"},"jetpack_sharing_enabled":true,"_links":{"self":[{"href":"https:\/\/sfb.ma\/fr\/wp-json\/wp\/v2\/product\/3043","targetHints":{"allow":["GET"]}}],"collection":[{"href":"https:\/\/sfb.ma\/fr\/wp-json\/wp\/v2\/product"}],"about":[{"href":"https:\/\/sfb.ma\/fr\/wp-json\/wp\/v2\/types\/product"}],"replies":[{"embeddable":true,"href":"https:\/\/sfb.ma\/fr\/wp-json\/wp\/v2\/comments?post=3043"}],"version-history":[{"count":0,"href":"https:\/\/sfb.ma\/fr\/wp-json\/wp\/v2\/product\/3043\/revisions"}],"wp:featuredmedia":[{"embeddable":true,"href":"https:\/\/sfb.ma\/fr\/wp-json\/wp\/v2\/media\/3780"}],"wp:attachment":[{"href":"https:\/\/sfb.ma\/fr\/wp-json\/wp\/v2\/media?parent=3043"}],"wp:term":[{"taxonomy":"product_brand","embeddable":true,"href":"https:\/\/sfb.ma\/fr\/wp-json\/wp\/v2\/product_brand?post=3043"},{"taxonomy":"product_cat","embeddable":true,"href":"https:\/\/sfb.ma\/fr\/wp-json\/wp\/v2\/product_cat?post=3043"},{"taxonomy":"product_tag","embeddable":true,"href":"https:\/\/sfb.ma\/fr\/wp-json\/wp\/v2\/product_tag?post=3043"}],"curies":[{"name":"wp","href":"https:\/\/api.w.org\/{rel}","templated":true}]}}