{"id":3053,"date":"2025-07-16T07:44:10","date_gmt":"2025-07-16T07:44:10","guid":{"rendered":"https:\/\/sfb.ma\/?post_type=product&#038;p=3053"},"modified":"2025-09-19T19:08:50","modified_gmt":"2025-09-19T19:08:50","slug":"absinthe","status":"publish","type":"product","link":"https:\/\/sfb.ma\/fr\/produit\/absinthe\/","title":{"rendered":"armoise"},"content":{"rendered":"<div data-elementor-type=\"product-post\" data-elementor-id=\"3053\" class=\"elementor elementor-3053\" data-elementor-post-type=\"product\">\n\t\t\t\t<div class=\"wd-negative-gap elementor-element elementor-element-28dd9c6 e-flex e-con-boxed e-con e-parent\" data-id=\"28dd9c6\" data-element_type=\"container\" data-e-type=\"container\">\n\t\t\t\t\t<div class=\"e-con-inner\">\n\t\t<div class=\"elementor-element elementor-element-d059630 e-con-full e-flex e-con e-child\" data-id=\"d059630\" data-element_type=\"container\" data-e-type=\"container\">\n\t\t<div class=\"elementor-element elementor-element-b5a1c49 e-con-full e-flex e-con e-child\" data-id=\"b5a1c49\" data-element_type=\"container\" data-e-type=\"container\">\n\t\t\t\t<div class=\"elementor-element elementor-element-e6116f0 elementor-widget elementor-widget-wd_text_block\" data-id=\"e6116f0\" data-element_type=\"widget\" data-e-type=\"widget\" data-widget_type=\"wd_text_block.default\">\n\t\t\t\t<div class=\"elementor-widget-container\">\n\t\t\t\t\t\t\t<div class=\"wd-text-block reset-last-child text-center\">\n\t\t\t\n\t\t\t<h3>Qu\u2019est-ce que l\u2019armoise ? Une herbe puissante au go\u00fbt amer et \u00e0 la longue histoire m\u00e9dicinale !<\/h3>\n\t\t\t\t\t<\/div>\n\t\t\t\t\t\t<\/div>\n\t\t\t\t<\/div>\n\t\t\t\t<div class=\"elementor-element elementor-element-f223cd4 elementor-widget elementor-widget-wd_text_block\" data-id=\"f223cd4\" data-element_type=\"widget\" data-e-type=\"widget\" data-widget_type=\"wd_text_block.default\">\n\t\t\t\t<div class=\"elementor-widget-container\">\n\t\t\t\t\t\t\t<div class=\"wd-text-block reset-last-child text-center\">\n\t\t\t\n\t\t\t<p>Vous cherchez une herbe r\u00e9put\u00e9e pour ses propri\u00e9t\u00e9s am\u00e8res et puissantes, traditionnellement utilis\u00e9e pour soutenir la digestion, lutter contre les parasites et m\u00eame dans certains produits aromatiques ? Il est temps de d\u00e9couvrir <b>armoise (\u0627\u0644\u0634\u064a\u062d)<\/b>et son nom scientifique est <i>Artemisia absinthium<\/i>Cette plante herbac\u00e9e vivace, appartenant \u00e0 la famille des Ast\u00e9rac\u00e9es, est reconnue pour ses feuilles vert argent\u00e9 poudr\u00e9es, ses petites fleurs jaunes, son parfum aromatique distinctif et sa saveur tr\u00e8s am\u00e8re. L\u2019absinthe pousse naturellement dans les r\u00e9gions temp\u00e9r\u00e9es d\u2019Europe, d\u2019Asie et d\u2019Afrique du Nord.<\/p><p>L\u2019armoise est utilis\u00e9e depuis des si\u00e8cles dans la m\u00e9decine traditionnelle comme tonique g\u00e9n\u00e9ral, antiparasitaire et stimulant digestif. Elle est \u00e9galement connue comme un ingr\u00e9dient essentiel de la boisson historique absinthe. Les feuilles et les fleurs d\u2019armoise sont riches en compos\u00e9s biologiquement actifs tels que <b>Terp\u00e9no\u00efdes<\/b>et parmi les plus notables <b>Absinthine<\/b> et<b>Thuyone<\/b>, en plus de <b>flavonoides<\/b> et<b>acides-ph\u00e9noliques<\/b>Que savez-vous vraiment de cette plante puissante qui cache, derri\u00e8re son amertume, la promesse d\u2019une meilleure sant\u00e9 digestive, de l\u2019\u00e9limination des parasites et m\u00eame de propri\u00e9t\u00e9s anti-inflammatoires ? D\u00e9couvrez le secret de l\u2019armoise, l\u2019\u00e9pice am\u00e8re de la gu\u00e9rison aux bienfaits inestimables !<\/p><p>!<\/p>\n\t\t\t\t\t<\/div>\n\t\t\t\t\t\t<\/div>\n\t\t\t\t<\/div>\n\t\t\t\t<\/div>\n\t\t<div class=\"elementor-element elementor-element-6d853cf e-con-full e-flex e-con e-child\" data-id=\"6d853cf\" data-element_type=\"container\" data-e-type=\"container\">\n\t\t\t\t<div class=\"elementor-element elementor-element-b4cd1c5 elementor-widget elementor-widget-wd_text_block\" data-id=\"b4cd1c5\" data-element_type=\"widget\" data-e-type=\"widget\" data-widget_type=\"wd_text_block.default\">\n\t\t\t\t<div class=\"elementor-widget-container\">\n\t\t\t\t\t\t\t<div class=\"wd-text-block reset-last-child text-center\">\n\t\t\t\n\t\t\t<h3>Bienfaits de l\u2019armoise : pourquoi cette herbe am\u00e8re est-elle consid\u00e9r\u00e9e comme un tr\u00e9sor m\u00e9dicinal ?<\/h3>\n\t\t\t\t\t<\/div>\n\t\t\t\t\t\t<\/div>\n\t\t\t\t<\/div>\n\t\t\t\t<div class=\"elementor-element elementor-element-c1a7123 elementor-widget elementor-widget-wd_text_block\" data-id=\"c1a7123\" data-element_type=\"widget\" data-e-type=\"widget\" data-widget_type=\"wd_text_block.default\">\n\t\t\t\t<div class=\"elementor-widget-container\">\n\t\t\t\t\t\t\t<div class=\"wd-text-block reset-last-child text-center\">\n\t\t\t\n\t\t\t<p>La plupart des bienfaits sont attribu\u00e9s \u00e0 <b>armoise<\/b> Gr\u00e2ce \u00e0 ses compos\u00e9s actifs aux propri\u00e9t\u00e9s antiparasitaires, anti-inflammatoires, antimicrobiennes et stimulantes pour la digestion. Ses principaux bienfaits incluent :<\/p><ul><li><p><b>Antiparasitaire et vermifuge (b\u00e9n\u00e9fice principal) :<\/b> L\u2019armoise est une herbe traditionnelle r\u00e9put\u00e9e pour \u00e9liminer les vers intestinaux et autres parasites du syst\u00e8me digestif. Cette propri\u00e9t\u00e9 est attribu\u00e9e \u00e0 des compos\u00e9s comme la thuyone et l\u2019absinthine, toxiques pour les parasites.<\/p><\/li><li><p><b>Soutenir la sant\u00e9 digestive et stimuler la digestion :<\/b> L\u2019amertume de l\u2019armoise aide \u00e0 :<\/p><ul><li><p><b>Stimuler la s\u00e9cr\u00e9tion des sucs digestifs :<\/b> Y compris la bile, ce qui am\u00e9liore la digestion et l\u2019absorption des graisses.<\/p><\/li><li><p><b>Soulage l\u2019indigestion, les ballonnements et les gaz :<\/b> R\u00e9duit les crampes intestinales et aide \u00e0 expulser les gaz.<\/p><\/li><li><p><b>Augmentation de l\u2019app\u00e9tit:<\/b> Il est utilis\u00e9 comme stimulant de l\u2019app\u00e9tit, notamment chez les personnes ayant une faible app\u00e9tence.<\/p><\/li><li><p><b>Soutient la sant\u00e9 intestinale:<\/b> Il peut aider \u00e0 soulager les sympt\u00f4mes de certains troubles digestifs, comme le syndrome du c\u00f4lon irritable (SCI), en particulier les ballonnements et les gaz.<\/p><\/li><\/ul><\/li><li><p><b>Puissantes propri\u00e9t\u00e9s anti-inflammatoires:<\/b> L\u2019armoise contient des compos\u00e9s qui aident \u00e0 r\u00e9duire l\u2019inflammation dans le corps, ce qui peut soulager certaines douleurs et affections inflammatoires.<\/p><\/li><li><p><b>Antioxydant<\/b> Aide \u00e0 combattre les radicaux libres nocifs et \u00e0 r\u00e9duire le stress oxydatif, prot\u00e9geant ainsi les cellules des dommages.<\/p><\/li><li><p><b>Antimicrobien :<\/b> Certaines \u00e9tudes montrent que l\u2019armoise poss\u00e8de des propri\u00e9t\u00e9s efficaces contre certains types de bact\u00e9ries et de champignons, ce qui pourrait aider \u00e0 lutter contre les infections.<\/p><\/li><li><p><b>Soulager les douleurs menstruelles (traditionnellement) :<\/b> Traditionnellement utilis\u00e9 pour aider \u00e0 soulager les crampes et les douleurs menstruelles, bien qu\u2019il n\u2019existe pas suffisamment de recherches scientifiques pour appuyer cet usage.<\/p><\/li><\/ul>\n\t\t\t\t\t<\/div>\n\t\t\t\t\t\t<\/div>\n\t\t\t\t<\/div>\n\t\t\t\t<\/div>\n\t\t<div class=\"elementor-element elementor-element-71ead20 e-con-full e-flex e-con e-child\" data-id=\"71ead20\" data-element_type=\"container\" data-e-type=\"container\">\n\t\t\t\t<div class=\"elementor-element elementor-element-a7d5fa2 elementor-widget elementor-widget-wd_text_block\" data-id=\"a7d5fa2\" data-element_type=\"widget\" data-e-type=\"widget\" data-widget_type=\"wd_text_block.default\">\n\t\t\t\t<div class=\"elementor-widget-container\">\n\t\t\t\t\t\t\t<div class=\"wd-text-block reset-last-child text-center\">\n\t\t\t\n\t\t\t<h3>Pourquoi les experts font-ils confiance \u00e0 l\u2019armoise ? Une longue histoire et des recherches modernes !<\/h3>\n\t\t\t\t\t<\/div>\n\t\t\t\t\t\t<\/div>\n\t\t\t\t<\/div>\n\t\t\t\t<div class=\"elementor-element elementor-element-93503c8 elementor-widget elementor-widget-wd_text_block\" data-id=\"93503c8\" data-element_type=\"widget\" data-e-type=\"widget\" data-widget_type=\"wd_text_block.default\">\n\t\t\t\t<div class=\"elementor-widget-container\">\n\t\t\t\t\t\t\t<div class=\"wd-text-block reset-last-child text-center\">\n\t\t\t\n\t\t\t<p>A acquis <b>armoise<\/b> Il occupe une place prestigieuse en tant qu\u2019herbe m\u00e9dicinale puissante dans de nombreuses cultures et est appr\u00e9ci\u00e9 par les praticiens de la m\u00e9decine traditionnelle. Certains experts en phytoth\u00e9rapie le recommandent comme option efficace pour lutter contre les parasites et soutenir la digestion, en particulier en cas de faible acidit\u00e9 gastrique. Les recherches scientifiques ont d\u00e9montr\u00e9 l\u2019efficacit\u00e9 de ses compos\u00e9s actifs contre certains types de parasites et de microbes, ainsi que dans la r\u00e9duction de l\u2019inflammation. La confiance envers l\u2019armoise provient de sa longue histoire d\u2019utilisation, ainsi que des \u00e9tudes en cours qui mettent en lumi\u00e8re ses m\u00e9canismes d\u2019action, tout en soulignant l\u2019importance d\u2019un usage s\u00fbr et responsable.<\/p><p><span style=\"color: #ff0000;\"><b>Remarques tr\u00e8s importantes (Avertissements) :<\/b><\/span><\/p><ul><li><p><b>Compos\u00e9 thuyone:<\/b> La thuyone est un compos\u00e9 qui peut \u00eatre toxique pour le syst\u00e8me nerveux \u00e0 fortes doses ou en cas d\u2019utilisation prolong\u00e9e. Elle peut provoquer des convulsions, des hallucinations et m\u00eame une d\u00e9pendance. Il est donc fortement recommand\u00e9... <b>Utiliser l\u2019armoise en tr\u00e8s petites quantit\u00e9s et pendant de courtes p\u00e9riodes (quelques jours)<\/b>et \u00e9vitez les produits tr\u00e8s concentr\u00e9s ou ceux contenant une forte teneur en thuyone.<\/p><\/li><li><p><b>Posologie et dur\u00e9e :<\/b> Il n\u2019est pas recommand\u00e9 d\u2019utiliser l\u2019armoise sur de longues p\u00e9riodes (plus de 4 semaines cons\u00e9cutives) sans consulter un sp\u00e9cialiste, et il faut respecter les doses indiqu\u00e9es.<\/p><\/li><li><p><b>Effets secondaires :<\/b> Peut inclure : naus\u00e9es, vomissements, troubles digestifs, maux de t\u00eate et vertiges. \u00c0 fortes doses ou en cas d\u2019utilisation prolong\u00e9e, des effets secondaires neurologiques graves peuvent survenir.<\/p><\/li><li><p><b>Grossesse et allaitement :<\/b> <b>L\u2019armoise est strictement d\u00e9conseill\u00e9e pendant la grossesse et l\u2019allaitement.<\/b>car cela peut provoquer une fausse couche ou nuire au b\u00e9b\u00e9.<\/p><\/li><li><p><b>Enfants :<\/b> L\u2019armoise est d\u00e9conseill\u00e9e pour les enfants.<\/p><\/li><li><p><b>Affections de sant\u00e9 :<\/b> Les personnes qui souffrent de :<\/p><ul><li><p><b>\u00c9pilepsie ou crises d\u2019\u00e9pilepsie:<\/b> \u00c9vitez totalement l\u2019armoise en raison du risque de thuyone.<\/p><\/li><li><p><b>Maladies r\u00e9nales ou h\u00e9patiques :<\/b> \u00c9vitez compl\u00e8tement l\u2019armoise.<\/p><\/li><li><p><b>Allergie aux plantes de la famille des Ast\u00e9rac\u00e9es :<\/b> Comme les chrysanth\u00e8mes, les chrysanth\u00e8mes sauvages et l'ambroisie, \u00e9vitez l'armoise.<\/p><\/li><li><p><b>Ulc\u00e8re de l\u2019estomac ou du duod\u00e9num:<\/b> L\u2019armoise peut aggraver son irritation.<\/p><\/li><\/ul><\/li><li><p><b>Interactions m\u00e9dicamenteuses:<\/b> L\u2019armoise peut interagir avec certains m\u00e9dicaments, en particulier :<\/p><ul><li><p><b>M\u00e9dicaments contre l\u2019\u00e9pilepsie (anti-convulsivants):<\/b> Cela peut r\u00e9duire son efficacit\u00e9 et augmenter le risque de crises.<\/p><\/li><li><p><b>Anticoagulants:<\/b> Peut affecter la coagulation sanguine.<\/p><\/li><li><p><b>M\u00e9dicaments m\u00e9tabolis\u00e9s dans le foie :<\/b> Cela peut affecter la vitesse de son m\u00e9tabolisme.<\/p><\/li><\/ul><\/li><\/ul>\n\t\t\t\t\t<\/div>\n\t\t\t\t\t\t<\/div>\n\t\t\t\t<\/div>\n\t\t\t\t<\/div>\n\t\t\t\t<\/div>\n\t\t\t\t\t<\/div>\n\t\t\t\t<\/div>\n\t\t\t\t<\/div>","protected":false},"excerpt":{"rendered":"<p>Qu\u2019est-ce que l\u2019Armoise ? Une herbe puissante au go\u00fbt amer et \u00e0 longue histoire m\u00e9dicinale ! Vous cherchez une plante reconnue pour ses propri\u00e9t\u00e9s am\u00e8res et fortes ?<\/p>","protected":false},"featured_media":3859,"comment_status":"open","ping_status":"closed","template":"","meta":[],"product_brand":[],"product_cat":[65],"product_tag":[],"class_list":{"0":"post-3053","1":"product","2":"type-product","3":"status-publish","4":"has-post-thumbnail","6":"product_cat-65","7":"pa_-1-kg","8":"pa_-500-g","10":"first","11":"instock","12":"shipping-taxable","13":"purchasable","14":"product-type-variable"},"jetpack_sharing_enabled":true,"_links":{"self":[{"href":"https:\/\/sfb.ma\/fr\/wp-json\/wp\/v2\/product\/3053","targetHints":{"allow":["GET"]}}],"collection":[{"href":"https:\/\/sfb.ma\/fr\/wp-json\/wp\/v2\/product"}],"about":[{"href":"https:\/\/sfb.ma\/fr\/wp-json\/wp\/v2\/types\/product"}],"replies":[{"embeddable":true,"href":"https:\/\/sfb.ma\/fr\/wp-json\/wp\/v2\/comments?post=3053"}],"version-history":[{"count":0,"href":"https:\/\/sfb.ma\/fr\/wp-json\/wp\/v2\/product\/3053\/revisions"}],"wp:featuredmedia":[{"embeddable":true,"href":"https:\/\/sfb.ma\/fr\/wp-json\/wp\/v2\/media\/3859"}],"wp:attachment":[{"href":"https:\/\/sfb.ma\/fr\/wp-json\/wp\/v2\/media?parent=3053"}],"wp:term":[{"taxonomy":"product_brand","embeddable":true,"href":"https:\/\/sfb.ma\/fr\/wp-json\/wp\/v2\/product_brand?post=3053"},{"taxonomy":"product_cat","embeddable":true,"href":"https:\/\/sfb.ma\/fr\/wp-json\/wp\/v2\/product_cat?post=3053"},{"taxonomy":"product_tag","embeddable":true,"href":"https:\/\/sfb.ma\/fr\/wp-json\/wp\/v2\/product_tag?post=3053"}],"curies":[{"name":"wp","href":"https:\/\/api.w.org\/{rel}","templated":true}]}}