{"id":3138,"date":"2025-07-17T13:44:33","date_gmt":"2025-07-17T13:44:33","guid":{"rendered":"https:\/\/sfb.ma\/?post_type=product&#038;p=3138"},"modified":"2026-01-13T17:52:32","modified_gmt":"2026-01-13T17:52:32","slug":"huile-de-thym","status":"publish","type":"product","link":"https:\/\/sfb.ma\/fr\/produit\/huile-de-thym\/","title":{"rendered":"Huile de Thym"},"content":{"rendered":"<div data-elementor-type=\"product-post\" data-elementor-id=\"3138\" class=\"elementor elementor-3138\" data-elementor-post-type=\"product\">\n\t\t\t\t<div class=\"wd-negative-gap elementor-element elementor-element-906c173 e-flex e-con-boxed e-con e-parent\" data-id=\"906c173\" data-element_type=\"container\" data-e-type=\"container\">\n\t\t\t\t\t<div class=\"e-con-inner\">\n\t\t<div class=\"elementor-element elementor-element-e2481fc e-con-full e-flex e-con e-child\" data-id=\"e2481fc\" data-element_type=\"container\" data-e-type=\"container\">\n\t\t<div class=\"elementor-element elementor-element-973697c e-con-full e-flex e-con e-child\" data-id=\"973697c\" data-element_type=\"container\" data-e-type=\"container\">\n\t\t\t\t<div class=\"elementor-element elementor-element-5390fa4 elementor-widget elementor-widget-wd_text_block\" data-id=\"5390fa4\" data-element_type=\"widget\" data-e-type=\"widget\" data-widget_type=\"wd_text_block.default\">\n\t\t\t\t<div class=\"elementor-widget-container\">\n\t\t\t\t\t\t\t<div class=\"wd-text-block reset-last-child text-center\">\n\t\t\t\n\t\t\t<h3>Qu\u2019est-ce que l\u2019huile de thym ? Une essence aromatique d\u2019une herbe ancestrale !<\/h3>\n\t\t\t\t\t<\/div>\n\t\t\t\t\t\t<\/div>\n\t\t\t\t<\/div>\n\t\t\t\t<div class=\"elementor-element elementor-element-e403ce4 elementor-widget elementor-widget-wd_text_block\" data-id=\"e403ce4\" data-element_type=\"widget\" data-e-type=\"widget\" data-widget_type=\"wd_text_block.default\">\n\t\t\t\t<div class=\"elementor-widget-container\">\n\t\t\t\t\t\t\t<div class=\"wd-text-block reset-last-child text-center\">\n\t\t\t\n\t\t\t<p>Vous cherchez une huile essentielle puissante, au parfum distinctif et p\u00e9n\u00e9trant, largement utilis\u00e9e en aromath\u00e9rapie, avec de nombreux bienfaits pour la peau, le syst\u00e8me respiratoire et l\u2019immunit\u00e9 ? Alors il est temps de d\u00e9couvrir <b>Huile de thym (\u0632\u064a\u062a \u0627\u0644\u0632\u0639\u062a\u0631)<\/b>Cette huile essentielle est extraite des feuilles et fleurs du thym, qui appartient \u00e0 la famille des Lamiac\u00e9es. Le thym commun est <i>Thymus vulgaris<\/i>, et il existe d'autres types comme <i>Thymus zygis<\/i> et<i>Thymus serpyllum<\/i> (Thym sauvage). Le thym est originaire de la r\u00e9gion m\u00e9diterran\u00e9enne et est reconnu depuis longtemps pour ses propri\u00e9t\u00e9s m\u00e9dicinales et aromatiques.<\/p><p>L\u2019huile essentielle de thym est riche en compos\u00e9s biologiquement actifs, dont le plus important est <b>Thymol<\/b> et<b>Carvacrol<\/b>Ce sont des compos\u00e9s ph\u00e9noliques auxquels on attribue la plupart des puissants bienfaits antimicrobiens et antioxydants de l\u2019huile. Elle contient \u00e9galement d\u2019autres compos\u00e9s tels que le linalol, le p-cym\u00e8ne et le gamma-terpin\u00e8ne, dont les concentrations varient selon le type de thym et le chimiotype de l\u2019huile. Alors, que savez-vous vraiment de cette huile concentr\u00e9e qui promet la purification de l\u2019air, le soutien respiratoire et de fortes propri\u00e9t\u00e9s d\u00e9sinfectantes ? D\u00e9couvrez avec nous le secret de l\u2019huile de thym, la puissance concentr\u00e9e de l\u2019herbe ancestrale !<\/p>\n\t\t\t\t\t<\/div>\n\t\t\t\t\t\t<\/div>\n\t\t\t\t<\/div>\n\t\t\t\t<\/div>\n\t\t<div class=\"elementor-element elementor-element-8744206 e-con-full e-flex e-con e-child\" data-id=\"8744206\" data-element_type=\"container\" data-e-type=\"container\">\n\t\t\t\t<div class=\"elementor-element elementor-element-e127fd0 elementor-widget elementor-widget-wd_text_block\" data-id=\"e127fd0\" data-element_type=\"widget\" data-e-type=\"widget\" data-widget_type=\"wd_text_block.default\">\n\t\t\t\t<div class=\"elementor-widget-container\">\n\t\t\t\t\t\t\t<div class=\"wd-text-block reset-last-child text-center\">\n\t\t\t\n\t\t\t<h3>Bienfaits de l\u2019huile de thym : pourquoi cet huile est essentielle en m\u00e9decine naturelle ?<\/h3>\n\t\t\t\t\t<\/div>\n\t\t\t\t\t\t<\/div>\n\t\t\t\t<\/div>\n\t\t\t\t<div class=\"elementor-element elementor-element-878f27c elementor-widget elementor-widget-wd_text_block\" data-id=\"878f27c\" data-element_type=\"widget\" data-e-type=\"widget\" data-widget_type=\"wd_text_block.default\">\n\t\t\t\t<div class=\"elementor-widget-container\">\n\t\t\t\t\t\t\t<div class=\"wd-text-block reset-last-child text-center\">\n\t\t\t\n\t\t\t<p>La plupart des bienfaits proviennent de <b>Huile de Thym<\/b> Bienfaits de l\u2019huile de thym : pourquoi cet huile est essentielle en m\u00e9decine naturelle ? <b>Thymol<\/b> et<b>Carvacrol<\/b>, ainsi que d\u2019autres compos\u00e9s aux puissantes propri\u00e9t\u00e9s antimicrobiennes, anti-inflammatoires, antioxydantes et stimulantes. Ses principaux bienfaits incluent :<\/p><ul><li><p><b>Soutient la sant\u00e9 respiratoire (b\u00e9n\u00e9fice principal)<\/b><\/p><ul><li><p><b>Soulage la toux et la congestion :<\/b> Agit comme un expectorant naturel, aidant \u00e0 fluidifier le mucus et faciliter son \u00e9limination. Utilis\u00e9 pour le rhume, la grippe, la toux et la bronchite.<\/p><\/li><li><p><b>Antispasmodique:<\/b> Aide \u00e0 soulager les spasmes respiratoires provoquant la toux.<\/p><\/li><li><p><b>Propri\u00e9t\u00e9s antiseptiques :<\/b> Il aide \u00e0 lutter contre les bact\u00e9ries et les virus responsables des infections respiratoires.<\/p><\/li><\/ul><\/li><li><p><b>Propri\u00e9t\u00e9s antimicrobiennes puissantes (bact\u00e9ries, virus, champignons) :<\/b> Le thymol et le carvacrol sont des compos\u00e9s tr\u00e8s efficaces contre un large \u00e9ventail de micro-organismes.<\/p><ul><li><p>Utilis\u00e9 comme nettoyant et d\u00e9sinfectant naturel.<\/p><\/li><li><p>Peut aider \u00e0 combattre certaines infections bact\u00e9riennes et fongiques.<\/p><\/li><li><p>Il est utilis\u00e9 dans certains produits de soins bucco-dentaires (comme bain de bouche naturel) pour lutter contre les bact\u00e9ries responsables de la mauvaise haleine et des inflammations des gencives.<\/p><\/li><\/ul><\/li><li><p><b>Soutient la sant\u00e9 de la peau et lutte contre l\u2019acn\u00e9:<\/b> Gr\u00e2ce \u00e0 ses propri\u00e9t\u00e9s antibact\u00e9riennes et anti-inflammatoires, il peut aider \u00e0 :<\/p><ul><li><p>Combat les bact\u00e9ries responsables de l\u2019acn\u00e9.<\/p><\/li><li><p>Apaise les irritations cutan\u00e9es et r\u00e9duit les rougeurs.<\/p><\/li><li><p>Nettoyage g\u00e9n\u00e9ral de la peau (\u00e0 utiliser tr\u00e8s dilu\u00e9).<\/p><\/li><\/ul><\/li><li><p><b>Propri\u00e9t\u00e9s antioxydantes puissantes:<\/b> Le thymol et d\u2019autres compos\u00e9s de l\u2019huile de thym aident \u00e0 combattre les radicaux libres nuisibles, r\u00e9duisent le stress oxydatif et prot\u00e8gent les cellules des dommages, contribuant \u00e0 la pr\u00e9vention des maladies chroniques.<\/p><\/li><li><p><b>Anti-inflammatoire<\/b> Il contribue \u00e0 r\u00e9duire l\u2019inflammation dans le corps, ce qui peut soulager les douleurs articulaires, musculaires et les maux g\u00e9n\u00e9raux.<\/p><\/li><li><p><b>Am\u00e9lioration de la circulation sanguine<\/b> Certaines utilisations traditionnelles sugg\u00e8rent qu\u2019il pourrait am\u00e9liorer la circulation sanguine, favorisant une cicatrisation rapide et r\u00e9duisant le risque de caillots.<\/p><\/li><li><p><b>Soutien \u00e0 la sant\u00e9 digestive\u00a0:<\/b><\/p><ul><li><p>Soulage les gaz et les ballonnements.<\/p><\/li><li><p>Soulage les crampes intestinales.<\/p><\/li><li><p>Peut aider \u00e0 lutter contre les parasites intestinaux.<\/p><\/li><\/ul><\/li><li><p><b>Stimulant mental et anti-stress:<\/b> Utilis\u00e9 en aromath\u00e9rapie pour ses propri\u00e9t\u00e9s stimulantes et tonifiantes, il peut aider \u00e0 :<\/p><ul><li><p>Am\u00e9liore la concentration et la vigilance.<\/p><\/li><li><p>Soulage la fatigue et le stress.<\/p><\/li><li><p>Am\u00e9liore l\u2019humeur g\u00e9n\u00e9rale.<\/p><\/li><\/ul><\/li><\/ul>\n\t\t\t\t\t<\/div>\n\t\t\t\t\t\t<\/div>\n\t\t\t\t<\/div>\n\t\t\t\t<\/div>\n\t\t<div class=\"elementor-element elementor-element-1683cae e-con-full e-flex e-con e-child\" data-id=\"1683cae\" data-element_type=\"container\" data-e-type=\"container\">\n\t\t\t\t<div class=\"elementor-element elementor-element-9e615e1 elementor-widget elementor-widget-wd_text_block\" data-id=\"9e615e1\" data-element_type=\"widget\" data-e-type=\"widget\" data-widget_type=\"wd_text_block.default\">\n\t\t\t\t<div class=\"elementor-widget-container\">\n\t\t\t\t\t\t\t<div class=\"wd-text-block reset-last-child text-center\">\n\t\t\t\n\t\t\t<h3>Pourquoi les experts font-ils confiance \u00e0 l\u2019huile de thym ? Une puissance prouv\u00e9e et une histoire riche !<\/h3>\n\t\t\t\t\t<\/div>\n\t\t\t\t\t\t<\/div>\n\t\t\t\t<\/div>\n\t\t\t\t<div class=\"elementor-element elementor-element-44b8899 elementor-widget elementor-widget-wd_text_block\" data-id=\"44b8899\" data-element_type=\"widget\" data-e-type=\"widget\" data-widget_type=\"wd_text_block.default\">\n\t\t\t\t<div class=\"elementor-widget-container\">\n\t\t\t\t\t\t\t<div class=\"wd-text-block reset-last-child text-center\">\n\t\t\t\n\t\t\t<p>A acquis <b>Huile de Thym<\/b> L\u2019huile de thym occupe une place prestigieuse parmi les huiles essentielles les plus puissantes, tr\u00e8s appr\u00e9ci\u00e9e des aromath\u00e9rapeutes, des experts en phytoth\u00e9rapie et des chercheurs. Elle est recommand\u00e9e par de nombreux sp\u00e9cialistes comme une option naturelle efficace pour soutenir le syst\u00e8me respiratoire, renforcer l\u2019immunit\u00e9 et profiter de ses propri\u00e9t\u00e9s antiseptiques et antioxydantes. Les recherches scientifiques soulignent l\u2019efficacit\u00e9 du thymol dans ses effets antimicrobiens et anti-inflammatoires. La confiance envers l\u2019huile de thym d\u00e9coule de sa longue histoire d\u2019utilisation s\u00fbre et efficace (lorsqu\u2019elle est correctement utilis\u00e9e) depuis des si\u00e8cles, ainsi que des preuves scientifiques croissantes confirmant sa place parmi les tr\u00e9sors naturels pour la sant\u00e9 globale.<\/p><p>\u00a0<\/p>\n\t\t\t\t\t<\/div>\n\t\t\t\t\t\t<\/div>\n\t\t\t\t<\/div>\n\t\t\t\t<\/div>\n\t\t\t\t<\/div>\n\t\t\t\t\t<\/div>\n\t\t\t\t<\/div>\n\t\t\t\t<\/div>","protected":false},"excerpt":{"rendered":"<p>Qu\u2019est-ce que l\u2019huile de thym ? Un extrait aromatique d\u2019une herbe ancestrale ! Cherchez-vous une huile essentielle puissante, avec une fragrance unique et p\u00e9n\u00e9trante, utilis\u00e9e sur<\/p>","protected":false},"featured_media":3949,"comment_status":"open","ping_status":"closed","template":"","meta":[],"product_brand":[],"product_cat":[68],"product_tag":[],"class_list":{"0":"post-3138","1":"product","2":"type-product","3":"status-publish","4":"has-post-thumbnail","6":"product_cat-68","7":"pa_-30-ml","9":"first","10":"instock","11":"shipping-taxable","12":"purchasable","13":"product-type-variable"},"jetpack_sharing_enabled":true,"_links":{"self":[{"href":"https:\/\/sfb.ma\/fr\/wp-json\/wp\/v2\/product\/3138","targetHints":{"allow":["GET"]}}],"collection":[{"href":"https:\/\/sfb.ma\/fr\/wp-json\/wp\/v2\/product"}],"about":[{"href":"https:\/\/sfb.ma\/fr\/wp-json\/wp\/v2\/types\/product"}],"replies":[{"embeddable":true,"href":"https:\/\/sfb.ma\/fr\/wp-json\/wp\/v2\/comments?post=3138"}],"version-history":[{"count":0,"href":"https:\/\/sfb.ma\/fr\/wp-json\/wp\/v2\/product\/3138\/revisions"}],"wp:featuredmedia":[{"embeddable":true,"href":"https:\/\/sfb.ma\/fr\/wp-json\/wp\/v2\/media\/3949"}],"wp:attachment":[{"href":"https:\/\/sfb.ma\/fr\/wp-json\/wp\/v2\/media?parent=3138"}],"wp:term":[{"taxonomy":"product_brand","embeddable":true,"href":"https:\/\/sfb.ma\/fr\/wp-json\/wp\/v2\/product_brand?post=3138"},{"taxonomy":"product_cat","embeddable":true,"href":"https:\/\/sfb.ma\/fr\/wp-json\/wp\/v2\/product_cat?post=3138"},{"taxonomy":"product_tag","embeddable":true,"href":"https:\/\/sfb.ma\/fr\/wp-json\/wp\/v2\/product_tag?post=3138"}],"curies":[{"name":"wp","href":"https:\/\/api.w.org\/{rel}","templated":true}]}}