{"id":3145,"date":"2025-07-17T13:56:47","date_gmt":"2025-07-17T13:56:47","guid":{"rendered":"https:\/\/sfb.ma\/?post_type=product&#038;p=3145"},"modified":"2026-01-13T17:51:20","modified_gmt":"2026-01-13T17:51:20","slug":"huile-d-encens","status":"publish","type":"product","link":"https:\/\/sfb.ma\/fr\/produit\/huile-d-encens\/","title":{"rendered":"Huile d\u2019encens"},"content":{"rendered":"<div data-elementor-type=\"product-post\" data-elementor-id=\"3145\" class=\"elementor elementor-3145\" data-elementor-post-type=\"product\">\n\t\t\t\t<div class=\"wd-negative-gap elementor-element elementor-element-71f8b98 e-flex e-con-boxed e-con e-parent\" data-id=\"71f8b98\" data-element_type=\"container\" data-e-type=\"container\">\n\t\t\t\t\t<div class=\"e-con-inner\">\n\t\t<div class=\"elementor-element elementor-element-c6d4813 e-con-full e-flex e-con e-child\" data-id=\"c6d4813\" data-element_type=\"container\" data-e-type=\"container\">\n\t\t<div class=\"elementor-element elementor-element-0f13477 e-con-full e-flex e-con e-child\" data-id=\"0f13477\" data-element_type=\"container\" data-e-type=\"container\">\n\t\t\t\t<div class=\"elementor-element elementor-element-9f0024a elementor-widget elementor-widget-wd_text_block\" data-id=\"9f0024a\" data-element_type=\"widget\" data-e-type=\"widget\" data-widget_type=\"wd_text_block.default\">\n\t\t\t\t<div class=\"elementor-widget-container\">\n\t\t\t\t\t\t\t<div class=\"wd-text-block reset-last-child text-center\">\n\t\t\t\n\t\t\t<h3>Qu\u2019est-ce que l\u2019huile d\u2019encens ? Le nectar de l\u2019arbre sacr\u00e9 aux vertus gu\u00e9risseuses !<\/h3>\n\t\t\t\t\t<\/div>\n\t\t\t\t\t\t<\/div>\n\t\t\t\t<\/div>\n\t\t\t\t<div class=\"elementor-element elementor-element-6177f1e elementor-widget elementor-widget-wd_text_block\" data-id=\"6177f1e\" data-element_type=\"widget\" data-e-type=\"widget\" data-widget_type=\"wd_text_block.default\">\n\t\t\t\t<div class=\"elementor-widget-container\">\n\t\t\t\t\t\t\t<div class=\"wd-text-block reset-last-child text-center\">\n\t\t\t\n\t\t\t<p>Vous cherchez une huile essentielle reconnue comme l\u2019une des plus anciennes et pr\u00e9cieuses au monde, avec un parfum bois\u00e9, balsamique et aromatique, connue pour ses propri\u00e9t\u00e9s apaisantes, anti-inflammatoires, r\u00e9g\u00e9n\u00e9rantes pour la peau, et m\u00eame spirituelles ? Alors, il est temps de d\u00e9couvrir <b>Huile d\u2019encens (\u0632\u064a\u062a \u0627\u0644\u0644\u0628\u0627\u0646 \u0627\u0644\u0630\u0643\u0631)<\/b>, \u00e9galement connu sous le nom de \u00ab Roi des huiles \u00bb. Cette huile essentielle est extraite de la r\u00e9sine d\u2019encens, dont la plus c\u00e9l\u00e8bre est <i>Boswellia sacra<\/i> et<i>Boswellia carteri<\/i> et<i>Boswellia serrata<\/i>Ces arbres robustes poussent dans des r\u00e9gions arides comme Oman, le Y\u00e9men, la Somalie et certaines parties de l\u2019Inde, le benjoin d\u2019Oman \u00e9tant le plus fin.<\/p><p>L\u2019encens est v\u00e9n\u00e9r\u00e9 depuis des milliers d\u2019ann\u00e9es, utilis\u00e9 dans les rituels religieux, la m\u00e9decine traditionnelle et les parfums dans les civilisations anciennes (\u00e9gyptienne, babylonienne, romaine et chinoise). Ses r\u00e9sines et son huile essentielle contiennent des compos\u00e9s bioactifs puissants, principalement... <b>Acides boswelliques<\/b> et<b>Terp\u00e8nes<\/b>, auquel la plupart des bienfaits de l\u2019huile sont attribu\u00e9s. Mais que savez-vous vraiment de cette huile ancestrale qui promet \u00e0 chaque goutte de r\u00e9g\u00e9n\u00e9rer les cellules, apaiser les nerfs et \u00e9lever l\u2019esprit ? D\u00e9couvrez avec nous le secret de l\u2019huile d\u2019encens, l\u2019or liquide pour un corps et un esprit \u00e9quilibr\u00e9s !<\/p>\n\t\t\t\t\t<\/div>\n\t\t\t\t\t\t<\/div>\n\t\t\t\t<\/div>\n\t\t\t\t<\/div>\n\t\t<div class=\"elementor-element elementor-element-40cb537 e-con-full e-flex e-con e-child\" data-id=\"40cb537\" data-element_type=\"container\" data-e-type=\"container\">\n\t\t\t\t<div class=\"elementor-element elementor-element-859cef4 elementor-widget elementor-widget-wd_text_block\" data-id=\"859cef4\" data-element_type=\"widget\" data-e-type=\"widget\" data-widget_type=\"wd_text_block.default\">\n\t\t\t\t<div class=\"elementor-widget-container\">\n\t\t\t\t\t\t\t<div class=\"wd-text-block reset-last-child text-center\">\n\t\t\t\n\t\t\t<h3>Bienfaits de l\u2019huile d\u2019encens : Pourquoi cette huile est-elle consid\u00e9r\u00e9e comme le joyau des huiles essentielles ?<\/h3>\n\t\t\t\t\t<\/div>\n\t\t\t\t\t\t<\/div>\n\t\t\t\t<\/div>\n\t\t\t\t<div class=\"elementor-element elementor-element-9c3888b elementor-widget elementor-widget-wd_text_block\" data-id=\"9c3888b\" data-element_type=\"widget\" data-e-type=\"widget\" data-widget_type=\"wd_text_block.default\">\n\t\t\t\t<div class=\"elementor-widget-container\">\n\t\t\t\t\t\t\t<div class=\"wd-text-block reset-last-child text-center\">\n\t\t\t\n\t\t\t<p>La plupart des bienfaits sont attribu\u00e9s \u00e0 <b>Huile d\u2019encens<\/b> En raison de ses compos\u00e9s actifs aux propri\u00e9t\u00e9s puissantes anti-inflammatoires, antioxydantes, antiseptiques et r\u00e9g\u00e9n\u00e9ratrices cellulaires, ses principaux bienfaits incluent :<\/p><ul><li><p><b>Soutient la sant\u00e9 et le renouvellement de la peau (b\u00e9n\u00e9fice principal):<\/b> L\u2019huile d\u2019encens est un alli\u00e9 puissant pour les soins de la peau.<\/p><ul><li><p><b>Anti-\u00e2ge:<\/b> Aide \u00e0 r\u00e9duire l\u2019apparence des rides et des ridules, et am\u00e9liore l\u2019\u00e9lasticit\u00e9 de la peau.<\/p><\/li><li><p><b>R\u00e9g\u00e9n\u00e9ration cellulaire:<\/b> Il stimule la r\u00e9g\u00e9n\u00e9ration des cellules cutan\u00e9es saines, contribuant \u00e0 la gu\u00e9rison des cicatrices, vergetures et acn\u00e9.<\/p><\/li><li><p><b>Uniformisation du teint:<\/b> R\u00e9duit la pigmentation et les taches fonc\u00e9es.<\/p><\/li><li><p><b>Apaiser la peau irrit\u00e9e:<\/b> Efficace contre l\u2019ecz\u00e9ma, le psoriasis et la dermatite gr\u00e2ce \u00e0 ses propri\u00e9t\u00e9s anti-inflammatoires.<\/p><\/li><li><p><b>Raffermissement de la peau:<\/b> Aide \u00e0 raffermir la peau et \u00e0 r\u00e9duire le rel\u00e2chement.<\/p><\/li><\/ul><\/li><li><p><b>Puissantes propri\u00e9t\u00e9s anti-inflammatoires:<\/b> Des \u00e9tudes indiquent que les acides boswelliques pr\u00e9sents dans l\u2019encens inhibent les enzymes responsables de l\u2019inflammation, ce qui le rend efficace pour :<\/p><ul><li><p>Soulage les douleurs articulaires et musculaires (polyarthrite rhumato\u00efde et ost\u00e9oporose).<\/p><\/li><li><p>R\u00e9duit l\u2019inflammation du syst\u00e8me digestif (comme la maladie de Crohn et la colite ulc\u00e9reuse \u2013 lors de l\u2019utilisation d\u2019extraits ou d\u2019huile en doses pr\u00e9cises sous surveillance m\u00e9dicale).<\/p><\/li><\/ul><\/li><li><p><b>Soutient la sant\u00e9 respiratoire :<\/b> Utilis\u00e9 pour aider \u00e0 :<\/p><ul><li><p>Soulage la congestion bronchique:<\/p><\/li><li><p>Soulage la toux et les mucosit\u00e9s.<\/p><\/li><li><p>Ouvre les voies respiratoires et facilite la respiration en cas d\u2019asthme et de bronchite.<\/p><\/li><\/ul><\/li><li><p><b>Propri\u00e9t\u00e9s apaisantes et anti-anxi\u00e9t\u00e9:<\/b> L\u2019huile d\u2019encens est connue pour sa capacit\u00e9 \u00e0 :<\/p><ul><li><p>Favorise la d\u00e9tente et r\u00e9duit le stress et l\u2019anxi\u00e9t\u00e9.<\/p><\/li><li><p>Am\u00e9liore l\u2019humeur g\u00e9n\u00e9rale.<\/p><\/li><li><p>Aide \u00e0 favoriser un sommeil r\u00e9parateur:<\/p><\/li><li><p>\u00c9lever la conscience spirituelle et aider \u00e0 la m\u00e9ditation.<\/p><\/li><\/ul><\/li><li><p><b>Soutien Immunitaire :<\/b> \u00c9lever la conscience spirituelle et aider \u00e0 la m\u00e9ditation.<\/p><\/li><li><p><b>Propri\u00e9t\u00e9s antiseptiques et antimicrobiennes :<\/b> Il poss\u00e8de des propri\u00e9t\u00e9s antibact\u00e9riennes et antivirales, ce qui le rend utile pour la purification de l\u2019air ou certaines applications topiques.<\/p><\/li><li><p><b>Soutien \u00e0 la sant\u00e9 digestive\u00a0:<\/b> Il peut contribuer \u00e0 am\u00e9liorer la digestion et \u00e0 soulager certains troubles digestifs tels que les ballonnements et les gaz.<\/p><\/li><\/ul>\n\t\t\t\t\t<\/div>\n\t\t\t\t\t\t<\/div>\n\t\t\t\t<\/div>\n\t\t\t\t<\/div>\n\t\t<div class=\"elementor-element elementor-element-6b9772e e-con-full e-flex e-con e-child\" data-id=\"6b9772e\" data-element_type=\"container\" data-e-type=\"container\">\n\t\t\t\t<div class=\"elementor-element elementor-element-94c0c6c elementor-widget elementor-widget-wd_text_block\" data-id=\"94c0c6c\" data-element_type=\"widget\" data-e-type=\"widget\" data-widget_type=\"wd_text_block.default\">\n\t\t\t\t<div class=\"elementor-widget-container\">\n\t\t\t\t\t\t\t<div class=\"wd-text-block reset-last-child text-center\">\n\t\t\t\n\t\t\t<h3>Pourquoi les experts font-ils confiance \u00e0 l\u2019huile d\u2019encens ? Un h\u00e9ritage historique soutenu par la recherche scientifique !<\/h3>\n\t\t\t\t\t<\/div>\n\t\t\t\t\t\t<\/div>\n\t\t\t\t<\/div>\n\t\t\t\t<div class=\"elementor-element elementor-element-93e7a6d elementor-widget elementor-widget-wd_text_block\" data-id=\"93e7a6d\" data-element_type=\"widget\" data-e-type=\"widget\" data-widget_type=\"wd_text_block.default\">\n\t\t\t\t<div class=\"elementor-widget-container\">\n\t\t\t\t\t\t\t<div class=\"wd-text-block reset-last-child text-center\">\n\t\t\t\n\t\t\t<p>A acquis <b>Huile d\u2019encens<\/b> L\u2019huile d\u2019encens jouit d\u2019une place prestigieuse en tant que l\u2019une des huiles essentielles les plus pr\u00e9cieuses et puissantes. Elle est grandement appr\u00e9ci\u00e9e par les aromath\u00e9rapeutes, les experts en phytoth\u00e9rapie, les dermatologues et les chercheurs. De nombreux sp\u00e9cialistes la recommandent comme une option naturelle efficace pour le renouvellement de la peau, la r\u00e9duction de l\u2019inflammation, l\u2019apaisement des nerfs et le soutien de la sant\u00e9 respiratoire. Les \u00e9tudes scientifiques soulignent l\u2019efficacit\u00e9 de ses compos\u00e9s, notamment les acides boswelliques, dans leurs propri\u00e9t\u00e9s anti-inflammatoires et r\u00e9g\u00e9n\u00e9ratrices cellulaires. La confiance envers l\u2019huile d\u2019encens repose sur sa longue histoire d\u2019utilisation s\u00fbre et efficace (lorsqu\u2019elle est correctement appliqu\u00e9e) depuis des mill\u00e9naires, ainsi que sur les preuves scientifiques croissantes confirmant sa place parmi les tr\u00e9sors naturels majeurs pour la sant\u00e9 globale et le bien-\u00eatre.<\/p><p>\u00a0<\/p>\n\t\t\t\t\t<\/div>\n\t\t\t\t\t\t<\/div>\n\t\t\t\t<\/div>\n\t\t\t\t<\/div>\n\t\t\t\t<\/div>\n\t\t\t\t\t<\/div>\n\t\t\t\t<\/div>\n\t\t\t\t<\/div>","protected":false},"excerpt":{"rendered":"<p>Qu\u2019est-ce que l\u2019huile d\u2019encens ? Le nectar de l\u2019arbre sacr\u00e9 aux propri\u00e9t\u00e9s gu\u00e9risseuses ! Cherchez-vous une huile aromatique consid\u00e9r\u00e9e comme l\u2019une des plus anciennes et pr\u00e9cieuses huiles<\/p>","protected":false},"featured_media":3944,"comment_status":"open","ping_status":"closed","template":"","meta":[],"product_brand":[],"product_cat":[68],"product_tag":[],"class_list":{"0":"post-3145","1":"product","2":"type-product","3":"status-publish","4":"has-post-thumbnail","6":"product_cat-68","7":"pa_-30-ml","9":"first","10":"instock","11":"shipping-taxable","12":"purchasable","13":"product-type-variable"},"jetpack_sharing_enabled":true,"_links":{"self":[{"href":"https:\/\/sfb.ma\/fr\/wp-json\/wp\/v2\/product\/3145","targetHints":{"allow":["GET"]}}],"collection":[{"href":"https:\/\/sfb.ma\/fr\/wp-json\/wp\/v2\/product"}],"about":[{"href":"https:\/\/sfb.ma\/fr\/wp-json\/wp\/v2\/types\/product"}],"replies":[{"embeddable":true,"href":"https:\/\/sfb.ma\/fr\/wp-json\/wp\/v2\/comments?post=3145"}],"version-history":[{"count":0,"href":"https:\/\/sfb.ma\/fr\/wp-json\/wp\/v2\/product\/3145\/revisions"}],"wp:featuredmedia":[{"embeddable":true,"href":"https:\/\/sfb.ma\/fr\/wp-json\/wp\/v2\/media\/3944"}],"wp:attachment":[{"href":"https:\/\/sfb.ma\/fr\/wp-json\/wp\/v2\/media?parent=3145"}],"wp:term":[{"taxonomy":"product_brand","embeddable":true,"href":"https:\/\/sfb.ma\/fr\/wp-json\/wp\/v2\/product_brand?post=3145"},{"taxonomy":"product_cat","embeddable":true,"href":"https:\/\/sfb.ma\/fr\/wp-json\/wp\/v2\/product_cat?post=3145"},{"taxonomy":"product_tag","embeddable":true,"href":"https:\/\/sfb.ma\/fr\/wp-json\/wp\/v2\/product_tag?post=3145"}],"curies":[{"name":"wp","href":"https:\/\/api.w.org\/{rel}","templated":true}]}}