{"id":3153,"date":"2025-07-17T14:13:07","date_gmt":"2025-07-17T14:13:07","guid":{"rendered":"https:\/\/sfb.ma\/?post_type=product&#038;p=3153"},"modified":"2026-01-13T17:48:29","modified_gmt":"2026-01-13T17:48:29","slug":"huile-d-argan","status":"publish","type":"product","link":"https:\/\/sfb.ma\/fr\/produit\/huile-d-argan\/","title":{"rendered":"Huile d\u2019argan"},"content":{"rendered":"<div data-elementor-type=\"product-post\" data-elementor-id=\"3153\" class=\"elementor elementor-3153\" data-elementor-post-type=\"product\">\n\t\t\t\t<div class=\"wd-negative-gap elementor-element elementor-element-6f8472c e-flex e-con-boxed e-con e-parent\" data-id=\"6f8472c\" data-element_type=\"container\" data-e-type=\"container\">\n\t\t\t\t\t<div class=\"e-con-inner\">\n\t\t<div class=\"elementor-element elementor-element-a6d1426 e-con-full e-flex e-con e-child\" data-id=\"a6d1426\" data-element_type=\"container\" data-e-type=\"container\">\n\t\t<div class=\"elementor-element elementor-element-ce30160 e-con-full e-flex e-con e-child\" data-id=\"ce30160\" data-element_type=\"container\" data-e-type=\"container\">\n\t\t\t\t<div class=\"elementor-element elementor-element-a3903f9 elementor-widget elementor-widget-wd_text_block\" data-id=\"a3903f9\" data-element_type=\"widget\" data-e-type=\"widget\" data-widget_type=\"wd_text_block.default\">\n\t\t\t\t<div class=\"elementor-widget-container\">\n\t\t\t\t\t\t\t<div class=\"wd-text-block reset-last-child text-center\">\n\t\t\t\n\t\t\t<h3>Qu\u2019est-ce que l\u2019huile d\u2019argan ? Un tr\u00e9sor pr\u00e9cieux au c\u0153ur d\u2019un arbre rare !<\/h3>\n\t\t\t\t\t<\/div>\n\t\t\t\t\t\t<\/div>\n\t\t\t\t<\/div>\n\t\t\t\t<div class=\"elementor-element elementor-element-f5331d3 elementor-widget elementor-widget-wd_text_block\" data-id=\"f5331d3\" data-element_type=\"widget\" data-e-type=\"widget\" data-widget_type=\"wd_text_block.default\">\n\t\t\t\t<div class=\"elementor-widget-container\">\n\t\t\t\t\t\t\t<div class=\"wd-text-block reset-last-child text-center\">\n\t\t\t\n\t\t\t<p>Vous recherchez une huile naturelle luxueuse, r\u00e9put\u00e9e pour ses incroyables propri\u00e9t\u00e9s hydratantes et nourrissantes pour la peau et les cheveux, anti-\u00e2ge, et riche en nutriments b\u00e9n\u00e9fiques pour votre sant\u00e9 globale ? Alors, il est temps de d\u00e9couvrir <b>Huile d\u2019argan<\/b>, souvent appel\u00e9 \"or liquide\" en raison de sa valeur et de sa raret\u00e9. Cette huile pr\u00e9cieuse est extraite des amandons de l\u2019arganier (<i>Argania spinosa<\/i>), un arbre rare et p\u00e9renne qui ne pousse naturellement que dans le sud-ouest du Maroc, pr\u00e9cis\u00e9ment dans une r\u00e9serve de biosph\u00e8re reconnue par l\u2019UNESCO.<\/p><p>L\u2019huile d\u2019argan est un incontournable de la cuisine marocaine traditionnelle et des rituels de beaut\u00e9 depuis des mill\u00e9naires. Elle est soigneusement extraite des graines du fruit de l\u2019arganier : press\u00e9e \u00e0 froid pour un usage cosm\u00e9tique, ou obtenue par torr\u00e9faction des graines avant pressage pour une version comestible au go\u00fbt de noisette distinctif. L\u2019huile d\u2019argan est reconnue pour sa richesse exceptionnelle... <b>Avec vitamine E (tocoph\u00e9rol)<\/b>et<b>Acides gras essentiels insatur\u00e9s<\/b> (comme les om\u00e9ga-6 et om\u00e9ga-9), et<b>Antioxydants puissants<\/b> (Tels que les polyph\u00e9nols et les st\u00e9rols). Mais que savez-vous vraiment de cette huile miracle qui renferme dans chaque goutte la promesse de cheveux brillants, d\u2019une peau jeune et d\u2019une meilleure sant\u00e9 cardiaque ? D\u00e9couvrez avec nous le secret de l\u2019huile d\u2019argan, tr\u00e9sor naturel du Maroc pour une beaut\u00e9 et une sant\u00e9 durables !<\/p>\n\t\t\t\t\t<\/div>\n\t\t\t\t\t\t<\/div>\n\t\t\t\t<\/div>\n\t\t\t\t<\/div>\n\t\t<div class=\"elementor-element elementor-element-f42c054 e-con-full e-flex e-con e-child\" data-id=\"f42c054\" data-element_type=\"container\" data-e-type=\"container\">\n\t\t\t\t<div class=\"elementor-element elementor-element-8e05271 elementor-widget elementor-widget-wd_text_block\" data-id=\"8e05271\" data-element_type=\"widget\" data-e-type=\"widget\" data-widget_type=\"wd_text_block.default\">\n\t\t\t\t<div class=\"elementor-widget-container\">\n\t\t\t\t\t\t\t<div class=\"wd-text-block reset-last-child text-center\">\n\t\t\t\n\t\t\t<h3>Bienfaits de l\u2019huile d\u2019argan : Pourquoi ce tr\u00e9sor m\u00e9rite une place dans votre routine quotidienne ?<\/h3>\n\t\t\t\t\t<\/div>\n\t\t\t\t\t\t<\/div>\n\t\t\t\t<\/div>\n\t\t\t\t<div class=\"elementor-element elementor-element-9207d3d elementor-widget elementor-widget-wd_text_block\" data-id=\"9207d3d\" data-element_type=\"widget\" data-e-type=\"widget\" data-widget_type=\"wd_text_block.default\">\n\t\t\t\t<div class=\"elementor-widget-container\">\n\t\t\t\t\t\t\t<div class=\"wd-text-block reset-last-child text-center\">\n\t\t\t\n\t\t\t<p>La plupart des bienfaits proviennent de <b>Huile d\u2019argan<\/b> Gr\u00e2ce \u00e0 sa formule unique riche en antioxydants, acides gras et vitamines. Ses principaux bienfaits incluent :<\/p><ul><li><p><b>Pour la peau et le visage (principal avantage en soin de beaut\u00e9) :<\/b><\/p><ul><li><p><b>Hydratation profonde et nutrition :<\/b> C\u2019est un excellent hydratant pour tous les types de peau, y compris les peaux grasses. Il s\u2019absorbe rapidement sans laisser de sensation grasse, aide \u00e0 r\u00e9parer la barri\u00e8re protectrice de la peau et r\u00e9duit la perte d\u2019eau.<\/p><\/li><li><p><b>Anti-\u00e2ge<\/b> R\u00e9duit l\u2019apparence des rides et des ridules gr\u00e2ce \u00e0 sa richesse en vitamine E et en antioxydants qui combattent les radicaux libres et am\u00e9liorent l\u2019\u00e9lasticit\u00e9 de la peau.<\/p><\/li><li><p><b>Traitement de l\u2019acn\u00e9 et apaisement de la peau :<\/b> Gr\u00e2ce \u00e0 ses propri\u00e9t\u00e9s anti-inflammatoires et antibact\u00e9riennes, il aide \u00e0 r\u00e9duire les rougeurs et irritations caus\u00e9es par l\u2019acn\u00e9, et peut r\u00e9guler la production de s\u00e9bum pour les peaux grasses.<\/p><\/li><li><p><b>R\u00e9duit les taches et cicatrices :<\/b> Aide \u00e0 uniformiser le teint, r\u00e9duire l\u2019apparence des taches fonc\u00e9es, et am\u00e9liorer l\u2019aspect des cicatrices (y compris les cicatrices d\u2019acn\u00e9 et les vergetures).<\/p><\/li><li><p><b>Protection contre les dommages caus\u00e9s par le soleil :<\/b> Offre une protection naturelle contre les dommages caus\u00e9s par le soleil et l\u2019environnement.<\/p><\/li><\/ul><\/li><li><p><b>Pour les cheveux (un autre avantage cl\u00e9) :<\/b><\/p><ul><li><p><b>Hydratation et Assouplissement des Cheveux :<\/b> C\u2019est un excellent apr\u00e8s-shampoing naturel pour les cheveux secs, ab\u00eem\u00e9s et cassants, nourrissant les follicules pileux et enveloppant la tige capillaire pour plus de brillance et de douceur.<\/p><\/li><li><p><b>Traitement pour cheveux ab\u00eem\u00e9s et color\u00e9s<\/b> Aide \u00e0 r\u00e9parer les cheveux ab\u00eem\u00e9s par les traitements chimiques ou la chaleur, r\u00e9duisant la casse et les pointes fourchues.<\/p><\/li><li><p><b>Stimule la croissance des cheveux et pr\u00e9vient la chute<\/b> Nourrit le cuir chevelu, am\u00e9liore la circulation sanguine et renforce les follicules pileux, r\u00e9duisant la chute des cheveux et favorisant une croissance saine.<\/p><\/li><li><p><b>Anti-frisottis<\/b> Aide \u00e0 d\u00e9m\u00ealer les cheveux, lisser les boucles et r\u00e9duire les frisottis.<\/p><\/li><\/ul><\/li><li><p><b>Pour la sant\u00e9 g\u00e9n\u00e9rale (lors de la consommation d\u2019huile d\u2019argan alimentaire) :<\/b><\/p><ul><li><p><b>Sant\u00e9 du c\u0153ur :<\/b> Il peut aider \u00e0 r\u00e9duire le taux de mauvais cholest\u00e9rol (LDL) et \u00e0 augmenter le bon cholest\u00e9rol (HDL) gr\u00e2ce aux acides gras essentiels, diminuant ainsi le risque de maladies cardiaques.<\/p><\/li><li><p><b>Antioxydant et anti-inflammatoire<\/b> Il aide \u00e0 prot\u00e9ger les cellules des dommages et r\u00e9duit l'inflammation chronique dans le corps.<\/p><\/li><li><p><b>Soutien Immunitaire :<\/b> Riche en vitamine E et antioxydants, il renforce le syst\u00e8me immunitaire.<\/p><\/li><li><p><b>Sant\u00e9 digestive :<\/b> Il peut contribuer \u00e0 am\u00e9liorer la digestion lorsqu'il est ajout\u00e9 aux aliments.<\/p><\/li><\/ul><\/li><\/ul>\n\t\t\t\t\t<\/div>\n\t\t\t\t\t\t<\/div>\n\t\t\t\t<\/div>\n\t\t\t\t<\/div>\n\t\t<div class=\"elementor-element elementor-element-9418491 e-con-full e-flex e-con e-child\" data-id=\"9418491\" data-element_type=\"container\" data-e-type=\"container\">\n\t\t\t\t<div class=\"elementor-element elementor-element-95e2552 elementor-widget elementor-widget-wd_text_block\" data-id=\"95e2552\" data-element_type=\"widget\" data-e-type=\"widget\" data-widget_type=\"wd_text_block.default\">\n\t\t\t\t<div class=\"elementor-widget-container\">\n\t\t\t\t\t\t\t<div class=\"wd-text-block reset-last-child text-center\">\n\t\t\t\n\t\t\t<h3>Pourquoi les experts font-ils confiance \u00e0 l\u2019huile d\u2019argan ? Une histoire riche et des recherches renouvel\u00e9es !<\/h3>\n\t\t\t\t\t<\/div>\n\t\t\t\t\t\t<\/div>\n\t\t\t\t<\/div>\n\t\t\t\t<div class=\"elementor-element elementor-element-4826d29 elementor-widget elementor-widget-wd_text_block\" data-id=\"4826d29\" data-element_type=\"widget\" data-e-type=\"widget\" data-widget_type=\"wd_text_block.default\">\n\t\t\t\t<div class=\"elementor-widget-container\">\n\t\t\t\t\t\t\t<div class=\"wd-text-block reset-last-child text-center\">\n\t\t\t\n\t\t\t<p>A gagn\u00e9 <b>Huile d\u2019argan<\/b> L\u2019huile d\u2019argan b\u00e9n\u00e9ficie d\u2019une renomm\u00e9e mondiale comme l\u2019une des huiles naturelles les plus importantes pour la peau, les cheveux et la sant\u00e9 g\u00e9n\u00e9rale. Tr\u00e8s appr\u00e9ci\u00e9e par les dermatologues, experts en beaut\u00e9, nutritionnistes et chercheurs, elle est recommand\u00e9e comme une option naturelle efficace pour hydrater la peau, lutter contre le vieillissement, renforcer la sant\u00e9 des cheveux et soutenir la sant\u00e9 cardiaque. Les \u00e9tudes scientifiques soulignent l\u2019efficacit\u00e9 de ses compos\u00e9s, notamment la vitamine E et les acides gras, pour leurs propri\u00e9t\u00e9s antioxydantes, hydratantes et r\u00e9g\u00e9n\u00e9rantes. La confiance accord\u00e9e \u00e0 l\u2019huile d\u2019argan vient de sa longue histoire d\u2019utilisation s\u00fbre et efficace depuis des si\u00e8cles dans son pays d\u2019origine, ainsi que des preuves scientifiques croissantes confirmant sa place parmi les tr\u00e9sors naturels les plus pr\u00e9cieux pour une beaut\u00e9 et une sant\u00e9 durables.<\/p>\n\t\t\t\t\t<\/div>\n\t\t\t\t\t\t<\/div>\n\t\t\t\t<\/div>\n\t\t\t\t<\/div>\n\t\t\t\t<\/div>\n\t\t\t\t\t<\/div>\n\t\t\t\t<\/div>\n\t\t\t\t<\/div>","protected":false},"excerpt":{"rendered":"<p>Qu\u2019est-ce que l\u2019huile d\u2019argan ? Un tr\u00e9sor pr\u00e9cieux issu du c\u0153ur d\u2019un arbre rare ! Vous cherchez une huile naturelle luxueuse, reconnue pour ses incroyables propri\u00e9t\u00e9s hydratantes<\/p>","protected":false},"featured_media":3974,"comment_status":"open","ping_status":"closed","template":"","meta":[],"product_brand":[],"product_cat":[68],"product_tag":[],"class_list":{"0":"post-3153","1":"product","2":"type-product","3":"status-publish","4":"has-post-thumbnail","6":"product_cat-68","7":"pa_-30-ml","9":"first","10":"instock","11":"shipping-taxable","12":"purchasable","13":"product-type-variable"},"jetpack_sharing_enabled":true,"_links":{"self":[{"href":"https:\/\/sfb.ma\/fr\/wp-json\/wp\/v2\/product\/3153","targetHints":{"allow":["GET"]}}],"collection":[{"href":"https:\/\/sfb.ma\/fr\/wp-json\/wp\/v2\/product"}],"about":[{"href":"https:\/\/sfb.ma\/fr\/wp-json\/wp\/v2\/types\/product"}],"replies":[{"embeddable":true,"href":"https:\/\/sfb.ma\/fr\/wp-json\/wp\/v2\/comments?post=3153"}],"version-history":[{"count":0,"href":"https:\/\/sfb.ma\/fr\/wp-json\/wp\/v2\/product\/3153\/revisions"}],"wp:featuredmedia":[{"embeddable":true,"href":"https:\/\/sfb.ma\/fr\/wp-json\/wp\/v2\/media\/3974"}],"wp:attachment":[{"href":"https:\/\/sfb.ma\/fr\/wp-json\/wp\/v2\/media?parent=3153"}],"wp:term":[{"taxonomy":"product_brand","embeddable":true,"href":"https:\/\/sfb.ma\/fr\/wp-json\/wp\/v2\/product_brand?post=3153"},{"taxonomy":"product_cat","embeddable":true,"href":"https:\/\/sfb.ma\/fr\/wp-json\/wp\/v2\/product_cat?post=3153"},{"taxonomy":"product_tag","embeddable":true,"href":"https:\/\/sfb.ma\/fr\/wp-json\/wp\/v2\/product_tag?post=3153"}],"curies":[{"name":"wp","href":"https:\/\/api.w.org\/{rel}","templated":true}]}}