{"id":3160,"date":"2025-07-17T14:25:34","date_gmt":"2025-07-17T14:25:34","guid":{"rendered":"https:\/\/sfb.ma\/?post_type=product&#038;p=3160"},"modified":"2026-01-13T17:47:02","modified_gmt":"2026-01-13T17:47:02","slug":"huile-de-romarin","status":"publish","type":"product","link":"https:\/\/sfb.ma\/fr\/produit\/huile-de-romarin\/","title":{"rendered":"Huile de romarin"},"content":{"rendered":"<div data-elementor-type=\"product-post\" data-elementor-id=\"3160\" class=\"elementor elementor-3160\" data-elementor-post-type=\"product\">\n\t\t\t\t<div class=\"wd-negative-gap elementor-element elementor-element-f4fe938 e-flex e-con-boxed e-con e-parent\" data-id=\"f4fe938\" data-element_type=\"container\" data-e-type=\"container\">\n\t\t\t\t\t<div class=\"e-con-inner\">\n\t\t<div class=\"elementor-element elementor-element-ab826f7 e-con-full e-flex e-con e-child\" data-id=\"ab826f7\" data-element_type=\"container\" data-e-type=\"container\">\n\t\t<div class=\"elementor-element elementor-element-93b34b9 e-con-full e-flex e-con e-child\" data-id=\"93b34b9\" data-element_type=\"container\" data-e-type=\"container\">\n\t\t\t\t<div class=\"elementor-element elementor-element-a2f2b53 elementor-widget elementor-widget-wd_text_block\" data-id=\"a2f2b53\" data-element_type=\"widget\" data-e-type=\"widget\" data-widget_type=\"wd_text_block.default\">\n\t\t\t\t<div class=\"elementor-widget-container\">\n\t\t\t\t\t\t\t<div class=\"wd-text-block reset-last-child text-center\">\n\t\t\t\n\t\t\t<h3>D\u00e9couvrez la magie de l\u2019huile de romarin : des gouttes puissantes de la nature !<\/h3>\n\t\t\t\t\t<\/div>\n\t\t\t\t\t\t<\/div>\n\t\t\t\t<\/div>\n\t\t\t\t<div class=\"elementor-element elementor-element-72056c8 elementor-widget elementor-widget-wd_text_block\" data-id=\"72056c8\" data-element_type=\"widget\" data-e-type=\"widget\" data-widget_type=\"wd_text_block.default\">\n\t\t\t\t<div class=\"elementor-widget-container\">\n\t\t\t\t\t\t\t<div class=\"wd-text-block reset-last-child text-center\">\n\t\t\t\n\t\t\t<p>Vous recherchez une huile essentielle au parfum herbac\u00e9 rafra\u00eechissant, reconnue pour stimuler l\u2019esprit, favoriser la circulation et renforcer la sant\u00e9 des cheveux ? Plongez dans l\u2019univers de <b>Huile de romarin<\/b>Extrait des feuilles et fleurs de la plante de romarin (<i>Rosmarinus officinalis<\/i>, actuellement connu sous le nom de <i>Salvia rosmarinus<\/i>). Cette huile essentielle, appartenant \u00e0 la famille de la menthe, contient une forte concentration de compos\u00e9s actifs, notamment <b>Thuyone<\/b> et<b>1,8-Cin\u00e9ole<\/b> et<b>Camphre<\/b> et<b>Alpha-pin\u00e8ne<\/b>Ces ingr\u00e9dients lui conf\u00e8rent ses propri\u00e9t\u00e9s th\u00e9rapeutiques uniques.<\/p><p>L\u2019huile de romarin n\u2019est pas qu\u2019un simple parfum ; c\u2019est un h\u00e9ritage naturel utilis\u00e9 depuis des si\u00e8cles en m\u00e9decine traditionnelle, en aromath\u00e9rapie et en beaut\u00e9 \u2014 surtout dans la r\u00e9gion m\u00e9diterran\u00e9enne o\u00f9 il pousse en abondance. C\u2019est l\u2019essence de cette plante ancestrale associ\u00e9e \u00e0 la m\u00e9moire et \u00e0 la clart\u00e9 mentale. Quels secrets renferment ces gouttes d\u2019huile pour am\u00e9liorer votre concentration, renforcer vos cheveux et purifier votre peau ? D\u00e9couvrons ensemble la puissance de l\u2019huile de romarin, essence de vitalit\u00e9 et de puret\u00e9 pour un corps et un esprit \u00e9veill\u00e9s !<\/p>\n\t\t\t\t\t<\/div>\n\t\t\t\t\t\t<\/div>\n\t\t\t\t<\/div>\n\t\t\t\t<\/div>\n\t\t<div class=\"elementor-element elementor-element-dc53ae1 e-con-full e-flex e-con e-child\" data-id=\"dc53ae1\" data-element_type=\"container\" data-e-type=\"container\">\n\t\t\t\t<div class=\"elementor-element elementor-element-4a0d15c elementor-widget elementor-widget-wd_text_block\" data-id=\"4a0d15c\" data-element_type=\"widget\" data-e-type=\"widget\" data-widget_type=\"wd_text_block.default\">\n\t\t\t\t<div class=\"elementor-widget-container\">\n\t\t\t\t\t\t\t<div class=\"wd-text-block reset-last-child text-center\">\n\t\t\t\n\t\t\t<h3>Bienfaits de l\u2019huile de romarin : Pourquoi elle est essentielle \u00e0 votre bien-\u00eatre<\/h3>\n\t\t\t\t\t<\/div>\n\t\t\t\t\t\t<\/div>\n\t\t\t\t<\/div>\n\t\t\t\t<div class=\"elementor-element elementor-element-ff4df6d elementor-widget elementor-widget-wd_text_block\" data-id=\"ff4df6d\" data-element_type=\"widget\" data-e-type=\"widget\" data-widget_type=\"wd_text_block.default\">\n\t\t\t\t<div class=\"elementor-widget-container\">\n\t\t\t\t\t\t\t<div class=\"wd-text-block reset-last-child text-center\">\n\t\t\t\n\t\t\t<p>La plupart des bienfaits proviennent de <b>Huile de romarin<\/b> Sa composition riche en compos\u00e9s bioactifs lui conf\u00e8re des propri\u00e9t\u00e9s antioxydantes, anti-inflammatoires, antimicrobiennes et stimulantes. Voici ses principaux bienfaits :<\/p><ul><li><p><b>Soutient les fonctions cognitives et la m\u00e9moire<\/b> L\u2019huile de romarin est un stimulant naturel des fonctions cognitives.<\/p><ul><li><p><b>Am\u00e9liore la concentration et la vigilance :<\/b> L\u2019inhalation d\u2019huile de romarin aide \u00e0 am\u00e9liorer les performances cognitives et la concentration, id\u00e9ale pour les moments d\u2019\u00e9tude ou de travail.<\/p><\/li><li><p><b>Am\u00e9lioration de la m\u00e9moire :<\/b> Les \u00e9tudes indiquent sa capacit\u00e9 \u00e0 am\u00e9liorer la m\u00e9moire, en particulier la m\u00e9moire \u00e0 court terme, et il est traditionnellement utilis\u00e9 pour soutenir la m\u00e9moire.<\/p><\/li><li><p><b>Protection nerveuse :<\/b> Les antioxydants contribuent \u00e0 prot\u00e9ger les cellules c\u00e9r\u00e9brales des dommages et \u00e0 r\u00e9duire le stress oxydatif, ce qui peut ralentir le d\u00e9clin cognitif li\u00e9 \u00e0 l\u2019\u00e2ge.<\/p><\/li><\/ul><\/li><li><p><b>Stimule la croissance des cheveux et pr\u00e9vient leur chute (en usage topique) :<\/b> L\u2019huile de romarin est l\u2019une des huiles essentielles les plus populaires et efficaces pour les soins capillaires.<\/p><ul><li><p><b>Am\u00e9liore la circulation sanguine du cuir chevelu<\/b> Il augmente le flux sanguin vers les follicules pileux, les nourrit et stimule leur croissance.<\/p><\/li><li><p><b>Anti-androg\u00e8ne :<\/b> Il peut aider \u00e0 pr\u00e9venir la perte de cheveux caus\u00e9e par l\u2019hormone dihydrotestost\u00e9rone (DHT), ce qui le rend efficace contre la calvitie h\u00e9r\u00e9ditaire.<\/p><\/li><li><p><b>Combat les pellicules et les d\u00e9mangeaisons :<\/b> Gr\u00e2ce \u00e0 ses propri\u00e9t\u00e9s antifongiques et d\u00e9sinfectantes.<\/p><\/li><\/ul><\/li><li><p><b>Propri\u00e9t\u00e9s puissantes antioxydantes et anti-inflammatoires :<\/b> L\u2019huile de romarin est riche en antioxydants (comme l\u2019acide carnosique et l\u2019acide rosmarinique) qui combattent les radicaux libres et r\u00e9duisent le stress oxydatif. Elle poss\u00e8de \u00e9galement de puissants effets anti-inflammatoires, soulageant douleurs et inflammations des muscles et des articulations.<\/p><\/li><li><p><b>Soutient la sant\u00e9 respiratoire :<\/b> Utilis\u00e9 pour aider \u00e0 :<\/p><ul><li><p><b>Soulage la toux et la congestion :<\/b> Agit comme un expectorant naturel qui aide \u00e0 fluidifier et expulser le mucus.<\/p><\/li><li><p><b>Propri\u00e9t\u00e9s antiseptiques :<\/b> Il aide \u00e0 lutter contre les bact\u00e9ries et les virus responsables des infections respiratoires.<\/p><\/li><\/ul><\/li><li><p><b>Antimicrobien :<\/b> Il poss\u00e8de des propri\u00e9t\u00e9s antibact\u00e9riennes et antifongiques \u00e0 large spectre, ce qui le rend utile pour purifier l\u2019air et lutter contre certaines infections cutan\u00e9es.<\/p><\/li><li><p><b>Soulagement du stress et de l\u2019anxi\u00e9t\u00e9 :<\/b> Le parfum rafra\u00eechissant du romarin contribue \u00e0 r\u00e9duire les niveaux de cortisol (l\u2019hormone du stress), favorisant la d\u00e9tente et am\u00e9liorant l\u2019humeur.<\/p><\/li><\/ul>\n\t\t\t\t\t<\/div>\n\t\t\t\t\t\t<\/div>\n\t\t\t\t<\/div>\n\t\t\t\t<\/div>\n\t\t<div class=\"elementor-element elementor-element-83bee06 e-con-full e-flex e-con e-child\" data-id=\"83bee06\" data-element_type=\"container\" data-e-type=\"container\">\n\t\t\t\t<div class=\"elementor-element elementor-element-3632d29 elementor-widget elementor-widget-wd_text_block\" data-id=\"3632d29\" data-element_type=\"widget\" data-e-type=\"widget\" data-widget_type=\"wd_text_block.default\">\n\t\t\t\t<div class=\"elementor-widget-container\">\n\t\t\t\t\t\t\t<div class=\"wd-text-block reset-last-child text-center\">\n\t\t\t\n\t\t\t<h3>Pourquoi les experts recommandent-ils l\u2019huile de romarin ? Un h\u00e9ritage \u00e9prouv\u00e9 et des recherches prometteuses !<\/h3>\n\t\t\t\t\t<\/div>\n\t\t\t\t\t\t<\/div>\n\t\t\t\t<\/div>\n\t\t\t\t<div class=\"elementor-element elementor-element-302a9d0 elementor-widget elementor-widget-wd_text_block\" data-id=\"302a9d0\" data-element_type=\"widget\" data-e-type=\"widget\" data-widget_type=\"wd_text_block.default\">\n\t\t\t\t<div class=\"elementor-widget-container\">\n\t\t\t\t\t\t\t<div class=\"wd-text-block reset-last-child text-center\">\n\t\t\t\n\t\t\t<p>L\u2019huile de romarin est tr\u00e8s appr\u00e9ci\u00e9e par les dermatologues, les aromath\u00e9rapeutes et les experts en plantes pour son efficacit\u00e9 prouv\u00e9e. Elle est consid\u00e9r\u00e9e comme un choix naturel puissant pour am\u00e9liorer les fonctions cognitives, soutenir la sant\u00e9 des cheveux et profiter de ses propri\u00e9t\u00e9s antioxydantes et anti-inflammatoires. Les recherches scientifiques montrent que ses compos\u00e9s actifs \u2014 en particulier le 1,8-cin\u00e9ole, le camphre et l\u2019alpha-pin\u00e8ne \u2014 ont des effets positifs sur le cerveau, le syst\u00e8me respiratoire et le cuir chevelu. La confiance envers l\u2019huile de romarin provient de sa longue histoire d\u2019utilisation s\u00fbre et efficace (lorsqu\u2019elle est utilis\u00e9e correctement) au fil des si\u00e8cles, ainsi que des preuves scientifiques croissantes qui confirment sa place parmi les plus pr\u00e9cieux tr\u00e9sors de la nature pour am\u00e9liorer la sant\u00e9 et la beaut\u00e9.<\/p>\n\t\t\t\t\t<\/div>\n\t\t\t\t\t\t<\/div>\n\t\t\t\t<\/div>\n\t\t\t\t<\/div>\n\t\t\t\t<\/div>\n\t\t\t\t\t<\/div>\n\t\t\t\t<\/div>\n\t\t\t\t<\/div>","protected":false},"excerpt":{"rendered":"<p>D\u00e9couvrez la magie de l\u2019huile de romarin : des gouttes puissantes venues de la nature ! Vous cherchez une huile essentielle au parfum herbac\u00e9 rafra\u00eechissant, reconnue pour ses bienfaits puissants<\/p>","protected":false},"featured_media":3940,"comment_status":"open","ping_status":"closed","template":"","meta":[],"product_brand":[],"product_cat":[68],"product_tag":[],"class_list":{"0":"post-3160","1":"product","2":"type-product","3":"status-publish","4":"has-post-thumbnail","6":"product_cat-68","7":"pa_-30-ml","9":"first","10":"instock","11":"shipping-taxable","12":"purchasable","13":"product-type-variable"},"jetpack_sharing_enabled":true,"_links":{"self":[{"href":"https:\/\/sfb.ma\/fr\/wp-json\/wp\/v2\/product\/3160","targetHints":{"allow":["GET"]}}],"collection":[{"href":"https:\/\/sfb.ma\/fr\/wp-json\/wp\/v2\/product"}],"about":[{"href":"https:\/\/sfb.ma\/fr\/wp-json\/wp\/v2\/types\/product"}],"replies":[{"embeddable":true,"href":"https:\/\/sfb.ma\/fr\/wp-json\/wp\/v2\/comments?post=3160"}],"version-history":[{"count":0,"href":"https:\/\/sfb.ma\/fr\/wp-json\/wp\/v2\/product\/3160\/revisions"}],"wp:featuredmedia":[{"embeddable":true,"href":"https:\/\/sfb.ma\/fr\/wp-json\/wp\/v2\/media\/3940"}],"wp:attachment":[{"href":"https:\/\/sfb.ma\/fr\/wp-json\/wp\/v2\/media?parent=3160"}],"wp:term":[{"taxonomy":"product_brand","embeddable":true,"href":"https:\/\/sfb.ma\/fr\/wp-json\/wp\/v2\/product_brand?post=3160"},{"taxonomy":"product_cat","embeddable":true,"href":"https:\/\/sfb.ma\/fr\/wp-json\/wp\/v2\/product_cat?post=3160"},{"taxonomy":"product_tag","embeddable":true,"href":"https:\/\/sfb.ma\/fr\/wp-json\/wp\/v2\/product_tag?post=3160"}],"curies":[{"name":"wp","href":"https:\/\/api.w.org\/{rel}","templated":true}]}}