{"id":3169,"date":"2025-07-17T14:45:23","date_gmt":"2025-07-17T14:45:23","guid":{"rendered":"https:\/\/sfb.ma\/?post_type=product&#038;p=3169"},"modified":"2026-01-13T17:44:47","modified_gmt":"2026-01-13T17:44:47","slug":"huile-de-camomille","status":"publish","type":"product","link":"https:\/\/sfb.ma\/fr\/produit\/huile-de-camomille\/","title":{"rendered":"Huile de camomille"},"content":{"rendered":"<div data-elementor-type=\"product-post\" data-elementor-id=\"3169\" class=\"elementor elementor-3169\" data-elementor-post-type=\"product\">\n\t\t\t\t<div class=\"wd-negative-gap elementor-element elementor-element-0a126df e-flex e-con-boxed e-con e-parent\" data-id=\"0a126df\" data-element_type=\"container\" data-e-type=\"container\">\n\t\t\t\t\t<div class=\"e-con-inner\">\n\t\t<div class=\"elementor-element elementor-element-5b3fd40 e-con-full e-flex e-con e-child\" data-id=\"5b3fd40\" data-element_type=\"container\" data-e-type=\"container\">\n\t\t<div class=\"elementor-element elementor-element-7f6a9a5 e-con-full e-flex e-con e-child\" data-id=\"7f6a9a5\" data-element_type=\"container\" data-e-type=\"container\">\n\t\t\t\t<div class=\"elementor-element elementor-element-aa6c5b1 elementor-widget elementor-widget-wd_text_block\" data-id=\"aa6c5b1\" data-element_type=\"widget\" data-e-type=\"widget\" data-widget_type=\"wd_text_block.default\">\n\t\t\t\t<div class=\"elementor-widget-container\">\n\t\t\t\t\t\t\t<div class=\"wd-text-block reset-last-child text-center\">\n\t\t\t\n\t\t\t<h3>D\u00e9couvrez l\u2019univers de l\u2019huile de camomille : une petite fleur aux grandes vertus !<\/h3>\n\t\t\t\t\t<\/div>\n\t\t\t\t\t\t<\/div>\n\t\t\t\t<\/div>\n\t\t\t\t<div class=\"elementor-element elementor-element-9c0a969 elementor-widget elementor-widget-wd_text_block\" data-id=\"9c0a969\" data-element_type=\"widget\" data-e-type=\"widget\" data-widget_type=\"wd_text_block.default\">\n\t\t\t\t<div class=\"elementor-widget-container\">\n\t\t\t\t\t\t\t<div class=\"wd-text-block reset-last-child text-center\">\n\t\t\t\n\t\t\t<p>Vous cherchez une huile essentielle reconnue pour ses propri\u00e9t\u00e9s apaisantes et relaxantes, capable de r\u00e9duire le stress et l\u2019anxi\u00e9t\u00e9, calmer les peaux irrit\u00e9es et favoriser un sommeil r\u00e9parateur ? Alors il est temps de d\u00e9couvrir <b>Huile de camomille (Chamomile Oil)<\/b>Cette huile essentielle est extraite des fleurs de la plante de camomille. Deux types principaux sont utilis\u00e9s pour produire cette huile : <b>Camomille romaine<\/b> (<i>Chamaemelum nobile<\/i>, ou <i>Anthemis nobilis<\/i>) et<b>Camomille allemande<\/b> (<i>Matricaria chamomilla<\/i>, ou <i>Matricaria recutita<\/i>). Les deux types appartiennent \u00e0 la famille des Asteraceae et se distinguent par leurs fortes propri\u00e9t\u00e9s th\u00e9rapeutiques, bien que chacun ait une composition chimique unique qui lui conf\u00e8re certaines diff\u00e9rences d\u2019utilisation et de caract\u00e9ristiques.<\/p><p>La camomille est une plante ancestrale utilis\u00e9e depuis des milliers d\u2019ann\u00e9es en m\u00e9decine traditionnelle et en aromath\u00e9rapie, de l\u2019\u00c9gypte ancienne \u00e0 l\u2019Europe et au Moyen-Orient. La camomille romaine est reconnue pour son parfum doux et fruit\u00e9, tandis que la camomille allemande se distingue par sa couleur bleu fonc\u00e9 (due au compos\u00e9 chamazul\u00e8ne) et son ar\u00f4me herbac\u00e9 plus prononc\u00e9. Les deux sont riches en compos\u00e9s bioactifs tels que <b>Alpha-Bisabolol<\/b> et<b>Chamazul\u00e8ne<\/b> et<b>Apig\u00e9nine<\/b>qui leur conf\u00e8rent leurs propri\u00e9t\u00e9s th\u00e9rapeutiques. Alors, quels secrets ces huiles renferment-elles pour vous apporter calme, soulager la douleur et r\u00e9tablir l\u2019\u00e9quilibre de votre peau ? D\u00e9couvrons ensemble la puissance de l\u2019huile de camomille, essence de s\u00e9r\u00e9nit\u00e9 et de gu\u00e9rison naturelle !<\/p>\n\t\t\t\t\t<\/div>\n\t\t\t\t\t\t<\/div>\n\t\t\t\t<\/div>\n\t\t\t\t<\/div>\n\t\t<div class=\"elementor-element elementor-element-562758c e-con-full e-flex e-con e-child\" data-id=\"562758c\" data-element_type=\"container\" data-e-type=\"container\">\n\t\t\t\t<div class=\"elementor-element elementor-element-46f0271 elementor-widget elementor-widget-wd_text_block\" data-id=\"46f0271\" data-element_type=\"widget\" data-e-type=\"widget\" data-widget_type=\"wd_text_block.default\">\n\t\t\t\t<div class=\"elementor-widget-container\">\n\t\t\t\t\t\t\t<div class=\"wd-text-block reset-last-child text-center\">\n\t\t\t\n\t\t\t<h3>Bienfaits de l\u2019huile de camomille : Pourquoi est-elle votre alli\u00e9e pour confort et beaut\u00e9 ?<\/h3>\n\t\t\t\t\t<\/div>\n\t\t\t\t\t\t<\/div>\n\t\t\t\t<\/div>\n\t\t\t\t<div class=\"elementor-element elementor-element-de56d99 elementor-widget elementor-widget-wd_text_block\" data-id=\"de56d99\" data-element_type=\"widget\" data-e-type=\"widget\" data-widget_type=\"wd_text_block.default\">\n\t\t\t\t<div class=\"elementor-widget-container\">\n\t\t\t\t\t\t\t<div class=\"wd-text-block reset-last-child text-center\">\n\t\t\t\n\t\t\t<p>La plupart des bienfaits sont attribu\u00e9s \u00e0 <b>Huile de camomille<\/b> Gr\u00e2ce \u00e0 ses compos\u00e9s actifs aux propri\u00e9t\u00e9s anti-inflammatoires, apaisantes, antispasmodiques et r\u00e9g\u00e9n\u00e9ratrices cellulaires, voici ses principaux bienfaits :<\/p><ul><li><p><b>Apaise le syst\u00e8me nerveux et r\u00e9duit le stress et l\u2019anxi\u00e9t\u00e9 (le principal avantage)<\/b> L\u2019huile de camomille est reconnue pour ses propri\u00e9t\u00e9s relaxantes exceptionnelles.<\/p><ul><li><p><b>R\u00e9duction de l\u2019anxi\u00e9t\u00e9 et du stress<\/b> Il aide \u00e0 apaiser l\u2019esprit et \u00e0 r\u00e9duire les sensations d\u2019anxi\u00e9t\u00e9 et de stress gr\u00e2ce \u00e0 son effet sur le syst\u00e8me nerveux central.<\/p><\/li><li><p><b>Am\u00e9lioration de la qualit\u00e9 du sommeil<\/b> Il aide \u00e0 lutter contre l\u2019insomnie et favorise un sommeil profond et r\u00e9parateur, ce qui en fait un excellent choix avant le coucher.<\/p><\/li><li><p><b>Am\u00e9lioration de l\u2019humeur<\/b> Peut aider \u00e0 soulager les sympt\u00f4mes de la d\u00e9pression l\u00e9g\u00e8re.<\/p><\/li><\/ul><\/li><li><p><b>Soutient la sant\u00e9 de la peau et apaise les irritations<\/b> L\u2019huile de camomille est douce et efficace pour les peaux sensibles et irrit\u00e9es.<\/p><ul><li><p><b>Anti-inflammatoire<\/b> R\u00e9duit les rougeurs et inflammations caus\u00e9es par l\u2019acn\u00e9, l\u2019ecz\u00e9ma, le psoriasis, les piq\u00fbres d\u2019insectes et les coups de soleil.<\/p><\/li><li><p><b>Antiseptique et antibact\u00e9rien<\/b> Aide \u00e0 combattre les bact\u00e9ries sur la peau, b\u00e9n\u00e9fique contre l\u2019acn\u00e9 et les infections cutan\u00e9es.<\/p><\/li><li><p><b>Apaise les peaux sensibles<\/b> Utilis\u00e9 pour apaiser les peaux irrit\u00e9es et sensibles et r\u00e9duire les d\u00e9mangeaisons.<\/p><\/li><li><p><b>Renouvellement cellulaire et cicatrisation<\/b> Contribue \u00e0 acc\u00e9l\u00e9rer la gu\u00e9rison des petites blessures et cicatrices.<\/p><\/li><\/ul><\/li><li><p><b>Soulagement des douleurs et inflammations<\/b><\/p><ul><li><p><b>Soulagement naturel de la douleur<\/b> Aide \u00e0 soulager les douleurs musculaires, articulaires, les maux de t\u00eate et les douleurs menstruelles gr\u00e2ce \u00e0 ses propri\u00e9t\u00e9s antispasmodiques et anti-inflammatoires.<\/p><\/li><li><p><b>Soulage les coliques et troubles digestifs<\/b> Il peut aider \u00e0 apaiser le syst\u00e8me digestif et soulager les coliques, les gaz et les ballonnements.<\/p><\/li><\/ul><\/li><li><p><b>Soutient la sant\u00e9 respiratoire :<\/b> Il peut aider \u00e0 soulager les sympt\u00f4mes du rhume, de la toux et de la congestion nasale gr\u00e2ce \u00e0 ses propri\u00e9t\u00e9s apaisantes et anti-inflammatoires.<\/p><\/li><li><p><b>Antioxydant<\/b> Contient de puissants antioxydants qui prot\u00e8gent le corps et les cellules des dommages caus\u00e9s par les radicaux libres.<\/p><\/li><\/ul><p><b>Diff\u00e9rences entre l\u2019huile de camomille romaine et allemande<\/b><\/p><ul><li><p><b>Camomille romaine<\/b> Il est particuli\u00e8rement reconnu pour ses propri\u00e9t\u00e9s apaisantes sur les nerfs et l\u2019esprit, largement utilis\u00e9 contre l\u2019anxi\u00e9t\u00e9, le stress, l\u2019insomnie, et pour calmer les enfants. Il d\u00e9gage un parfum doux et fruit\u00e9.<\/p><\/li><li><p><b>\u0627\u0644\u0628\u0627\u0628\u0648\u0646\u062c \u0627\u0644\u0623\u0644\u0645\u0627\u0646\u064a:<\/b> Il se distingue par sa couleur bleu fonc\u00e9 gr\u00e2ce au chamazul\u00e8ne et est reconnu pour ses puissantes propri\u00e9t\u00e9s anti-inflammatoires, id\u00e9al pour les inflammations cutan\u00e9es s\u00e9v\u00e8res et les douleurs corporelles. Son parfum est fort et herbac\u00e9.<\/p><\/li><\/ul>\n\t\t\t\t\t<\/div>\n\t\t\t\t\t\t<\/div>\n\t\t\t\t<\/div>\n\t\t\t\t<\/div>\n\t\t<div class=\"elementor-element elementor-element-44fcf3b e-con-full e-flex e-con e-child\" data-id=\"44fcf3b\" data-element_type=\"container\" data-e-type=\"container\">\n\t\t\t\t<div class=\"elementor-element elementor-element-95e88e1 elementor-widget elementor-widget-wd_text_block\" data-id=\"95e88e1\" data-element_type=\"widget\" data-e-type=\"widget\" data-widget_type=\"wd_text_block.default\">\n\t\t\t\t<div class=\"elementor-widget-container\">\n\t\t\t\t\t\t\t<div class=\"wd-text-block reset-last-child text-center\">\n\t\t\t\n\t\t\t<h3>Pourquoi les experts recommandent-ils l\u2019huile de camomille ? Un h\u00e9ritage th\u00e9rapeutique et des recherches modernes !<\/h3>\n\t\t\t\t\t<\/div>\n\t\t\t\t\t\t<\/div>\n\t\t\t\t<\/div>\n\t\t\t\t<div class=\"elementor-element elementor-element-8f9d2eb elementor-widget elementor-widget-wd_text_block\" data-id=\"8f9d2eb\" data-element_type=\"widget\" data-e-type=\"widget\" data-widget_type=\"wd_text_block.default\">\n\t\t\t\t<div class=\"elementor-widget-container\">\n\t\t\t\t\t\t\t<div class=\"wd-text-block reset-last-child text-center\">\n\t\t\t\n\t\t\t<p>L\u2019huile de camomille est tr\u00e8s appr\u00e9ci\u00e9e des aromath\u00e9rapeutes, dermatologues et experts en plantes pour ses nombreuses propri\u00e9t\u00e9s th\u00e9rapeutiques. Elle est consid\u00e9r\u00e9e comme un excellent choix naturel pour favoriser la relaxation, r\u00e9duire le stress, soutenir le sommeil et apaiser les peaux enflamm\u00e9es. Les recherches scientifiques montrent que ses compos\u00e9s actifs, tels que l\u2019apig\u00e9nine et le camazul\u00e8ne, poss\u00e8dent des effets calmants, anti-inflammatoires et antioxydants. La confiance envers l\u2019huile de camomille repose sur sa longue histoire d\u2019utilisation s\u00fbre et efficace (lorsqu\u2019elle est bien utilis\u00e9e) au fil des si\u00e8cles, ainsi que sur des preuves scientifiques croissantes qui confirment sa place parmi les plus grands tr\u00e9sors de la nature pour favoriser le calme et le bien-\u00eatre.<\/p><p>\u00a0<\/p>\n\t\t\t\t\t<\/div>\n\t\t\t\t\t\t<\/div>\n\t\t\t\t<\/div>\n\t\t\t\t<\/div>\n\t\t\t\t<\/div>\n\t\t\t\t\t<\/div>\n\t\t\t\t<\/div>\n\t\t\t\t<\/div>","protected":false},"excerpt":{"rendered":"<p>D\u00e9couvrez l\u2019univers de l\u2019huile de camomille : une petite fleur aux grandes vertus ! Vous cherchez une huile essentielle reconnue pour ses effets apaisants et relaxants, c\u00e9l\u00e8bre pour sa capacit\u00e9 \u00e0<\/p>","protected":false},"featured_media":3943,"comment_status":"open","ping_status":"closed","template":"","meta":[],"product_brand":[],"product_cat":[68],"product_tag":[],"class_list":{"0":"post-3169","1":"product","2":"type-product","3":"status-publish","4":"has-post-thumbnail","6":"product_cat-68","7":"pa_-30-ml","9":"first","10":"instock","11":"shipping-taxable","12":"purchasable","13":"product-type-variable"},"jetpack_sharing_enabled":true,"_links":{"self":[{"href":"https:\/\/sfb.ma\/fr\/wp-json\/wp\/v2\/product\/3169","targetHints":{"allow":["GET"]}}],"collection":[{"href":"https:\/\/sfb.ma\/fr\/wp-json\/wp\/v2\/product"}],"about":[{"href":"https:\/\/sfb.ma\/fr\/wp-json\/wp\/v2\/types\/product"}],"replies":[{"embeddable":true,"href":"https:\/\/sfb.ma\/fr\/wp-json\/wp\/v2\/comments?post=3169"}],"version-history":[{"count":0,"href":"https:\/\/sfb.ma\/fr\/wp-json\/wp\/v2\/product\/3169\/revisions"}],"wp:featuredmedia":[{"embeddable":true,"href":"https:\/\/sfb.ma\/fr\/wp-json\/wp\/v2\/media\/3943"}],"wp:attachment":[{"href":"https:\/\/sfb.ma\/fr\/wp-json\/wp\/v2\/media?parent=3169"}],"wp:term":[{"taxonomy":"product_brand","embeddable":true,"href":"https:\/\/sfb.ma\/fr\/wp-json\/wp\/v2\/product_brand?post=3169"},{"taxonomy":"product_cat","embeddable":true,"href":"https:\/\/sfb.ma\/fr\/wp-json\/wp\/v2\/product_cat?post=3169"},{"taxonomy":"product_tag","embeddable":true,"href":"https:\/\/sfb.ma\/fr\/wp-json\/wp\/v2\/product_tag?post=3169"}],"curies":[{"name":"wp","href":"https:\/\/api.w.org\/{rel}","templated":true}]}}