{"id":3176,"date":"2025-07-17T14:55:32","date_gmt":"2025-07-17T14:55:32","guid":{"rendered":"https:\/\/sfb.ma\/?post_type=product&#038;p=3176"},"modified":"2026-01-13T17:43:15","modified_gmt":"2026-01-13T17:43:15","slug":"huile-de-soja","status":"publish","type":"product","link":"https:\/\/sfb.ma\/fr\/produit\/huile-de-soja\/","title":{"rendered":"Huile de soja"},"content":{"rendered":"<div data-elementor-type=\"product-post\" data-elementor-id=\"3176\" class=\"elementor elementor-3176\" data-elementor-post-type=\"product\">\n\t\t\t\t<div class=\"wd-negative-gap elementor-element elementor-element-c436e8a e-flex e-con-boxed e-con e-parent\" data-id=\"c436e8a\" data-element_type=\"container\" data-e-type=\"container\">\n\t\t\t\t\t<div class=\"e-con-inner\">\n\t\t<div class=\"elementor-element elementor-element-f649213 e-con-full e-flex e-con e-child\" data-id=\"f649213\" data-element_type=\"container\" data-e-type=\"container\">\n\t\t<div class=\"elementor-element elementor-element-3b31421 e-con-full e-flex e-con e-child\" data-id=\"3b31421\" data-element_type=\"container\" data-e-type=\"container\">\n\t\t\t\t<div class=\"elementor-element elementor-element-c8ed5a0 elementor-widget elementor-widget-wd_text_block\" data-id=\"c8ed5a0\" data-element_type=\"widget\" data-e-type=\"widget\" data-widget_type=\"wd_text_block.default\">\n\t\t\t\t<div class=\"elementor-widget-container\">\n\t\t\t\t\t\t\t<div class=\"wd-text-block reset-last-child text-center\">\n\t\t\t\n\t\t\t<h3>D\u00e9couvrez l\u2019huile de soja : des l\u00e9gumineuses aux gouttes dor\u00e9es !<\/h3>\n\t\t\t\t\t<\/div>\n\t\t\t\t\t\t<\/div>\n\t\t\t\t<\/div>\n\t\t\t\t<div class=\"elementor-element elementor-element-89a176f elementor-widget elementor-widget-wd_text_block\" data-id=\"89a176f\" data-element_type=\"widget\" data-e-type=\"widget\" data-widget_type=\"wd_text_block.default\">\n\t\t\t\t<div class=\"elementor-widget-container\">\n\t\t\t\t\t\t\t<div class=\"wd-text-block reset-last-child text-center\">\n\t\t\t\n\t\t\t<p>Cherchez-vous une huile de cuisson populaire, largement disponible, reconnue pour ses propri\u00e9t\u00e9s \u00e9quilibr\u00e9es soutenant la sant\u00e9 cardiaque, apportant des vitamines essentielles et largement utilis\u00e9e en cuisine et agroalimentaire ? Plongez dans l\u2019univers de <b>Huile de soja<\/b>, extrait des graines de soja (<i>Glycine max<\/i>). Cette huile est l\u2019une des huiles de cuisson les plus consomm\u00e9es au monde, gr\u00e2ce \u00e0 son go\u00fbt l\u00e9ger, son point de fum\u00e9e \u00e9lev\u00e9 et sa polyvalence.<\/p><p>L\u2019huile de soja n\u2019est pas seulement un ingr\u00e9dient de base en cuisine ; c\u2019est un composant cl\u00e9 de nombreux produits alimentaires, reconnu pour sa richesse en acides gras essentiels tels que <b>Om\u00e9ga-3<\/b> Acide alpha-linol\u00e9nique<b>Om\u00e9ga-6<\/b> (Acide linol\u00e9ique), en plus de <b>Vitamine K<\/b> et<b>Vitamine E<\/b>Alors, quels secrets renferme cette huile pour soutenir la sant\u00e9 de votre c\u0153ur, renforcer vos os, et apporter une touche saine \u00e0 vos repas quotidiens ? D\u00e9couvrons ensemble la puissance de l\u2019huile de soja \u2014 un ajout pratique et nutritif \u00e0 votre mode de vie !<\/p>\n\t\t\t\t\t<\/div>\n\t\t\t\t\t\t<\/div>\n\t\t\t\t<\/div>\n\t\t\t\t<\/div>\n\t\t<div class=\"elementor-element elementor-element-3053b4e e-con-full e-flex e-con e-child\" data-id=\"3053b4e\" data-element_type=\"container\" data-e-type=\"container\">\n\t\t\t\t<div class=\"elementor-element elementor-element-21a5bf3 elementor-widget elementor-widget-wd_text_block\" data-id=\"21a5bf3\" data-element_type=\"widget\" data-e-type=\"widget\" data-widget_type=\"wd_text_block.default\">\n\t\t\t\t<div class=\"elementor-widget-container\">\n\t\t\t\t\t\t\t<div class=\"wd-text-block reset-last-child text-center\">\n\t\t\t\n\t\t\t<h3>Bienfaits de l\u2019huile de soja : Pourquoi c\u2019est un choix intelligent pour votre table<\/h3>\n\t\t\t\t\t<\/div>\n\t\t\t\t\t\t<\/div>\n\t\t\t\t<\/div>\n\t\t\t\t<div class=\"elementor-element elementor-element-e86125f elementor-widget elementor-widget-wd_text_block\" data-id=\"e86125f\" data-element_type=\"widget\" data-e-type=\"widget\" data-widget_type=\"wd_text_block.default\">\n\t\t\t\t<div class=\"elementor-widget-container\">\n\t\t\t\t\t\t\t<div class=\"wd-text-block reset-last-child text-center\">\n\t\t\t\n\t\t\t<p>La plupart des bienfaits proviennent de <b>Huile de soja<\/b> Sa formule unique est riche en acides gras essentiels et en vitamines, ce qui en fait un soutien pour la sant\u00e9 globale. Voici ses principaux bienfaits :<\/p><ul><li><p><b>Soutient la sant\u00e9 cardiovasculaire (avantage cl\u00e9)<\/b><\/p><ul><li><p><b>\u00c9quilibre du cholest\u00e9rol<\/b> Il contribue \u00e0 r\u00e9duire le taux de mauvais cholest\u00e9rol (LDL) et peut augmenter le bon cholest\u00e9rol (HDL) gr\u00e2ce \u00e0 sa teneur en acides gras polyinsatur\u00e9s (AGPI).<\/p><\/li><li><p><b>Riche en om\u00e9ga-3<\/b> C\u2019est une bonne source v\u00e9g\u00e9tale d\u2019acide alpha-linol\u00e9nique (ALA), un type d\u2019acide gras om\u00e9ga-3 reconnu pour ses bienfaits cardiaques et ses propri\u00e9t\u00e9s anti-inflammatoires.<\/p><\/li><\/ul><\/li><li><p><b>Renforcement de la sant\u00e9 des os:<\/b><\/p><ul><li><p><b>Riche en vitamine K:<\/b> L\u2019huile de soja est une excellente source de vitamine K, qui joue un r\u00f4le essentiel dans la min\u00e9ralisation des os et la coagulation sanguine. Elle contribue \u00e0 renforcer des os solides et sains.<\/p><\/li><\/ul><\/li><li><p><b>Propri\u00e9t\u00e9s antioxydantes:<\/b><\/p><ul><li><p><b>Teneur en vitamine E:<\/b> Contient de la vitamine E, un puissant antioxydant qui prot\u00e8ge les cellules du corps des dommages caus\u00e9s par les radicaux libres et aide \u00e0 r\u00e9duire le stress oxydatif.<\/p><\/li><\/ul><\/li><li><p><b>Soutient la sant\u00e9 de la peau et des cheveux (en application locale)<\/b><\/p><ul><li><p><b>Hydratation et Nutrition :<\/b> Il peut \u00eatre utilis\u00e9 comme hydratant naturel pour la peau et les cheveux gr\u00e2ce \u00e0 sa teneur en vitamine E et en acides gras, qui aident \u00e0 hydrater la peau s\u00e8che et les cheveux ab\u00eem\u00e9s.<\/p><\/li><li><p><b>Protection de la peau:<\/b> Peut aider \u00e0 prot\u00e9ger la peau contre certains dommages environnementaux.<\/p><\/li><\/ul><\/li><li><p><b>Polyvalence en cuisine:<\/b><\/p><ul><li><p><b>Point de fum\u00e9e \u00e9lev\u00e9:<\/b> Il convient \u00e0 une grande vari\u00e9t\u00e9 de modes de cuisson, y compris la friture, la cuisson au four et le r\u00f4tissage, gr\u00e2ce \u00e0 son point de fum\u00e9e \u00e9lev\u00e9.<\/p><\/li><li><p><b>Saveur neutre:<\/b> Sa saveur l\u00e9g\u00e8re en fait un excellent choix qui ne domine pas le go\u00fbt des autres ingr\u00e9dients dans les plats.<\/p><\/li><\/ul><\/li><\/ul>\n\t\t\t\t\t<\/div>\n\t\t\t\t\t\t<\/div>\n\t\t\t\t<\/div>\n\t\t\t\t<\/div>\n\t\t<div class=\"elementor-element elementor-element-671f5b5 e-con-full e-flex e-con e-child\" data-id=\"671f5b5\" data-element_type=\"container\" data-e-type=\"container\">\n\t\t\t\t<div class=\"elementor-element elementor-element-7c8d13e elementor-widget elementor-widget-wd_text_block\" data-id=\"7c8d13e\" data-element_type=\"widget\" data-e-type=\"widget\" data-widget_type=\"wd_text_block.default\">\n\t\t\t\t<div class=\"elementor-widget-container\">\n\t\t\t\t\t\t\t<div class=\"wd-text-block reset-last-child text-center\">\n\t\t\t\n\t\t\t<h3>Pourquoi les experts recommandent l\u2019huile de soja ? Valeur nutritive et disponibilit\u00e9 \u00e9tendue !<\/h3>\n\t\t\t\t\t<\/div>\n\t\t\t\t\t\t<\/div>\n\t\t\t\t<\/div>\n\t\t\t\t<div class=\"elementor-element elementor-element-cd23f3a elementor-widget elementor-widget-wd_text_block\" data-id=\"cd23f3a\" data-element_type=\"widget\" data-e-type=\"widget\" data-widget_type=\"wd_text_block.default\">\n\t\t\t\t<div class=\"elementor-widget-container\">\n\t\t\t\t\t\t\t<div class=\"wd-text-block reset-last-child text-center\">\n\t\t\t\n\t\t\t<p>L\u2019huile de soja est appr\u00e9ci\u00e9e par les nutritionnistes et chercheurs comme une huile de cuisson \u00e9conomique et nutritive. Elle est recommand\u00e9e dans le cadre d\u2019une alimentation \u00e9quilibr\u00e9e, notamment pour ses bienfaits potentiels sur la sant\u00e9 cardiaque gr\u00e2ce \u00e0 sa teneur en acides gras essentiels et en vitamine K. Les recherches scientifiques d\u00e9montrent le r\u00f4le de ces composants dans le soutien des fonctions corporelles. La confiance envers l\u2019huile de soja d\u00e9coule de son utilisation r\u00e9pandue et s\u00e9curis\u00e9e dans les industries alimentaires et les foyers depuis de nombreuses ann\u00e9es, ainsi que des preuves scientifiques confirmant sa valeur nutritionnelle.<\/p><p>\u00a0<\/p>\n\t\t\t\t\t<\/div>\n\t\t\t\t\t\t<\/div>\n\t\t\t\t<\/div>\n\t\t\t\t<\/div>\n\t\t\t\t<\/div>\n\t\t\t\t\t<\/div>\n\t\t\t\t<\/div>\n\t\t\t\t<\/div>","protected":false},"excerpt":{"rendered":"<p>D\u00e9couvrez l'huile de soja : des l\u00e9gumineuses aux gouttes dor\u00e9es ! Vous cherchez une huile de cuisson populaire, facilement accessible, reconnue pour ses propri\u00e9t\u00e9s \u00e9quilibr\u00e9es qui soutiennent la sant\u00e9<\/p>","protected":false},"featured_media":3942,"comment_status":"open","ping_status":"closed","template":"","meta":[],"product_brand":[],"product_cat":[68],"product_tag":[],"class_list":{"0":"post-3176","1":"product","2":"type-product","3":"status-publish","4":"has-post-thumbnail","6":"product_cat-68","7":"pa_-30-ml","9":"first","10":"instock","11":"shipping-taxable","12":"purchasable","13":"product-type-variable"},"jetpack_sharing_enabled":true,"_links":{"self":[{"href":"https:\/\/sfb.ma\/fr\/wp-json\/wp\/v2\/product\/3176","targetHints":{"allow":["GET"]}}],"collection":[{"href":"https:\/\/sfb.ma\/fr\/wp-json\/wp\/v2\/product"}],"about":[{"href":"https:\/\/sfb.ma\/fr\/wp-json\/wp\/v2\/types\/product"}],"replies":[{"embeddable":true,"href":"https:\/\/sfb.ma\/fr\/wp-json\/wp\/v2\/comments?post=3176"}],"version-history":[{"count":0,"href":"https:\/\/sfb.ma\/fr\/wp-json\/wp\/v2\/product\/3176\/revisions"}],"wp:featuredmedia":[{"embeddable":true,"href":"https:\/\/sfb.ma\/fr\/wp-json\/wp\/v2\/media\/3942"}],"wp:attachment":[{"href":"https:\/\/sfb.ma\/fr\/wp-json\/wp\/v2\/media?parent=3176"}],"wp:term":[{"taxonomy":"product_brand","embeddable":true,"href":"https:\/\/sfb.ma\/fr\/wp-json\/wp\/v2\/product_brand?post=3176"},{"taxonomy":"product_cat","embeddable":true,"href":"https:\/\/sfb.ma\/fr\/wp-json\/wp\/v2\/product_cat?post=3176"},{"taxonomy":"product_tag","embeddable":true,"href":"https:\/\/sfb.ma\/fr\/wp-json\/wp\/v2\/product_tag?post=3176"}],"curies":[{"name":"wp","href":"https:\/\/api.w.org\/{rel}","templated":true}]}}