{"id":3183,"date":"2025-07-17T16:53:58","date_gmt":"2025-07-17T16:53:58","guid":{"rendered":"https:\/\/sfb.ma\/?post_type=product&#038;p=3183"},"modified":"2026-01-13T17:41:02","modified_gmt":"2026-01-13T17:41:02","slug":"huile-de-lin","status":"publish","type":"product","link":"https:\/\/sfb.ma\/fr\/produit\/huile-de-lin\/","title":{"rendered":"Huile de lin"},"content":{"rendered":"<div data-elementor-type=\"product-post\" data-elementor-id=\"3183\" class=\"elementor elementor-3183\" data-elementor-post-type=\"product\">\n\t\t\t\t<div class=\"wd-negative-gap elementor-element elementor-element-7bfc636 e-flex e-con-boxed e-con e-parent\" data-id=\"7bfc636\" data-element_type=\"container\" data-e-type=\"container\">\n\t\t\t\t\t<div class=\"e-con-inner\">\n\t\t<div class=\"elementor-element elementor-element-3d3ef6d e-con-full e-flex e-con e-child\" data-id=\"3d3ef6d\" data-element_type=\"container\" data-e-type=\"container\">\n\t\t<div class=\"elementor-element elementor-element-4537b00 e-con-full e-flex e-con e-child\" data-id=\"4537b00\" data-element_type=\"container\" data-e-type=\"container\">\n\t\t\t\t<div class=\"elementor-element elementor-element-aa54aba elementor-widget elementor-widget-wd_text_block\" data-id=\"aa54aba\" data-element_type=\"widget\" data-e-type=\"widget\" data-widget_type=\"wd_text_block.default\">\n\t\t\t\t<div class=\"elementor-widget-container\">\n\t\t\t\t\t\t\t<div class=\"wd-text-block reset-last-child text-center\">\n\t\t\t\n\t\t\t<h3>D\u00e9couvrez l\u2019huile de lin : des gouttes dor\u00e9es de la nature pour votre sant\u00e9 !<\/h3>\n\t\t\t\t\t<\/div>\n\t\t\t\t\t\t<\/div>\n\t\t\t\t<\/div>\n\t\t\t\t<div class=\"elementor-element elementor-element-9e0060e elementor-widget elementor-widget-wd_text_block\" data-id=\"9e0060e\" data-element_type=\"widget\" data-e-type=\"widget\" data-widget_type=\"wd_text_block.default\">\n\t\t\t\t<div class=\"elementor-widget-container\">\n\t\t\t\t\t\t\t<div class=\"wd-text-block reset-last-child text-center\">\n\t\t\t\n\t\t\t<p>Vous recherchez une huile alimentaire exceptionnelle, reconnue pour sa haute concentration en acides gras ? <b>Om\u00e9ga-3<\/b> de bonnes graisses essentielles, reconnues pour soutenir la sant\u00e9 du c\u0153ur, le syst\u00e8me digestif et m\u00eame la beaut\u00e9 de la peau. Plongez dans l\u2019univers de <b>Huile de lin (\u0632\u064a\u062a \u0628\u0630\u0648\u0631 \u0627\u0644\u0643\u062a\u0627\u0646)<\/b>, extrait des graines de lin (<i>Linum usitatissimum<\/i>\"). Cette huile pr\u00e9cieuse est l\u2019une des sources v\u00e9g\u00e9tales les plus riches en acide\" <b>Acide alpha-linol\u00e9nique (ALA)<\/b>, un type d\u2019acide gras om\u00e9ga-3 essentiel que le corps humain ne peut pas produire lui-m\u00eame.<\/p><p>L\u2019huile de graines de lin n\u2019est pas simplement un ingr\u00e9dient de cuisine ; c\u2019est un tr\u00e9sor nutritionnel utilis\u00e9 depuis des milliers d\u2019ann\u00e9es en m\u00e9decine traditionnelle pour ses propri\u00e9t\u00e9s curatives. Connue pour son m\u00e9lange unique d\u2019acides gras om\u00e9ga-3, d\u2019antioxydants puissants (comme les lignanes) et de fibres (bien que les fibres soient plus abondantes dans les graines enti\u00e8res que dans l\u2019huile), cet \u00e9lixir dor\u00e9 rec\u00e8le des secrets qui favorisent la sant\u00e9 cardiaque, am\u00e9liorent la digestion et subliment l\u2019\u00e9clat de la peau. D\u00e9couvrons ensemble la puissance de l\u2019huile de graines de lin, un alli\u00e9 naturel pour un bien-\u00eatre complet !<\/p>\n\t\t\t\t\t<\/div>\n\t\t\t\t\t\t<\/div>\n\t\t\t\t<\/div>\n\t\t\t\t<\/div>\n\t\t<div class=\"elementor-element elementor-element-3572120 e-con-full e-flex e-con e-child\" data-id=\"3572120\" data-element_type=\"container\" data-e-type=\"container\">\n\t\t\t\t<div class=\"elementor-element elementor-element-7014bfb elementor-widget elementor-widget-wd_text_block\" data-id=\"7014bfb\" data-element_type=\"widget\" data-e-type=\"widget\" data-widget_type=\"wd_text_block.default\">\n\t\t\t\t<div class=\"elementor-widget-container\">\n\t\t\t\t\t\t\t<div class=\"wd-text-block reset-last-child text-center\">\n\t\t\t\n\t\t\t<h3>Bienfaits de l\u2019huile de graines de lin : pourquoi elle est un ajout indispensable \u00e0 votre mode de vie sain<\/h3>\n\t\t\t\t\t<\/div>\n\t\t\t\t\t\t<\/div>\n\t\t\t\t<\/div>\n\t\t\t\t<div class=\"elementor-element elementor-element-9e4145b elementor-widget elementor-widget-wd_text_block\" data-id=\"9e4145b\" data-element_type=\"widget\" data-e-type=\"widget\" data-widget_type=\"wd_text_block.default\">\n\t\t\t\t<div class=\"elementor-widget-container\">\n\t\t\t\t\t\t\t<div class=\"wd-text-block reset-last-child text-center\">\n\t\t\t\n\t\t\t<p>La plupart des bienfaits proviennent de <b>Huile de lin<\/b> Gr\u00e2ce \u00e0 sa teneur remarquable en acide alpha-linol\u00e9nique (ALA) et en acides gras essentiels, ainsi qu\u2019\u00e0 ses propri\u00e9t\u00e9s anti-inflammatoires et antioxydantes, voici ses principaux bienfaits :<\/p><ul><li><p><b>Sant\u00e9 cardiaque et cardiovasculaire (b\u00e9n\u00e9fice principal):<\/b><\/p><ul><li><p><b>Une source riche en om\u00e9ga-3 (ALA) :<\/b> L\u2019huile de graines de lin est l\u2019une des meilleures sources v\u00e9g\u00e9tales d\u2019acide alpha-linol\u00e9nique, qui se convertit partiellement dans le corps en om\u00e9ga-3 \u00e0 longue cha\u00eene (EPA et DHA) essentiels \u00e0 la sant\u00e9 cardiaque.<\/p><\/li><li><p><b>R\u00e9duction du cholest\u00e9rol:<\/b> Il contribue \u00e0 r\u00e9duire les niveaux de mauvais cholest\u00e9rol (LDL) et de triglyc\u00e9rides, diminuant ainsi le risque de maladies cardiaques et d\u2019ath\u00e9roscl\u00e9rose.<\/p><\/li><li><p><b>R\u00e9duction de la tension art\u00e9rielle:<\/b> Certaines \u00e9tudes sugg\u00e8rent qu\u2019il pourrait aider \u00e0 r\u00e9duire l\u2019hypertension art\u00e9rielle.<\/p><\/li><li><p><b>R\u00e9duction de l\u2019inflammation:<\/b> Les acides om\u00e9ga-3 r\u00e9duisent l\u2019inflammation chronique des vaisseaux sanguins, am\u00e9liorant la sant\u00e9 globale du c\u0153ur.<\/p><\/li><\/ul><\/li><li><p><b>Soutien \u00e0 la sant\u00e9 digestive\u00a0:<\/b><\/p><ul><li><p><b>Soulage la constipation:<\/b> Il agit comme un laxatif naturel doux gr\u00e2ce \u00e0 son effet apaisant sur les intestins, aidant \u00e0 r\u00e9guler le transit intestinal et \u00e0 soulager la constipation.<\/p><\/li><li><p><b>Apaisement de l\u2019inflammation du c\u00f4lon:<\/b> Ses propri\u00e9t\u00e9s anti-inflammatoires peuvent contribuer \u00e0 att\u00e9nuer les sympt\u00f4mes de certains cas de colite.<\/p><\/li><\/ul><\/li><li><p><b>Propri\u00e9t\u00e9s anti-inflammatoires :<\/b> L\u2019huile de graines de lin est reconnue pour sa capacit\u00e9 \u00e0 r\u00e9duire l\u2019inflammation dans le corps, ce qui peut \u00eatre b\u00e9n\u00e9fique pour l\u2019arthrite, l\u2019asthme et d\u2019autres troubles inflammatoires chroniques.<\/p><\/li><li><p><b>Sant\u00e9 de la peau et des cheveux:<\/b><\/p><ul><li><p><b>Hydratation et Nutrition :<\/b> Il contribue \u00e0 hydrater les peaux s\u00e8ches et \u00e0 les nourrir de l\u2019int\u00e9rieur gr\u00e2ce aux acides gras essentiels, et peut aider \u00e0 am\u00e9liorer l\u2019\u00e9lasticit\u00e9 et l\u2019\u00e9clat de la peau.<\/p><\/li><li><p><b>R\u00e9duction des probl\u00e8mes de peau:<\/b> Il peut aider \u00e0 att\u00e9nuer les sympt\u00f4mes de certaines affections cutan\u00e9es comme l\u2019ecz\u00e9ma et le psoriasis.<\/p><\/li><li><p><b>Sant\u00e9 des cheveux:<\/b> Nourrit le cuir chevelu et peut am\u00e9liorer la brillance et la force des cheveux.<\/p><\/li><\/ul><\/li><li><p><b>Gestion de la glyc\u00e9mie:<\/b> Certaines recherches indiquent qu\u2019il pourrait aider \u00e0 am\u00e9liorer la sensibilit\u00e9 \u00e0 l\u2019insuline et \u00e0 r\u00e9guler le taux de sucre dans le sang, ce qui pourrait \u00eatre b\u00e9n\u00e9fique pour les diab\u00e9tiques.<\/p><\/li><li><p><b>Antioxydant<\/b> Contient des antioxydants qui prot\u00e8gent les cellules du corps des dommages caus\u00e9s par les radicaux libres.<\/p><\/li><\/ul>\n\t\t\t\t\t<\/div>\n\t\t\t\t\t\t<\/div>\n\t\t\t\t<\/div>\n\t\t\t\t<\/div>\n\t\t<div class=\"elementor-element elementor-element-ae97348 e-con-full e-flex e-con e-child\" data-id=\"ae97348\" data-element_type=\"container\" data-e-type=\"container\">\n\t\t\t\t<div class=\"elementor-element elementor-element-b8ffa11 elementor-widget elementor-widget-wd_text_block\" data-id=\"b8ffa11\" data-element_type=\"widget\" data-e-type=\"widget\" data-widget_type=\"wd_text_block.default\">\n\t\t\t\t<div class=\"elementor-widget-container\">\n\t\t\t\t\t\t\t<div class=\"wd-text-block reset-last-child text-center\">\n\t\t\t\n\t\t\t<h3>Pourquoi les experts recommandent-ils l\u2019huile de graines de lin ? Des preuves scientifiques croissantes et une valeur nutritionnelle unique !<\/h3>\n\t\t\t\t\t<\/div>\n\t\t\t\t\t\t<\/div>\n\t\t\t\t<\/div>\n\t\t\t\t<div class=\"elementor-element elementor-element-c3dbf9a elementor-widget elementor-widget-wd_text_block\" data-id=\"c3dbf9a\" data-element_type=\"widget\" data-e-type=\"widget\" data-widget_type=\"wd_text_block.default\">\n\t\t\t\t<div class=\"elementor-widget-container\">\n\t\t\t\t\t\t\t<div class=\"wd-text-block reset-last-child text-center\">\n\t\t\t\n\t\t\t<p>L\u2019huile de graines de lin est tr\u00e8s appr\u00e9ci\u00e9e par les nutritionnistes, cardiologues et chercheurs comme un excellent choix alimentaire favorable \u00e0 la sant\u00e9. Elle est recommand\u00e9e comme source v\u00e9g\u00e9tale essentielle d\u2019om\u00e9ga-3, surtout pour ceux qui ne consomment pas de poissons gras. Les \u00e9tudes scientifiques soulignent son efficacit\u00e9 pour soutenir la sant\u00e9 cardiaque, r\u00e9duire l\u2019inflammation et am\u00e9liorer les fonctions digestives. La confiance dans l\u2019huile de graines de lin vient de son statut croissant en tant qu\u2019alternative saine aux autres huiles, ainsi que des preuves scientifiques confirmant sa valeur nutritionnelle et ses bienfaits pour la sant\u00e9.<\/p><p>\u00a0<\/p>\n\t\t\t\t\t<\/div>\n\t\t\t\t\t\t<\/div>\n\t\t\t\t<\/div>\n\t\t\t\t<\/div>\n\t\t\t\t<\/div>\n\t\t\t\t\t<\/div>\n\t\t\t\t<\/div>\n\t\t\t\t<\/div>","protected":false},"excerpt":{"rendered":"<p>D\u00e9couvrez l'huile de graines de lin : des gouttes dor\u00e9es de la nature pour votre sant\u00e9 ! Vous cherchez une huile alimentaire exceptionnelle, reconnue pour sa haute concentration en acides<\/p>","protected":false},"featured_media":3945,"comment_status":"open","ping_status":"closed","template":"","meta":[],"product_brand":[],"product_cat":[68],"product_tag":[],"class_list":{"0":"post-3183","1":"product","2":"type-product","3":"status-publish","4":"has-post-thumbnail","6":"product_cat-68","7":"pa_-30-ml","9":"first","10":"instock","11":"shipping-taxable","12":"purchasable","13":"product-type-variable"},"jetpack_sharing_enabled":true,"_links":{"self":[{"href":"https:\/\/sfb.ma\/fr\/wp-json\/wp\/v2\/product\/3183","targetHints":{"allow":["GET"]}}],"collection":[{"href":"https:\/\/sfb.ma\/fr\/wp-json\/wp\/v2\/product"}],"about":[{"href":"https:\/\/sfb.ma\/fr\/wp-json\/wp\/v2\/types\/product"}],"replies":[{"embeddable":true,"href":"https:\/\/sfb.ma\/fr\/wp-json\/wp\/v2\/comments?post=3183"}],"version-history":[{"count":0,"href":"https:\/\/sfb.ma\/fr\/wp-json\/wp\/v2\/product\/3183\/revisions"}],"wp:featuredmedia":[{"embeddable":true,"href":"https:\/\/sfb.ma\/fr\/wp-json\/wp\/v2\/media\/3945"}],"wp:attachment":[{"href":"https:\/\/sfb.ma\/fr\/wp-json\/wp\/v2\/media?parent=3183"}],"wp:term":[{"taxonomy":"product_brand","embeddable":true,"href":"https:\/\/sfb.ma\/fr\/wp-json\/wp\/v2\/product_brand?post=3183"},{"taxonomy":"product_cat","embeddable":true,"href":"https:\/\/sfb.ma\/fr\/wp-json\/wp\/v2\/product_cat?post=3183"},{"taxonomy":"product_tag","embeddable":true,"href":"https:\/\/sfb.ma\/fr\/wp-json\/wp\/v2\/product_tag?post=3183"}],"curies":[{"name":"wp","href":"https:\/\/api.w.org\/{rel}","templated":true}]}}