{"id":3190,"date":"2025-07-17T17:08:47","date_gmt":"2025-07-17T17:08:47","guid":{"rendered":"https:\/\/sfb.ma\/?post_type=product&#038;p=3190"},"modified":"2026-01-13T17:39:21","modified_gmt":"2026-01-13T17:39:21","slug":"huile-de-cresson","status":"publish","type":"product","link":"https:\/\/sfb.ma\/fr\/produit\/huile-de-cresson\/","title":{"rendered":"Huile de cresson"},"content":{"rendered":"<div data-elementor-type=\"product-post\" data-elementor-id=\"3190\" class=\"elementor elementor-3190\" data-elementor-post-type=\"product\">\n\t\t\t\t<div class=\"wd-negative-gap elementor-element elementor-element-609909b e-flex e-con-boxed e-con e-parent\" data-id=\"609909b\" data-element_type=\"container\" data-e-type=\"container\">\n\t\t\t\t\t<div class=\"e-con-inner\">\n\t\t<div class=\"elementor-element elementor-element-651a4d7 e-con-full e-flex e-con e-child\" data-id=\"651a4d7\" data-element_type=\"container\" data-e-type=\"container\">\n\t\t<div class=\"elementor-element elementor-element-340e646 e-con-full e-flex e-con e-child\" data-id=\"340e646\" data-element_type=\"container\" data-e-type=\"container\">\n\t\t\t\t<div class=\"elementor-element elementor-element-f077cd4 elementor-widget elementor-widget-wd_text_block\" data-id=\"f077cd4\" data-element_type=\"widget\" data-e-type=\"widget\" data-widget_type=\"wd_text_block.default\">\n\t\t\t\t<div class=\"elementor-widget-container\">\n\t\t\t\t\t\t\t<div class=\"wd-text-block reset-last-child text-center\">\n\t\t\t\n\t\t\t<h3>Plongez dans l\u2019univers de l\u2019huile de roquette : des feuilles vertes \u00e0 l\u2019\u00e9lixir de beaut\u00e9 !<\/h3>\n\t\t\t\t\t<\/div>\n\t\t\t\t\t\t<\/div>\n\t\t\t\t<\/div>\n\t\t\t\t<div class=\"elementor-element elementor-element-f52dd46 elementor-widget elementor-widget-wd_text_block\" data-id=\"f52dd46\" data-element_type=\"widget\" data-e-type=\"widget\" data-widget_type=\"wd_text_block.default\">\n\t\t\t\t<div class=\"elementor-widget-container\">\n\t\t\t\t\t\t\t<div class=\"wd-text-block reset-last-child text-center\">\n\t\t\t\n\t\t\t<p>Vous recherchez une huile naturelle aux propri\u00e9t\u00e9s nourrissantes, reconnue pour stimuler la pousse des cheveux, les renforcer, nourrir la peau et lui donner de l\u2019\u00e9clat, tout en \u00e9tant riche en vitamines et min\u00e9raux essentiels ? Pr\u00e9parez-vous \u00e0 \u00eatre \u00e9bloui par <b>Huile de cresson ( \u0632\u064a\u062a \u0627\u0644\u062c\u0631\u062c\u064a\u0631 )<\/b>, extrait des graines de roquette (<i>Nasturtium officinale<\/i>), ces l\u00e9gumes-feuilles verts r\u00e9put\u00e9s pour leurs nombreux bienfaits sur la sant\u00e9. Cette huile, bien que moins c\u00e9l\u00e8bre que d\u2019autres comme l\u2019argan ou l\u2019olive, est un tr\u00e9sor cach\u00e9 dans l\u2019univers des soins naturels.<\/p><p>L\u2019huile de cresson n\u2019est pas un simple ajout ; c\u2019est un extrait concentr\u00e9 qui r\u00e9unit la puissance des vitamines (comme <b>Vitamine A<\/b>, <b>Vitamine C<\/b>, <b>Vitamine E<\/b>et<b>Vitamine K<\/b>), et des min\u00e9raux (comme <b>Fer<\/b>, <b>Zinc<\/b>, <b>Calcium<\/b>et<b>Soufre<\/b>), ainsi que de puissants antioxydants. Ces ingr\u00e9dients lui conf\u00e8rent des propri\u00e9t\u00e9s uniques pour nourrir les cellules et stimuler une croissance saine. Quels secrets ces gouttes renferment-elles pour revitaliser vos cheveux, r\u00e9duire les signes du vieillissement de votre peau et sublimer votre beaut\u00e9 naturelle ? D\u00e9couvrons ensemble la puissance de l\u2019huile de roquette, l\u2019essence de la fra\u00eecheur et de la vitalit\u00e9 inspir\u00e9e par la nature !<\/p>\n\t\t\t\t\t<\/div>\n\t\t\t\t\t\t<\/div>\n\t\t\t\t<\/div>\n\t\t\t\t<\/div>\n\t\t<div class=\"elementor-element elementor-element-56879ea e-con-full e-flex e-con e-child\" data-id=\"56879ea\" data-element_type=\"container\" data-e-type=\"container\">\n\t\t\t\t<div class=\"elementor-element elementor-element-56ebf3e elementor-widget elementor-widget-wd_text_block\" data-id=\"56ebf3e\" data-element_type=\"widget\" data-e-type=\"widget\" data-widget_type=\"wd_text_block.default\">\n\t\t\t\t<div class=\"elementor-widget-container\">\n\t\t\t\t\t\t\t<div class=\"wd-text-block reset-last-child text-center\">\n\t\t\t\n\t\t\t<h3>Avantages de l\u2019huile de roquette : pourquoi elle doit faire partie de votre routine de soin<\/h3>\n\t\t\t\t\t<\/div>\n\t\t\t\t\t\t<\/div>\n\t\t\t\t<\/div>\n\t\t\t\t<div class=\"elementor-element elementor-element-a35b654 elementor-widget elementor-widget-wd_text_block\" data-id=\"a35b654\" data-element_type=\"widget\" data-e-type=\"widget\" data-widget_type=\"wd_text_block.default\">\n\t\t\t\t<div class=\"elementor-widget-container\">\n\t\t\t\t\t\t\t<div class=\"wd-text-block reset-last-child text-center\">\n\t\t\t\n\t\t\t<p>La plupart des bienfaits proviennent de <b>Huile de cresson<\/b> Sa composition riche en vitamines, min\u00e9raux et antioxydants am\u00e9liore la sant\u00e9 des cheveux, de la peau et du corps en g\u00e9n\u00e9ral. Voici ses principaux bienfaits :<\/p><ul><li><p><b>Pour favoriser la sant\u00e9 et la croissance des cheveux (Avantage cl\u00e9) :<\/b><\/p><ul><li><p><b>Stimule la croissance des cheveux et pr\u00e9vient la chute<\/b> Nourrit les follicules pileux gr\u00e2ce \u00e0 sa teneur en zinc, soufre et vitamines. Stimule la circulation sanguine du cuir chevelu, favorisant la croissance et r\u00e9duisant la chute des cheveux.<\/p><\/li><li><p><b>Lutte contre la calvitie et l\u2019alop\u00e9cie:<\/b> Certaines utilisations traditionnelles et rapports indiquent son efficacit\u00e9 pour favoriser la pousse des cheveux dans les zones touch\u00e9es par la calvitie ou l'alop\u00e9cie.<\/p><\/li><li><p><b>Renforcer et nourrir les cheveux<\/b> Offre une hydratation en profondeur aux cheveux secs et r\u00e9pare les pointes fourchues, donnant \u00e9clat, vitalit\u00e9 et force aux cheveux.<\/p><\/li><li><p><b>Sant\u00e9 du cuir chevelu:<\/b> Ses propri\u00e9t\u00e9s antifongiques et antibact\u00e9riennes aident \u00e0 combattre les pellicules et les infections cutan\u00e9es du cuir chevelu.<\/p><\/li><\/ul><\/li><li><p><b>Pour une peau belle et \u00e9clatante (avantage cl\u00e9) :<\/b><\/p><ul><li><p><b>Anti-\u00e2ge<\/b> Riche en antioxydants (notamment en vitamines C et A), il contribue \u00e0 r\u00e9duire l\u2019apparence des rides et des ridules, am\u00e9liore l\u2019\u00e9lasticit\u00e9 de la peau et stimule la production de collag\u00e8ne.<\/p><\/li><li><p><b>\u00c9claircissement de la peau et traitement des taches pigmentaires<\/b> Aide \u00e0 r\u00e9duire l\u2019apparition du m\u00e9lasma, des taches de rousseur et des taches fonc\u00e9es, tout en uniformisant le teint et en apportant un \u00e9clat naturel.<\/p><\/li><li><p><b>Hydratation profonde et apaisement:<\/b> Hydrate profond\u00e9ment la peau et la prot\u00e8ge contre la s\u00e9cheresse, aidant \u00e0 r\u00e9duire inflammations et rougeurs, id\u00e9al pour les peaux irrit\u00e9es ou sujettes \u00e0 l\u2019acn\u00e9.<\/p><\/li><li><p><b>Lutte contre l\u2019acn\u00e9:<\/b> Ses propri\u00e9t\u00e9s antibact\u00e9riennes contribuent \u00e0 combattre les bact\u00e9ries responsables de l'acn\u00e9 et \u00e0 purifier les pores.<\/p><\/li><\/ul><\/li><li><p><b>Soutient la sant\u00e9 g\u00e9n\u00e9rale (lors de la consommation de la plante elle-m\u00eame)<\/b><\/p><ul><li><p><b>Renforcement de l\u2019immunit\u00e9:<\/b> Riche en antioxydants qui renforcent le syst\u00e8me immunitaire et combattent les radicaux libres.<\/p><\/li><li><p><b>Sant\u00e9 des os:<\/b> Contient de la vitamine K, qui soutient la sant\u00e9 des os.<\/p><\/li><li><p><b>Protection des yeux:<\/b> Riche en vitamine A et antioxydants, il contribue \u00e0 prot\u00e9ger les yeux.<\/p><\/li><\/ul><\/li><\/ul>\n\t\t\t\t\t<\/div>\n\t\t\t\t\t\t<\/div>\n\t\t\t\t<\/div>\n\t\t\t\t<\/div>\n\t\t<div class=\"elementor-element elementor-element-65a5772 e-con-full e-flex e-con e-child\" data-id=\"65a5772\" data-element_type=\"container\" data-e-type=\"container\">\n\t\t\t\t<div class=\"elementor-element elementor-element-9c378cb elementor-widget elementor-widget-wd_text_block\" data-id=\"9c378cb\" data-element_type=\"widget\" data-e-type=\"widget\" data-widget_type=\"wd_text_block.default\">\n\t\t\t\t<div class=\"elementor-widget-container\">\n\t\t\t\t\t\t\t<div class=\"wd-text-block reset-last-child text-center\">\n\t\t\t\n\t\t\t<h3>Recommandations d\u2019experts sur l\u2019huile de roquette : efficacit\u00e9 traditionnelle et soutien scientifique !<\/h3>\n\t\t\t\t\t<\/div>\n\t\t\t\t\t\t<\/div>\n\t\t\t\t<\/div>\n\t\t\t\t<div class=\"elementor-element elementor-element-95120ed elementor-widget elementor-widget-wd_text_block\" data-id=\"95120ed\" data-element_type=\"widget\" data-e-type=\"widget\" data-widget_type=\"wd_text_block.default\">\n\t\t\t\t<div class=\"elementor-widget-container\">\n\t\t\t\t\t\t\t<div class=\"wd-text-block reset-last-child text-center\">\n\t\t\t\n\t\t\t<p>L\u2019huile de cresson suscite un int\u00e9r\u00eat croissant chez les sp\u00e9cialistes des soins de la peau et des cheveux, ainsi que chez les experts en nutrition, en tant qu\u2019ingr\u00e9dient naturel prometteur. Elle est recommand\u00e9e pour sa capacit\u00e9 \u00e0 nourrir les follicules pileux et stimuler la croissance, ainsi que pour ses propri\u00e9t\u00e9s antioxydantes qui contribuent \u00e0 r\u00e9g\u00e9n\u00e9rer la peau et \u00e0 lutter contre les signes du vieillissement. Bien que les recherches cliniques sur l\u2019huile elle-m\u00eame restent limit\u00e9es par rapport \u00e0 d\u2019autres huiles, les qualit\u00e9s reconnues de la plante de cresson\u2014riche en vitamines et min\u00e9raux\u2014sugg\u00e8rent fortement ses bienfaits. La confiance accord\u00e9e \u00e0 l\u2019huile de cresson provient de son usage traditionnel efficace et des \u00e9tudes pr\u00e9liminaires soulignant son grand potentiel.<\/p><p>\u00a0<\/p>\n\t\t\t\t\t<\/div>\n\t\t\t\t\t\t<\/div>\n\t\t\t\t<\/div>\n\t\t\t\t<\/div>\n\t\t\t\t<\/div>\n\t\t\t\t\t<\/div>\n\t\t\t\t<\/div>\n\t\t\t\t<\/div>","protected":false},"excerpt":{"rendered":"<p>Plongez dans l\u2019univers de l\u2019huile de roquette : des feuilles vertes \u00e0 un \u00e9lixir de beaut\u00e9 ! Vous cherchez une huile naturelle reconnue pour ses propri\u00e9t\u00e9s nourrissantes et c\u00e9l\u00e8bre pour<\/p>","protected":false},"featured_media":3995,"comment_status":"open","ping_status":"closed","template":"","meta":[],"product_brand":[],"product_cat":[68],"product_tag":[],"class_list":{"0":"post-3190","1":"product","2":"type-product","3":"status-publish","4":"has-post-thumbnail","6":"product_cat-68","7":"pa_-30-ml","9":"first","10":"instock","11":"shipping-taxable","12":"purchasable","13":"product-type-variable"},"jetpack_sharing_enabled":true,"_links":{"self":[{"href":"https:\/\/sfb.ma\/fr\/wp-json\/wp\/v2\/product\/3190","targetHints":{"allow":["GET"]}}],"collection":[{"href":"https:\/\/sfb.ma\/fr\/wp-json\/wp\/v2\/product"}],"about":[{"href":"https:\/\/sfb.ma\/fr\/wp-json\/wp\/v2\/types\/product"}],"replies":[{"embeddable":true,"href":"https:\/\/sfb.ma\/fr\/wp-json\/wp\/v2\/comments?post=3190"}],"version-history":[{"count":0,"href":"https:\/\/sfb.ma\/fr\/wp-json\/wp\/v2\/product\/3190\/revisions"}],"wp:featuredmedia":[{"embeddable":true,"href":"https:\/\/sfb.ma\/fr\/wp-json\/wp\/v2\/media\/3995"}],"wp:attachment":[{"href":"https:\/\/sfb.ma\/fr\/wp-json\/wp\/v2\/media?parent=3190"}],"wp:term":[{"taxonomy":"product_brand","embeddable":true,"href":"https:\/\/sfb.ma\/fr\/wp-json\/wp\/v2\/product_brand?post=3190"},{"taxonomy":"product_cat","embeddable":true,"href":"https:\/\/sfb.ma\/fr\/wp-json\/wp\/v2\/product_cat?post=3190"},{"taxonomy":"product_tag","embeddable":true,"href":"https:\/\/sfb.ma\/fr\/wp-json\/wp\/v2\/product_tag?post=3190"}],"curies":[{"name":"wp","href":"https:\/\/api.w.org\/{rel}","templated":true}]}}