{"id":3198,"date":"2025-07-17T17:26:57","date_gmt":"2025-07-17T17:26:57","guid":{"rendered":"https:\/\/sfb.ma\/?post_type=product&#038;p=3198"},"modified":"2026-01-13T17:35:47","modified_gmt":"2026-01-13T17:35:47","slug":"huile-de-jojoba","status":"publish","type":"product","link":"https:\/\/sfb.ma\/fr\/produit\/huile-de-jojoba\/","title":{"rendered":"Huile de jojoba"},"content":{"rendered":"<div data-elementor-type=\"product-post\" data-elementor-id=\"3198\" class=\"elementor elementor-3198\" data-elementor-post-type=\"product\">\n\t\t\t\t<div class=\"wd-negative-gap elementor-element elementor-element-2dade3f e-flex e-con-boxed e-con e-parent\" data-id=\"2dade3f\" data-element_type=\"container\" data-e-type=\"container\">\n\t\t\t\t\t<div class=\"e-con-inner\">\n\t\t<div class=\"elementor-element elementor-element-83f7d5b e-con-full e-flex e-con e-child\" data-id=\"83f7d5b\" data-element_type=\"container\" data-e-type=\"container\">\n\t\t<div class=\"elementor-element elementor-element-a0c52c1 e-con-full e-flex e-con e-child\" data-id=\"a0c52c1\" data-element_type=\"container\" data-e-type=\"container\">\n\t\t\t\t<div class=\"elementor-element elementor-element-4db9ced elementor-widget elementor-widget-wd_text_block\" data-id=\"4db9ced\" data-element_type=\"widget\" data-e-type=\"widget\" data-widget_type=\"wd_text_block.default\">\n\t\t\t\t<div class=\"elementor-widget-container\">\n\t\t\t\t\t\t\t<div class=\"wd-text-block reset-last-child text-center\">\n\t\t\t\n\t\t\t<h3>D\u00e9couvrez l\u2019essence de l\u2019huile de jojoba : une cire liquide unique venue du d\u00e9sert !<\/h3>\n\t\t\t\t\t<\/div>\n\t\t\t\t\t\t<\/div>\n\t\t\t\t<\/div>\n\t\t\t\t<div class=\"elementor-element elementor-element-5cdfdd6 elementor-widget elementor-widget-wd_text_block\" data-id=\"5cdfdd6\" data-element_type=\"widget\" data-e-type=\"widget\" data-widget_type=\"wd_text_block.default\">\n\t\t\t\t<div class=\"elementor-widget-container\">\n\t\t\t\t\t\t\t<div class=\"wd-text-block reset-last-child text-center\">\n\t\t\t\n\t\t\t<p>Vous cherchez une huile naturelle exceptionnelle, reconnue pour sa composition proche des huiles naturelles de la peau (s\u00e9bum), id\u00e9ale pour tous types de peau et de cheveux ? Reconnue pour ses propri\u00e9t\u00e9s hydratantes, r\u00e9gulatrices de s\u00e9bum et nourrissantes, plongez dans l\u2019univers de <b>Huile de jojoba ( \u0632\u064a\u062a \u0627\u0644\u062c\u0648\u062c\u0648\u0628\u0627)<\/b>, extrait des graines de l\u2019arbuste de jojoba (<i>Simmondsia chinensis<\/i>). Cette \"huile\" est en r\u00e9alit\u00e9 <b>Cire liquide<\/b> Il est unique en son genre, ce qui lui conf\u00e8re des propri\u00e9t\u00e9s exceptionnelles et une grande stabilit\u00e9, le rendant r\u00e9sistant \u00e0 l\u2019oxydation. L\u2019arbuste de jojoba est originaire des d\u00e9serts arides d\u2019Am\u00e9rique du Nord.<\/p><p>L\u2019huile de jojoba est bien plus qu\u2019un simple hydratant ; c\u2019est un v\u00e9ritable tr\u00e9sor naturel largement utilis\u00e9 dans l\u2019industrie cosm\u00e9tique et les soins de la peau gr\u00e2ce \u00e0 sa composition qui imite le s\u00e9bum humain. Cette ressemblance permet une absorption facile sans obstruer les pores et aide \u00e0 r\u00e9guler la production de s\u00e9bum, m\u00eame pour les peaux grasses. Elle est riche en <b>Vitamine E<\/b>et<b>Vitamines du groupe B<\/b>et<b>Min\u00e9raux<\/b> Comme le zinc, le cuivre, et<b>Antioxydants<\/b> puissantes. Quels secrets renferment donc ces gouttes dor\u00e9es qui \u00e9quilibrent votre peau, nourrissent vos cheveux et apportent une touche de puret\u00e9 naturelle \u00e0 votre routine beaut\u00e9 ? D\u00e9couvrons ensemble la puissance de l\u2019huile de jojoba, l\u2019essence de l\u2019\u00e9quilibre et de la beaut\u00e9 venue du c\u0153ur du d\u00e9sert !<\/p>\n\t\t\t\t\t<\/div>\n\t\t\t\t\t\t<\/div>\n\t\t\t\t<\/div>\n\t\t\t\t<\/div>\n\t\t<div class=\"elementor-element elementor-element-e2fac9e e-con-full e-flex e-con e-child\" data-id=\"e2fac9e\" data-element_type=\"container\" data-e-type=\"container\">\n\t\t\t\t<div class=\"elementor-element elementor-element-c26222f elementor-widget elementor-widget-wd_text_block\" data-id=\"c26222f\" data-element_type=\"widget\" data-e-type=\"widget\" data-widget_type=\"wd_text_block.default\">\n\t\t\t\t<div class=\"elementor-widget-container\">\n\t\t\t\t\t\t\t<div class=\"wd-text-block reset-last-child text-center\">\n\t\t\t\n\t\t\t<h3>Bienfaits de l\u2019huile de jojoba : Pourquoi est-elle votre alli\u00e9e id\u00e9ale pour une beaut\u00e9 \u00e9quilibr\u00e9e ?<\/h3>\n\t\t\t\t\t<\/div>\n\t\t\t\t\t\t<\/div>\n\t\t\t\t<\/div>\n\t\t\t\t<div class=\"elementor-element elementor-element-012c1c4 elementor-widget elementor-widget-wd_text_block\" data-id=\"012c1c4\" data-element_type=\"widget\" data-e-type=\"widget\" data-widget_type=\"wd_text_block.default\">\n\t\t\t\t<div class=\"elementor-widget-container\">\n\t\t\t\t\t\t\t<div class=\"wd-text-block reset-last-child text-center\">\n\t\t\t\n\t\t\t<p>La plupart des bienfaits proviennent de <b>Huile de jojoba<\/b> Gr\u00e2ce \u00e0 sa composition unique, semblable au s\u00e9bum humain, c\u2019est une huile polyvalente b\u00e9n\u00e9fique pour diff\u00e9rents types de peau et de cheveux. Voici ses principaux bienfaits :<\/p><ul><li><p><b>\u00c9quilibre naturel de la peau (B\u00e9n\u00e9fice cl\u00e9) :<\/b><\/p><ul><li><p><b>R\u00e9gule la production de s\u00e9bum:<\/b> Il aide \u00e0 tromper la peau en lui faisant croire qu\u2019elle a produit suffisamment de s\u00e9bum, r\u00e9duisant ainsi l\u2019exc\u00e8s de s\u00e9bum sur les peaux grasses, tout en hydratant les peaux s\u00e8ches. Il est id\u00e9al pour les peaux mixtes, grasses et sujettes \u00e0 l\u2019acn\u00e9.<\/p><\/li><li><p><b>Non com\u00e9dog\u00e8ne:<\/b> \u00c9tant une cire liquide, il ne bouche pas les pores, ce qui r\u00e9duit l\u2019apparition des points noirs et de l\u2019acn\u00e9.<\/p><\/li><li><p><b>Hydratation profonde et efficace:<\/b> Offre une hydratation optimale sans laisser de sensation grasse lourde, aidant \u00e0 retenir l\u2019humidit\u00e9 dans la peau.<\/p><\/li><li><p><b>Apaise les peaux sensibles et irrit\u00e9es:<\/b> Ses propri\u00e9t\u00e9s anti-inflammatoires aident \u00e0 r\u00e9duire les rougeurs, les d\u00e9mangeaisons et les irritations caus\u00e9es par l\u2019ecz\u00e9ma, le psoriasis ou les coups de soleil.<\/p><\/li><li><p><b>Antibact\u00e9rien et antifongique:<\/b> Contribue \u00e0 combattre certaines bact\u00e9ries et champignons, favorisant une peau saine.<\/p><\/li><\/ul><\/li><li><p><b>Renforce la sant\u00e9 des cheveux et du cuir chevelu:<\/b><\/p><ul><li><p><b>Hydratation et nutrition des cheveux:<\/b> Hydrate en profondeur les cheveux secs et ab\u00eem\u00e9s, r\u00e9pare les pointes fourchues, et apporte brillance et douceur sans effet gras.<\/p><\/li><li><p><b>\u00c9quilibre du cuir chevelu:<\/b> Aide \u00e0 r\u00e9guler la production de s\u00e9bum du cuir chevelu, b\u00e9n\u00e9fique pour les cuirs chevelus gras ou secs, tout en r\u00e9duisant les pellicules et les d\u00e9mangeaisons.<\/p><\/li><li><p><b>Renforcement des follicules pileux:<\/b> Nourrit les follicules pileux en vitamines et min\u00e9raux, aidant \u00e0 renforcer les cheveux et \u00e0 r\u00e9duire leur chute.<\/p><\/li><\/ul><\/li><li><p><b>Polyvalent pour la beaut\u00e9:<\/b><\/p><ul><li><p><b>D\u00e9maquillant naturel:<\/b> Efficace et doux pour enlever le maquillage, m\u00eame waterproof, sans irriter la peau.<\/p><\/li><li><p><b>Baume \u00e0 l\u00e8vres:<\/b> Hydrate efficacement les l\u00e8vres s\u00e8ches et gerc\u00e9es.<\/p><\/li><li><p><b>Huile avant et apr\u00e8s-rasage:<\/b> Il peut \u00eatre utilis\u00e9 comme huile lubrifiante avant le rasage ou comme baume apaisant apr\u00e8s le rasage.<\/p><\/li><li><p><b>Soin des ongles et de la peau environnante:<\/b> Hydrate et renforce les ongles tout en adoucissant la peau autour.<\/p><\/li><\/ul><\/li><li><p><b>Antioxydant<\/b> Riche en vitamine E et autres antioxydants, il aide \u00e0 prot\u00e9ger la peau des radicaux libres et de la pollution environnementale, r\u00e9duisant les signes de vieillissement.<\/p><\/li><\/ul>\n\t\t\t\t\t<\/div>\n\t\t\t\t\t\t<\/div>\n\t\t\t\t<\/div>\n\t\t\t\t<\/div>\n\t\t<div class=\"elementor-element elementor-element-222315c e-con-full e-flex e-con e-child\" data-id=\"222315c\" data-element_type=\"container\" data-e-type=\"container\">\n\t\t\t\t<div class=\"elementor-element elementor-element-51bb14e elementor-widget elementor-widget-wd_text_block\" data-id=\"51bb14e\" data-element_type=\"widget\" data-e-type=\"widget\" data-widget_type=\"wd_text_block.default\">\n\t\t\t\t<div class=\"elementor-widget-container\">\n\t\t\t\t\t\t\t<div class=\"wd-text-block reset-last-child text-center\">\n\t\t\t\n\t\t\t<h3>Avis des experts sur l\u2019huile de jojoba : un concentr\u00e9 de bienfaits \u00e9quilibr\u00e9s !<\/h3>\n\t\t\t\t\t<\/div>\n\t\t\t\t\t\t<\/div>\n\t\t\t\t<\/div>\n\t\t\t\t<div class=\"elementor-element elementor-element-a0eb23a elementor-widget elementor-widget-wd_text_block\" data-id=\"a0eb23a\" data-element_type=\"widget\" data-e-type=\"widget\" data-widget_type=\"wd_text_block.default\">\n\t\t\t\t<div class=\"elementor-widget-container\">\n\t\t\t\t\t\t\t<div class=\"wd-text-block reset-last-child text-center\">\n\t\t\t\n\t\t\t<p>L\u2019huile de jojoba est tr\u00e8s appr\u00e9ci\u00e9e par les dermatologues, experts en beaut\u00e9 et sp\u00e9cialistes des soins capillaires gr\u00e2ce \u00e0 sa composition unique et ses nombreux bienfaits. Elle est consid\u00e9r\u00e9e comme un excellent choix adapt\u00e9 \u00e0 la plupart des types de peau et de cheveux, des peaux grasses aux peaux sensibles. Les recherches scientifiques indiquent que sa similitude avec le s\u00e9bum humain lui permet d\u2019agir comme un hydratant et \u00e9quilibrant efficace sans obstruer les pores ni provoquer d\u2019irritations. La confiance envers l\u2019huile de jojoba provient de son efficacit\u00e9 prouv\u00e9e, de sa capacit\u00e9 \u00e0 \u00e9quilibrer la peau, ainsi que de sa grande stabilit\u00e9 et de sa dur\u00e9e de conservation plus longue compar\u00e9e aux autres huiles v\u00e9g\u00e9tales. C\u2019est une option fiable et s\u00fbre pour votre routine beaut\u00e9 naturelle.<\/p><p>\u00a0<\/p>\n\t\t\t\t\t<\/div>\n\t\t\t\t\t\t<\/div>\n\t\t\t\t<\/div>\n\t\t\t\t<\/div>\n\t\t\t\t<\/div>\n\t\t\t\t\t<\/div>\n\t\t\t\t<\/div>\n\t\t\t\t<\/div>","protected":false},"excerpt":{"rendered":"<p>D\u00e9couvrez l\u2019essence de l\u2019huile de jojoba : une cire liquide unique venue du d\u00e9sert ! Vous cherchez une huile naturelle exceptionnelle, reconnue pour sa composition proche des lipides naturels ?<\/p>","protected":false},"featured_media":3951,"comment_status":"open","ping_status":"closed","template":"","meta":[],"product_brand":[],"product_cat":[68],"product_tag":[],"class_list":{"0":"post-3198","1":"product","2":"type-product","3":"status-publish","4":"has-post-thumbnail","6":"product_cat-68","7":"pa_-30-ml","9":"first","10":"instock","11":"shipping-taxable","12":"purchasable","13":"product-type-variable"},"jetpack_sharing_enabled":true,"_links":{"self":[{"href":"https:\/\/sfb.ma\/fr\/wp-json\/wp\/v2\/product\/3198","targetHints":{"allow":["GET"]}}],"collection":[{"href":"https:\/\/sfb.ma\/fr\/wp-json\/wp\/v2\/product"}],"about":[{"href":"https:\/\/sfb.ma\/fr\/wp-json\/wp\/v2\/types\/product"}],"replies":[{"embeddable":true,"href":"https:\/\/sfb.ma\/fr\/wp-json\/wp\/v2\/comments?post=3198"}],"version-history":[{"count":0,"href":"https:\/\/sfb.ma\/fr\/wp-json\/wp\/v2\/product\/3198\/revisions"}],"wp:featuredmedia":[{"embeddable":true,"href":"https:\/\/sfb.ma\/fr\/wp-json\/wp\/v2\/media\/3951"}],"wp:attachment":[{"href":"https:\/\/sfb.ma\/fr\/wp-json\/wp\/v2\/media?parent=3198"}],"wp:term":[{"taxonomy":"product_brand","embeddable":true,"href":"https:\/\/sfb.ma\/fr\/wp-json\/wp\/v2\/product_brand?post=3198"},{"taxonomy":"product_cat","embeddable":true,"href":"https:\/\/sfb.ma\/fr\/wp-json\/wp\/v2\/product_cat?post=3198"},{"taxonomy":"product_tag","embeddable":true,"href":"https:\/\/sfb.ma\/fr\/wp-json\/wp\/v2\/product_tag?post=3198"}],"curies":[{"name":"wp","href":"https:\/\/api.w.org\/{rel}","templated":true}]}}