{"id":3205,"date":"2025-07-17T17:39:47","date_gmt":"2025-07-17T17:39:47","guid":{"rendered":"https:\/\/sfb.ma\/?post_type=product&#038;p=3205"},"modified":"2026-01-13T17:30:12","modified_gmt":"2026-01-13T17:30:12","slug":"huile-damande-douce","status":"publish","type":"product","link":"https:\/\/sfb.ma\/fr\/produit\/huile-damande-douce\/","title":{"rendered":"Huile d'amande douce"},"content":{"rendered":"<div data-elementor-type=\"product-post\" data-elementor-id=\"3205\" class=\"elementor elementor-3205\" data-elementor-post-type=\"product\">\n\t\t\t\t<div class=\"wd-negative-gap elementor-element elementor-element-570b77b e-flex e-con-boxed e-con e-parent\" data-id=\"570b77b\" data-element_type=\"container\" data-e-type=\"container\">\n\t\t\t\t\t<div class=\"e-con-inner\">\n\t\t<div class=\"elementor-element elementor-element-a39771b e-con-full e-flex e-con e-child\" data-id=\"a39771b\" data-element_type=\"container\" data-e-type=\"container\">\n\t\t<div class=\"elementor-element elementor-element-e12f162 e-con-full e-flex e-con e-child\" data-id=\"e12f162\" data-element_type=\"container\" data-e-type=\"container\">\n\t\t\t\t<div class=\"elementor-element elementor-element-c5d6530 elementor-widget elementor-widget-wd_text_block\" data-id=\"c5d6530\" data-element_type=\"widget\" data-e-type=\"widget\" data-widget_type=\"wd_text_block.default\">\n\t\t\t\t<div class=\"elementor-widget-container\">\n\t\t\t\t\t\t\t<div class=\"wd-text-block reset-last-child text-center\">\n\t\t\t\n\t\t\t<h3>D\u00e9couvrez l\u2019huile d\u2019amande douce : un \u00e9lixir doux et efficace au c\u0153ur de la nature !<\/h3>\n\t\t\t\t\t<\/div>\n\t\t\t\t\t\t<\/div>\n\t\t\t\t<\/div>\n\t\t\t\t<div class=\"elementor-element elementor-element-701538a elementor-widget elementor-widget-wd_text_block\" data-id=\"701538a\" data-element_type=\"widget\" data-e-type=\"widget\" data-widget_type=\"wd_text_block.default\">\n\t\t\t\t<div class=\"elementor-widget-container\">\n\t\t\t\t\t\t\t<div class=\"wd-text-block reset-last-child text-center\">\n\t\t\t\n\t\t\t<p>Vous cherchez une huile naturelle l\u00e9g\u00e8re, douce pour la peau, id\u00e9ale pour hydrater et nourrir les cheveux, avec des propri\u00e9t\u00e9s apaisantes anti-inflammatoires qui apportent fra\u00eecheur et \u00e9clat ? Plongez dans l\u2019univers de <b>Huile d'amande douce (\u0632\u064a\u062a \u0627\u0644\u0644\u0648\u0632 \u0627\u0644\u062d\u0644\u0648)<\/b>, extrait des graines d\u2019amande douce (<i>Prunus dulcis<\/i>). Cette huile douce et nourrissante est un compagnon de beaut\u00e9 indispensable, reconnue comme une huile porteuse largement utilis\u00e9e dans les produits de soin de la peau et des cheveux, ainsi que comme base pour diluer les huiles essentielles concentr\u00e9es.<\/p><p>L\u2019huile d\u2019amande douce n\u2019est pas seulement un hydratant ; c\u2019est une huile riche en nutriments essentiels. Elle contient des vitamines telles que <b>Vitamine E<\/b> (un puissant antioxydant), et<b>Vitamine A<\/b>et<b>Vitamines du groupe B<\/b>, en plus de <b>Acides gras essentiels<\/b> (notamment les acides ol\u00e9ique et linol\u00e9ique) et des min\u00e9raux tels que <b>Zinc<\/b> Enrichie en magn\u00e9sium, cette formule offre des propri\u00e9t\u00e9s apaisantes, anti-inflammatoires et nourrissantes. Quels secrets ces gouttes transparentes renferment-elles pour offrir \u00e0 votre peau une douceur exceptionnelle, nourrir vos cheveux d\u00e8s la racine et sublimer votre \u00e9clat naturel ? D\u00e9couvrons ensemble la puissance de l\u2019huile d\u2019amande douce \u2014 une touche naturelle de douceur et de nutrition pour une beaut\u00e9 durable !<\/p>\n\t\t\t\t\t<\/div>\n\t\t\t\t\t\t<\/div>\n\t\t\t\t<\/div>\n\t\t\t\t<\/div>\n\t\t<div class=\"elementor-element elementor-element-de213ad e-con-full e-flex e-con e-child\" data-id=\"de213ad\" data-element_type=\"container\" data-e-type=\"container\">\n\t\t\t\t<div class=\"elementor-element elementor-element-fb2242a elementor-widget elementor-widget-wd_text_block\" data-id=\"fb2242a\" data-element_type=\"widget\" data-e-type=\"widget\" data-widget_type=\"wd_text_block.default\">\n\t\t\t\t<div class=\"elementor-widget-container\">\n\t\t\t\t\t\t\t<div class=\"wd-text-block reset-last-child text-center\">\n\t\t\t\n\t\t\t<h3>Bienfaits de l\u2019huile d\u2019amande douce : Pourquoi est-elle votre meilleur choix pour un soin complet ?<\/h3>\n\t\t\t\t\t<\/div>\n\t\t\t\t\t\t<\/div>\n\t\t\t\t<\/div>\n\t\t\t\t<div class=\"elementor-element elementor-element-0635ce4 elementor-widget elementor-widget-wd_text_block\" data-id=\"0635ce4\" data-element_type=\"widget\" data-e-type=\"widget\" data-widget_type=\"wd_text_block.default\">\n\t\t\t\t<div class=\"elementor-widget-container\">\n\t\t\t\t\t\t\t<div class=\"wd-text-block reset-last-child text-center\">\n\t\t\t\n\t\t\t<p>La plupart des bienfaits proviennent de <b>Huile d'amande douce<\/b> Riche en vitamines, acides gras et antioxydants qui renforcent la sant\u00e9 de la peau et des cheveux. Voici ses principaux bienfaits :<\/p><ul><li><p><b>Pour hydrater et apaiser la peau (avantage principal) :<\/b><\/p><ul><li><p><b>Hydratant profond et doux:<\/b> Il p\u00e9n\u00e8tre facilement la peau sans obstruer les pores, ce qui le rend adapt\u00e9 \u00e0 tous les types de peau, y compris les peaux sensibles et tr\u00e8s s\u00e8ches. Offre une hydratation durable et laisse la peau douce et \u00e9clatante.<\/p><\/li><li><p><b>Apaiser les irritations et inflammations:<\/b> Il aide \u00e0 r\u00e9duire les rougeurs, les d\u00e9mangeaisons et les irritations caus\u00e9es par des affections telles que l\u2019ecz\u00e9ma, le psoriasis et la dermatite gr\u00e2ce \u00e0 ses propri\u00e9t\u00e9s anti-inflammatoires.<\/p><\/li><li><p><b>Am\u00e9lioration du teint et de l\u2019apparence de la peau:<\/b> Aide \u00e0 unifier le teint, r\u00e9duire les taches pigmentaires, les cernes sous les yeux et les vergetures, tout en apportant un \u00e9clat naturel.<\/p><\/li><li><p><b>Anti-\u00e2ge<\/b> Gr\u00e2ce \u00e0 sa richesse en vitamine E, un puissant antioxydant, il aide \u00e0 prot\u00e9ger la peau des dommages caus\u00e9s par les radicaux libres responsables des rides et des ridules.<\/p><\/li><li><p><b>D\u00e9maquillage:<\/b> Un d\u00e9maquillant efficace et doux, m\u00eame pour le maquillage waterproof, sans irriter les yeux ni la peau.<\/p><\/li><\/ul><\/li><li><p><b>Pour renforcer la sant\u00e9 et la beaut\u00e9 des cheveux:<\/b><\/p><ul><li><p><b>Hydratation et nutrition des cheveux:<\/b> Nourrit les cheveux secs et ab\u00eem\u00e9s de la racine jusqu\u2019aux pointes, r\u00e9duit les fourches et la casse, et leur apporte \u00e9clat et douceur incomparables.<\/p><\/li><li><p><b>Sant\u00e9 du cuir chevelu:<\/b> Aide \u00e0 apaiser le cuir chevelu sec et irrit\u00e9, et contribue \u00e0 \u00e9liminer les pellicules dues \u00e0 la s\u00e9cheresse.<\/p><\/li><li><p><b>Renforcement des cheveux:<\/b> Il renforce les follicules pileux, r\u00e9duit la chute des cheveux et favorise une croissance capillaire saine.<\/p><\/li><li><p><b>Facilite le d\u00e9m\u00ealage:<\/b> R\u00e9duit les n\u0153uds et facilite le coiffage.<\/p><\/li><\/ul><\/li><li><p><b>Pour le soin des ongles et des l\u00e8vres:<\/b><\/p><ul><li><p><b>Renforcement des ongles:<\/b> Masser sur les ongles et la peau environnante pour hydrater, renforcer et pr\u00e9venir la casse.<\/p><\/li><li><p><b>Baume \u00e0 l\u00e8vres:<\/b> Hydrate les l\u00e8vres s\u00e8ches et gerc\u00e9es et leur redonne leur douceur.<\/p><\/li><\/ul><\/li><li><p><b>Autres bienfaits pour la sant\u00e9 (lors de la consommation alimentaire des amandes) :<\/b><\/p><ul><li><p>L\u2019huile d\u2019amande douce (lorsqu\u2019elle est consomm\u00e9e dans le cadre d\u2019une alimentation saine) est une source de bonnes graisses qui favorisent la sant\u00e9 cardiaque et r\u00e9duisent le mauvais cholest\u00e9rol. (Remarque : la plupart des usages de l\u2019huile d\u2019amande douce sont cosm\u00e9tiques, et l\u2019amande elle-m\u00eame est la principale source alimentaire).<\/p><\/li><\/ul><\/li><\/ul>\n\t\t\t\t\t<\/div>\n\t\t\t\t\t\t<\/div>\n\t\t\t\t<\/div>\n\t\t\t\t<\/div>\n\t\t<div class=\"elementor-element elementor-element-527a215 e-con-full e-flex e-con e-child\" data-id=\"527a215\" data-element_type=\"container\" data-e-type=\"container\">\n\t\t\t\t<div class=\"elementor-element elementor-element-73127c4 elementor-widget elementor-widget-wd_text_block\" data-id=\"73127c4\" data-element_type=\"widget\" data-e-type=\"widget\" data-widget_type=\"wd_text_block.default\">\n\t\t\t\t<div class=\"elementor-widget-container\">\n\t\t\t\t\t\t\t<div class=\"wd-text-block reset-last-child text-center\">\n\t\t\t\n\t\t\t<h3>Ce que disent les experts sur l\u2019huile d\u2019amande douce : une longue histoire d\u2019utilisation efficace !<\/h3>\n\t\t\t\t\t<\/div>\n\t\t\t\t\t\t<\/div>\n\t\t\t\t<\/div>\n\t\t\t\t<div class=\"elementor-element elementor-element-075fc64 elementor-widget elementor-widget-wd_text_block\" data-id=\"075fc64\" data-element_type=\"widget\" data-e-type=\"widget\" data-widget_type=\"wd_text_block.default\">\n\t\t\t\t<div class=\"elementor-widget-container\">\n\t\t\t\t\t\t\t<div class=\"wd-text-block reset-last-child text-center\">\n\t\t\t\n\t\t\t<p>L\u2019huile d\u2019amande douce est tr\u00e8s appr\u00e9ci\u00e9e des dermatologues, des experts en beaut\u00e9 et des sp\u00e9cialistes du soin capillaire pour ses multiples bienfaits en tant qu\u2019huile porteuse. Elle est consid\u00e9r\u00e9e comme un choix excellent et s\u00fbr pour hydrater la peau et nourrir les cheveux, adapt\u00e9e \u00e0 la plupart des types de peau, m\u00eame sensibles. Les recherches scientifiques soulignent l\u2019efficacit\u00e9 de ses composants, notamment la vitamine E, pour prot\u00e9ger la peau, r\u00e9duire l\u2019inflammation et am\u00e9liorer l\u2019\u00e9lasticit\u00e9. La confiance envers l\u2019huile d\u2019amande douce provient de sa longue histoire d\u2019utilisation s\u00fbre et efficace (lorsqu\u2019elle est utilis\u00e9e correctement) depuis des milliers d\u2019ann\u00e9es, ainsi que des preuves scientifiques confirmant sa place parmi les tr\u00e9sors naturels majeurs pour la beaut\u00e9 et la sant\u00e9.<\/p><p>\u00a0<\/p>\n\t\t\t\t\t<\/div>\n\t\t\t\t\t\t<\/div>\n\t\t\t\t<\/div>\n\t\t\t\t<\/div>\n\t\t\t\t<\/div>\n\t\t\t\t\t<\/div>\n\t\t\t\t<\/div>\n\t\t\t\t<\/div>","protected":false},"excerpt":{"rendered":"<p>D\u00e9couvrez l\u2019huile d\u2019amande douce : un \u00e9lixir doux et efficace issu de la nature ! Vous cherchez une huile naturelle l\u00e9g\u00e8re et douce pour la peau,<\/p>","protected":false},"featured_media":3946,"comment_status":"open","ping_status":"closed","template":"","meta":[],"product_brand":[],"product_cat":[68],"product_tag":[],"class_list":{"0":"post-3205","1":"product","2":"type-product","3":"status-publish","4":"has-post-thumbnail","6":"product_cat-68","7":"pa_-30-ml","9":"first","10":"instock","11":"shipping-taxable","12":"purchasable","13":"product-type-variable"},"jetpack_sharing_enabled":true,"_links":{"self":[{"href":"https:\/\/sfb.ma\/fr\/wp-json\/wp\/v2\/product\/3205","targetHints":{"allow":["GET"]}}],"collection":[{"href":"https:\/\/sfb.ma\/fr\/wp-json\/wp\/v2\/product"}],"about":[{"href":"https:\/\/sfb.ma\/fr\/wp-json\/wp\/v2\/types\/product"}],"replies":[{"embeddable":true,"href":"https:\/\/sfb.ma\/fr\/wp-json\/wp\/v2\/comments?post=3205"}],"version-history":[{"count":0,"href":"https:\/\/sfb.ma\/fr\/wp-json\/wp\/v2\/product\/3205\/revisions"}],"wp:featuredmedia":[{"embeddable":true,"href":"https:\/\/sfb.ma\/fr\/wp-json\/wp\/v2\/media\/3946"}],"wp:attachment":[{"href":"https:\/\/sfb.ma\/fr\/wp-json\/wp\/v2\/media?parent=3205"}],"wp:term":[{"taxonomy":"product_brand","embeddable":true,"href":"https:\/\/sfb.ma\/fr\/wp-json\/wp\/v2\/product_brand?post=3205"},{"taxonomy":"product_cat","embeddable":true,"href":"https:\/\/sfb.ma\/fr\/wp-json\/wp\/v2\/product_cat?post=3205"},{"taxonomy":"product_tag","embeddable":true,"href":"https:\/\/sfb.ma\/fr\/wp-json\/wp\/v2\/product_tag?post=3205"}],"curies":[{"name":"wp","href":"https:\/\/api.w.org\/{rel}","templated":true}]}}